{"id":256782,"date":"2024-01-15T11:27:56","date_gmt":"2024-01-15T10:27:56","guid":{"rendered":"https:\/\/welovecinema.be\/?page_id=256782"},"modified":"2025-10-21T16:55:55","modified_gmt":"2025-10-21T14:55:55","slug":"en-ville","status":"publish","type":"page","link":"https:\/\/welovecinema.be\/nl\/evenementen\/en-ville\/","title":{"rendered":"En ville !"},"content":{"rendered":"<h3>En Ville ! <strong>&nbsp;(In de stad!) <\/strong>Festival van &#8220;Cin\u00e9ma du R\u00e9el&#8221;<br \/>\n<img loading=\"lazy\" decoding=\"async\" class=\"wp-image-256738 alignright\" src=\"https:\/\/welovecinema.be\/wp-content\/uploads\/sites\/2\/2024\/01\/festivalenville-270x270.jpg\" alt=\"\" width=\"264\" height=\"264\" srcset=\"https:\/\/welovecinema.be\/wp-content\/uploads\/sites\/2\/2024\/01\/festivalenville-270x270.jpg 270w, https:\/\/welovecinema.be\/wp-content\/uploads\/sites\/2\/2024\/01\/festivalenville-600x600.jpg 600w, https:\/\/welovecinema.be\/wp-content\/uploads\/sites\/2\/2024\/01\/festivalenville-768x768.jpg 768w, https:\/\/welovecinema.be\/wp-content\/uploads\/sites\/2\/2024\/01\/festivalenville.jpg 1080w\" sizes=\"auto, (max-width: 264px) 100vw, 264px\" \/><\/h3>\n<p><strong>De 7e editie vindt plaats van 26 januari tot 1 februari 2026 in Brussel.<\/strong><\/p>\n<p>Cin\u00e9ma Galeries, Palace, Maison Po\u00e8me, MEDAA.<\/p>\n<p>Het&nbsp;<strong><i>Festival En ville&nbsp;!<\/i><\/strong>&nbsp;wordt georganiseerd door Le P\u2019tit cin\u00e9 &#8211; Regards sur les Docs. Deze organisatie, geleid door Pauline David, artistiek directeur, ondersteunt documentaire vertoningen in art-house theaters en de ontwikkeling van hun publiek<strong>. Het vertonen van films en het betrekken van het publiek bij debatten zijn onze belangrijkste missies, en onze programmeringsactiviteiten moeten zowel beantwoorden aan de vraag naar artistieke kwaliteit als aan het plezier van de toeschouwer.<\/strong><\/p>\n<p>Onze vereniging is een mobiele structuur. Wij beschikken niet over een eigen theater, vandaar d<\/p>\n<p>Ontdek <a href=\"https:\/\/festivalenville.be\/spip.php?page=agenda\">hier<\/a> het 2025 programma.<\/p>\n","protected":false},"excerpt":{"rendered":"<p>En Ville ! &nbsp;(In de stad!) Festival van &#8220;Cin\u00e9ma du R\u00e9el&#8221; De 7e editie vindt plaats van 26 januari tot 1 februari 2026 in Brussel. Cin\u00e9ma Galeries, Palace, Maison Po\u00e8me, MEDAA. Het&nbsp;Festival En ville&nbsp;!&nbsp;wordt georganiseerd door Le P\u2019tit cin\u00e9 &#8211; Regards sur les Docs. Deze organisatie, geleid door Pauline David, artistiek directeur, ondersteunt documentaire vertoningen &hellip;<\/p>\n","protected":false},"author":348,"featured_media":0,"parent":249160,"menu_order":0,"comment_status":"closed","ping_status":"closed","template":"","meta":{"ngg_post_thumbnail":0,"footnotes":""},"class_list":["post-256782","page","type-page","status-publish",""],"yoast_head":"<!-- This site is optimized with the Yoast SEO plugin v20.4 - https:\/\/yoast.com\/wordpress\/plugins\/seo\/ -->\n<title>En ville ! - We Love Cinema<\/title>\n<meta name=\"robots\" content=\"index, follow, max-snippet:-1, max-image-preview:large, max-video-preview:-1\" \/>\n<link rel=\"canonical\" href=\"https:\/\/welovecinema.be\/nl\/evenementen\/en-ville\/\" \/>\n<meta property=\"og:locale\" content=\"nl_NL\" \/>\n<meta property=\"og:type\" content=\"article\" \/>\n<meta property=\"og:title\" content=\"En ville ! - We Love Cinema\" \/>\n<meta property=\"og:description\" content=\"En Ville ! &nbsp;(In de stad!) Festival van &#8220;Cin\u00e9ma du R\u00e9el&#8221; De 7e editie vindt plaats van 26 januari tot 1 februari 2026 in Brussel. Cin\u00e9ma Galeries, Palace, Maison Po\u00e8me, MEDAA. Het&nbsp;Festival En ville&nbsp;!&nbsp;wordt georganiseerd door Le P\u2019tit cin\u00e9 &#8211; Regards sur les Docs. Deze organisatie, geleid door Pauline David, artistiek directeur, ondersteunt documentaire vertoningen &hellip;\" \/>\n<meta property=\"og:url\" content=\"https:\/\/welovecinema.be\/nl\/evenementen\/en-ville\/\" \/>\n<meta property=\"og:site_name\" content=\"We Love Cinema\" \/>\n<meta property=\"article:publisher\" content=\"https:\/\/www.facebook.com\/welovecinema.be\" \/>\n<meta property=\"article:modified_time\" content=\"2025-10-21T14:55:55+00:00\" \/>\n<meta property=\"og:image\" content=\"https:\/\/welovecinema.be\/wp-content\/uploads\/sites\/2\/2024\/01\/festivalenville-270x270.jpg\" \/>\n<meta name=\"twitter:card\" content=\"summary_large_image\" \/>\n<meta name=\"twitter:label1\" content=\"Geschatte leestijd\" \/>\n\t<meta name=\"twitter:data1\" content=\"1 minuut\" \/>\n<script type=\"application\/ld+json\" class=\"yoast-schema-graph\">{\"@context\":\"https:\/\/schema.org\",\"@graph\":[{\"@type\":\"WebPage\",\"@id\":\"https:\/\/welovecinema.be\/nl\/evenementen\/en-ville\/\",\"url\":\"https:\/\/welovecinema.be\/nl\/evenementen\/en-ville\/\",\"name\":\"En ville ! - We Love Cinema\",\"isPartOf\":{\"@id\":\"https:\/\/welovecinema.be\/nl\/#website\"},\"datePublished\":\"2024-01-15T10:27:56+00:00\",\"dateModified\":\"2025-10-21T14:55:55+00:00\",\"breadcrumb\":{\"@id\":\"https:\/\/welovecinema.be\/nl\/evenementen\/en-ville\/#breadcrumb\"},\"inLanguage\":\"nl-NL\",\"potentialAction\":[{\"@type\":\"ReadAction\",\"target\":[\"https:\/\/welovecinema.be\/nl\/evenementen\/en-ville\/\"]}]},{\"@type\":\"BreadcrumbList\",\"@id\":\"https:\/\/welovecinema.be\/nl\/evenementen\/en-ville\/#breadcrumb\",\"itemListElement\":[{\"@type\":\"ListItem\",\"position\":1,\"name\":\"Accueil\",\"item\":\"https:\/\/welovecinema.be\/nl\/\"},{\"@type\":\"ListItem\",\"position\":2,\"name\":\"Evenementen\",\"item\":\"https:\/\/welovecinema.be\/nl\/evenementen\/\"},{\"@type\":\"ListItem\",\"position\":3,\"name\":\"En ville !\"}]},{\"@type\":\"WebSite\",\"@id\":\"https:\/\/welovecinema.be\/nl\/#website\",\"url\":\"https:\/\/welovecinema.be\/nl\/\",\"name\":\"We Love Cinema\",\"description\":\"Toute l\u2019information du cin\u00e9ma en Belgique\",\"publisher\":{\"@id\":\"https:\/\/welovecinema.be\/nl\/#organization\"},\"potentialAction\":[{\"@type\":\"SearchAction\",\"target\":{\"@type\":\"EntryPoint\",\"urlTemplate\":\"https:\/\/welovecinema.be\/nl\/?s={search_term_string}\"},\"query-input\":\"required name=search_term_string\"}],\"inLanguage\":\"nl-NL\"},{\"@type\":\"Organization\",\"@id\":\"https:\/\/welovecinema.be\/nl\/#organization\",\"name\":\"We Love Cinema\",\"url\":\"https:\/\/welovecinema.be\/nl\/\",\"logo\":{\"@type\":\"ImageObject\",\"inLanguage\":\"nl-NL\",\"@id\":\"https:\/\/welovecinema.be\/nl\/#\/schema\/logo\/image\/\",\"url\":\"https:\/\/welovecinema.be\/wp-content\/uploads\/sites\/2\/2023\/03\/Logo-We-Love-Cinema305x128.jpg\",\"contentUrl\":\"https:\/\/welovecinema.be\/wp-content\/uploads\/sites\/2\/2023\/03\/Logo-We-Love-Cinema305x128.jpg\",\"width\":305,\"height\":128,\"caption\":\"We Love Cinema\"},\"image\":{\"@id\":\"https:\/\/welovecinema.be\/nl\/#\/schema\/logo\/image\/\"},\"sameAs\":[\"https:\/\/www.facebook.com\/welovecinema.be\",\"https:\/\/www.youtube.com\/channel\/UCX5LYGVhnKvYauW4Nta4HJA\",\"https:\/\/www.instagram.com\/welovecinema.be\/\"]}]}<\/script>\n<!-- \/ Yoast SEO plugin. -->","yoast_head_json":{"title":"En ville ! - We Love Cinema","robots":{"index":"index","follow":"follow","max-snippet":"max-snippet:-1","max-image-preview":"max-image-preview:large","max-video-preview":"max-video-preview:-1"},"canonical":"https:\/\/welovecinema.be\/nl\/evenementen\/en-ville\/","og_locale":"nl_NL","og_type":"article","og_title":"En ville ! - We Love Cinema","og_description":"En Ville ! &nbsp;(In de stad!) Festival van &#8220;Cin\u00e9ma du R\u00e9el&#8221; De 7e editie vindt plaats van 26 januari tot 1 februari 2026 in Brussel. Cin\u00e9ma Galeries, Palace, Maison Po\u00e8me, MEDAA. Het&nbsp;Festival En ville&nbsp;!&nbsp;wordt georganiseerd door Le P\u2019tit cin\u00e9 &#8211; Regards sur les Docs. Deze organisatie, geleid door Pauline David, artistiek directeur, ondersteunt documentaire vertoningen &hellip;","og_url":"https:\/\/welovecinema.be\/nl\/evenementen\/en-ville\/","og_site_name":"We Love Cinema","article_publisher":"https:\/\/www.facebook.com\/welovecinema.be","article_modified_time":"2025-10-21T14:55:55+00:00","og_image":[{"url":"https:\/\/welovecinema.be\/wp-content\/uploads\/sites\/2\/2024\/01\/festivalenville-270x270.jpg"}],"twitter_card":"summary_large_image","twitter_misc":{"Geschatte leestijd":"1 minuut"},"schema":{"@context":"https:\/\/schema.org","@graph":[{"@type":"WebPage","@id":"https:\/\/welovecinema.be\/nl\/evenementen\/en-ville\/","url":"https:\/\/welovecinema.be\/nl\/evenementen\/en-ville\/","name":"En ville ! - We Love Cinema","isPartOf":{"@id":"https:\/\/welovecinema.be\/nl\/#website"},"datePublished":"2024-01-15T10:27:56+00:00","dateModified":"2025-10-21T14:55:55+00:00","breadcrumb":{"@id":"https:\/\/welovecinema.be\/nl\/evenementen\/en-ville\/#breadcrumb"},"inLanguage":"nl-NL","potentialAction":[{"@type":"ReadAction","target":["https:\/\/welovecinema.be\/nl\/evenementen\/en-ville\/"]}]},{"@type":"BreadcrumbList","@id":"https:\/\/welovecinema.be\/nl\/evenementen\/en-ville\/#breadcrumb","itemListElement":[{"@type":"ListItem","position":1,"name":"Accueil","item":"https:\/\/welovecinema.be\/nl\/"},{"@type":"ListItem","position":2,"name":"Evenementen","item":"https:\/\/welovecinema.be\/nl\/evenementen\/"},{"@type":"ListItem","position":3,"name":"En ville !"}]},{"@type":"WebSite","@id":"https:\/\/welovecinema.be\/nl\/#website","url":"https:\/\/welovecinema.be\/nl\/","name":"We Love Cinema","description":"Toute l\u2019information du cin\u00e9ma en Belgique","publisher":{"@id":"https:\/\/welovecinema.be\/nl\/#organization"},"potentialAction":[{"@type":"SearchAction","target":{"@type":"EntryPoint","urlTemplate":"https:\/\/welovecinema.be\/nl\/?s={search_term_string}"},"query-input":"required name=search_term_string"}],"inLanguage":"nl-NL"},{"@type":"Organization","@id":"https:\/\/welovecinema.be\/nl\/#organization","name":"We Love Cinema","url":"https:\/\/welovecinema.be\/nl\/","logo":{"@type":"ImageObject","inLanguage":"nl-NL","@id":"https:\/\/welovecinema.be\/nl\/#\/schema\/logo\/image\/","url":"https:\/\/welovecinema.be\/wp-content\/uploads\/sites\/2\/2023\/03\/Logo-We-Love-Cinema305x128.jpg","contentUrl":"https:\/\/welovecinema.be\/wp-content\/uploads\/sites\/2\/2023\/03\/Logo-We-Love-Cinema305x128.jpg","width":305,"height":128,"caption":"We Love Cinema"},"image":{"@id":"https:\/\/welovecinema.be\/nl\/#\/schema\/logo\/image\/"},"sameAs":["https:\/\/www.facebook.com\/welovecinema.be","https:\/\/www.youtube.com\/channel\/UCX5LYGVhnKvYauW4Nta4HJA","https:\/\/www.instagram.com\/welovecinema.be\/"]}]}},"_links":{"self":[{"href":"https:\/\/welovecinema.be\/nl\/wp-json\/wp\/v2\/pages\/256782","targetHints":{"allow":["GET"]}}],"collection":[{"href":"https:\/\/welovecinema.be\/nl\/wp-json\/wp\/v2\/pages"}],"about":[{"href":"https:\/\/welovecinema.be\/nl\/wp-json\/wp\/v2\/types\/page"}],"author":[{"embeddable":true,"href":"https:\/\/welovecinema.be\/nl\/wp-json\/wp\/v2\/users\/348"}],"replies":[{"embeddable":true,"href":"https:\/\/welovecinema.be\/nl\/wp-json\/wp\/v2\/comments?post=256782"}],"version-history":[{"count":8,"href":"https:\/\/welovecinema.be\/nl\/wp-json\/wp\/v2\/pages\/256782\/revisions"}],"predecessor-version":[{"id":268528,"href":"https:\/\/welovecinema.be\/nl\/wp-json\/wp\/v2\/pages\/256782\/revisions\/268528"}],"up":[{"embeddable":true,"href":"https:\/\/welovecinema.be\/nl\/wp-json\/wp\/v2\/pages\/249160"}],"wp:attachment":[{"href":"https:\/\/welovecinema.be\/nl\/wp-json\/wp\/v2\/media?parent=256782"}],"curies":[{"name":"wp","href":"https:\/\/api.w.org\/{rel}","templated":true}]}}