{"id":249213,"date":"2023-03-30T19:01:49","date_gmt":"2023-03-30T17:01:49","guid":{"rendered":"https:\/\/welovecinema.be\/?page_id=249213"},"modified":"2025-10-23T10:23:14","modified_gmt":"2025-10-23T08:23:14","slug":"les-magritte-du-cinema","status":"publish","type":"page","link":"https:\/\/welovecinema.be\/nl\/evenementen\/les-magritte-du-cinema\/","title":{"rendered":"Les Magritte du Cin\u00e9ma"},"content":{"rendered":"<p><img loading=\"lazy\" decoding=\"async\" class=\"wp-image-256449 size-full alignright\" src=\"https:\/\/welovecinema.be\/wp-content\/uploads\/sites\/2\/2024\/01\/Magritte.png\" alt=\"\" width=\"296\" height=\"133\"><\/p>\n<p><strong>De 14e editie vindt plaats op 22 februari 2025 in Flagey.<\/strong><\/p>\n<p>Het festival Magritte du Cin\u00e9ma is ontstaan in 2011, en <strong>bekroont elk jaar in februari alle professionals uit de filmindustrie, en dit in verschillende categori\u00ebn die de uitmuntendheid van de cinematografische realisaties van over heel Franstalig Belgi\u00eb in de eer brengen.<\/strong><\/p>\n<p>De ceremonie opent het jaarlijkse seizoen van nationale filmprijsuitreikingen, voorafgaand aan onder meer de prestigieuze C\u00e9sar-, Oscar- en BAFTA-uitreikingen. Het festival Magritte du Cin\u00e9ma is de Franstalige tegenhanger van de Vlaamse Ensors, die enkele weken na elkaar plaatsvinden.<\/p>\n<p>Al meer dan 10 jaar lang is het festival Magritte du Cin\u00e9ma \u00e9\u00e9n van de belangrijkste evenementen ter promotie van de Franstalige Belgische film, en meer algemeen een evenement waarnaar reikhalzend wordt uitgekeken op de Belgische culturele agenda.<\/p>\n<p>De Academie is er ook duidelijk in geslaagd een gevarieerd publiek te bereiken door enerzijds professionals uit de filmindustrie en media samen te brengen, en anderzijds door haar oorspronkelijke doelstelling te verwezenlijken door namelijk het grote publiek uit te nodigen zich te interesseren in haar films.<\/p>\n<p>Ontdek de selectie van 2024 <a href=\"https:\/\/www.lesmagritteducinema.com\/works_r.php?lang=fr\">hier<\/a>.<\/p>\n","protected":false},"excerpt":{"rendered":"<p>De 14e editie vindt plaats op 22 februari 2025 in Flagey. Het festival Magritte du Cin\u00e9ma is ontstaan in 2011, en bekroont elk jaar in februari alle professionals uit de filmindustrie, en dit in verschillende categori\u00ebn die de uitmuntendheid van de cinematografische realisaties van over heel Franstalig Belgi\u00eb in de eer brengen. De ceremonie opent &hellip;<\/p>\n","protected":false},"author":339,"featured_media":0,"parent":249160,"menu_order":0,"comment_status":"closed","ping_status":"closed","template":"","meta":{"ngg_post_thumbnail":0,"footnotes":""},"class_list":["post-249213","page","type-page","status-publish",""],"yoast_head":"<!-- This site is optimized with the Yoast SEO plugin v20.4 - https:\/\/yoast.com\/wordpress\/plugins\/seo\/ -->\n<title>Les Magritte du Cin\u00e9ma - We Love Cinema<\/title>\n<meta name=\"robots\" content=\"index, follow, max-snippet:-1, max-image-preview:large, max-video-preview:-1\" \/>\n<link rel=\"canonical\" href=\"https:\/\/welovecinema.be\/nl\/evenementen\/les-magritte-du-cinema\/\" \/>\n<meta property=\"og:locale\" content=\"nl_NL\" \/>\n<meta property=\"og:type\" content=\"article\" \/>\n<meta property=\"og:title\" content=\"Les Magritte du Cin\u00e9ma - We Love Cinema\" \/>\n<meta property=\"og:description\" content=\"De 14e editie vindt plaats op 22 februari 2025 in Flagey. Het festival Magritte du Cin\u00e9ma is ontstaan in 2011, en bekroont elk jaar in februari alle professionals uit de filmindustrie, en dit in verschillende categori\u00ebn die de uitmuntendheid van de cinematografische realisaties van over heel Franstalig Belgi\u00eb in de eer brengen. De ceremonie opent &hellip;\" \/>\n<meta property=\"og:url\" content=\"https:\/\/welovecinema.be\/nl\/evenementen\/les-magritte-du-cinema\/\" \/>\n<meta property=\"og:site_name\" content=\"We Love Cinema\" \/>\n<meta property=\"article:publisher\" content=\"https:\/\/www.facebook.com\/welovecinema.be\" \/>\n<meta property=\"article:modified_time\" content=\"2025-10-23T08:23:14+00:00\" \/>\n<meta property=\"og:image\" content=\"https:\/\/welovecinema.be\/wp-content\/uploads\/sites\/2\/2024\/01\/Magritte.png\" \/>\n<meta name=\"twitter:card\" content=\"summary_large_image\" \/>\n<meta name=\"twitter:label1\" content=\"Geschatte leestijd\" \/>\n\t<meta name=\"twitter:data1\" content=\"2 minuten\" \/>\n<script type=\"application\/ld+json\" class=\"yoast-schema-graph\">{\"@context\":\"https:\/\/schema.org\",\"@graph\":[{\"@type\":\"WebPage\",\"@id\":\"https:\/\/welovecinema.be\/nl\/evenementen\/les-magritte-du-cinema\/\",\"url\":\"https:\/\/welovecinema.be\/nl\/evenementen\/les-magritte-du-cinema\/\",\"name\":\"Les Magritte du Cin\u00e9ma - We Love Cinema\",\"isPartOf\":{\"@id\":\"https:\/\/welovecinema.be\/nl\/#website\"},\"datePublished\":\"2023-03-30T17:01:49+00:00\",\"dateModified\":\"2025-10-23T08:23:14+00:00\",\"breadcrumb\":{\"@id\":\"https:\/\/welovecinema.be\/nl\/evenementen\/les-magritte-du-cinema\/#breadcrumb\"},\"inLanguage\":\"nl-NL\",\"potentialAction\":[{\"@type\":\"ReadAction\",\"target\":[\"https:\/\/welovecinema.be\/nl\/evenementen\/les-magritte-du-cinema\/\"]}]},{\"@type\":\"BreadcrumbList\",\"@id\":\"https:\/\/welovecinema.be\/nl\/evenementen\/les-magritte-du-cinema\/#breadcrumb\",\"itemListElement\":[{\"@type\":\"ListItem\",\"position\":1,\"name\":\"Accueil\",\"item\":\"https:\/\/welovecinema.be\/nl\/\"},{\"@type\":\"ListItem\",\"position\":2,\"name\":\"Evenementen\",\"item\":\"https:\/\/welovecinema.be\/nl\/evenementen\/\"},{\"@type\":\"ListItem\",\"position\":3,\"name\":\"Les Magritte du Cin\u00e9ma\"}]},{\"@type\":\"WebSite\",\"@id\":\"https:\/\/welovecinema.be\/nl\/#website\",\"url\":\"https:\/\/welovecinema.be\/nl\/\",\"name\":\"We Love Cinema\",\"description\":\"Toute l\u2019information du cin\u00e9ma en Belgique\",\"publisher\":{\"@id\":\"https:\/\/welovecinema.be\/nl\/#organization\"},\"potentialAction\":[{\"@type\":\"SearchAction\",\"target\":{\"@type\":\"EntryPoint\",\"urlTemplate\":\"https:\/\/welovecinema.be\/nl\/?s={search_term_string}\"},\"query-input\":\"required name=search_term_string\"}],\"inLanguage\":\"nl-NL\"},{\"@type\":\"Organization\",\"@id\":\"https:\/\/welovecinema.be\/nl\/#organization\",\"name\":\"We Love Cinema\",\"url\":\"https:\/\/welovecinema.be\/nl\/\",\"logo\":{\"@type\":\"ImageObject\",\"inLanguage\":\"nl-NL\",\"@id\":\"https:\/\/welovecinema.be\/nl\/#\/schema\/logo\/image\/\",\"url\":\"https:\/\/welovecinema.be\/wp-content\/uploads\/sites\/2\/2023\/03\/Logo-We-Love-Cinema305x128.jpg\",\"contentUrl\":\"https:\/\/welovecinema.be\/wp-content\/uploads\/sites\/2\/2023\/03\/Logo-We-Love-Cinema305x128.jpg\",\"width\":305,\"height\":128,\"caption\":\"We Love Cinema\"},\"image\":{\"@id\":\"https:\/\/welovecinema.be\/nl\/#\/schema\/logo\/image\/\"},\"sameAs\":[\"https:\/\/www.facebook.com\/welovecinema.be\",\"https:\/\/www.youtube.com\/channel\/UCX5LYGVhnKvYauW4Nta4HJA\",\"https:\/\/www.instagram.com\/welovecinema.be\/\"]}]}<\/script>\n<!-- \/ Yoast SEO plugin. -->","yoast_head_json":{"title":"Les Magritte du Cin\u00e9ma - We Love Cinema","robots":{"index":"index","follow":"follow","max-snippet":"max-snippet:-1","max-image-preview":"max-image-preview:large","max-video-preview":"max-video-preview:-1"},"canonical":"https:\/\/welovecinema.be\/nl\/evenementen\/les-magritte-du-cinema\/","og_locale":"nl_NL","og_type":"article","og_title":"Les Magritte du Cin\u00e9ma - We Love Cinema","og_description":"De 14e editie vindt plaats op 22 februari 2025 in Flagey. Het festival Magritte du Cin\u00e9ma is ontstaan in 2011, en bekroont elk jaar in februari alle professionals uit de filmindustrie, en dit in verschillende categori\u00ebn die de uitmuntendheid van de cinematografische realisaties van over heel Franstalig Belgi\u00eb in de eer brengen. De ceremonie opent &hellip;","og_url":"https:\/\/welovecinema.be\/nl\/evenementen\/les-magritte-du-cinema\/","og_site_name":"We Love Cinema","article_publisher":"https:\/\/www.facebook.com\/welovecinema.be","article_modified_time":"2025-10-23T08:23:14+00:00","og_image":[{"url":"https:\/\/welovecinema.be\/wp-content\/uploads\/sites\/2\/2024\/01\/Magritte.png"}],"twitter_card":"summary_large_image","twitter_misc":{"Geschatte leestijd":"2 minuten"},"schema":{"@context":"https:\/\/schema.org","@graph":[{"@type":"WebPage","@id":"https:\/\/welovecinema.be\/nl\/evenementen\/les-magritte-du-cinema\/","url":"https:\/\/welovecinema.be\/nl\/evenementen\/les-magritte-du-cinema\/","name":"Les Magritte du Cin\u00e9ma - We Love Cinema","isPartOf":{"@id":"https:\/\/welovecinema.be\/nl\/#website"},"datePublished":"2023-03-30T17:01:49+00:00","dateModified":"2025-10-23T08:23:14+00:00","breadcrumb":{"@id":"https:\/\/welovecinema.be\/nl\/evenementen\/les-magritte-du-cinema\/#breadcrumb"},"inLanguage":"nl-NL","potentialAction":[{"@type":"ReadAction","target":["https:\/\/welovecinema.be\/nl\/evenementen\/les-magritte-du-cinema\/"]}]},{"@type":"BreadcrumbList","@id":"https:\/\/welovecinema.be\/nl\/evenementen\/les-magritte-du-cinema\/#breadcrumb","itemListElement":[{"@type":"ListItem","position":1,"name":"Accueil","item":"https:\/\/welovecinema.be\/nl\/"},{"@type":"ListItem","position":2,"name":"Evenementen","item":"https:\/\/welovecinema.be\/nl\/evenementen\/"},{"@type":"ListItem","position":3,"name":"Les Magritte du Cin\u00e9ma"}]},{"@type":"WebSite","@id":"https:\/\/welovecinema.be\/nl\/#website","url":"https:\/\/welovecinema.be\/nl\/","name":"We Love Cinema","description":"Toute l\u2019information du cin\u00e9ma en Belgique","publisher":{"@id":"https:\/\/welovecinema.be\/nl\/#organization"},"potentialAction":[{"@type":"SearchAction","target":{"@type":"EntryPoint","urlTemplate":"https:\/\/welovecinema.be\/nl\/?s={search_term_string}"},"query-input":"required name=search_term_string"}],"inLanguage":"nl-NL"},{"@type":"Organization","@id":"https:\/\/welovecinema.be\/nl\/#organization","name":"We Love Cinema","url":"https:\/\/welovecinema.be\/nl\/","logo":{"@type":"ImageObject","inLanguage":"nl-NL","@id":"https:\/\/welovecinema.be\/nl\/#\/schema\/logo\/image\/","url":"https:\/\/welovecinema.be\/wp-content\/uploads\/sites\/2\/2023\/03\/Logo-We-Love-Cinema305x128.jpg","contentUrl":"https:\/\/welovecinema.be\/wp-content\/uploads\/sites\/2\/2023\/03\/Logo-We-Love-Cinema305x128.jpg","width":305,"height":128,"caption":"We Love Cinema"},"image":{"@id":"https:\/\/welovecinema.be\/nl\/#\/schema\/logo\/image\/"},"sameAs":["https:\/\/www.facebook.com\/welovecinema.be","https:\/\/www.youtube.com\/channel\/UCX5LYGVhnKvYauW4Nta4HJA","https:\/\/www.instagram.com\/welovecinema.be\/"]}]}},"_links":{"self":[{"href":"https:\/\/welovecinema.be\/nl\/wp-json\/wp\/v2\/pages\/249213","targetHints":{"allow":["GET"]}}],"collection":[{"href":"https:\/\/welovecinema.be\/nl\/wp-json\/wp\/v2\/pages"}],"about":[{"href":"https:\/\/welovecinema.be\/nl\/wp-json\/wp\/v2\/types\/page"}],"author":[{"embeddable":true,"href":"https:\/\/welovecinema.be\/nl\/wp-json\/wp\/v2\/users\/339"}],"replies":[{"embeddable":true,"href":"https:\/\/welovecinema.be\/nl\/wp-json\/wp\/v2\/comments?post=249213"}],"version-history":[{"count":6,"href":"https:\/\/welovecinema.be\/nl\/wp-json\/wp\/v2\/pages\/249213\/revisions"}],"predecessor-version":[{"id":268563,"href":"https:\/\/welovecinema.be\/nl\/wp-json\/wp\/v2\/pages\/249213\/revisions\/268563"}],"up":[{"embeddable":true,"href":"https:\/\/welovecinema.be\/nl\/wp-json\/wp\/v2\/pages\/249160"}],"wp:attachment":[{"href":"https:\/\/welovecinema.be\/nl\/wp-json\/wp\/v2\/media?parent=249213"}],"curies":[{"name":"wp","href":"https:\/\/api.w.org\/{rel}","templated":true}]}}