{"id":249201,"date":"2023-03-30T18:56:49","date_gmt":"2023-03-30T16:56:49","guid":{"rendered":"https:\/\/welovecinema.be\/?page_id=249201"},"modified":"2024-12-19T11:34:02","modified_gmt":"2024-12-19T10:34:02","slug":"fiff","status":"publish","type":"page","link":"https:\/\/welovecinema.be\/nl\/evenementen\/fiff\/","title":{"rendered":"FiFF"},"content":{"rendered":"<h4><img loading=\"lazy\" decoding=\"async\" class=\"size-full wp-image-249043 alignright\" src=\"https:\/\/welovecinema.be\/wp-content\/uploads\/sites\/2\/2023\/03\/logo-festival-cinema-belge-fiff.png\" alt=\"\" width=\"267\" height=\"177\">Het Internationaal Festival van Namen voor de Franstalige Film<\/h4>\n<p><strong>De 40e editie vindt plaats van 3 december tot 10 december 2025 in Namen.<\/strong><\/p>\n<p>Het FIFF is ontstaan in 1986 en is al altijd een vriendelijk, creatief, verenigend en professioneel evenement geweest, dat bovendien een bevoorrechte plaats is geworden voor passie, werk \u00e9n vibraties van over de hele wereld, en waar een enthousiaste directie en team aan het stuur staan. Met andere woorden is het FIFF een jaarlijkse bijeenkomst ten dienste van de Franstalige filmindustrie.<\/p>\n<p>Het FIFF is ontstaan in 1986 en organiseert 3 competities: \u00e9\u00e9n voor langspeelfilms, \u00e9\u00e9n voor eerste films en \u00e9\u00e9n voor korte films; alle drie competities weerspiegelen de diversiteit van de Franstalige filmindustrie. Elk jaar presenteert het FIFF zo\u2019n 120 films &#8211; langspeelfilms en korte films, animaties, drama&#8217;s en documentaires.<\/p>\n<p>Het festival organiseert tevens talrijke workshops en bijeenkomsten om professionals samen te brengen en zodoende te bouwen aan de toekomst van de Franstalige filmindustrie.<br \/>\nVia de <i>FIFF Campus <\/i>draagt het FIFF ook bij tot de vorming van jongeren door activiteiten en educatieve sessies aan te bieden voor de leeftijdsgroep van 3 tot 25 jaar.<\/p>\n","protected":false},"excerpt":{"rendered":"<p>Het Internationaal Festival van Namen voor de Franstalige Film De 40e editie vindt plaats van 3 december tot 10 december 2025 in Namen. Het FIFF is ontstaan in 1986 en is al altijd een vriendelijk, creatief, verenigend en professioneel evenement geweest, dat bovendien een bevoorrechte plaats is geworden voor passie, werk \u00e9n vibraties van over &hellip;<\/p>\n","protected":false},"author":339,"featured_media":0,"parent":249160,"menu_order":0,"comment_status":"closed","ping_status":"closed","template":"","meta":{"ngg_post_thumbnail":0,"footnotes":""},"class_list":["post-249201","page","type-page","status-publish",""],"yoast_head":"<!-- This site is optimized with the Yoast SEO plugin v20.4 - https:\/\/yoast.com\/wordpress\/plugins\/seo\/ -->\n<title>FiFF - We Love Cinema<\/title>\n<meta name=\"robots\" content=\"index, follow, max-snippet:-1, max-image-preview:large, max-video-preview:-1\" \/>\n<link rel=\"canonical\" href=\"https:\/\/welovecinema.be\/nl\/evenementen\/fiff\/\" \/>\n<meta property=\"og:locale\" content=\"nl_NL\" \/>\n<meta property=\"og:type\" content=\"article\" \/>\n<meta property=\"og:title\" content=\"FiFF - We Love Cinema\" \/>\n<meta property=\"og:description\" content=\"Het Internationaal Festival van Namen voor de Franstalige Film De 40e editie vindt plaats van 3 december tot 10 december 2025 in Namen. Het FIFF is ontstaan in 1986 en is al altijd een vriendelijk, creatief, verenigend en professioneel evenement geweest, dat bovendien een bevoorrechte plaats is geworden voor passie, werk \u00e9n vibraties van over &hellip;\" \/>\n<meta property=\"og:url\" content=\"https:\/\/welovecinema.be\/nl\/evenementen\/fiff\/\" \/>\n<meta property=\"og:site_name\" content=\"We Love Cinema\" \/>\n<meta property=\"article:publisher\" content=\"https:\/\/www.facebook.com\/welovecinema.be\" \/>\n<meta property=\"article:modified_time\" content=\"2024-12-19T10:34:02+00:00\" \/>\n<meta property=\"og:image\" content=\"https:\/\/welovecinema.be\/wp-content\/uploads\/sites\/2\/2023\/03\/logo-festival-cinema-belge-fiff.png\" \/>\n<meta name=\"twitter:card\" content=\"summary_large_image\" \/>\n<meta name=\"twitter:label1\" content=\"Geschatte leestijd\" \/>\n\t<meta name=\"twitter:data1\" content=\"2 minuten\" \/>\n<script type=\"application\/ld+json\" class=\"yoast-schema-graph\">{\"@context\":\"https:\/\/schema.org\",\"@graph\":[{\"@type\":\"WebPage\",\"@id\":\"https:\/\/welovecinema.be\/nl\/evenementen\/fiff\/\",\"url\":\"https:\/\/welovecinema.be\/nl\/evenementen\/fiff\/\",\"name\":\"FiFF - We Love Cinema\",\"isPartOf\":{\"@id\":\"https:\/\/welovecinema.be\/nl\/#website\"},\"datePublished\":\"2023-03-30T16:56:49+00:00\",\"dateModified\":\"2024-12-19T10:34:02+00:00\",\"breadcrumb\":{\"@id\":\"https:\/\/welovecinema.be\/nl\/evenementen\/fiff\/#breadcrumb\"},\"inLanguage\":\"nl-NL\",\"potentialAction\":[{\"@type\":\"ReadAction\",\"target\":[\"https:\/\/welovecinema.be\/nl\/evenementen\/fiff\/\"]}]},{\"@type\":\"BreadcrumbList\",\"@id\":\"https:\/\/welovecinema.be\/nl\/evenementen\/fiff\/#breadcrumb\",\"itemListElement\":[{\"@type\":\"ListItem\",\"position\":1,\"name\":\"Accueil\",\"item\":\"https:\/\/welovecinema.be\/nl\/\"},{\"@type\":\"ListItem\",\"position\":2,\"name\":\"Evenementen\",\"item\":\"https:\/\/welovecinema.be\/nl\/evenementen\/\"},{\"@type\":\"ListItem\",\"position\":3,\"name\":\"FiFF\"}]},{\"@type\":\"WebSite\",\"@id\":\"https:\/\/welovecinema.be\/nl\/#website\",\"url\":\"https:\/\/welovecinema.be\/nl\/\",\"name\":\"We Love Cinema\",\"description\":\"Toute l\u2019information du cin\u00e9ma en Belgique\",\"publisher\":{\"@id\":\"https:\/\/welovecinema.be\/nl\/#organization\"},\"potentialAction\":[{\"@type\":\"SearchAction\",\"target\":{\"@type\":\"EntryPoint\",\"urlTemplate\":\"https:\/\/welovecinema.be\/nl\/?s={search_term_string}\"},\"query-input\":\"required name=search_term_string\"}],\"inLanguage\":\"nl-NL\"},{\"@type\":\"Organization\",\"@id\":\"https:\/\/welovecinema.be\/nl\/#organization\",\"name\":\"We Love Cinema\",\"url\":\"https:\/\/welovecinema.be\/nl\/\",\"logo\":{\"@type\":\"ImageObject\",\"inLanguage\":\"nl-NL\",\"@id\":\"https:\/\/welovecinema.be\/nl\/#\/schema\/logo\/image\/\",\"url\":\"https:\/\/welovecinema.be\/wp-content\/uploads\/sites\/2\/2023\/03\/Logo-We-Love-Cinema305x128.jpg\",\"contentUrl\":\"https:\/\/welovecinema.be\/wp-content\/uploads\/sites\/2\/2023\/03\/Logo-We-Love-Cinema305x128.jpg\",\"width\":305,\"height\":128,\"caption\":\"We Love Cinema\"},\"image\":{\"@id\":\"https:\/\/welovecinema.be\/nl\/#\/schema\/logo\/image\/\"},\"sameAs\":[\"https:\/\/www.facebook.com\/welovecinema.be\",\"https:\/\/www.youtube.com\/channel\/UCX5LYGVhnKvYauW4Nta4HJA\",\"https:\/\/www.instagram.com\/welovecinema.be\/\"]}]}<\/script>\n<!-- \/ Yoast SEO plugin. -->","yoast_head_json":{"title":"FiFF - We Love Cinema","robots":{"index":"index","follow":"follow","max-snippet":"max-snippet:-1","max-image-preview":"max-image-preview:large","max-video-preview":"max-video-preview:-1"},"canonical":"https:\/\/welovecinema.be\/nl\/evenementen\/fiff\/","og_locale":"nl_NL","og_type":"article","og_title":"FiFF - We Love Cinema","og_description":"Het Internationaal Festival van Namen voor de Franstalige Film De 40e editie vindt plaats van 3 december tot 10 december 2025 in Namen. Het FIFF is ontstaan in 1986 en is al altijd een vriendelijk, creatief, verenigend en professioneel evenement geweest, dat bovendien een bevoorrechte plaats is geworden voor passie, werk \u00e9n vibraties van over &hellip;","og_url":"https:\/\/welovecinema.be\/nl\/evenementen\/fiff\/","og_site_name":"We Love Cinema","article_publisher":"https:\/\/www.facebook.com\/welovecinema.be","article_modified_time":"2024-12-19T10:34:02+00:00","og_image":[{"url":"https:\/\/welovecinema.be\/wp-content\/uploads\/sites\/2\/2023\/03\/logo-festival-cinema-belge-fiff.png"}],"twitter_card":"summary_large_image","twitter_misc":{"Geschatte leestijd":"2 minuten"},"schema":{"@context":"https:\/\/schema.org","@graph":[{"@type":"WebPage","@id":"https:\/\/welovecinema.be\/nl\/evenementen\/fiff\/","url":"https:\/\/welovecinema.be\/nl\/evenementen\/fiff\/","name":"FiFF - We Love Cinema","isPartOf":{"@id":"https:\/\/welovecinema.be\/nl\/#website"},"datePublished":"2023-03-30T16:56:49+00:00","dateModified":"2024-12-19T10:34:02+00:00","breadcrumb":{"@id":"https:\/\/welovecinema.be\/nl\/evenementen\/fiff\/#breadcrumb"},"inLanguage":"nl-NL","potentialAction":[{"@type":"ReadAction","target":["https:\/\/welovecinema.be\/nl\/evenementen\/fiff\/"]}]},{"@type":"BreadcrumbList","@id":"https:\/\/welovecinema.be\/nl\/evenementen\/fiff\/#breadcrumb","itemListElement":[{"@type":"ListItem","position":1,"name":"Accueil","item":"https:\/\/welovecinema.be\/nl\/"},{"@type":"ListItem","position":2,"name":"Evenementen","item":"https:\/\/welovecinema.be\/nl\/evenementen\/"},{"@type":"ListItem","position":3,"name":"FiFF"}]},{"@type":"WebSite","@id":"https:\/\/welovecinema.be\/nl\/#website","url":"https:\/\/welovecinema.be\/nl\/","name":"We Love Cinema","description":"Toute l\u2019information du cin\u00e9ma en Belgique","publisher":{"@id":"https:\/\/welovecinema.be\/nl\/#organization"},"potentialAction":[{"@type":"SearchAction","target":{"@type":"EntryPoint","urlTemplate":"https:\/\/welovecinema.be\/nl\/?s={search_term_string}"},"query-input":"required name=search_term_string"}],"inLanguage":"nl-NL"},{"@type":"Organization","@id":"https:\/\/welovecinema.be\/nl\/#organization","name":"We Love Cinema","url":"https:\/\/welovecinema.be\/nl\/","logo":{"@type":"ImageObject","inLanguage":"nl-NL","@id":"https:\/\/welovecinema.be\/nl\/#\/schema\/logo\/image\/","url":"https:\/\/welovecinema.be\/wp-content\/uploads\/sites\/2\/2023\/03\/Logo-We-Love-Cinema305x128.jpg","contentUrl":"https:\/\/welovecinema.be\/wp-content\/uploads\/sites\/2\/2023\/03\/Logo-We-Love-Cinema305x128.jpg","width":305,"height":128,"caption":"We Love Cinema"},"image":{"@id":"https:\/\/welovecinema.be\/nl\/#\/schema\/logo\/image\/"},"sameAs":["https:\/\/www.facebook.com\/welovecinema.be","https:\/\/www.youtube.com\/channel\/UCX5LYGVhnKvYauW4Nta4HJA","https:\/\/www.instagram.com\/welovecinema.be\/"]}]}},"_links":{"self":[{"href":"https:\/\/welovecinema.be\/nl\/wp-json\/wp\/v2\/pages\/249201","targetHints":{"allow":["GET"]}}],"collection":[{"href":"https:\/\/welovecinema.be\/nl\/wp-json\/wp\/v2\/pages"}],"about":[{"href":"https:\/\/welovecinema.be\/nl\/wp-json\/wp\/v2\/types\/page"}],"author":[{"embeddable":true,"href":"https:\/\/welovecinema.be\/nl\/wp-json\/wp\/v2\/users\/339"}],"replies":[{"embeddable":true,"href":"https:\/\/welovecinema.be\/nl\/wp-json\/wp\/v2\/comments?post=249201"}],"version-history":[{"count":3,"href":"https:\/\/welovecinema.be\/nl\/wp-json\/wp\/v2\/pages\/249201\/revisions"}],"predecessor-version":[{"id":262593,"href":"https:\/\/welovecinema.be\/nl\/wp-json\/wp\/v2\/pages\/249201\/revisions\/262593"}],"up":[{"embeddable":true,"href":"https:\/\/welovecinema.be\/nl\/wp-json\/wp\/v2\/pages\/249160"}],"wp:attachment":[{"href":"https:\/\/welovecinema.be\/nl\/wp-json\/wp\/v2\/media?parent=249201"}],"curies":[{"name":"wp","href":"https:\/\/api.w.org\/{rel}","templated":true}]}}