{"id":249184,"date":"2023-03-30T18:50:05","date_gmt":"2023-03-30T16:50:05","guid":{"rendered":"https:\/\/welovecinema.be\/?page_id=249184"},"modified":"2025-10-21T16:33:43","modified_gmt":"2025-10-21T14:33:43","slug":"courts-mais-trash","status":"publish","type":"page","link":"https:\/\/welovecinema.be\/nl\/evenementen\/courts-mais-trash\/","title":{"rendered":"Courts Mais Trash"},"content":{"rendered":"<h4><img loading=\"lazy\" decoding=\"async\" class=\" wp-image-268391 alignright\" src=\"https:\/\/welovecinema.be\/wp-content\/uploads\/sites\/2\/2025\/10\/cmt_qmt_2025_ci_web_header_call-480x198.webp\" alt=\"\" width=\"337\" height=\"139\" srcset=\"https:\/\/welovecinema.be\/wp-content\/uploads\/sites\/2\/2025\/10\/cmt_qmt_2025_ci_web_header_call-480x198.webp 480w, https:\/\/welovecinema.be\/wp-content\/uploads\/sites\/2\/2025\/10\/cmt_qmt_2025_ci_web_header_call-800x331.webp 800w, https:\/\/welovecinema.be\/wp-content\/uploads\/sites\/2\/2025\/10\/cmt_qmt_2025_ci_web_header_call-768x317.webp 768w, https:\/\/welovecinema.be\/wp-content\/uploads\/sites\/2\/2025\/10\/cmt_qmt_2025_ci_web_header_call.webp 1200w\" sizes=\"auto, (max-width: 337px) 100vw, 337px\" \/>Brussels Independent Short Film Festival<\/h4>\n<p><strong>De editie vond plaats van 31 Januari tot 9 Fabruari 2025 in Brussel.<\/strong><\/p>\n<p>Sinds 2005 is Courts Mais Trash de showcase voor <strong>onafhankelijke en underground kortfilmcinema<\/strong>. Het festival vindt plaats in Brussel en is ontstaan uit de wens om niet-conventionele cinema of films die hun weg niet vinden naar gevestigde distributiekanalen in de schijnwerpers te zetten.<\/p>\n<p>Met groeiend succes verwelkomt het festival elk jaar zo\u2019n 5.000 bezoekers, die gedurende 6 dagen samenkomen in Les Riches-Claires en andere belangrijke culturele locaties in het Brusselse culturele leven. Elke editie worden er 2.000 films overwogen waarvan ongeveer 100 in verschillende formaten worden gepresenteerd, en maar liefst 40 regisseurs worden uitgenodigd om jullie, het publiek te ontmoeten.<\/p>\n<p>In 2019 werd<strong> Queer Mais Trash<\/strong> geboren als een 100% non-binaire versie van Courts Mais Trash, een filmprogramma gewijd aan LGBTQIA+ gemeenschappen. Queer Mais Trash nodigt het publiek uit om representaties van seksualiteit en identiteit te deconstrueren en te bevrijden van dualisme, met als doel bewustwording en verkenning van andere mogelijkheden.<\/p>\n<p>Als aanvulling op het programma vinden naast vertoningen ook After Trash Parties plaats: DJ-sets, concerten, optredens en de beroemde Mais Trash Karaoke. <strong>Het festival organiseert ook screenings voor scholen en professionele evenementen voor jonge filmmakers.<\/strong><\/p>\n<p>Vandaag bundelen Courts Mais Trash en Queer Mais Trash hun krachten om gedurende 6 dagen eind januari een festival aan te bieden. Gespreid over het hele jaar worden beide filmevents uitgenodigd als deelprogramma\u2019s of als gastprogrammatoren bij evenementen zoals \u201ccartes blanches\u201d, het BIFFF, Brussels short film festival, het Festival du Cin\u00e9ma Belge en Garrigue (FR), het But Film Festival in Breda (NL), Court M\u00e9trange (Rennes, FR) en Fen\u00eatre sur Courts (Dijon, FR).<\/p>\n<p>Lees <a href=\"https:\/\/courtsmaistrash.net\/nl\/festival-2024-nl\/programma-nl\/\">hier<\/a> meer over het 2024-programma.<\/p>\n","protected":false},"excerpt":{"rendered":"<p>Brussels Independent Short Film Festival De editie vond plaats van 31 Januari tot 9 Fabruari 2025 in Brussel. Sinds 2005 is Courts Mais Trash de showcase voor onafhankelijke en underground kortfilmcinema. Het festival vindt plaats in Brussel en is ontstaan uit de wens om niet-conventionele cinema of films die hun weg niet vinden naar gevestigde &hellip;<\/p>\n","protected":false},"author":339,"featured_media":0,"parent":249160,"menu_order":0,"comment_status":"closed","ping_status":"closed","template":"","meta":{"ngg_post_thumbnail":0,"footnotes":""},"class_list":["post-249184","page","type-page","status-publish",""],"yoast_head":"<!-- This site is optimized with the Yoast SEO plugin v20.4 - https:\/\/yoast.com\/wordpress\/plugins\/seo\/ -->\n<title>Courts Mais Trash - We Love Cinema<\/title>\n<meta name=\"robots\" content=\"index, follow, max-snippet:-1, max-image-preview:large, max-video-preview:-1\" \/>\n<link rel=\"canonical\" href=\"https:\/\/welovecinema.be\/nl\/evenementen\/courts-mais-trash\/\" \/>\n<meta property=\"og:locale\" content=\"nl_NL\" \/>\n<meta property=\"og:type\" content=\"article\" \/>\n<meta property=\"og:title\" content=\"Courts Mais Trash - We Love Cinema\" \/>\n<meta property=\"og:description\" content=\"Brussels Independent Short Film Festival De editie vond plaats van 31 Januari tot 9 Fabruari 2025 in Brussel. Sinds 2005 is Courts Mais Trash de showcase voor onafhankelijke en underground kortfilmcinema. Het festival vindt plaats in Brussel en is ontstaan uit de wens om niet-conventionele cinema of films die hun weg niet vinden naar gevestigde &hellip;\" \/>\n<meta property=\"og:url\" content=\"https:\/\/welovecinema.be\/nl\/evenementen\/courts-mais-trash\/\" \/>\n<meta property=\"og:site_name\" content=\"We Love Cinema\" \/>\n<meta property=\"article:publisher\" content=\"https:\/\/www.facebook.com\/welovecinema.be\" \/>\n<meta property=\"article:modified_time\" content=\"2025-10-21T14:33:43+00:00\" \/>\n<meta property=\"og:image\" content=\"https:\/\/welovecinema.be\/wp-content\/uploads\/sites\/2\/2025\/10\/cmt_qmt_2025_ci_web_header_call-480x198.webp\" \/>\n<meta name=\"twitter:card\" content=\"summary_large_image\" \/>\n<meta name=\"twitter:label1\" content=\"Geschatte leestijd\" \/>\n\t<meta name=\"twitter:data1\" content=\"2 minuten\" \/>\n<script type=\"application\/ld+json\" class=\"yoast-schema-graph\">{\"@context\":\"https:\/\/schema.org\",\"@graph\":[{\"@type\":\"WebPage\",\"@id\":\"https:\/\/welovecinema.be\/nl\/evenementen\/courts-mais-trash\/\",\"url\":\"https:\/\/welovecinema.be\/nl\/evenementen\/courts-mais-trash\/\",\"name\":\"Courts Mais Trash - We Love Cinema\",\"isPartOf\":{\"@id\":\"https:\/\/welovecinema.be\/nl\/#website\"},\"datePublished\":\"2023-03-30T16:50:05+00:00\",\"dateModified\":\"2025-10-21T14:33:43+00:00\",\"breadcrumb\":{\"@id\":\"https:\/\/welovecinema.be\/nl\/evenementen\/courts-mais-trash\/#breadcrumb\"},\"inLanguage\":\"nl-NL\",\"potentialAction\":[{\"@type\":\"ReadAction\",\"target\":[\"https:\/\/welovecinema.be\/nl\/evenementen\/courts-mais-trash\/\"]}]},{\"@type\":\"BreadcrumbList\",\"@id\":\"https:\/\/welovecinema.be\/nl\/evenementen\/courts-mais-trash\/#breadcrumb\",\"itemListElement\":[{\"@type\":\"ListItem\",\"position\":1,\"name\":\"Accueil\",\"item\":\"https:\/\/welovecinema.be\/nl\/\"},{\"@type\":\"ListItem\",\"position\":2,\"name\":\"Evenementen\",\"item\":\"https:\/\/welovecinema.be\/nl\/evenementen\/\"},{\"@type\":\"ListItem\",\"position\":3,\"name\":\"Courts Mais Trash\"}]},{\"@type\":\"WebSite\",\"@id\":\"https:\/\/welovecinema.be\/nl\/#website\",\"url\":\"https:\/\/welovecinema.be\/nl\/\",\"name\":\"We Love Cinema\",\"description\":\"Toute l\u2019information du cin\u00e9ma en Belgique\",\"publisher\":{\"@id\":\"https:\/\/welovecinema.be\/nl\/#organization\"},\"potentialAction\":[{\"@type\":\"SearchAction\",\"target\":{\"@type\":\"EntryPoint\",\"urlTemplate\":\"https:\/\/welovecinema.be\/nl\/?s={search_term_string}\"},\"query-input\":\"required name=search_term_string\"}],\"inLanguage\":\"nl-NL\"},{\"@type\":\"Organization\",\"@id\":\"https:\/\/welovecinema.be\/nl\/#organization\",\"name\":\"We Love Cinema\",\"url\":\"https:\/\/welovecinema.be\/nl\/\",\"logo\":{\"@type\":\"ImageObject\",\"inLanguage\":\"nl-NL\",\"@id\":\"https:\/\/welovecinema.be\/nl\/#\/schema\/logo\/image\/\",\"url\":\"https:\/\/welovecinema.be\/wp-content\/uploads\/sites\/2\/2023\/03\/Logo-We-Love-Cinema305x128.jpg\",\"contentUrl\":\"https:\/\/welovecinema.be\/wp-content\/uploads\/sites\/2\/2023\/03\/Logo-We-Love-Cinema305x128.jpg\",\"width\":305,\"height\":128,\"caption\":\"We Love Cinema\"},\"image\":{\"@id\":\"https:\/\/welovecinema.be\/nl\/#\/schema\/logo\/image\/\"},\"sameAs\":[\"https:\/\/www.facebook.com\/welovecinema.be\",\"https:\/\/www.youtube.com\/channel\/UCX5LYGVhnKvYauW4Nta4HJA\",\"https:\/\/www.instagram.com\/welovecinema.be\/\"]}]}<\/script>\n<!-- \/ Yoast SEO plugin. -->","yoast_head_json":{"title":"Courts Mais Trash - We Love Cinema","robots":{"index":"index","follow":"follow","max-snippet":"max-snippet:-1","max-image-preview":"max-image-preview:large","max-video-preview":"max-video-preview:-1"},"canonical":"https:\/\/welovecinema.be\/nl\/evenementen\/courts-mais-trash\/","og_locale":"nl_NL","og_type":"article","og_title":"Courts Mais Trash - We Love Cinema","og_description":"Brussels Independent Short Film Festival De editie vond plaats van 31 Januari tot 9 Fabruari 2025 in Brussel. Sinds 2005 is Courts Mais Trash de showcase voor onafhankelijke en underground kortfilmcinema. Het festival vindt plaats in Brussel en is ontstaan uit de wens om niet-conventionele cinema of films die hun weg niet vinden naar gevestigde &hellip;","og_url":"https:\/\/welovecinema.be\/nl\/evenementen\/courts-mais-trash\/","og_site_name":"We Love Cinema","article_publisher":"https:\/\/www.facebook.com\/welovecinema.be","article_modified_time":"2025-10-21T14:33:43+00:00","og_image":[{"url":"https:\/\/welovecinema.be\/wp-content\/uploads\/sites\/2\/2025\/10\/cmt_qmt_2025_ci_web_header_call-480x198.webp"}],"twitter_card":"summary_large_image","twitter_misc":{"Geschatte leestijd":"2 minuten"},"schema":{"@context":"https:\/\/schema.org","@graph":[{"@type":"WebPage","@id":"https:\/\/welovecinema.be\/nl\/evenementen\/courts-mais-trash\/","url":"https:\/\/welovecinema.be\/nl\/evenementen\/courts-mais-trash\/","name":"Courts Mais Trash - We Love Cinema","isPartOf":{"@id":"https:\/\/welovecinema.be\/nl\/#website"},"datePublished":"2023-03-30T16:50:05+00:00","dateModified":"2025-10-21T14:33:43+00:00","breadcrumb":{"@id":"https:\/\/welovecinema.be\/nl\/evenementen\/courts-mais-trash\/#breadcrumb"},"inLanguage":"nl-NL","potentialAction":[{"@type":"ReadAction","target":["https:\/\/welovecinema.be\/nl\/evenementen\/courts-mais-trash\/"]}]},{"@type":"BreadcrumbList","@id":"https:\/\/welovecinema.be\/nl\/evenementen\/courts-mais-trash\/#breadcrumb","itemListElement":[{"@type":"ListItem","position":1,"name":"Accueil","item":"https:\/\/welovecinema.be\/nl\/"},{"@type":"ListItem","position":2,"name":"Evenementen","item":"https:\/\/welovecinema.be\/nl\/evenementen\/"},{"@type":"ListItem","position":3,"name":"Courts Mais Trash"}]},{"@type":"WebSite","@id":"https:\/\/welovecinema.be\/nl\/#website","url":"https:\/\/welovecinema.be\/nl\/","name":"We Love Cinema","description":"Toute l\u2019information du cin\u00e9ma en Belgique","publisher":{"@id":"https:\/\/welovecinema.be\/nl\/#organization"},"potentialAction":[{"@type":"SearchAction","target":{"@type":"EntryPoint","urlTemplate":"https:\/\/welovecinema.be\/nl\/?s={search_term_string}"},"query-input":"required name=search_term_string"}],"inLanguage":"nl-NL"},{"@type":"Organization","@id":"https:\/\/welovecinema.be\/nl\/#organization","name":"We Love Cinema","url":"https:\/\/welovecinema.be\/nl\/","logo":{"@type":"ImageObject","inLanguage":"nl-NL","@id":"https:\/\/welovecinema.be\/nl\/#\/schema\/logo\/image\/","url":"https:\/\/welovecinema.be\/wp-content\/uploads\/sites\/2\/2023\/03\/Logo-We-Love-Cinema305x128.jpg","contentUrl":"https:\/\/welovecinema.be\/wp-content\/uploads\/sites\/2\/2023\/03\/Logo-We-Love-Cinema305x128.jpg","width":305,"height":128,"caption":"We Love Cinema"},"image":{"@id":"https:\/\/welovecinema.be\/nl\/#\/schema\/logo\/image\/"},"sameAs":["https:\/\/www.facebook.com\/welovecinema.be","https:\/\/www.youtube.com\/channel\/UCX5LYGVhnKvYauW4Nta4HJA","https:\/\/www.instagram.com\/welovecinema.be\/"]}]}},"_links":{"self":[{"href":"https:\/\/welovecinema.be\/nl\/wp-json\/wp\/v2\/pages\/249184","targetHints":{"allow":["GET"]}}],"collection":[{"href":"https:\/\/welovecinema.be\/nl\/wp-json\/wp\/v2\/pages"}],"about":[{"href":"https:\/\/welovecinema.be\/nl\/wp-json\/wp\/v2\/types\/page"}],"author":[{"embeddable":true,"href":"https:\/\/welovecinema.be\/nl\/wp-json\/wp\/v2\/users\/339"}],"replies":[{"embeddable":true,"href":"https:\/\/welovecinema.be\/nl\/wp-json\/wp\/v2\/comments?post=249184"}],"version-history":[{"count":7,"href":"https:\/\/welovecinema.be\/nl\/wp-json\/wp\/v2\/pages\/249184\/revisions"}],"predecessor-version":[{"id":268518,"href":"https:\/\/welovecinema.be\/nl\/wp-json\/wp\/v2\/pages\/249184\/revisions\/268518"}],"up":[{"embeddable":true,"href":"https:\/\/welovecinema.be\/nl\/wp-json\/wp\/v2\/pages\/249160"}],"wp:attachment":[{"href":"https:\/\/welovecinema.be\/nl\/wp-json\/wp\/v2\/media?parent=249184"}],"curies":[{"name":"wp","href":"https:\/\/api.w.org\/{rel}","templated":true}]}}