{"id":256765,"date":"2024-01-15T10:37:11","date_gmt":"2024-01-15T09:37:11","guid":{"rendered":"https:\/\/welovecinema.be\/?page_id=256765"},"modified":"2025-10-23T10:11:30","modified_gmt":"2025-10-23T08:11:30","slug":"kortfilmfestival-leuven","status":"publish","type":"page","link":"https:\/\/welovecinema.be\/fr\/evenements\/kortfilmfestival-leuven\/","title":{"rendered":"Kortfilmfestival Leuven"},"content":{"rendered":"<h3>Le F<img loading=\"lazy\" decoding=\"async\" class=\"wp-image-256766 size-medium alignright\" src=\"https:\/\/welovecinema.be\/wp-content\/uploads\/sites\/2\/2024\/01\/Logo_Short_Film_Festival_Leuven_Belgium-255x270.jpg\" alt=\"\" width=\"255\" height=\"270\" srcset=\"https:\/\/welovecinema.be\/wp-content\/uploads\/sites\/2\/2024\/01\/Logo_Short_Film_Festival_Leuven_Belgium-255x270.jpg 255w, https:\/\/welovecinema.be\/wp-content\/uploads\/sites\/2\/2024\/01\/Logo_Short_Film_Festival_Leuven_Belgium-566x600.jpg 566w, https:\/\/welovecinema.be\/wp-content\/uploads\/sites\/2\/2024\/01\/Logo_Short_Film_Festival_Leuven_Belgium.jpg 648w\" sizes=\"auto, (max-width: 255px) 100vw, 255px\" \/>estival International du Court M\u00e9trage de Louvain<\/h3>\n<p><strong>La prochaine \u00e9dition a lieu 28 novembre au 6 d\u00e9cembre 2025.<\/strong><\/p>\n<p>Le Festival international du court m\u00e9trage de Louvain, fond\u00e9 en 1995, pr\u00e9sente chaque ann\u00e9e <strong>une s\u00e9lection de courts m\u00e9trages, tant de fiction que d&rsquo;animation, de documentaires et de films non narratifs.<\/strong><\/p>\n<p><strong>Les comp\u00e9titions flamande et europ\u00e9enne de courts m\u00e9trages sont au c\u0153ur du festival du court m\u00e9trage.<\/strong>&nbsp;Chaque ann\u00e9e, environ 9 prix du jury et du public sont d\u00e9cern\u00e9s.&nbsp;De plus, le Festival international du court m\u00e9trage de Louvain pr\u00e9sente chaque ann\u00e9e une s\u00e9rie de programmes r\u00e9trospectifs et sp\u00e9ciaux.&nbsp;Depuis 2007, les VAF Wildcards sont \u00e9galement d\u00e9cern\u00e9es au festival.<\/p>\n<p>D\u00e9couvrez <a href=\"https:\/\/www.kortfilmfestival.be\/en\/programme-2025\/\">ici<\/a> le programme 2025.<\/p>\n","protected":false},"excerpt":{"rendered":"<p>Le Festival International du Court M\u00e9trage de Louvain La prochaine \u00e9dition a lieu 28 novembre au 6 d\u00e9cembre 2025. Le Festival international du court m\u00e9trage de Louvain, fond\u00e9 en 1995, pr\u00e9sente chaque ann\u00e9e une s\u00e9lection de courts m\u00e9trages, tant de fiction que d&rsquo;animation, de documentaires et de films non narratifs. Les comp\u00e9titions flamande et europ\u00e9enne &hellip;<\/p>\n","protected":false},"author":348,"featured_media":0,"parent":249025,"menu_order":0,"comment_status":"closed","ping_status":"closed","template":"","meta":{"ngg_post_thumbnail":0,"footnotes":""},"class_list":["post-256765","page","type-page","status-publish",""],"yoast_head":"<!-- This site is optimized with the Yoast SEO plugin v20.4 - https:\/\/yoast.com\/wordpress\/plugins\/seo\/ -->\n<title>Kortfilmfestival Leuven - We Love Cinema<\/title>\n<meta name=\"robots\" content=\"index, follow, max-snippet:-1, max-image-preview:large, max-video-preview:-1\" \/>\n<link rel=\"canonical\" href=\"https:\/\/welovecinema.be\/fr\/evenements\/kortfilmfestival-leuven\/\" \/>\n<meta property=\"og:locale\" content=\"fr_FR\" \/>\n<meta property=\"og:type\" content=\"article\" \/>\n<meta property=\"og:title\" content=\"Kortfilmfestival Leuven - We Love Cinema\" \/>\n<meta property=\"og:description\" content=\"Le Festival International du Court M\u00e9trage de Louvain La prochaine \u00e9dition a lieu 28 novembre au 6 d\u00e9cembre 2025. Le Festival international du court m\u00e9trage de Louvain, fond\u00e9 en 1995, pr\u00e9sente chaque ann\u00e9e une s\u00e9lection de courts m\u00e9trages, tant de fiction que d&rsquo;animation, de documentaires et de films non narratifs. Les comp\u00e9titions flamande et europ\u00e9enne &hellip;\" \/>\n<meta property=\"og:url\" content=\"https:\/\/welovecinema.be\/fr\/evenements\/kortfilmfestival-leuven\/\" \/>\n<meta property=\"og:site_name\" content=\"We Love Cinema\" \/>\n<meta property=\"article:publisher\" content=\"https:\/\/www.facebook.com\/welovecinema.be\" \/>\n<meta property=\"article:modified_time\" content=\"2025-10-23T08:11:30+00:00\" \/>\n<meta property=\"og:image\" content=\"https:\/\/welovecinema.be\/wp-content\/uploads\/sites\/2\/2024\/01\/Logo_Short_Film_Festival_Leuven_Belgium-255x270.jpg\" \/>\n<meta name=\"twitter:card\" content=\"summary_large_image\" \/>\n<meta name=\"twitter:label1\" content=\"Dur\u00e9e de lecture estim\u00e9e\" \/>\n\t<meta name=\"twitter:data1\" content=\"1 minute\" \/>\n<script type=\"application\/ld+json\" class=\"yoast-schema-graph\">{\"@context\":\"https:\/\/schema.org\",\"@graph\":[{\"@type\":\"WebPage\",\"@id\":\"https:\/\/welovecinema.be\/fr\/evenements\/kortfilmfestival-leuven\/\",\"url\":\"https:\/\/welovecinema.be\/fr\/evenements\/kortfilmfestival-leuven\/\",\"name\":\"Kortfilmfestival Leuven - We Love Cinema\",\"isPartOf\":{\"@id\":\"https:\/\/welovecinema.be\/nl\/#website\"},\"datePublished\":\"2024-01-15T09:37:11+00:00\",\"dateModified\":\"2025-10-23T08:11:30+00:00\",\"breadcrumb\":{\"@id\":\"https:\/\/welovecinema.be\/fr\/evenements\/kortfilmfestival-leuven\/#breadcrumb\"},\"inLanguage\":\"fr-FR\",\"potentialAction\":[{\"@type\":\"ReadAction\",\"target\":[\"https:\/\/welovecinema.be\/fr\/evenements\/kortfilmfestival-leuven\/\"]}]},{\"@type\":\"BreadcrumbList\",\"@id\":\"https:\/\/welovecinema.be\/fr\/evenements\/kortfilmfestival-leuven\/#breadcrumb\",\"itemListElement\":[{\"@type\":\"ListItem\",\"position\":1,\"name\":\"Accueil\",\"item\":\"https:\/\/welovecinema.be\/fr\/\"},{\"@type\":\"ListItem\",\"position\":2,\"name\":\"Ev\u00e9nements\",\"item\":\"https:\/\/welovecinema.be\/fr\/evenements\/\"},{\"@type\":\"ListItem\",\"position\":3,\"name\":\"Kortfilmfestival Leuven\"}]},{\"@type\":\"WebSite\",\"@id\":\"https:\/\/welovecinema.be\/nl\/#website\",\"url\":\"https:\/\/welovecinema.be\/nl\/\",\"name\":\"We Love Cinema\",\"description\":\"Toute l\u2019information du cin\u00e9ma en Belgique\",\"publisher\":{\"@id\":\"https:\/\/welovecinema.be\/nl\/#organization\"},\"potentialAction\":[{\"@type\":\"SearchAction\",\"target\":{\"@type\":\"EntryPoint\",\"urlTemplate\":\"https:\/\/welovecinema.be\/nl\/?s={search_term_string}\"},\"query-input\":\"required name=search_term_string\"}],\"inLanguage\":\"fr-FR\"},{\"@type\":\"Organization\",\"@id\":\"https:\/\/welovecinema.be\/nl\/#organization\",\"name\":\"We Love Cinema\",\"url\":\"https:\/\/welovecinema.be\/nl\/\",\"logo\":{\"@type\":\"ImageObject\",\"inLanguage\":\"fr-FR\",\"@id\":\"https:\/\/welovecinema.be\/nl\/#\/schema\/logo\/image\/\",\"url\":\"https:\/\/welovecinema.be\/wp-content\/uploads\/sites\/2\/2023\/03\/Logo-We-Love-Cinema305x128.jpg\",\"contentUrl\":\"https:\/\/welovecinema.be\/wp-content\/uploads\/sites\/2\/2023\/03\/Logo-We-Love-Cinema305x128.jpg\",\"width\":305,\"height\":128,\"caption\":\"We Love Cinema\"},\"image\":{\"@id\":\"https:\/\/welovecinema.be\/nl\/#\/schema\/logo\/image\/\"},\"sameAs\":[\"https:\/\/www.facebook.com\/welovecinema.be\",\"https:\/\/www.youtube.com\/channel\/UCX5LYGVhnKvYauW4Nta4HJA\",\"https:\/\/www.instagram.com\/welovecinema.be\/\"]}]}<\/script>\n<!-- \/ Yoast SEO plugin. -->","yoast_head_json":{"title":"Kortfilmfestival Leuven - We Love Cinema","robots":{"index":"index","follow":"follow","max-snippet":"max-snippet:-1","max-image-preview":"max-image-preview:large","max-video-preview":"max-video-preview:-1"},"canonical":"https:\/\/welovecinema.be\/fr\/evenements\/kortfilmfestival-leuven\/","og_locale":"fr_FR","og_type":"article","og_title":"Kortfilmfestival Leuven - We Love Cinema","og_description":"Le Festival International du Court M\u00e9trage de Louvain La prochaine \u00e9dition a lieu 28 novembre au 6 d\u00e9cembre 2025. Le Festival international du court m\u00e9trage de Louvain, fond\u00e9 en 1995, pr\u00e9sente chaque ann\u00e9e une s\u00e9lection de courts m\u00e9trages, tant de fiction que d&rsquo;animation, de documentaires et de films non narratifs. Les comp\u00e9titions flamande et europ\u00e9enne &hellip;","og_url":"https:\/\/welovecinema.be\/fr\/evenements\/kortfilmfestival-leuven\/","og_site_name":"We Love Cinema","article_publisher":"https:\/\/www.facebook.com\/welovecinema.be","article_modified_time":"2025-10-23T08:11:30+00:00","og_image":[{"url":"https:\/\/welovecinema.be\/wp-content\/uploads\/sites\/2\/2024\/01\/Logo_Short_Film_Festival_Leuven_Belgium-255x270.jpg"}],"twitter_card":"summary_large_image","twitter_misc":{"Dur\u00e9e de lecture estim\u00e9e":"1 minute"},"schema":{"@context":"https:\/\/schema.org","@graph":[{"@type":"WebPage","@id":"https:\/\/welovecinema.be\/fr\/evenements\/kortfilmfestival-leuven\/","url":"https:\/\/welovecinema.be\/fr\/evenements\/kortfilmfestival-leuven\/","name":"Kortfilmfestival Leuven - We Love Cinema","isPartOf":{"@id":"https:\/\/welovecinema.be\/nl\/#website"},"datePublished":"2024-01-15T09:37:11+00:00","dateModified":"2025-10-23T08:11:30+00:00","breadcrumb":{"@id":"https:\/\/welovecinema.be\/fr\/evenements\/kortfilmfestival-leuven\/#breadcrumb"},"inLanguage":"fr-FR","potentialAction":[{"@type":"ReadAction","target":["https:\/\/welovecinema.be\/fr\/evenements\/kortfilmfestival-leuven\/"]}]},{"@type":"BreadcrumbList","@id":"https:\/\/welovecinema.be\/fr\/evenements\/kortfilmfestival-leuven\/#breadcrumb","itemListElement":[{"@type":"ListItem","position":1,"name":"Accueil","item":"https:\/\/welovecinema.be\/fr\/"},{"@type":"ListItem","position":2,"name":"Ev\u00e9nements","item":"https:\/\/welovecinema.be\/fr\/evenements\/"},{"@type":"ListItem","position":3,"name":"Kortfilmfestival Leuven"}]},{"@type":"WebSite","@id":"https:\/\/welovecinema.be\/nl\/#website","url":"https:\/\/welovecinema.be\/nl\/","name":"We Love Cinema","description":"Toute l\u2019information du cin\u00e9ma en Belgique","publisher":{"@id":"https:\/\/welovecinema.be\/nl\/#organization"},"potentialAction":[{"@type":"SearchAction","target":{"@type":"EntryPoint","urlTemplate":"https:\/\/welovecinema.be\/nl\/?s={search_term_string}"},"query-input":"required name=search_term_string"}],"inLanguage":"fr-FR"},{"@type":"Organization","@id":"https:\/\/welovecinema.be\/nl\/#organization","name":"We Love Cinema","url":"https:\/\/welovecinema.be\/nl\/","logo":{"@type":"ImageObject","inLanguage":"fr-FR","@id":"https:\/\/welovecinema.be\/nl\/#\/schema\/logo\/image\/","url":"https:\/\/welovecinema.be\/wp-content\/uploads\/sites\/2\/2023\/03\/Logo-We-Love-Cinema305x128.jpg","contentUrl":"https:\/\/welovecinema.be\/wp-content\/uploads\/sites\/2\/2023\/03\/Logo-We-Love-Cinema305x128.jpg","width":305,"height":128,"caption":"We Love Cinema"},"image":{"@id":"https:\/\/welovecinema.be\/nl\/#\/schema\/logo\/image\/"},"sameAs":["https:\/\/www.facebook.com\/welovecinema.be","https:\/\/www.youtube.com\/channel\/UCX5LYGVhnKvYauW4Nta4HJA","https:\/\/www.instagram.com\/welovecinema.be\/"]}]}},"_links":{"self":[{"href":"https:\/\/welovecinema.be\/fr\/wp-json\/wp\/v2\/pages\/256765","targetHints":{"allow":["GET"]}}],"collection":[{"href":"https:\/\/welovecinema.be\/fr\/wp-json\/wp\/v2\/pages"}],"about":[{"href":"https:\/\/welovecinema.be\/fr\/wp-json\/wp\/v2\/types\/page"}],"author":[{"embeddable":true,"href":"https:\/\/welovecinema.be\/fr\/wp-json\/wp\/v2\/users\/348"}],"replies":[{"embeddable":true,"href":"https:\/\/welovecinema.be\/fr\/wp-json\/wp\/v2\/comments?post=256765"}],"version-history":[{"count":6,"href":"https:\/\/welovecinema.be\/fr\/wp-json\/wp\/v2\/pages\/256765\/revisions"}],"predecessor-version":[{"id":268557,"href":"https:\/\/welovecinema.be\/fr\/wp-json\/wp\/v2\/pages\/256765\/revisions\/268557"}],"up":[{"embeddable":true,"href":"https:\/\/welovecinema.be\/fr\/wp-json\/wp\/v2\/pages\/249025"}],"wp:attachment":[{"href":"https:\/\/welovecinema.be\/fr\/wp-json\/wp\/v2\/media?parent=256765"}],"curies":[{"name":"wp","href":"https:\/\/api.w.org\/{rel}","templated":true}]}}