{"id":256758,"date":"2024-01-15T10:20:52","date_gmt":"2024-01-15T09:20:52","guid":{"rendered":"https:\/\/welovecinema.be\/?page_id=256758"},"modified":"2025-10-20T14:39:09","modified_gmt":"2025-10-20T12:39:09","slug":"fifcl","status":"publish","type":"page","link":"https:\/\/welovecinema.be\/fr\/evenements\/fifcl\/","title":{"rendered":"FIFCL"},"content":{"rendered":"<h3>Le F<img loading=\"lazy\" decoding=\"async\" class=\"wp-image-257897 size-medium alignright\" src=\"https:\/\/welovecinema.be\/wp-content\/uploads\/sites\/2\/2024\/03\/FIFCL_2024_LOGO4-191x270.jpg\" alt=\"\" width=\"191\" height=\"270\" srcset=\"https:\/\/welovecinema.be\/wp-content\/uploads\/sites\/2\/2024\/03\/FIFCL_2024_LOGO4-191x270.jpg 191w, https:\/\/welovecinema.be\/wp-content\/uploads\/sites\/2\/2024\/03\/FIFCL_2024_LOGO4-424x600.jpg 424w, https:\/\/welovecinema.be\/wp-content\/uploads\/sites\/2\/2024\/03\/FIFCL_2024_LOGO4-768x1086.jpg 768w, https:\/\/welovecinema.be\/wp-content\/uploads\/sites\/2\/2024\/03\/FIFCL_2024_LOGO4-1086x1536.jpg 1086w, https:\/\/welovecinema.be\/wp-content\/uploads\/sites\/2\/2024\/03\/FIFCL_2024_LOGO4-1448x2048.jpg 1448w, https:\/\/welovecinema.be\/wp-content\/uploads\/sites\/2\/2024\/03\/FIFCL_2024_LOGO4-scaled.jpg 1810w\" sizes=\"auto, (max-width: 191px) 100vw, 191px\" \/><strong>estival International du Film de Com\u00e9die de Li\u00e8ge<\/strong><\/h3>\n<p><strong>La 10\u00e8me \u00e9dition aura lieu du 5 au 9 novembre 2025.<\/strong><\/p>\n<p>Le&nbsp;<strong>Festival International du Film de Com\u00e9die de Li\u00e8ge<\/strong>&nbsp;explore un cin\u00e9ma audacieux, populaire et rassembleur, au travers d\u2019une comp\u00e9tition singuli\u00e8re : il est&nbsp;<strong>le seul festival en Europe \u00e0 programmer des com\u00e9dies internationales&nbsp;<\/strong>(com\u00e9dies pures, com\u00e9dies sociales, com\u00e9dies romantiques, com\u00e9dies dramatiques, com\u00e9dies noires, com\u00e9dies musicales, etc.). Le seul, aussi, \u00e0 les r\u00e9compenser d\u2019un&nbsp;<strong><u>Taureau d\u2019Or<\/u><\/strong>&nbsp;ou de Cristal. Chaque ann\u00e9e, depuis 2016, il pr\u00e9sente pr\u00e8s de vingt longs-m\u00e9trages et une trentaine de courts-m\u00e9trages, venus des quatre coins du monde.<\/p>\n<p>Le FIFCL existe pour faire&nbsp;<strong>vibrer le public<\/strong>&nbsp;\u00e0 travers des rendez-vous in\u00e9dits, et&nbsp;<strong>f\u00e9d\u00e9rer&nbsp;<\/strong>les amateurs de d\u00e9couvertes, les passionn\u00e9s d\u2019images et les professionnels \u00e0 la recherche de nouveaux horizons, de nouveaux \u00e9changes et de nouveaux projets. Il (s\u2019)interroge sur les m\u00e9tiers du cin\u00e9ma au travers des&nbsp;<strong><u>Rencontres Professionnelles<\/u><\/strong>.&nbsp;Il s\u2019enrichit d\u2019un partenariat p\u00e9renne avec le&nbsp;<strong><u>CineComedies<\/u><\/strong>&nbsp;de Lille et sa r\u00e9sidence d\u2019\u00e9criture. Et, ville dans la ville, il cr\u00e9e un&nbsp;<strong>microcosme \u00e9conomique, culturel et gastronomique<\/strong>&nbsp;qui grandit au fil des \u00e9ditions, au c\u0153ur d\u2019une cit\u00e9 ardente, europ\u00e9enne, chaleureuse et libre.<\/p>\n<p>Car le Festival s\u2019adresse \u00e0 un public qui partage, sans distinction ni discrimination, une valeur universelle : le rire. Jeunes ou exp\u00e9riment\u00e9s, \u00e9coliers, \u00e9tudiants, profs, chefs d\u2019entreprises ou partenaires, com\u00e9diens, sc\u00e9naristes, metteurs en sc\u00e8ne, directeurs de casting\u2026 \u00c0 Li\u00e8ge, tout le monde rit, dans toutes les langues&nbsp;!<\/p>\n<p>D\u00e9couvrez <a href=\"https:\/\/www.fifcl.be\/fifcl\/archives\/\">ici<\/a> l&rsquo;\u00e9dition 2024.<\/p>\n","protected":false},"excerpt":{"rendered":"<p>Le Festival International du Film de Com\u00e9die de Li\u00e8ge La 10\u00e8me \u00e9dition aura lieu du 5 au 9 novembre 2025. Le&nbsp;Festival International du Film de Com\u00e9die de Li\u00e8ge&nbsp;explore un cin\u00e9ma audacieux, populaire et rassembleur, au travers d\u2019une comp\u00e9tition singuli\u00e8re : il est&nbsp;le seul festival en Europe \u00e0 programmer des com\u00e9dies internationales&nbsp;(com\u00e9dies pures, com\u00e9dies sociales, com\u00e9dies &hellip;<\/p>\n","protected":false},"author":348,"featured_media":0,"parent":249025,"menu_order":0,"comment_status":"closed","ping_status":"closed","template":"","meta":{"ngg_post_thumbnail":0,"footnotes":""},"class_list":["post-256758","page","type-page","status-publish",""],"yoast_head":"<!-- This site is optimized with the Yoast SEO plugin v20.4 - https:\/\/yoast.com\/wordpress\/plugins\/seo\/ -->\n<title>FIFCL - We Love Cinema<\/title>\n<meta name=\"robots\" content=\"index, follow, max-snippet:-1, max-image-preview:large, max-video-preview:-1\" \/>\n<link rel=\"canonical\" href=\"https:\/\/welovecinema.be\/fr\/evenements\/fifcl\/\" \/>\n<meta property=\"og:locale\" content=\"fr_FR\" \/>\n<meta property=\"og:type\" content=\"article\" \/>\n<meta property=\"og:title\" content=\"FIFCL - We Love Cinema\" \/>\n<meta property=\"og:description\" content=\"Le Festival International du Film de Com\u00e9die de Li\u00e8ge La 10\u00e8me \u00e9dition aura lieu du 5 au 9 novembre 2025. Le&nbsp;Festival International du Film de Com\u00e9die de Li\u00e8ge&nbsp;explore un cin\u00e9ma audacieux, populaire et rassembleur, au travers d\u2019une comp\u00e9tition singuli\u00e8re : il est&nbsp;le seul festival en Europe \u00e0 programmer des com\u00e9dies internationales&nbsp;(com\u00e9dies pures, com\u00e9dies sociales, com\u00e9dies &hellip;\" \/>\n<meta property=\"og:url\" content=\"https:\/\/welovecinema.be\/fr\/evenements\/fifcl\/\" \/>\n<meta property=\"og:site_name\" content=\"We Love Cinema\" \/>\n<meta property=\"article:publisher\" content=\"https:\/\/www.facebook.com\/welovecinema.be\" \/>\n<meta property=\"article:modified_time\" content=\"2025-10-20T12:39:09+00:00\" \/>\n<meta property=\"og:image\" content=\"https:\/\/welovecinema.be\/wp-content\/uploads\/sites\/2\/2024\/03\/FIFCL_2024_LOGO4-191x270.jpg\" \/>\n<meta name=\"twitter:card\" content=\"summary_large_image\" \/>\n<meta name=\"twitter:label1\" content=\"Dur\u00e9e de lecture estim\u00e9e\" \/>\n\t<meta name=\"twitter:data1\" content=\"2 minutes\" \/>\n<script type=\"application\/ld+json\" class=\"yoast-schema-graph\">{\"@context\":\"https:\/\/schema.org\",\"@graph\":[{\"@type\":\"WebPage\",\"@id\":\"https:\/\/welovecinema.be\/fr\/evenements\/fifcl\/\",\"url\":\"https:\/\/welovecinema.be\/fr\/evenements\/fifcl\/\",\"name\":\"FIFCL - We Love Cinema\",\"isPartOf\":{\"@id\":\"https:\/\/welovecinema.be\/nl\/#website\"},\"datePublished\":\"2024-01-15T09:20:52+00:00\",\"dateModified\":\"2025-10-20T12:39:09+00:00\",\"breadcrumb\":{\"@id\":\"https:\/\/welovecinema.be\/fr\/evenements\/fifcl\/#breadcrumb\"},\"inLanguage\":\"fr-FR\",\"potentialAction\":[{\"@type\":\"ReadAction\",\"target\":[\"https:\/\/welovecinema.be\/fr\/evenements\/fifcl\/\"]}]},{\"@type\":\"BreadcrumbList\",\"@id\":\"https:\/\/welovecinema.be\/fr\/evenements\/fifcl\/#breadcrumb\",\"itemListElement\":[{\"@type\":\"ListItem\",\"position\":1,\"name\":\"Accueil\",\"item\":\"https:\/\/welovecinema.be\/fr\/\"},{\"@type\":\"ListItem\",\"position\":2,\"name\":\"Ev\u00e9nements\",\"item\":\"https:\/\/welovecinema.be\/fr\/evenements\/\"},{\"@type\":\"ListItem\",\"position\":3,\"name\":\"FIFCL\"}]},{\"@type\":\"WebSite\",\"@id\":\"https:\/\/welovecinema.be\/nl\/#website\",\"url\":\"https:\/\/welovecinema.be\/nl\/\",\"name\":\"We Love Cinema\",\"description\":\"Toute l\u2019information du cin\u00e9ma en Belgique\",\"publisher\":{\"@id\":\"https:\/\/welovecinema.be\/nl\/#organization\"},\"potentialAction\":[{\"@type\":\"SearchAction\",\"target\":{\"@type\":\"EntryPoint\",\"urlTemplate\":\"https:\/\/welovecinema.be\/nl\/?s={search_term_string}\"},\"query-input\":\"required name=search_term_string\"}],\"inLanguage\":\"fr-FR\"},{\"@type\":\"Organization\",\"@id\":\"https:\/\/welovecinema.be\/nl\/#organization\",\"name\":\"We Love Cinema\",\"url\":\"https:\/\/welovecinema.be\/nl\/\",\"logo\":{\"@type\":\"ImageObject\",\"inLanguage\":\"fr-FR\",\"@id\":\"https:\/\/welovecinema.be\/nl\/#\/schema\/logo\/image\/\",\"url\":\"https:\/\/welovecinema.be\/wp-content\/uploads\/sites\/2\/2023\/03\/Logo-We-Love-Cinema305x128.jpg\",\"contentUrl\":\"https:\/\/welovecinema.be\/wp-content\/uploads\/sites\/2\/2023\/03\/Logo-We-Love-Cinema305x128.jpg\",\"width\":305,\"height\":128,\"caption\":\"We Love Cinema\"},\"image\":{\"@id\":\"https:\/\/welovecinema.be\/nl\/#\/schema\/logo\/image\/\"},\"sameAs\":[\"https:\/\/www.facebook.com\/welovecinema.be\",\"https:\/\/www.youtube.com\/channel\/UCX5LYGVhnKvYauW4Nta4HJA\",\"https:\/\/www.instagram.com\/welovecinema.be\/\"]}]}<\/script>\n<!-- \/ Yoast SEO plugin. -->","yoast_head_json":{"title":"FIFCL - We Love Cinema","robots":{"index":"index","follow":"follow","max-snippet":"max-snippet:-1","max-image-preview":"max-image-preview:large","max-video-preview":"max-video-preview:-1"},"canonical":"https:\/\/welovecinema.be\/fr\/evenements\/fifcl\/","og_locale":"fr_FR","og_type":"article","og_title":"FIFCL - We Love Cinema","og_description":"Le Festival International du Film de Com\u00e9die de Li\u00e8ge La 10\u00e8me \u00e9dition aura lieu du 5 au 9 novembre 2025. Le&nbsp;Festival International du Film de Com\u00e9die de Li\u00e8ge&nbsp;explore un cin\u00e9ma audacieux, populaire et rassembleur, au travers d\u2019une comp\u00e9tition singuli\u00e8re : il est&nbsp;le seul festival en Europe \u00e0 programmer des com\u00e9dies internationales&nbsp;(com\u00e9dies pures, com\u00e9dies sociales, com\u00e9dies &hellip;","og_url":"https:\/\/welovecinema.be\/fr\/evenements\/fifcl\/","og_site_name":"We Love Cinema","article_publisher":"https:\/\/www.facebook.com\/welovecinema.be","article_modified_time":"2025-10-20T12:39:09+00:00","og_image":[{"url":"https:\/\/welovecinema.be\/wp-content\/uploads\/sites\/2\/2024\/03\/FIFCL_2024_LOGO4-191x270.jpg"}],"twitter_card":"summary_large_image","twitter_misc":{"Dur\u00e9e de lecture estim\u00e9e":"2 minutes"},"schema":{"@context":"https:\/\/schema.org","@graph":[{"@type":"WebPage","@id":"https:\/\/welovecinema.be\/fr\/evenements\/fifcl\/","url":"https:\/\/welovecinema.be\/fr\/evenements\/fifcl\/","name":"FIFCL - We Love Cinema","isPartOf":{"@id":"https:\/\/welovecinema.be\/nl\/#website"},"datePublished":"2024-01-15T09:20:52+00:00","dateModified":"2025-10-20T12:39:09+00:00","breadcrumb":{"@id":"https:\/\/welovecinema.be\/fr\/evenements\/fifcl\/#breadcrumb"},"inLanguage":"fr-FR","potentialAction":[{"@type":"ReadAction","target":["https:\/\/welovecinema.be\/fr\/evenements\/fifcl\/"]}]},{"@type":"BreadcrumbList","@id":"https:\/\/welovecinema.be\/fr\/evenements\/fifcl\/#breadcrumb","itemListElement":[{"@type":"ListItem","position":1,"name":"Accueil","item":"https:\/\/welovecinema.be\/fr\/"},{"@type":"ListItem","position":2,"name":"Ev\u00e9nements","item":"https:\/\/welovecinema.be\/fr\/evenements\/"},{"@type":"ListItem","position":3,"name":"FIFCL"}]},{"@type":"WebSite","@id":"https:\/\/welovecinema.be\/nl\/#website","url":"https:\/\/welovecinema.be\/nl\/","name":"We Love Cinema","description":"Toute l\u2019information du cin\u00e9ma en Belgique","publisher":{"@id":"https:\/\/welovecinema.be\/nl\/#organization"},"potentialAction":[{"@type":"SearchAction","target":{"@type":"EntryPoint","urlTemplate":"https:\/\/welovecinema.be\/nl\/?s={search_term_string}"},"query-input":"required name=search_term_string"}],"inLanguage":"fr-FR"},{"@type":"Organization","@id":"https:\/\/welovecinema.be\/nl\/#organization","name":"We Love Cinema","url":"https:\/\/welovecinema.be\/nl\/","logo":{"@type":"ImageObject","inLanguage":"fr-FR","@id":"https:\/\/welovecinema.be\/nl\/#\/schema\/logo\/image\/","url":"https:\/\/welovecinema.be\/wp-content\/uploads\/sites\/2\/2023\/03\/Logo-We-Love-Cinema305x128.jpg","contentUrl":"https:\/\/welovecinema.be\/wp-content\/uploads\/sites\/2\/2023\/03\/Logo-We-Love-Cinema305x128.jpg","width":305,"height":128,"caption":"We Love Cinema"},"image":{"@id":"https:\/\/welovecinema.be\/nl\/#\/schema\/logo\/image\/"},"sameAs":["https:\/\/www.facebook.com\/welovecinema.be","https:\/\/www.youtube.com\/channel\/UCX5LYGVhnKvYauW4Nta4HJA","https:\/\/www.instagram.com\/welovecinema.be\/"]}]}},"_links":{"self":[{"href":"https:\/\/welovecinema.be\/fr\/wp-json\/wp\/v2\/pages\/256758","targetHints":{"allow":["GET"]}}],"collection":[{"href":"https:\/\/welovecinema.be\/fr\/wp-json\/wp\/v2\/pages"}],"about":[{"href":"https:\/\/welovecinema.be\/fr\/wp-json\/wp\/v2\/types\/page"}],"author":[{"embeddable":true,"href":"https:\/\/welovecinema.be\/fr\/wp-json\/wp\/v2\/users\/348"}],"replies":[{"embeddable":true,"href":"https:\/\/welovecinema.be\/fr\/wp-json\/wp\/v2\/comments?post=256758"}],"version-history":[{"count":4,"href":"https:\/\/welovecinema.be\/fr\/wp-json\/wp\/v2\/pages\/256758\/revisions"}],"predecessor-version":[{"id":268445,"href":"https:\/\/welovecinema.be\/fr\/wp-json\/wp\/v2\/pages\/256758\/revisions\/268445"}],"up":[{"embeddable":true,"href":"https:\/\/welovecinema.be\/fr\/wp-json\/wp\/v2\/pages\/249025"}],"wp:attachment":[{"href":"https:\/\/welovecinema.be\/fr\/wp-json\/wp\/v2\/media?parent=256758"}],"curies":[{"name":"wp","href":"https:\/\/api.w.org\/{rel}","templated":true}]}}