{"id":256737,"date":"2024-01-12T12:06:56","date_gmt":"2024-01-12T11:06:56","guid":{"rendered":"https:\/\/welovecinema.be\/?page_id=256737"},"modified":"2025-10-21T16:52:38","modified_gmt":"2025-10-21T14:52:38","slug":"en-ville","status":"publish","type":"page","link":"https:\/\/welovecinema.be\/fr\/evenements\/en-ville\/","title":{"rendered":"En Ville!"},"content":{"rendered":"<h3>En Ville! Festival de Cin\u00e9ma du R\u00e9el<br \/>\n<img loading=\"lazy\" decoding=\"async\" class=\"wp-image-256738 alignright\" src=\"https:\/\/welovecinema.be\/wp-content\/uploads\/sites\/2\/2024\/01\/festivalenville-270x270.jpg\" alt=\"\" width=\"227\" height=\"227\" srcset=\"https:\/\/welovecinema.be\/wp-content\/uploads\/sites\/2\/2024\/01\/festivalenville-270x270.jpg 270w, https:\/\/welovecinema.be\/wp-content\/uploads\/sites\/2\/2024\/01\/festivalenville-600x600.jpg 600w, https:\/\/welovecinema.be\/wp-content\/uploads\/sites\/2\/2024\/01\/festivalenville-768x768.jpg 768w, https:\/\/welovecinema.be\/wp-content\/uploads\/sites\/2\/2024\/01\/festivalenville.jpg 1080w\" sizes=\"auto, (max-width: 227px) 100vw, 227px\" \/><\/h3>\n<p><strong>La 7\u00e8me &nbsp;\u00e9dition a lieu du 26 janvier au 1 f\u00e9vrier 2026 \u00e0 Bruxelles.<\/strong><\/p>\n<p>Cin\u00e9ma Galeries, Palace, Maison Po\u00e8me, MEDAA.<\/p>\n<p>&nbsp;En ville ! a \u00e9t\u00e9 cr\u00e9\u00e9 en 2019. Il est port\u00e9 par l\u2019association Le p\u2019tit cin\u00e9. Structure de programmation, l\u2019asbl participe au d\u00e9veloppement des publics pour les films documentaires via diff\u00e9rentes activit\u00e9s mises en place tout au long de l\u2019ann\u00e9e.<\/p>\n<p>Le festival <strong>En ville&nbsp;! est un festival de cin\u00e9ma, essentiellement documentaire, pour raconter nos territoires, leurs imaginaires, et les fa\u00e7ons dont on les habite.<\/strong><\/p>\n<p>\u00c9tat des lieux du cin\u00e9ma du r\u00e9el belge et international de l\u2019ann\u00e9e, il est un \u00e9v\u00e9nement composite et inclusif, en prise avec des questions de soci\u00e9t\u00e9 et de cin\u00e9ma. Il pose l\u2019id\u00e9e d\u2019un monde terrain de d\u00e9couvertes multiples pour qui prend le temps de le regarder<\/p>\n<p>Le festival En ville !, c\u2019est<strong> plusieurs comp\u00e9titions de films internationaux, des programmations parall\u00e8les, des journ\u00e9es professionnelles et activit\u00e9s compl\u00e9mentaires (\u00e9coutes radio, conf\u00e9rences&#8230;).<\/strong><\/p>\n<p>&nbsp;<\/p>\n<p>D\u00e9couvre l&rsquo;\u00e9dition 2025 <a href=\"https:\/\/festivalenville.be\/\">ici<\/a><\/p>\n","protected":false},"excerpt":{"rendered":"<p>En Ville! Festival de Cin\u00e9ma du R\u00e9el La 7\u00e8me &nbsp;\u00e9dition a lieu du 26 janvier au 1 f\u00e9vrier 2026 \u00e0 Bruxelles. Cin\u00e9ma Galeries, Palace, Maison Po\u00e8me, MEDAA. &nbsp;En ville ! a \u00e9t\u00e9 cr\u00e9\u00e9 en 2019. Il est port\u00e9 par l\u2019association Le p\u2019tit cin\u00e9. Structure de programmation, l\u2019asbl participe au d\u00e9veloppement des publics pour les films &hellip;<\/p>\n","protected":false},"author":348,"featured_media":0,"parent":249025,"menu_order":0,"comment_status":"closed","ping_status":"closed","template":"","meta":{"ngg_post_thumbnail":0,"footnotes":""},"class_list":["post-256737","page","type-page","status-publish",""],"yoast_head":"<!-- This site is optimized with the Yoast SEO plugin v20.4 - https:\/\/yoast.com\/wordpress\/plugins\/seo\/ -->\n<title>En Ville! - We Love Cinema<\/title>\n<meta name=\"robots\" content=\"index, follow, max-snippet:-1, max-image-preview:large, max-video-preview:-1\" \/>\n<link rel=\"canonical\" href=\"https:\/\/welovecinema.be\/fr\/evenements\/en-ville\/\" \/>\n<meta property=\"og:locale\" content=\"fr_FR\" \/>\n<meta property=\"og:type\" content=\"article\" \/>\n<meta property=\"og:title\" content=\"En Ville! - We Love Cinema\" \/>\n<meta property=\"og:description\" content=\"En Ville! Festival de Cin\u00e9ma du R\u00e9el La 7\u00e8me &nbsp;\u00e9dition a lieu du 26 janvier au 1 f\u00e9vrier 2026 \u00e0 Bruxelles. Cin\u00e9ma Galeries, Palace, Maison Po\u00e8me, MEDAA. &nbsp;En ville ! a \u00e9t\u00e9 cr\u00e9\u00e9 en 2019. Il est port\u00e9 par l\u2019association Le p\u2019tit cin\u00e9. Structure de programmation, l\u2019asbl participe au d\u00e9veloppement des publics pour les films &hellip;\" \/>\n<meta property=\"og:url\" content=\"https:\/\/welovecinema.be\/fr\/evenements\/en-ville\/\" \/>\n<meta property=\"og:site_name\" content=\"We Love Cinema\" \/>\n<meta property=\"article:publisher\" content=\"https:\/\/www.facebook.com\/welovecinema.be\" \/>\n<meta property=\"article:modified_time\" content=\"2025-10-21T14:52:38+00:00\" \/>\n<meta property=\"og:image\" content=\"https:\/\/welovecinema.be\/wp-content\/uploads\/sites\/2\/2024\/01\/festivalenville-270x270.jpg\" \/>\n<meta name=\"twitter:card\" content=\"summary_large_image\" \/>\n<meta name=\"twitter:label1\" content=\"Dur\u00e9e de lecture estim\u00e9e\" \/>\n\t<meta name=\"twitter:data1\" content=\"2 minutes\" \/>\n<script type=\"application\/ld+json\" class=\"yoast-schema-graph\">{\"@context\":\"https:\/\/schema.org\",\"@graph\":[{\"@type\":\"WebPage\",\"@id\":\"https:\/\/welovecinema.be\/fr\/evenements\/en-ville\/\",\"url\":\"https:\/\/welovecinema.be\/fr\/evenements\/en-ville\/\",\"name\":\"En Ville! - We Love Cinema\",\"isPartOf\":{\"@id\":\"https:\/\/welovecinema.be\/nl\/#website\"},\"datePublished\":\"2024-01-12T11:06:56+00:00\",\"dateModified\":\"2025-10-21T14:52:38+00:00\",\"breadcrumb\":{\"@id\":\"https:\/\/welovecinema.be\/fr\/evenements\/en-ville\/#breadcrumb\"},\"inLanguage\":\"fr-FR\",\"potentialAction\":[{\"@type\":\"ReadAction\",\"target\":[\"https:\/\/welovecinema.be\/fr\/evenements\/en-ville\/\"]}]},{\"@type\":\"BreadcrumbList\",\"@id\":\"https:\/\/welovecinema.be\/fr\/evenements\/en-ville\/#breadcrumb\",\"itemListElement\":[{\"@type\":\"ListItem\",\"position\":1,\"name\":\"Accueil\",\"item\":\"https:\/\/welovecinema.be\/fr\/\"},{\"@type\":\"ListItem\",\"position\":2,\"name\":\"Ev\u00e9nements\",\"item\":\"https:\/\/welovecinema.be\/fr\/evenements\/\"},{\"@type\":\"ListItem\",\"position\":3,\"name\":\"En Ville!\"}]},{\"@type\":\"WebSite\",\"@id\":\"https:\/\/welovecinema.be\/nl\/#website\",\"url\":\"https:\/\/welovecinema.be\/nl\/\",\"name\":\"We Love Cinema\",\"description\":\"Toute l\u2019information du cin\u00e9ma en Belgique\",\"publisher\":{\"@id\":\"https:\/\/welovecinema.be\/nl\/#organization\"},\"potentialAction\":[{\"@type\":\"SearchAction\",\"target\":{\"@type\":\"EntryPoint\",\"urlTemplate\":\"https:\/\/welovecinema.be\/nl\/?s={search_term_string}\"},\"query-input\":\"required name=search_term_string\"}],\"inLanguage\":\"fr-FR\"},{\"@type\":\"Organization\",\"@id\":\"https:\/\/welovecinema.be\/nl\/#organization\",\"name\":\"We Love Cinema\",\"url\":\"https:\/\/welovecinema.be\/nl\/\",\"logo\":{\"@type\":\"ImageObject\",\"inLanguage\":\"fr-FR\",\"@id\":\"https:\/\/welovecinema.be\/nl\/#\/schema\/logo\/image\/\",\"url\":\"https:\/\/welovecinema.be\/wp-content\/uploads\/sites\/2\/2023\/03\/Logo-We-Love-Cinema305x128.jpg\",\"contentUrl\":\"https:\/\/welovecinema.be\/wp-content\/uploads\/sites\/2\/2023\/03\/Logo-We-Love-Cinema305x128.jpg\",\"width\":305,\"height\":128,\"caption\":\"We Love Cinema\"},\"image\":{\"@id\":\"https:\/\/welovecinema.be\/nl\/#\/schema\/logo\/image\/\"},\"sameAs\":[\"https:\/\/www.facebook.com\/welovecinema.be\",\"https:\/\/www.youtube.com\/channel\/UCX5LYGVhnKvYauW4Nta4HJA\",\"https:\/\/www.instagram.com\/welovecinema.be\/\"]}]}<\/script>\n<!-- \/ Yoast SEO plugin. -->","yoast_head_json":{"title":"En Ville! - We Love Cinema","robots":{"index":"index","follow":"follow","max-snippet":"max-snippet:-1","max-image-preview":"max-image-preview:large","max-video-preview":"max-video-preview:-1"},"canonical":"https:\/\/welovecinema.be\/fr\/evenements\/en-ville\/","og_locale":"fr_FR","og_type":"article","og_title":"En Ville! - We Love Cinema","og_description":"En Ville! Festival de Cin\u00e9ma du R\u00e9el La 7\u00e8me &nbsp;\u00e9dition a lieu du 26 janvier au 1 f\u00e9vrier 2026 \u00e0 Bruxelles. Cin\u00e9ma Galeries, Palace, Maison Po\u00e8me, MEDAA. &nbsp;En ville ! a \u00e9t\u00e9 cr\u00e9\u00e9 en 2019. Il est port\u00e9 par l\u2019association Le p\u2019tit cin\u00e9. Structure de programmation, l\u2019asbl participe au d\u00e9veloppement des publics pour les films &hellip;","og_url":"https:\/\/welovecinema.be\/fr\/evenements\/en-ville\/","og_site_name":"We Love Cinema","article_publisher":"https:\/\/www.facebook.com\/welovecinema.be","article_modified_time":"2025-10-21T14:52:38+00:00","og_image":[{"url":"https:\/\/welovecinema.be\/wp-content\/uploads\/sites\/2\/2024\/01\/festivalenville-270x270.jpg"}],"twitter_card":"summary_large_image","twitter_misc":{"Dur\u00e9e de lecture estim\u00e9e":"2 minutes"},"schema":{"@context":"https:\/\/schema.org","@graph":[{"@type":"WebPage","@id":"https:\/\/welovecinema.be\/fr\/evenements\/en-ville\/","url":"https:\/\/welovecinema.be\/fr\/evenements\/en-ville\/","name":"En Ville! - We Love Cinema","isPartOf":{"@id":"https:\/\/welovecinema.be\/nl\/#website"},"datePublished":"2024-01-12T11:06:56+00:00","dateModified":"2025-10-21T14:52:38+00:00","breadcrumb":{"@id":"https:\/\/welovecinema.be\/fr\/evenements\/en-ville\/#breadcrumb"},"inLanguage":"fr-FR","potentialAction":[{"@type":"ReadAction","target":["https:\/\/welovecinema.be\/fr\/evenements\/en-ville\/"]}]},{"@type":"BreadcrumbList","@id":"https:\/\/welovecinema.be\/fr\/evenements\/en-ville\/#breadcrumb","itemListElement":[{"@type":"ListItem","position":1,"name":"Accueil","item":"https:\/\/welovecinema.be\/fr\/"},{"@type":"ListItem","position":2,"name":"Ev\u00e9nements","item":"https:\/\/welovecinema.be\/fr\/evenements\/"},{"@type":"ListItem","position":3,"name":"En Ville!"}]},{"@type":"WebSite","@id":"https:\/\/welovecinema.be\/nl\/#website","url":"https:\/\/welovecinema.be\/nl\/","name":"We Love Cinema","description":"Toute l\u2019information du cin\u00e9ma en Belgique","publisher":{"@id":"https:\/\/welovecinema.be\/nl\/#organization"},"potentialAction":[{"@type":"SearchAction","target":{"@type":"EntryPoint","urlTemplate":"https:\/\/welovecinema.be\/nl\/?s={search_term_string}"},"query-input":"required name=search_term_string"}],"inLanguage":"fr-FR"},{"@type":"Organization","@id":"https:\/\/welovecinema.be\/nl\/#organization","name":"We Love Cinema","url":"https:\/\/welovecinema.be\/nl\/","logo":{"@type":"ImageObject","inLanguage":"fr-FR","@id":"https:\/\/welovecinema.be\/nl\/#\/schema\/logo\/image\/","url":"https:\/\/welovecinema.be\/wp-content\/uploads\/sites\/2\/2023\/03\/Logo-We-Love-Cinema305x128.jpg","contentUrl":"https:\/\/welovecinema.be\/wp-content\/uploads\/sites\/2\/2023\/03\/Logo-We-Love-Cinema305x128.jpg","width":305,"height":128,"caption":"We Love Cinema"},"image":{"@id":"https:\/\/welovecinema.be\/nl\/#\/schema\/logo\/image\/"},"sameAs":["https:\/\/www.facebook.com\/welovecinema.be","https:\/\/www.youtube.com\/channel\/UCX5LYGVhnKvYauW4Nta4HJA","https:\/\/www.instagram.com\/welovecinema.be\/"]}]}},"_links":{"self":[{"href":"https:\/\/welovecinema.be\/fr\/wp-json\/wp\/v2\/pages\/256737","targetHints":{"allow":["GET"]}}],"collection":[{"href":"https:\/\/welovecinema.be\/fr\/wp-json\/wp\/v2\/pages"}],"about":[{"href":"https:\/\/welovecinema.be\/fr\/wp-json\/wp\/v2\/types\/page"}],"author":[{"embeddable":true,"href":"https:\/\/welovecinema.be\/fr\/wp-json\/wp\/v2\/users\/348"}],"replies":[{"embeddable":true,"href":"https:\/\/welovecinema.be\/fr\/wp-json\/wp\/v2\/comments?post=256737"}],"version-history":[{"count":5,"href":"https:\/\/welovecinema.be\/fr\/wp-json\/wp\/v2\/pages\/256737\/revisions"}],"predecessor-version":[{"id":268526,"href":"https:\/\/welovecinema.be\/fr\/wp-json\/wp\/v2\/pages\/256737\/revisions\/268526"}],"up":[{"embeddable":true,"href":"https:\/\/welovecinema.be\/fr\/wp-json\/wp\/v2\/pages\/249025"}],"wp:attachment":[{"href":"https:\/\/welovecinema.be\/fr\/wp-json\/wp\/v2\/media?parent=256737"}],"curies":[{"name":"wp","href":"https:\/\/api.w.org\/{rel}","templated":true}]}}