{"id":256733,"date":"2024-01-12T11:55:46","date_gmt":"2024-01-12T10:55:46","guid":{"rendered":"https:\/\/welovecinema.be\/?page_id=256733"},"modified":"2025-10-20T13:43:36","modified_gmt":"2025-10-20T11:43:36","slug":"cinemamed","status":"publish","type":"page","link":"https:\/\/welovecinema.be\/fr\/evenements\/cinemamed\/","title":{"rendered":"Cinemamed"},"content":{"rendered":"<h3>Cinemamed F<img loading=\"lazy\" decoding=\"async\" class=\"wp-image-256734 size-medium alignright\" src=\"https:\/\/welovecinema.be\/wp-content\/uploads\/sites\/2\/2024\/01\/Cinemamed_logo_square_pepper-270x270.png\" alt=\"\" width=\"270\" height=\"270\" srcset=\"https:\/\/welovecinema.be\/wp-content\/uploads\/sites\/2\/2024\/01\/Cinemamed_logo_square_pepper-270x270.png 270w, https:\/\/welovecinema.be\/wp-content\/uploads\/sites\/2\/2024\/01\/Cinemamed_logo_square_pepper-600x600.png 600w, https:\/\/welovecinema.be\/wp-content\/uploads\/sites\/2\/2024\/01\/Cinemamed_logo_square_pepper-768x768.png 768w, https:\/\/welovecinema.be\/wp-content\/uploads\/sites\/2\/2024\/01\/Cinemamed_logo_square_pepper.png 1080w\" sizes=\"auto, (max-width: 270px) 100vw, 270px\" \/>estival Cin\u00e9ma m\u00e9diterran\u00e9en de Bruxelles<\/h3>\n<h3><strong style=\"font-size: 16px;\">La 25\u00e8me &nbsp;\u00e9dition a lieu du 27 novembre au 5 d\u00e9cembre 2026 \u00e0 Bruxelles.<\/strong><\/h3>\n<p>Le Cinemamed \u2013 Festival Cin\u00e9ma M\u00e9diterran\u00e9en de Bruxelles \u2013 est n\u00e9 en 1989 de la volont\u00e9 de refl\u00e9ter la richesse multiculturelle belge et bruxelloise. Notre festival se veut un espace de dialogue et d\u2019\u00e9change entre le Nord et le Sud, entre les populations d\u2019origines diverses \u00e0 Bruxelles, entre les professionnel\u00b7les belges et m\u00e9diterran\u00e9en\u00b7nes, entre le public de plus en plus nombreux et les personnalit\u00e9s invit\u00e9es qui se pr\u00eatent volontiers aux&nbsp;<strong>d\u00e9bats et rencontres<\/strong>\u2026<\/p>\n<p>Le Cinemamed est plac\u00e9 sous le signe de la d\u00e9couverte, d\u2019abord par le biais d\u2019un cin\u00e9ma peu ou pas exploit\u00e9 en Belgique, ensuite gr\u00e2ce \u00e0 son&nbsp;<strong>march\u00e9<\/strong>, son&nbsp;<strong>d\u00e9cor<\/strong>&nbsp;et ses&nbsp;<strong>expositions<\/strong>, \u00e0 travers lesquels il \u00e9voque dans un m\u00eame lieu les 20 pays du bassin m\u00e9diterran\u00e9en.<\/p>\n<p>Le festival est au service de la tol\u00e9rance, de l\u2019interculturalit\u00e9 et de l\u2019\u00e9ducation par le cin\u00e9ma. Il participe \u00e0 la vie culturelle de Bruxelles et favorise son image de marque. Des s\u00e9ances organis\u00e9es en collaboration avec plusieurs associations de la ville sont propos\u00e9es, ainsi que des&nbsp;<strong>s\u00e9ances scolaires&nbsp;<\/strong>ou des<strong>&nbsp;lectures de contes&nbsp;<\/strong>m\u00e9diterran\u00e9ens en biblioth\u00e8ques.<\/p>\n<p>Mais le Cinemamed c\u2019est surtout un esprit de f\u00eate et de convivialit\u00e9, que l\u2019on retrouve lors des&nbsp;<strong>soir\u00e9es concerts<\/strong>&nbsp;qui vous montreront que vous \u00eates bien dans&nbsp;<strong>le festival le plus piment\u00e9 de Bruxelles&nbsp;!<\/strong><\/p>\n<p>D\u00e9couvrez <a href=\"https:\/\/cinemamed.be\/edition-precedente\/2024-2\/\">ici<\/a> l&rsquo;\u00e9dition 2024.<\/p>\n<p>&nbsp;<\/p>\n<p>&nbsp;<\/p>\n","protected":false},"excerpt":{"rendered":"<p>Cinemamed Festival Cin\u00e9ma m\u00e9diterran\u00e9en de Bruxelles La 25\u00e8me &nbsp;\u00e9dition a lieu du 27 novembre au 5 d\u00e9cembre 2026 \u00e0 Bruxelles. Le Cinemamed \u2013 Festival Cin\u00e9ma M\u00e9diterran\u00e9en de Bruxelles \u2013 est n\u00e9 en 1989 de la volont\u00e9 de refl\u00e9ter la richesse multiculturelle belge et bruxelloise. Notre festival se veut un espace de dialogue et d\u2019\u00e9change entre &hellip;<\/p>\n","protected":false},"author":348,"featured_media":0,"parent":249025,"menu_order":0,"comment_status":"closed","ping_status":"closed","template":"","meta":{"ngg_post_thumbnail":0,"footnotes":""},"class_list":["post-256733","page","type-page","status-publish",""],"yoast_head":"<!-- This site is optimized with the Yoast SEO plugin v20.4 - https:\/\/yoast.com\/wordpress\/plugins\/seo\/ -->\n<title>Cinemamed - We Love Cinema<\/title>\n<meta name=\"robots\" content=\"index, follow, max-snippet:-1, max-image-preview:large, max-video-preview:-1\" \/>\n<link rel=\"canonical\" href=\"https:\/\/welovecinema.be\/fr\/evenements\/cinemamed\/\" \/>\n<meta property=\"og:locale\" content=\"fr_FR\" \/>\n<meta property=\"og:type\" content=\"article\" \/>\n<meta property=\"og:title\" content=\"Cinemamed - We Love Cinema\" \/>\n<meta property=\"og:description\" content=\"Cinemamed Festival Cin\u00e9ma m\u00e9diterran\u00e9en de Bruxelles La 25\u00e8me &nbsp;\u00e9dition a lieu du 27 novembre au 5 d\u00e9cembre 2026 \u00e0 Bruxelles. Le Cinemamed \u2013 Festival Cin\u00e9ma M\u00e9diterran\u00e9en de Bruxelles \u2013 est n\u00e9 en 1989 de la volont\u00e9 de refl\u00e9ter la richesse multiculturelle belge et bruxelloise. Notre festival se veut un espace de dialogue et d\u2019\u00e9change entre &hellip;\" \/>\n<meta property=\"og:url\" content=\"https:\/\/welovecinema.be\/fr\/evenements\/cinemamed\/\" \/>\n<meta property=\"og:site_name\" content=\"We Love Cinema\" \/>\n<meta property=\"article:publisher\" content=\"https:\/\/www.facebook.com\/welovecinema.be\" \/>\n<meta property=\"article:modified_time\" content=\"2025-10-20T11:43:36+00:00\" \/>\n<meta property=\"og:image\" content=\"https:\/\/welovecinema.be\/wp-content\/uploads\/sites\/2\/2024\/01\/Cinemamed_logo_square_pepper-270x270.png\" \/>\n<meta name=\"twitter:card\" content=\"summary_large_image\" \/>\n<meta name=\"twitter:label1\" content=\"Dur\u00e9e de lecture estim\u00e9e\" \/>\n\t<meta name=\"twitter:data1\" content=\"2 minutes\" \/>\n<script type=\"application\/ld+json\" class=\"yoast-schema-graph\">{\"@context\":\"https:\/\/schema.org\",\"@graph\":[{\"@type\":\"WebPage\",\"@id\":\"https:\/\/welovecinema.be\/fr\/evenements\/cinemamed\/\",\"url\":\"https:\/\/welovecinema.be\/fr\/evenements\/cinemamed\/\",\"name\":\"Cinemamed - We Love Cinema\",\"isPartOf\":{\"@id\":\"https:\/\/welovecinema.be\/nl\/#website\"},\"datePublished\":\"2024-01-12T10:55:46+00:00\",\"dateModified\":\"2025-10-20T11:43:36+00:00\",\"breadcrumb\":{\"@id\":\"https:\/\/welovecinema.be\/fr\/evenements\/cinemamed\/#breadcrumb\"},\"inLanguage\":\"fr-FR\",\"potentialAction\":[{\"@type\":\"ReadAction\",\"target\":[\"https:\/\/welovecinema.be\/fr\/evenements\/cinemamed\/\"]}]},{\"@type\":\"BreadcrumbList\",\"@id\":\"https:\/\/welovecinema.be\/fr\/evenements\/cinemamed\/#breadcrumb\",\"itemListElement\":[{\"@type\":\"ListItem\",\"position\":1,\"name\":\"Accueil\",\"item\":\"https:\/\/welovecinema.be\/fr\/\"},{\"@type\":\"ListItem\",\"position\":2,\"name\":\"Ev\u00e9nements\",\"item\":\"https:\/\/welovecinema.be\/fr\/evenements\/\"},{\"@type\":\"ListItem\",\"position\":3,\"name\":\"Cinemamed\"}]},{\"@type\":\"WebSite\",\"@id\":\"https:\/\/welovecinema.be\/nl\/#website\",\"url\":\"https:\/\/welovecinema.be\/nl\/\",\"name\":\"We Love Cinema\",\"description\":\"Toute l\u2019information du cin\u00e9ma en Belgique\",\"publisher\":{\"@id\":\"https:\/\/welovecinema.be\/nl\/#organization\"},\"potentialAction\":[{\"@type\":\"SearchAction\",\"target\":{\"@type\":\"EntryPoint\",\"urlTemplate\":\"https:\/\/welovecinema.be\/nl\/?s={search_term_string}\"},\"query-input\":\"required name=search_term_string\"}],\"inLanguage\":\"fr-FR\"},{\"@type\":\"Organization\",\"@id\":\"https:\/\/welovecinema.be\/nl\/#organization\",\"name\":\"We Love Cinema\",\"url\":\"https:\/\/welovecinema.be\/nl\/\",\"logo\":{\"@type\":\"ImageObject\",\"inLanguage\":\"fr-FR\",\"@id\":\"https:\/\/welovecinema.be\/nl\/#\/schema\/logo\/image\/\",\"url\":\"https:\/\/welovecinema.be\/wp-content\/uploads\/sites\/2\/2023\/03\/Logo-We-Love-Cinema305x128.jpg\",\"contentUrl\":\"https:\/\/welovecinema.be\/wp-content\/uploads\/sites\/2\/2023\/03\/Logo-We-Love-Cinema305x128.jpg\",\"width\":305,\"height\":128,\"caption\":\"We Love Cinema\"},\"image\":{\"@id\":\"https:\/\/welovecinema.be\/nl\/#\/schema\/logo\/image\/\"},\"sameAs\":[\"https:\/\/www.facebook.com\/welovecinema.be\",\"https:\/\/www.youtube.com\/channel\/UCX5LYGVhnKvYauW4Nta4HJA\",\"https:\/\/www.instagram.com\/welovecinema.be\/\"]}]}<\/script>\n<!-- \/ Yoast SEO plugin. -->","yoast_head_json":{"title":"Cinemamed - We Love Cinema","robots":{"index":"index","follow":"follow","max-snippet":"max-snippet:-1","max-image-preview":"max-image-preview:large","max-video-preview":"max-video-preview:-1"},"canonical":"https:\/\/welovecinema.be\/fr\/evenements\/cinemamed\/","og_locale":"fr_FR","og_type":"article","og_title":"Cinemamed - We Love Cinema","og_description":"Cinemamed Festival Cin\u00e9ma m\u00e9diterran\u00e9en de Bruxelles La 25\u00e8me &nbsp;\u00e9dition a lieu du 27 novembre au 5 d\u00e9cembre 2026 \u00e0 Bruxelles. Le Cinemamed \u2013 Festival Cin\u00e9ma M\u00e9diterran\u00e9en de Bruxelles \u2013 est n\u00e9 en 1989 de la volont\u00e9 de refl\u00e9ter la richesse multiculturelle belge et bruxelloise. Notre festival se veut un espace de dialogue et d\u2019\u00e9change entre &hellip;","og_url":"https:\/\/welovecinema.be\/fr\/evenements\/cinemamed\/","og_site_name":"We Love Cinema","article_publisher":"https:\/\/www.facebook.com\/welovecinema.be","article_modified_time":"2025-10-20T11:43:36+00:00","og_image":[{"url":"https:\/\/welovecinema.be\/wp-content\/uploads\/sites\/2\/2024\/01\/Cinemamed_logo_square_pepper-270x270.png"}],"twitter_card":"summary_large_image","twitter_misc":{"Dur\u00e9e de lecture estim\u00e9e":"2 minutes"},"schema":{"@context":"https:\/\/schema.org","@graph":[{"@type":"WebPage","@id":"https:\/\/welovecinema.be\/fr\/evenements\/cinemamed\/","url":"https:\/\/welovecinema.be\/fr\/evenements\/cinemamed\/","name":"Cinemamed - We Love Cinema","isPartOf":{"@id":"https:\/\/welovecinema.be\/nl\/#website"},"datePublished":"2024-01-12T10:55:46+00:00","dateModified":"2025-10-20T11:43:36+00:00","breadcrumb":{"@id":"https:\/\/welovecinema.be\/fr\/evenements\/cinemamed\/#breadcrumb"},"inLanguage":"fr-FR","potentialAction":[{"@type":"ReadAction","target":["https:\/\/welovecinema.be\/fr\/evenements\/cinemamed\/"]}]},{"@type":"BreadcrumbList","@id":"https:\/\/welovecinema.be\/fr\/evenements\/cinemamed\/#breadcrumb","itemListElement":[{"@type":"ListItem","position":1,"name":"Accueil","item":"https:\/\/welovecinema.be\/fr\/"},{"@type":"ListItem","position":2,"name":"Ev\u00e9nements","item":"https:\/\/welovecinema.be\/fr\/evenements\/"},{"@type":"ListItem","position":3,"name":"Cinemamed"}]},{"@type":"WebSite","@id":"https:\/\/welovecinema.be\/nl\/#website","url":"https:\/\/welovecinema.be\/nl\/","name":"We Love Cinema","description":"Toute l\u2019information du cin\u00e9ma en Belgique","publisher":{"@id":"https:\/\/welovecinema.be\/nl\/#organization"},"potentialAction":[{"@type":"SearchAction","target":{"@type":"EntryPoint","urlTemplate":"https:\/\/welovecinema.be\/nl\/?s={search_term_string}"},"query-input":"required name=search_term_string"}],"inLanguage":"fr-FR"},{"@type":"Organization","@id":"https:\/\/welovecinema.be\/nl\/#organization","name":"We Love Cinema","url":"https:\/\/welovecinema.be\/nl\/","logo":{"@type":"ImageObject","inLanguage":"fr-FR","@id":"https:\/\/welovecinema.be\/nl\/#\/schema\/logo\/image\/","url":"https:\/\/welovecinema.be\/wp-content\/uploads\/sites\/2\/2023\/03\/Logo-We-Love-Cinema305x128.jpg","contentUrl":"https:\/\/welovecinema.be\/wp-content\/uploads\/sites\/2\/2023\/03\/Logo-We-Love-Cinema305x128.jpg","width":305,"height":128,"caption":"We Love Cinema"},"image":{"@id":"https:\/\/welovecinema.be\/nl\/#\/schema\/logo\/image\/"},"sameAs":["https:\/\/www.facebook.com\/welovecinema.be","https:\/\/www.youtube.com\/channel\/UCX5LYGVhnKvYauW4Nta4HJA","https:\/\/www.instagram.com\/welovecinema.be\/"]}]}},"_links":{"self":[{"href":"https:\/\/welovecinema.be\/fr\/wp-json\/wp\/v2\/pages\/256733","targetHints":{"allow":["GET"]}}],"collection":[{"href":"https:\/\/welovecinema.be\/fr\/wp-json\/wp\/v2\/pages"}],"about":[{"href":"https:\/\/welovecinema.be\/fr\/wp-json\/wp\/v2\/types\/page"}],"author":[{"embeddable":true,"href":"https:\/\/welovecinema.be\/fr\/wp-json\/wp\/v2\/users\/348"}],"replies":[{"embeddable":true,"href":"https:\/\/welovecinema.be\/fr\/wp-json\/wp\/v2\/comments?post=256733"}],"version-history":[{"count":3,"href":"https:\/\/welovecinema.be\/fr\/wp-json\/wp\/v2\/pages\/256733\/revisions"}],"predecessor-version":[{"id":268431,"href":"https:\/\/welovecinema.be\/fr\/wp-json\/wp\/v2\/pages\/256733\/revisions\/268431"}],"up":[{"embeddable":true,"href":"https:\/\/welovecinema.be\/fr\/wp-json\/wp\/v2\/pages\/249025"}],"wp:attachment":[{"href":"https:\/\/welovecinema.be\/fr\/wp-json\/wp\/v2\/media?parent=256733"}],"curies":[{"name":"wp","href":"https:\/\/api.w.org\/{rel}","templated":true}]}}