{"id":256639,"date":"2024-01-11T16:09:55","date_gmt":"2024-01-11T15:09:55","guid":{"rendered":"https:\/\/welovecinema.be\/?page_id=256639"},"modified":"2025-10-20T16:02:24","modified_gmt":"2025-10-20T14:02:24","slug":"wahff","status":"publish","type":"page","link":"https:\/\/welovecinema.be\/fr\/evenements\/wahff\/","title":{"rendered":"Wahff"},"content":{"rendered":"<h3>Waterloo Historical Film Festival<\/h3>\n<h3><img loading=\"lazy\" decoding=\"async\" class=\"wp-image-256703 size-medium alignright\" src=\"https:\/\/welovecinema.be\/wp-content\/uploads\/sites\/2\/2024\/01\/logo-wahf-270x270.png\" alt=\"\" width=\"270\" height=\"270\" srcset=\"https:\/\/welovecinema.be\/wp-content\/uploads\/sites\/2\/2024\/01\/logo-wahf-270x270.png 270w, https:\/\/welovecinema.be\/wp-content\/uploads\/sites\/2\/2024\/01\/logo-wahf-600x600.png 600w, https:\/\/welovecinema.be\/wp-content\/uploads\/sites\/2\/2024\/01\/logo-wahf-768x768.png 768w, https:\/\/welovecinema.be\/wp-content\/uploads\/sites\/2\/2024\/01\/logo-wahf.png 1182w\" sizes=\"auto, (max-width: 270px) 100vw, 270px\" \/><\/h3>\n<p><strong>L&rsquo;histoire et le Cin\u00e9ma se sont donn\u00e9 rendez-vous. La 13\u00e8me \u00e9dition aura lieu du 9 au 12 octobre 2025.<\/strong><\/p>\n<p>A deux pas du c\u00e9l\u00e8bre champ de bataille, une s\u00e9lection de films internationaux diversifi\u00e9s et acclam\u00e9s, projet\u00e9s en pr\u00e9sence de talents reconnus et \u00e9mergents, fait briller le Cin\u00e9ma \u00e0 travers l\u2019Histoire, et l\u2019Histoire \u00e0 travers le Cin\u00e9ma.<\/p>\n<p>D\u00e9couvrez <a href=\"https:\/\/wahff.be\/fr\/\">ici<\/a> le palmar\u00e8s 2025.<\/p>\n","protected":false},"excerpt":{"rendered":"<p>Waterloo Historical Film Festival L&rsquo;histoire et le Cin\u00e9ma se sont donn\u00e9 rendez-vous. La 13\u00e8me \u00e9dition aura lieu du 9 au 12 octobre 2025. A deux pas du c\u00e9l\u00e8bre champ de bataille, une s\u00e9lection de films internationaux diversifi\u00e9s et acclam\u00e9s, projet\u00e9s en pr\u00e9sence de talents reconnus et \u00e9mergents, fait briller le Cin\u00e9ma \u00e0 travers l\u2019Histoire, et &hellip;<\/p>\n","protected":false},"author":348,"featured_media":0,"parent":249025,"menu_order":0,"comment_status":"closed","ping_status":"closed","template":"","meta":{"ngg_post_thumbnail":0,"footnotes":""},"class_list":["post-256639","page","type-page","status-publish",""],"yoast_head":"<!-- This site is optimized with the Yoast SEO plugin v20.4 - https:\/\/yoast.com\/wordpress\/plugins\/seo\/ -->\n<title>Wahff - We Love Cinema<\/title>\n<meta name=\"robots\" content=\"index, follow, max-snippet:-1, max-image-preview:large, max-video-preview:-1\" \/>\n<link rel=\"canonical\" href=\"https:\/\/welovecinema.be\/fr\/evenements\/wahff\/\" \/>\n<meta property=\"og:locale\" content=\"fr_FR\" \/>\n<meta property=\"og:type\" content=\"article\" \/>\n<meta property=\"og:title\" content=\"Wahff - We Love Cinema\" \/>\n<meta property=\"og:description\" content=\"Waterloo Historical Film Festival L&rsquo;histoire et le Cin\u00e9ma se sont donn\u00e9 rendez-vous. La 13\u00e8me \u00e9dition aura lieu du 9 au 12 octobre 2025. A deux pas du c\u00e9l\u00e8bre champ de bataille, une s\u00e9lection de films internationaux diversifi\u00e9s et acclam\u00e9s, projet\u00e9s en pr\u00e9sence de talents reconnus et \u00e9mergents, fait briller le Cin\u00e9ma \u00e0 travers l\u2019Histoire, et &hellip;\" \/>\n<meta property=\"og:url\" content=\"https:\/\/welovecinema.be\/fr\/evenements\/wahff\/\" \/>\n<meta property=\"og:site_name\" content=\"We Love Cinema\" \/>\n<meta property=\"article:publisher\" content=\"https:\/\/www.facebook.com\/welovecinema.be\" \/>\n<meta property=\"article:modified_time\" content=\"2025-10-20T14:02:24+00:00\" \/>\n<meta property=\"og:image\" content=\"https:\/\/welovecinema.be\/wp-content\/uploads\/sites\/2\/2024\/01\/logo-wahf-270x270.png\" \/>\n<meta name=\"twitter:card\" content=\"summary_large_image\" \/>\n<meta name=\"twitter:label1\" content=\"Dur\u00e9e de lecture estim\u00e9e\" \/>\n\t<meta name=\"twitter:data1\" content=\"1 minute\" \/>\n<script type=\"application\/ld+json\" class=\"yoast-schema-graph\">{\"@context\":\"https:\/\/schema.org\",\"@graph\":[{\"@type\":\"WebPage\",\"@id\":\"https:\/\/welovecinema.be\/fr\/evenements\/wahff\/\",\"url\":\"https:\/\/welovecinema.be\/fr\/evenements\/wahff\/\",\"name\":\"Wahff - We Love Cinema\",\"isPartOf\":{\"@id\":\"https:\/\/welovecinema.be\/nl\/#website\"},\"datePublished\":\"2024-01-11T15:09:55+00:00\",\"dateModified\":\"2025-10-20T14:02:24+00:00\",\"breadcrumb\":{\"@id\":\"https:\/\/welovecinema.be\/fr\/evenements\/wahff\/#breadcrumb\"},\"inLanguage\":\"fr-FR\",\"potentialAction\":[{\"@type\":\"ReadAction\",\"target\":[\"https:\/\/welovecinema.be\/fr\/evenements\/wahff\/\"]}]},{\"@type\":\"BreadcrumbList\",\"@id\":\"https:\/\/welovecinema.be\/fr\/evenements\/wahff\/#breadcrumb\",\"itemListElement\":[{\"@type\":\"ListItem\",\"position\":1,\"name\":\"Accueil\",\"item\":\"https:\/\/welovecinema.be\/fr\/\"},{\"@type\":\"ListItem\",\"position\":2,\"name\":\"Ev\u00e9nements\",\"item\":\"https:\/\/welovecinema.be\/fr\/evenements\/\"},{\"@type\":\"ListItem\",\"position\":3,\"name\":\"Wahff\"}]},{\"@type\":\"WebSite\",\"@id\":\"https:\/\/welovecinema.be\/nl\/#website\",\"url\":\"https:\/\/welovecinema.be\/nl\/\",\"name\":\"We Love Cinema\",\"description\":\"Toute l\u2019information du cin\u00e9ma en Belgique\",\"publisher\":{\"@id\":\"https:\/\/welovecinema.be\/nl\/#organization\"},\"potentialAction\":[{\"@type\":\"SearchAction\",\"target\":{\"@type\":\"EntryPoint\",\"urlTemplate\":\"https:\/\/welovecinema.be\/nl\/?s={search_term_string}\"},\"query-input\":\"required name=search_term_string\"}],\"inLanguage\":\"fr-FR\"},{\"@type\":\"Organization\",\"@id\":\"https:\/\/welovecinema.be\/nl\/#organization\",\"name\":\"We Love Cinema\",\"url\":\"https:\/\/welovecinema.be\/nl\/\",\"logo\":{\"@type\":\"ImageObject\",\"inLanguage\":\"fr-FR\",\"@id\":\"https:\/\/welovecinema.be\/nl\/#\/schema\/logo\/image\/\",\"url\":\"https:\/\/welovecinema.be\/wp-content\/uploads\/sites\/2\/2023\/03\/Logo-We-Love-Cinema305x128.jpg\",\"contentUrl\":\"https:\/\/welovecinema.be\/wp-content\/uploads\/sites\/2\/2023\/03\/Logo-We-Love-Cinema305x128.jpg\",\"width\":305,\"height\":128,\"caption\":\"We Love Cinema\"},\"image\":{\"@id\":\"https:\/\/welovecinema.be\/nl\/#\/schema\/logo\/image\/\"},\"sameAs\":[\"https:\/\/www.facebook.com\/welovecinema.be\",\"https:\/\/www.youtube.com\/channel\/UCX5LYGVhnKvYauW4Nta4HJA\",\"https:\/\/www.instagram.com\/welovecinema.be\/\"]}]}<\/script>\n<!-- \/ Yoast SEO plugin. -->","yoast_head_json":{"title":"Wahff - We Love Cinema","robots":{"index":"index","follow":"follow","max-snippet":"max-snippet:-1","max-image-preview":"max-image-preview:large","max-video-preview":"max-video-preview:-1"},"canonical":"https:\/\/welovecinema.be\/fr\/evenements\/wahff\/","og_locale":"fr_FR","og_type":"article","og_title":"Wahff - We Love Cinema","og_description":"Waterloo Historical Film Festival L&rsquo;histoire et le Cin\u00e9ma se sont donn\u00e9 rendez-vous. La 13\u00e8me \u00e9dition aura lieu du 9 au 12 octobre 2025. A deux pas du c\u00e9l\u00e8bre champ de bataille, une s\u00e9lection de films internationaux diversifi\u00e9s et acclam\u00e9s, projet\u00e9s en pr\u00e9sence de talents reconnus et \u00e9mergents, fait briller le Cin\u00e9ma \u00e0 travers l\u2019Histoire, et &hellip;","og_url":"https:\/\/welovecinema.be\/fr\/evenements\/wahff\/","og_site_name":"We Love Cinema","article_publisher":"https:\/\/www.facebook.com\/welovecinema.be","article_modified_time":"2025-10-20T14:02:24+00:00","og_image":[{"url":"https:\/\/welovecinema.be\/wp-content\/uploads\/sites\/2\/2024\/01\/logo-wahf-270x270.png"}],"twitter_card":"summary_large_image","twitter_misc":{"Dur\u00e9e de lecture estim\u00e9e":"1 minute"},"schema":{"@context":"https:\/\/schema.org","@graph":[{"@type":"WebPage","@id":"https:\/\/welovecinema.be\/fr\/evenements\/wahff\/","url":"https:\/\/welovecinema.be\/fr\/evenements\/wahff\/","name":"Wahff - We Love Cinema","isPartOf":{"@id":"https:\/\/welovecinema.be\/nl\/#website"},"datePublished":"2024-01-11T15:09:55+00:00","dateModified":"2025-10-20T14:02:24+00:00","breadcrumb":{"@id":"https:\/\/welovecinema.be\/fr\/evenements\/wahff\/#breadcrumb"},"inLanguage":"fr-FR","potentialAction":[{"@type":"ReadAction","target":["https:\/\/welovecinema.be\/fr\/evenements\/wahff\/"]}]},{"@type":"BreadcrumbList","@id":"https:\/\/welovecinema.be\/fr\/evenements\/wahff\/#breadcrumb","itemListElement":[{"@type":"ListItem","position":1,"name":"Accueil","item":"https:\/\/welovecinema.be\/fr\/"},{"@type":"ListItem","position":2,"name":"Ev\u00e9nements","item":"https:\/\/welovecinema.be\/fr\/evenements\/"},{"@type":"ListItem","position":3,"name":"Wahff"}]},{"@type":"WebSite","@id":"https:\/\/welovecinema.be\/nl\/#website","url":"https:\/\/welovecinema.be\/nl\/","name":"We Love Cinema","description":"Toute l\u2019information du cin\u00e9ma en Belgique","publisher":{"@id":"https:\/\/welovecinema.be\/nl\/#organization"},"potentialAction":[{"@type":"SearchAction","target":{"@type":"EntryPoint","urlTemplate":"https:\/\/welovecinema.be\/nl\/?s={search_term_string}"},"query-input":"required name=search_term_string"}],"inLanguage":"fr-FR"},{"@type":"Organization","@id":"https:\/\/welovecinema.be\/nl\/#organization","name":"We Love Cinema","url":"https:\/\/welovecinema.be\/nl\/","logo":{"@type":"ImageObject","inLanguage":"fr-FR","@id":"https:\/\/welovecinema.be\/nl\/#\/schema\/logo\/image\/","url":"https:\/\/welovecinema.be\/wp-content\/uploads\/sites\/2\/2023\/03\/Logo-We-Love-Cinema305x128.jpg","contentUrl":"https:\/\/welovecinema.be\/wp-content\/uploads\/sites\/2\/2023\/03\/Logo-We-Love-Cinema305x128.jpg","width":305,"height":128,"caption":"We Love Cinema"},"image":{"@id":"https:\/\/welovecinema.be\/nl\/#\/schema\/logo\/image\/"},"sameAs":["https:\/\/www.facebook.com\/welovecinema.be","https:\/\/www.youtube.com\/channel\/UCX5LYGVhnKvYauW4Nta4HJA","https:\/\/www.instagram.com\/welovecinema.be\/"]}]}},"_links":{"self":[{"href":"https:\/\/welovecinema.be\/fr\/wp-json\/wp\/v2\/pages\/256639","targetHints":{"allow":["GET"]}}],"collection":[{"href":"https:\/\/welovecinema.be\/fr\/wp-json\/wp\/v2\/pages"}],"about":[{"href":"https:\/\/welovecinema.be\/fr\/wp-json\/wp\/v2\/types\/page"}],"author":[{"embeddable":true,"href":"https:\/\/welovecinema.be\/fr\/wp-json\/wp\/v2\/users\/348"}],"replies":[{"embeddable":true,"href":"https:\/\/welovecinema.be\/fr\/wp-json\/wp\/v2\/comments?post=256639"}],"version-history":[{"count":8,"href":"https:\/\/welovecinema.be\/fr\/wp-json\/wp\/v2\/pages\/256639\/revisions"}],"predecessor-version":[{"id":268468,"href":"https:\/\/welovecinema.be\/fr\/wp-json\/wp\/v2\/pages\/256639\/revisions\/268468"}],"up":[{"embeddable":true,"href":"https:\/\/welovecinema.be\/fr\/wp-json\/wp\/v2\/pages\/249025"}],"wp:attachment":[{"href":"https:\/\/welovecinema.be\/fr\/wp-json\/wp\/v2\/media?parent=256639"}],"curies":[{"name":"wp","href":"https:\/\/api.w.org\/{rel}","templated":true}]}}