{"id":249120,"date":"2023-03-28T17:23:52","date_gmt":"2023-03-28T15:23:52","guid":{"rendered":"https:\/\/welovecinema.be\/?page_id=249120"},"modified":"2025-10-20T16:03:18","modified_gmt":"2025-10-20T14:03:18","slug":"wlcd","status":"publish","type":"page","link":"https:\/\/welovecinema.be\/fr\/evenements\/wlcd\/","title":{"rendered":"WLCD"},"content":{"rendered":"<h4><img loading=\"lazy\" decoding=\"async\" class=\"wp-image-256525 alignright\" src=\"https:\/\/welovecinema.be\/wp-content\/uploads\/sites\/2\/2024\/01\/Design-sans-titre-270x270.png\" alt=\"\" width=\"205\" height=\"205\" srcset=\"https:\/\/welovecinema.be\/wp-content\/uploads\/sites\/2\/2024\/01\/Design-sans-titre-270x270.png 270w, https:\/\/welovecinema.be\/wp-content\/uploads\/sites\/2\/2024\/01\/Design-sans-titre-600x600.png 600w, https:\/\/welovecinema.be\/wp-content\/uploads\/sites\/2\/2024\/01\/Design-sans-titre-768x768.png 768w, https:\/\/welovecinema.be\/wp-content\/uploads\/sites\/2\/2024\/01\/Design-sans-titre.png 1080w\" sizes=\"auto, (max-width: 205px) 100vw, 205px\" \/>We Love Cinema Days<\/h4>\n<p><strong>La 17\u00e8me&nbsp; \u00e9dition a lieu du 17 au 20 septembre 2025 en Belgique.<\/strong><\/p>\n<p>Cette ann\u00e9e encore, \u00e0 l\u2019initiative de la majorit\u00e9 des salles du pays, les We Love Cinema Days se tiendront pendant 4 jours.<\/p>\n<p>Ces quatre jours de c\u00e9l\u00e9bration du cin\u00e9ma sont l\u2019occasion pour de nombreux spectateurs de rattraper les films manqu\u00e9s durant l\u2019\u00e9t\u00e9, de d\u00e9couvrir les bandes annonces des films programm\u00e9s dans les prochaines semaines et d\u00e9j\u00e0, se mettre l\u2019eau \u00e0 la bouche pour les blockbusters programm\u00e9s en fin d\u2019ann\u00e9e !<\/p>\n<p>Les We Love Cinema Days sont une <strong>initiative des exploitants des salles de cin\u00e9ma belges, avec le soutien logistique de Brightfish et le support financier de BNP Paribas Fortis.<\/strong><br \/>\nPlus que jamais, les spectateurs confient se d\u00e9placer en salles obscures pour vivre une exp\u00e9rience. Cette ann\u00e9e, l\u2019\u00e9v\u00e9nement proposera aux spectateurs une palette \u00e9v\u00e9nementielle qui rendra cette f\u00eate plus festive que jamais (animations, concours\u2026).<\/p>\n","protected":false},"excerpt":{"rendered":"<p>We Love Cinema Days La 17\u00e8me&nbsp; \u00e9dition a lieu du 17 au 20 septembre 2025 en Belgique. Cette ann\u00e9e encore, \u00e0 l\u2019initiative de la majorit\u00e9 des salles du pays, les We Love Cinema Days se tiendront pendant 4 jours. Ces quatre jours de c\u00e9l\u00e9bration du cin\u00e9ma sont l\u2019occasion pour de nombreux spectateurs de rattraper les &hellip;<\/p>\n","protected":false},"author":339,"featured_media":0,"parent":249025,"menu_order":0,"comment_status":"closed","ping_status":"closed","template":"","meta":{"ngg_post_thumbnail":0,"footnotes":""},"class_list":["post-249120","page","type-page","status-publish",""],"yoast_head":"<!-- This site is optimized with the Yoast SEO plugin v20.4 - https:\/\/yoast.com\/wordpress\/plugins\/seo\/ -->\n<title>WLCD - We Love Cinema<\/title>\n<meta name=\"robots\" content=\"index, follow, max-snippet:-1, max-image-preview:large, max-video-preview:-1\" \/>\n<link rel=\"canonical\" href=\"https:\/\/welovecinema.be\/fr\/evenements\/wlcd\/\" \/>\n<meta property=\"og:locale\" content=\"fr_FR\" \/>\n<meta property=\"og:type\" content=\"article\" \/>\n<meta property=\"og:title\" content=\"WLCD - We Love Cinema\" \/>\n<meta property=\"og:description\" content=\"We Love Cinema Days La 17\u00e8me&nbsp; \u00e9dition a lieu du 17 au 20 septembre 2025 en Belgique. Cette ann\u00e9e encore, \u00e0 l\u2019initiative de la majorit\u00e9 des salles du pays, les We Love Cinema Days se tiendront pendant 4 jours. Ces quatre jours de c\u00e9l\u00e9bration du cin\u00e9ma sont l\u2019occasion pour de nombreux spectateurs de rattraper les &hellip;\" \/>\n<meta property=\"og:url\" content=\"https:\/\/welovecinema.be\/fr\/evenements\/wlcd\/\" \/>\n<meta property=\"og:site_name\" content=\"We Love Cinema\" \/>\n<meta property=\"article:publisher\" content=\"https:\/\/www.facebook.com\/welovecinema.be\" \/>\n<meta property=\"article:modified_time\" content=\"2025-10-20T14:03:18+00:00\" \/>\n<meta property=\"og:image\" content=\"https:\/\/welovecinema.be\/wp-content\/uploads\/sites\/2\/2024\/01\/Design-sans-titre-270x270.png\" \/>\n<meta name=\"twitter:card\" content=\"summary_large_image\" \/>\n<meta name=\"twitter:label1\" content=\"Dur\u00e9e de lecture estim\u00e9e\" \/>\n\t<meta name=\"twitter:data1\" content=\"1 minute\" \/>\n<script type=\"application\/ld+json\" class=\"yoast-schema-graph\">{\"@context\":\"https:\/\/schema.org\",\"@graph\":[{\"@type\":\"WebPage\",\"@id\":\"https:\/\/welovecinema.be\/fr\/evenements\/wlcd\/\",\"url\":\"https:\/\/welovecinema.be\/fr\/evenements\/wlcd\/\",\"name\":\"WLCD - We Love Cinema\",\"isPartOf\":{\"@id\":\"https:\/\/welovecinema.be\/nl\/#website\"},\"datePublished\":\"2023-03-28T15:23:52+00:00\",\"dateModified\":\"2025-10-20T14:03:18+00:00\",\"breadcrumb\":{\"@id\":\"https:\/\/welovecinema.be\/fr\/evenements\/wlcd\/#breadcrumb\"},\"inLanguage\":\"fr-FR\",\"potentialAction\":[{\"@type\":\"ReadAction\",\"target\":[\"https:\/\/welovecinema.be\/fr\/evenements\/wlcd\/\"]}]},{\"@type\":\"BreadcrumbList\",\"@id\":\"https:\/\/welovecinema.be\/fr\/evenements\/wlcd\/#breadcrumb\",\"itemListElement\":[{\"@type\":\"ListItem\",\"position\":1,\"name\":\"Accueil\",\"item\":\"https:\/\/welovecinema.be\/fr\/\"},{\"@type\":\"ListItem\",\"position\":2,\"name\":\"Ev\u00e9nements\",\"item\":\"https:\/\/welovecinema.be\/fr\/evenements\/\"},{\"@type\":\"ListItem\",\"position\":3,\"name\":\"WLCD\"}]},{\"@type\":\"WebSite\",\"@id\":\"https:\/\/welovecinema.be\/nl\/#website\",\"url\":\"https:\/\/welovecinema.be\/nl\/\",\"name\":\"We Love Cinema\",\"description\":\"Toute l\u2019information du cin\u00e9ma en Belgique\",\"publisher\":{\"@id\":\"https:\/\/welovecinema.be\/nl\/#organization\"},\"potentialAction\":[{\"@type\":\"SearchAction\",\"target\":{\"@type\":\"EntryPoint\",\"urlTemplate\":\"https:\/\/welovecinema.be\/nl\/?s={search_term_string}\"},\"query-input\":\"required name=search_term_string\"}],\"inLanguage\":\"fr-FR\"},{\"@type\":\"Organization\",\"@id\":\"https:\/\/welovecinema.be\/nl\/#organization\",\"name\":\"We Love Cinema\",\"url\":\"https:\/\/welovecinema.be\/nl\/\",\"logo\":{\"@type\":\"ImageObject\",\"inLanguage\":\"fr-FR\",\"@id\":\"https:\/\/welovecinema.be\/nl\/#\/schema\/logo\/image\/\",\"url\":\"https:\/\/welovecinema.be\/wp-content\/uploads\/sites\/2\/2023\/03\/Logo-We-Love-Cinema305x128.jpg\",\"contentUrl\":\"https:\/\/welovecinema.be\/wp-content\/uploads\/sites\/2\/2023\/03\/Logo-We-Love-Cinema305x128.jpg\",\"width\":305,\"height\":128,\"caption\":\"We Love Cinema\"},\"image\":{\"@id\":\"https:\/\/welovecinema.be\/nl\/#\/schema\/logo\/image\/\"},\"sameAs\":[\"https:\/\/www.facebook.com\/welovecinema.be\",\"https:\/\/www.youtube.com\/channel\/UCX5LYGVhnKvYauW4Nta4HJA\",\"https:\/\/www.instagram.com\/welovecinema.be\/\"]}]}<\/script>\n<!-- \/ Yoast SEO plugin. -->","yoast_head_json":{"title":"WLCD - We Love Cinema","robots":{"index":"index","follow":"follow","max-snippet":"max-snippet:-1","max-image-preview":"max-image-preview:large","max-video-preview":"max-video-preview:-1"},"canonical":"https:\/\/welovecinema.be\/fr\/evenements\/wlcd\/","og_locale":"fr_FR","og_type":"article","og_title":"WLCD - We Love Cinema","og_description":"We Love Cinema Days La 17\u00e8me&nbsp; \u00e9dition a lieu du 17 au 20 septembre 2025 en Belgique. Cette ann\u00e9e encore, \u00e0 l\u2019initiative de la majorit\u00e9 des salles du pays, les We Love Cinema Days se tiendront pendant 4 jours. Ces quatre jours de c\u00e9l\u00e9bration du cin\u00e9ma sont l\u2019occasion pour de nombreux spectateurs de rattraper les &hellip;","og_url":"https:\/\/welovecinema.be\/fr\/evenements\/wlcd\/","og_site_name":"We Love Cinema","article_publisher":"https:\/\/www.facebook.com\/welovecinema.be","article_modified_time":"2025-10-20T14:03:18+00:00","og_image":[{"url":"https:\/\/welovecinema.be\/wp-content\/uploads\/sites\/2\/2024\/01\/Design-sans-titre-270x270.png"}],"twitter_card":"summary_large_image","twitter_misc":{"Dur\u00e9e de lecture estim\u00e9e":"1 minute"},"schema":{"@context":"https:\/\/schema.org","@graph":[{"@type":"WebPage","@id":"https:\/\/welovecinema.be\/fr\/evenements\/wlcd\/","url":"https:\/\/welovecinema.be\/fr\/evenements\/wlcd\/","name":"WLCD - We Love Cinema","isPartOf":{"@id":"https:\/\/welovecinema.be\/nl\/#website"},"datePublished":"2023-03-28T15:23:52+00:00","dateModified":"2025-10-20T14:03:18+00:00","breadcrumb":{"@id":"https:\/\/welovecinema.be\/fr\/evenements\/wlcd\/#breadcrumb"},"inLanguage":"fr-FR","potentialAction":[{"@type":"ReadAction","target":["https:\/\/welovecinema.be\/fr\/evenements\/wlcd\/"]}]},{"@type":"BreadcrumbList","@id":"https:\/\/welovecinema.be\/fr\/evenements\/wlcd\/#breadcrumb","itemListElement":[{"@type":"ListItem","position":1,"name":"Accueil","item":"https:\/\/welovecinema.be\/fr\/"},{"@type":"ListItem","position":2,"name":"Ev\u00e9nements","item":"https:\/\/welovecinema.be\/fr\/evenements\/"},{"@type":"ListItem","position":3,"name":"WLCD"}]},{"@type":"WebSite","@id":"https:\/\/welovecinema.be\/nl\/#website","url":"https:\/\/welovecinema.be\/nl\/","name":"We Love Cinema","description":"Toute l\u2019information du cin\u00e9ma en Belgique","publisher":{"@id":"https:\/\/welovecinema.be\/nl\/#organization"},"potentialAction":[{"@type":"SearchAction","target":{"@type":"EntryPoint","urlTemplate":"https:\/\/welovecinema.be\/nl\/?s={search_term_string}"},"query-input":"required name=search_term_string"}],"inLanguage":"fr-FR"},{"@type":"Organization","@id":"https:\/\/welovecinema.be\/nl\/#organization","name":"We Love Cinema","url":"https:\/\/welovecinema.be\/nl\/","logo":{"@type":"ImageObject","inLanguage":"fr-FR","@id":"https:\/\/welovecinema.be\/nl\/#\/schema\/logo\/image\/","url":"https:\/\/welovecinema.be\/wp-content\/uploads\/sites\/2\/2023\/03\/Logo-We-Love-Cinema305x128.jpg","contentUrl":"https:\/\/welovecinema.be\/wp-content\/uploads\/sites\/2\/2023\/03\/Logo-We-Love-Cinema305x128.jpg","width":305,"height":128,"caption":"We Love Cinema"},"image":{"@id":"https:\/\/welovecinema.be\/nl\/#\/schema\/logo\/image\/"},"sameAs":["https:\/\/www.facebook.com\/welovecinema.be","https:\/\/www.youtube.com\/channel\/UCX5LYGVhnKvYauW4Nta4HJA","https:\/\/www.instagram.com\/welovecinema.be\/"]}]}},"_links":{"self":[{"href":"https:\/\/welovecinema.be\/fr\/wp-json\/wp\/v2\/pages\/249120","targetHints":{"allow":["GET"]}}],"collection":[{"href":"https:\/\/welovecinema.be\/fr\/wp-json\/wp\/v2\/pages"}],"about":[{"href":"https:\/\/welovecinema.be\/fr\/wp-json\/wp\/v2\/types\/page"}],"author":[{"embeddable":true,"href":"https:\/\/welovecinema.be\/fr\/wp-json\/wp\/v2\/users\/339"}],"replies":[{"embeddable":true,"href":"https:\/\/welovecinema.be\/fr\/wp-json\/wp\/v2\/comments?post=249120"}],"version-history":[{"count":5,"href":"https:\/\/welovecinema.be\/fr\/wp-json\/wp\/v2\/pages\/249120\/revisions"}],"predecessor-version":[{"id":268469,"href":"https:\/\/welovecinema.be\/fr\/wp-json\/wp\/v2\/pages\/249120\/revisions\/268469"}],"up":[{"embeddable":true,"href":"https:\/\/welovecinema.be\/fr\/wp-json\/wp\/v2\/pages\/249025"}],"wp:attachment":[{"href":"https:\/\/welovecinema.be\/fr\/wp-json\/wp\/v2\/media?parent=249120"}],"curies":[{"name":"wp","href":"https:\/\/api.w.org\/{rel}","templated":true}]}}