{"id":249118,"date":"2023-03-28T17:22:21","date_gmt":"2023-03-28T15:22:21","guid":{"rendered":"https:\/\/welovecinema.be\/?page_id=249118"},"modified":"2025-10-23T11:34:22","modified_gmt":"2025-10-23T09:34:22","slug":"teff","status":"publish","type":"page","link":"https:\/\/welovecinema.be\/fr\/evenements\/teff\/","title":{"rendered":"TEFF"},"content":{"rendered":"<h4><img loading=\"lazy\" decoding=\"async\" class=\" wp-image-268586 alignright\" src=\"https:\/\/welovecinema.be\/wp-content\/uploads\/sites\/2\/2025\/10\/teff-379x270.png\" alt=\"\" width=\"314\" height=\"224\" srcset=\"https:\/\/welovecinema.be\/wp-content\/uploads\/sites\/2\/2025\/10\/teff-379x270.png 379w, https:\/\/welovecinema.be\/wp-content\/uploads\/sites\/2\/2025\/10\/teff-800x570.png 800w, https:\/\/welovecinema.be\/wp-content\/uploads\/sites\/2\/2025\/10\/teff-768x547.png 768w, https:\/\/welovecinema.be\/wp-content\/uploads\/sites\/2\/2025\/10\/teff-100x72.png 100w, https:\/\/welovecinema.be\/wp-content\/uploads\/sites\/2\/2025\/10\/teff.png 1242w\" sizes=\"auto, (max-width: 314px) 100vw, 314px\" \/>The Extraordinary Film Festival<\/h4>\n<p><strong>8\u00e8me&nbsp;\u00e9dition du TEFF du 5 au 9 novembre 2025.<\/strong><\/p>\n<p>Cr\u00e9\u00e9 en 2011, le TEFF a lieu tous les deux ans \u00e0 Namur au mois de novembre. Ev\u00e9nement unique en Belgique, ce f<strong>estival international de cin\u00e9ma propose au grand public, aux professionnels et aux personnes concern\u00e9es une image positive de la personne en situation de handicap.<\/strong><\/p>\n<p>Le festival propose des <strong>regards port\u00e9s sur le handicap par des auteurs, sc\u00e9naristes, r\u00e9alisateurs, acteurs, en situation de handicap ou non, et ce, partout \u00e0 travers le monde<\/strong>, soit autant de voyages singuliers qui nous permettent de nous questionner sur nos propres repr\u00e9sentations. Les crit\u00e8res stricts de s\u00e9lection des films sont ceux de la qualit\u00e9 cin\u00e9matographique et de la singularit\u00e9 des sujets abord\u00e9s et de leur traitement.<\/p>\n<p>Un succ\u00e8s grandissant, \u00e9dition apr\u00e8s \u00e9dition, et un public unanimement conquis par la qualit\u00e9 de la programmation, qui se fid\u00e9lise et se fait l\u2019ambassadeur de l\u2019\u00e9v\u00e9nement. On constate \u00e0 chaque \u00e9dition un excellent feedback des festivaliers.<\/p>\n<p>Un \u00e9v\u00e9nement construit \u00e0 l\u2019image d\u2019autres festivals internationaux ayant la m\u00eame th\u00e9matique, qui \u00e9mergent partout dans le monde et rencontrent des succ\u00e8s croissants. L\u2019Extraordinary Film Festival tisse des collaborations et des \u00e9changes de catalogue avec nombres d\u2019entre eux.<\/p>\n","protected":false},"excerpt":{"rendered":"<p>The Extraordinary Film Festival 8\u00e8me&nbsp;\u00e9dition du TEFF du 5 au 9 novembre 2025. Cr\u00e9\u00e9 en 2011, le TEFF a lieu tous les deux ans \u00e0 Namur au mois de novembre. Ev\u00e9nement unique en Belgique, ce festival international de cin\u00e9ma propose au grand public, aux professionnels et aux personnes concern\u00e9es une image positive de la personne &hellip;<\/p>\n","protected":false},"author":339,"featured_media":0,"parent":249025,"menu_order":0,"comment_status":"closed","ping_status":"closed","template":"","meta":{"ngg_post_thumbnail":0,"footnotes":""},"class_list":["post-249118","page","type-page","status-publish",""],"yoast_head":"<!-- This site is optimized with the Yoast SEO plugin v20.4 - https:\/\/yoast.com\/wordpress\/plugins\/seo\/ -->\n<title>TEFF - We Love Cinema<\/title>\n<meta name=\"robots\" content=\"index, follow, max-snippet:-1, max-image-preview:large, max-video-preview:-1\" \/>\n<link rel=\"canonical\" href=\"https:\/\/welovecinema.be\/fr\/evenements\/teff\/\" \/>\n<meta property=\"og:locale\" content=\"fr_FR\" \/>\n<meta property=\"og:type\" content=\"article\" \/>\n<meta property=\"og:title\" content=\"TEFF - We Love Cinema\" \/>\n<meta property=\"og:description\" content=\"The Extraordinary Film Festival 8\u00e8me&nbsp;\u00e9dition du TEFF du 5 au 9 novembre 2025. Cr\u00e9\u00e9 en 2011, le TEFF a lieu tous les deux ans \u00e0 Namur au mois de novembre. Ev\u00e9nement unique en Belgique, ce festival international de cin\u00e9ma propose au grand public, aux professionnels et aux personnes concern\u00e9es une image positive de la personne &hellip;\" \/>\n<meta property=\"og:url\" content=\"https:\/\/welovecinema.be\/fr\/evenements\/teff\/\" \/>\n<meta property=\"og:site_name\" content=\"We Love Cinema\" \/>\n<meta property=\"article:publisher\" content=\"https:\/\/www.facebook.com\/welovecinema.be\" \/>\n<meta property=\"article:modified_time\" content=\"2025-10-23T09:34:22+00:00\" \/>\n<meta property=\"og:image\" content=\"https:\/\/welovecinema.be\/wp-content\/uploads\/sites\/2\/2025\/10\/teff-379x270.png\" \/>\n<meta name=\"twitter:card\" content=\"summary_large_image\" \/>\n<meta name=\"twitter:label1\" content=\"Dur\u00e9e de lecture estim\u00e9e\" \/>\n\t<meta name=\"twitter:data1\" content=\"2 minutes\" \/>\n<script type=\"application\/ld+json\" class=\"yoast-schema-graph\">{\"@context\":\"https:\/\/schema.org\",\"@graph\":[{\"@type\":\"WebPage\",\"@id\":\"https:\/\/welovecinema.be\/fr\/evenements\/teff\/\",\"url\":\"https:\/\/welovecinema.be\/fr\/evenements\/teff\/\",\"name\":\"TEFF - We Love Cinema\",\"isPartOf\":{\"@id\":\"https:\/\/welovecinema.be\/nl\/#website\"},\"datePublished\":\"2023-03-28T15:22:21+00:00\",\"dateModified\":\"2025-10-23T09:34:22+00:00\",\"breadcrumb\":{\"@id\":\"https:\/\/welovecinema.be\/fr\/evenements\/teff\/#breadcrumb\"},\"inLanguage\":\"fr-FR\",\"potentialAction\":[{\"@type\":\"ReadAction\",\"target\":[\"https:\/\/welovecinema.be\/fr\/evenements\/teff\/\"]}]},{\"@type\":\"BreadcrumbList\",\"@id\":\"https:\/\/welovecinema.be\/fr\/evenements\/teff\/#breadcrumb\",\"itemListElement\":[{\"@type\":\"ListItem\",\"position\":1,\"name\":\"Accueil\",\"item\":\"https:\/\/welovecinema.be\/fr\/\"},{\"@type\":\"ListItem\",\"position\":2,\"name\":\"Ev\u00e9nements\",\"item\":\"https:\/\/welovecinema.be\/fr\/evenements\/\"},{\"@type\":\"ListItem\",\"position\":3,\"name\":\"TEFF\"}]},{\"@type\":\"WebSite\",\"@id\":\"https:\/\/welovecinema.be\/nl\/#website\",\"url\":\"https:\/\/welovecinema.be\/nl\/\",\"name\":\"We Love Cinema\",\"description\":\"Toute l\u2019information du cin\u00e9ma en Belgique\",\"publisher\":{\"@id\":\"https:\/\/welovecinema.be\/nl\/#organization\"},\"potentialAction\":[{\"@type\":\"SearchAction\",\"target\":{\"@type\":\"EntryPoint\",\"urlTemplate\":\"https:\/\/welovecinema.be\/nl\/?s={search_term_string}\"},\"query-input\":\"required name=search_term_string\"}],\"inLanguage\":\"fr-FR\"},{\"@type\":\"Organization\",\"@id\":\"https:\/\/welovecinema.be\/nl\/#organization\",\"name\":\"We Love Cinema\",\"url\":\"https:\/\/welovecinema.be\/nl\/\",\"logo\":{\"@type\":\"ImageObject\",\"inLanguage\":\"fr-FR\",\"@id\":\"https:\/\/welovecinema.be\/nl\/#\/schema\/logo\/image\/\",\"url\":\"https:\/\/welovecinema.be\/wp-content\/uploads\/sites\/2\/2023\/03\/Logo-We-Love-Cinema305x128.jpg\",\"contentUrl\":\"https:\/\/welovecinema.be\/wp-content\/uploads\/sites\/2\/2023\/03\/Logo-We-Love-Cinema305x128.jpg\",\"width\":305,\"height\":128,\"caption\":\"We Love Cinema\"},\"image\":{\"@id\":\"https:\/\/welovecinema.be\/nl\/#\/schema\/logo\/image\/\"},\"sameAs\":[\"https:\/\/www.facebook.com\/welovecinema.be\",\"https:\/\/www.youtube.com\/channel\/UCX5LYGVhnKvYauW4Nta4HJA\",\"https:\/\/www.instagram.com\/welovecinema.be\/\"]}]}<\/script>\n<!-- \/ Yoast SEO plugin. -->","yoast_head_json":{"title":"TEFF - We Love Cinema","robots":{"index":"index","follow":"follow","max-snippet":"max-snippet:-1","max-image-preview":"max-image-preview:large","max-video-preview":"max-video-preview:-1"},"canonical":"https:\/\/welovecinema.be\/fr\/evenements\/teff\/","og_locale":"fr_FR","og_type":"article","og_title":"TEFF - We Love Cinema","og_description":"The Extraordinary Film Festival 8\u00e8me&nbsp;\u00e9dition du TEFF du 5 au 9 novembre 2025. Cr\u00e9\u00e9 en 2011, le TEFF a lieu tous les deux ans \u00e0 Namur au mois de novembre. Ev\u00e9nement unique en Belgique, ce festival international de cin\u00e9ma propose au grand public, aux professionnels et aux personnes concern\u00e9es une image positive de la personne &hellip;","og_url":"https:\/\/welovecinema.be\/fr\/evenements\/teff\/","og_site_name":"We Love Cinema","article_publisher":"https:\/\/www.facebook.com\/welovecinema.be","article_modified_time":"2025-10-23T09:34:22+00:00","og_image":[{"url":"https:\/\/welovecinema.be\/wp-content\/uploads\/sites\/2\/2025\/10\/teff-379x270.png"}],"twitter_card":"summary_large_image","twitter_misc":{"Dur\u00e9e de lecture estim\u00e9e":"2 minutes"},"schema":{"@context":"https:\/\/schema.org","@graph":[{"@type":"WebPage","@id":"https:\/\/welovecinema.be\/fr\/evenements\/teff\/","url":"https:\/\/welovecinema.be\/fr\/evenements\/teff\/","name":"TEFF - We Love Cinema","isPartOf":{"@id":"https:\/\/welovecinema.be\/nl\/#website"},"datePublished":"2023-03-28T15:22:21+00:00","dateModified":"2025-10-23T09:34:22+00:00","breadcrumb":{"@id":"https:\/\/welovecinema.be\/fr\/evenements\/teff\/#breadcrumb"},"inLanguage":"fr-FR","potentialAction":[{"@type":"ReadAction","target":["https:\/\/welovecinema.be\/fr\/evenements\/teff\/"]}]},{"@type":"BreadcrumbList","@id":"https:\/\/welovecinema.be\/fr\/evenements\/teff\/#breadcrumb","itemListElement":[{"@type":"ListItem","position":1,"name":"Accueil","item":"https:\/\/welovecinema.be\/fr\/"},{"@type":"ListItem","position":2,"name":"Ev\u00e9nements","item":"https:\/\/welovecinema.be\/fr\/evenements\/"},{"@type":"ListItem","position":3,"name":"TEFF"}]},{"@type":"WebSite","@id":"https:\/\/welovecinema.be\/nl\/#website","url":"https:\/\/welovecinema.be\/nl\/","name":"We Love Cinema","description":"Toute l\u2019information du cin\u00e9ma en Belgique","publisher":{"@id":"https:\/\/welovecinema.be\/nl\/#organization"},"potentialAction":[{"@type":"SearchAction","target":{"@type":"EntryPoint","urlTemplate":"https:\/\/welovecinema.be\/nl\/?s={search_term_string}"},"query-input":"required name=search_term_string"}],"inLanguage":"fr-FR"},{"@type":"Organization","@id":"https:\/\/welovecinema.be\/nl\/#organization","name":"We Love Cinema","url":"https:\/\/welovecinema.be\/nl\/","logo":{"@type":"ImageObject","inLanguage":"fr-FR","@id":"https:\/\/welovecinema.be\/nl\/#\/schema\/logo\/image\/","url":"https:\/\/welovecinema.be\/wp-content\/uploads\/sites\/2\/2023\/03\/Logo-We-Love-Cinema305x128.jpg","contentUrl":"https:\/\/welovecinema.be\/wp-content\/uploads\/sites\/2\/2023\/03\/Logo-We-Love-Cinema305x128.jpg","width":305,"height":128,"caption":"We Love Cinema"},"image":{"@id":"https:\/\/welovecinema.be\/nl\/#\/schema\/logo\/image\/"},"sameAs":["https:\/\/www.facebook.com\/welovecinema.be","https:\/\/www.youtube.com\/channel\/UCX5LYGVhnKvYauW4Nta4HJA","https:\/\/www.instagram.com\/welovecinema.be\/"]}]}},"_links":{"self":[{"href":"https:\/\/welovecinema.be\/fr\/wp-json\/wp\/v2\/pages\/249118","targetHints":{"allow":["GET"]}}],"collection":[{"href":"https:\/\/welovecinema.be\/fr\/wp-json\/wp\/v2\/pages"}],"about":[{"href":"https:\/\/welovecinema.be\/fr\/wp-json\/wp\/v2\/types\/page"}],"author":[{"embeddable":true,"href":"https:\/\/welovecinema.be\/fr\/wp-json\/wp\/v2\/users\/339"}],"replies":[{"embeddable":true,"href":"https:\/\/welovecinema.be\/fr\/wp-json\/wp\/v2\/comments?post=249118"}],"version-history":[{"count":6,"href":"https:\/\/welovecinema.be\/fr\/wp-json\/wp\/v2\/pages\/249118\/revisions"}],"predecessor-version":[{"id":268588,"href":"https:\/\/welovecinema.be\/fr\/wp-json\/wp\/v2\/pages\/249118\/revisions\/268588"}],"up":[{"embeddable":true,"href":"https:\/\/welovecinema.be\/fr\/wp-json\/wp\/v2\/pages\/249025"}],"wp:attachment":[{"href":"https:\/\/welovecinema.be\/fr\/wp-json\/wp\/v2\/media?parent=249118"}],"curies":[{"name":"wp","href":"https:\/\/api.w.org\/{rel}","templated":true}]}}