{"id":249116,"date":"2023-03-28T17:21:09","date_gmt":"2023-03-28T15:21:09","guid":{"rendered":"https:\/\/welovecinema.be\/?page_id=249116"},"modified":"2025-10-23T11:28:16","modified_gmt":"2025-10-23T09:28:16","slug":"ramdam-festival","status":"publish","type":"page","link":"https:\/\/welovecinema.be\/fr\/evenements\/ramdam-festival\/","title":{"rendered":"Ramdam Festival"},"content":{"rendered":"<h4>&nbsp;<img loading=\"lazy\" decoding=\"async\" class=\" wp-image-268464 alignright\" src=\"https:\/\/welovecinema.be\/wp-content\/uploads\/sites\/2\/2025\/10\/ram.png\" alt=\"\" width=\"188\" height=\"152\">Tournai Ramdam Festival \u2013 Le Festival du film qui d\u00e9range<\/h4>\n<p><strong>La 15\u00e8me \u00e9dition a lieu du 16 <\/strong><strong>au 26 janvier 2026 \u00e0 Imagix Tournai.<\/strong><\/p>\n<p>Cr\u00e9\u00e9 en 2010, le Ramdam Festival se d\u00e9finit comme \u00e9tant<strong> \u00ab le festival du film qui d\u00e9range \u00bb<\/strong>. Chaque ann\u00e9e, pour lancer officiellement le Festival, les organisateurs proposent un premier rendez-vous aux festivaliers, une soir\u00e9e de pr\u00e9-lancement avec un film en avant-premi\u00e8re, dans le courant du mois d&rsquo;octobre ou novembre.<\/p>\n<p>Pour chaque cat\u00e9gorie, <strong>Fiction, Documentaire, Courts-m\u00e9trages et Ramdam<\/strong> de l&rsquo;ann\u00e9e, le public vote pour le meilleur film et le film le plus d\u00e9rangeant. \u201cQui d\u00e9range\u201d dans le sens de qui remue, questionne, suscite \u00e9cho et d\u00e9bat, interpelle, chambarde, \u00e9meut, fait r\u00e9fl\u00e9chir, trouble, g\u00eane, choque, importune, transgresse, bref, fait du barouf, du raffut, du vacarme, avec toutes les nuances que la production d\u2019un son comporte : du plus sourd au plus criant, du plus tapageur au plus m\u00e9lodieux, du plus obs\u00e9dant au plus limpide. Pour le plus grand b\u00e9n\u00e9fice de l\u2019esprit critique de \u00ab spectacteur \u00bb.<\/p>\n<p>Au programme, des films d\u2019aujourd\u2019hui, mais aussi d\u2019hier, refl\u00e9tant le monde d\u2019ici et d\u2019ailleurs et disant, dans toutes les langues, quelque chose de la marche de l\u2019humanit\u00e9 qu\u2019il est urgent d\u2019entendre, de voir, \u2026 et de ne pas oublier.<\/p>\n<p>D\u00e9couvrez <a href=\"https:\/\/www.ramdamfestival.be\/edition-2025\/\">ici<\/a> la programmation de 2025.<\/p>\n","protected":false},"excerpt":{"rendered":"<p>&nbsp;Tournai Ramdam Festival \u2013 Le Festival du film qui d\u00e9range La 15\u00e8me \u00e9dition a lieu du 16 au 26 janvier 2026 \u00e0 Imagix Tournai. Cr\u00e9\u00e9 en 2010, le Ramdam Festival se d\u00e9finit comme \u00e9tant \u00ab le festival du film qui d\u00e9range \u00bb. Chaque ann\u00e9e, pour lancer officiellement le Festival, les organisateurs proposent un premier rendez-vous &hellip;<\/p>\n","protected":false},"author":339,"featured_media":0,"parent":249025,"menu_order":0,"comment_status":"closed","ping_status":"closed","template":"","meta":{"ngg_post_thumbnail":0,"footnotes":""},"class_list":["post-249116","page","type-page","status-publish",""],"yoast_head":"<!-- This site is optimized with the Yoast SEO plugin v20.4 - https:\/\/yoast.com\/wordpress\/plugins\/seo\/ -->\n<title>Ramdam Festival - We Love Cinema<\/title>\n<meta name=\"robots\" content=\"index, follow, max-snippet:-1, max-image-preview:large, max-video-preview:-1\" \/>\n<link rel=\"canonical\" href=\"https:\/\/welovecinema.be\/fr\/evenements\/ramdam-festival\/\" \/>\n<meta property=\"og:locale\" content=\"fr_FR\" \/>\n<meta property=\"og:type\" content=\"article\" \/>\n<meta property=\"og:title\" content=\"Ramdam Festival - We Love Cinema\" \/>\n<meta property=\"og:description\" content=\"&nbsp;Tournai Ramdam Festival \u2013 Le Festival du film qui d\u00e9range La 15\u00e8me \u00e9dition a lieu du 16 au 26 janvier 2026 \u00e0 Imagix Tournai. Cr\u00e9\u00e9 en 2010, le Ramdam Festival se d\u00e9finit comme \u00e9tant \u00ab le festival du film qui d\u00e9range \u00bb. Chaque ann\u00e9e, pour lancer officiellement le Festival, les organisateurs proposent un premier rendez-vous &hellip;\" \/>\n<meta property=\"og:url\" content=\"https:\/\/welovecinema.be\/fr\/evenements\/ramdam-festival\/\" \/>\n<meta property=\"og:site_name\" content=\"We Love Cinema\" \/>\n<meta property=\"article:publisher\" content=\"https:\/\/www.facebook.com\/welovecinema.be\" \/>\n<meta property=\"article:modified_time\" content=\"2025-10-23T09:28:16+00:00\" \/>\n<meta property=\"og:image\" content=\"https:\/\/welovecinema.be\/wp-content\/uploads\/sites\/2\/2025\/10\/ram.png\" \/>\n<meta name=\"twitter:card\" content=\"summary_large_image\" \/>\n<meta name=\"twitter:label1\" content=\"Dur\u00e9e de lecture estim\u00e9e\" \/>\n\t<meta name=\"twitter:data1\" content=\"2 minutes\" \/>\n<script type=\"application\/ld+json\" class=\"yoast-schema-graph\">{\"@context\":\"https:\/\/schema.org\",\"@graph\":[{\"@type\":\"WebPage\",\"@id\":\"https:\/\/welovecinema.be\/fr\/evenements\/ramdam-festival\/\",\"url\":\"https:\/\/welovecinema.be\/fr\/evenements\/ramdam-festival\/\",\"name\":\"Ramdam Festival - We Love Cinema\",\"isPartOf\":{\"@id\":\"https:\/\/welovecinema.be\/nl\/#website\"},\"datePublished\":\"2023-03-28T15:21:09+00:00\",\"dateModified\":\"2025-10-23T09:28:16+00:00\",\"breadcrumb\":{\"@id\":\"https:\/\/welovecinema.be\/fr\/evenements\/ramdam-festival\/#breadcrumb\"},\"inLanguage\":\"fr-FR\",\"potentialAction\":[{\"@type\":\"ReadAction\",\"target\":[\"https:\/\/welovecinema.be\/fr\/evenements\/ramdam-festival\/\"]}]},{\"@type\":\"BreadcrumbList\",\"@id\":\"https:\/\/welovecinema.be\/fr\/evenements\/ramdam-festival\/#breadcrumb\",\"itemListElement\":[{\"@type\":\"ListItem\",\"position\":1,\"name\":\"Accueil\",\"item\":\"https:\/\/welovecinema.be\/fr\/\"},{\"@type\":\"ListItem\",\"position\":2,\"name\":\"Ev\u00e9nements\",\"item\":\"https:\/\/welovecinema.be\/fr\/evenements\/\"},{\"@type\":\"ListItem\",\"position\":3,\"name\":\"Ramdam Festival\"}]},{\"@type\":\"WebSite\",\"@id\":\"https:\/\/welovecinema.be\/nl\/#website\",\"url\":\"https:\/\/welovecinema.be\/nl\/\",\"name\":\"We Love Cinema\",\"description\":\"Toute l\u2019information du cin\u00e9ma en Belgique\",\"publisher\":{\"@id\":\"https:\/\/welovecinema.be\/nl\/#organization\"},\"potentialAction\":[{\"@type\":\"SearchAction\",\"target\":{\"@type\":\"EntryPoint\",\"urlTemplate\":\"https:\/\/welovecinema.be\/nl\/?s={search_term_string}\"},\"query-input\":\"required name=search_term_string\"}],\"inLanguage\":\"fr-FR\"},{\"@type\":\"Organization\",\"@id\":\"https:\/\/welovecinema.be\/nl\/#organization\",\"name\":\"We Love Cinema\",\"url\":\"https:\/\/welovecinema.be\/nl\/\",\"logo\":{\"@type\":\"ImageObject\",\"inLanguage\":\"fr-FR\",\"@id\":\"https:\/\/welovecinema.be\/nl\/#\/schema\/logo\/image\/\",\"url\":\"https:\/\/welovecinema.be\/wp-content\/uploads\/sites\/2\/2023\/03\/Logo-We-Love-Cinema305x128.jpg\",\"contentUrl\":\"https:\/\/welovecinema.be\/wp-content\/uploads\/sites\/2\/2023\/03\/Logo-We-Love-Cinema305x128.jpg\",\"width\":305,\"height\":128,\"caption\":\"We Love Cinema\"},\"image\":{\"@id\":\"https:\/\/welovecinema.be\/nl\/#\/schema\/logo\/image\/\"},\"sameAs\":[\"https:\/\/www.facebook.com\/welovecinema.be\",\"https:\/\/www.youtube.com\/channel\/UCX5LYGVhnKvYauW4Nta4HJA\",\"https:\/\/www.instagram.com\/welovecinema.be\/\"]}]}<\/script>\n<!-- \/ Yoast SEO plugin. -->","yoast_head_json":{"title":"Ramdam Festival - We Love Cinema","robots":{"index":"index","follow":"follow","max-snippet":"max-snippet:-1","max-image-preview":"max-image-preview:large","max-video-preview":"max-video-preview:-1"},"canonical":"https:\/\/welovecinema.be\/fr\/evenements\/ramdam-festival\/","og_locale":"fr_FR","og_type":"article","og_title":"Ramdam Festival - We Love Cinema","og_description":"&nbsp;Tournai Ramdam Festival \u2013 Le Festival du film qui d\u00e9range La 15\u00e8me \u00e9dition a lieu du 16 au 26 janvier 2026 \u00e0 Imagix Tournai. Cr\u00e9\u00e9 en 2010, le Ramdam Festival se d\u00e9finit comme \u00e9tant \u00ab le festival du film qui d\u00e9range \u00bb. Chaque ann\u00e9e, pour lancer officiellement le Festival, les organisateurs proposent un premier rendez-vous &hellip;","og_url":"https:\/\/welovecinema.be\/fr\/evenements\/ramdam-festival\/","og_site_name":"We Love Cinema","article_publisher":"https:\/\/www.facebook.com\/welovecinema.be","article_modified_time":"2025-10-23T09:28:16+00:00","og_image":[{"url":"https:\/\/welovecinema.be\/wp-content\/uploads\/sites\/2\/2025\/10\/ram.png"}],"twitter_card":"summary_large_image","twitter_misc":{"Dur\u00e9e de lecture estim\u00e9e":"2 minutes"},"schema":{"@context":"https:\/\/schema.org","@graph":[{"@type":"WebPage","@id":"https:\/\/welovecinema.be\/fr\/evenements\/ramdam-festival\/","url":"https:\/\/welovecinema.be\/fr\/evenements\/ramdam-festival\/","name":"Ramdam Festival - We Love Cinema","isPartOf":{"@id":"https:\/\/welovecinema.be\/nl\/#website"},"datePublished":"2023-03-28T15:21:09+00:00","dateModified":"2025-10-23T09:28:16+00:00","breadcrumb":{"@id":"https:\/\/welovecinema.be\/fr\/evenements\/ramdam-festival\/#breadcrumb"},"inLanguage":"fr-FR","potentialAction":[{"@type":"ReadAction","target":["https:\/\/welovecinema.be\/fr\/evenements\/ramdam-festival\/"]}]},{"@type":"BreadcrumbList","@id":"https:\/\/welovecinema.be\/fr\/evenements\/ramdam-festival\/#breadcrumb","itemListElement":[{"@type":"ListItem","position":1,"name":"Accueil","item":"https:\/\/welovecinema.be\/fr\/"},{"@type":"ListItem","position":2,"name":"Ev\u00e9nements","item":"https:\/\/welovecinema.be\/fr\/evenements\/"},{"@type":"ListItem","position":3,"name":"Ramdam Festival"}]},{"@type":"WebSite","@id":"https:\/\/welovecinema.be\/nl\/#website","url":"https:\/\/welovecinema.be\/nl\/","name":"We Love Cinema","description":"Toute l\u2019information du cin\u00e9ma en Belgique","publisher":{"@id":"https:\/\/welovecinema.be\/nl\/#organization"},"potentialAction":[{"@type":"SearchAction","target":{"@type":"EntryPoint","urlTemplate":"https:\/\/welovecinema.be\/nl\/?s={search_term_string}"},"query-input":"required name=search_term_string"}],"inLanguage":"fr-FR"},{"@type":"Organization","@id":"https:\/\/welovecinema.be\/nl\/#organization","name":"We Love Cinema","url":"https:\/\/welovecinema.be\/nl\/","logo":{"@type":"ImageObject","inLanguage":"fr-FR","@id":"https:\/\/welovecinema.be\/nl\/#\/schema\/logo\/image\/","url":"https:\/\/welovecinema.be\/wp-content\/uploads\/sites\/2\/2023\/03\/Logo-We-Love-Cinema305x128.jpg","contentUrl":"https:\/\/welovecinema.be\/wp-content\/uploads\/sites\/2\/2023\/03\/Logo-We-Love-Cinema305x128.jpg","width":305,"height":128,"caption":"We Love Cinema"},"image":{"@id":"https:\/\/welovecinema.be\/nl\/#\/schema\/logo\/image\/"},"sameAs":["https:\/\/www.facebook.com\/welovecinema.be","https:\/\/www.youtube.com\/channel\/UCX5LYGVhnKvYauW4Nta4HJA","https:\/\/www.instagram.com\/welovecinema.be\/"]}]}},"_links":{"self":[{"href":"https:\/\/welovecinema.be\/fr\/wp-json\/wp\/v2\/pages\/249116","targetHints":{"allow":["GET"]}}],"collection":[{"href":"https:\/\/welovecinema.be\/fr\/wp-json\/wp\/v2\/pages"}],"about":[{"href":"https:\/\/welovecinema.be\/fr\/wp-json\/wp\/v2\/types\/page"}],"author":[{"embeddable":true,"href":"https:\/\/welovecinema.be\/fr\/wp-json\/wp\/v2\/users\/339"}],"replies":[{"embeddable":true,"href":"https:\/\/welovecinema.be\/fr\/wp-json\/wp\/v2\/comments?post=249116"}],"version-history":[{"count":8,"href":"https:\/\/welovecinema.be\/fr\/wp-json\/wp\/v2\/pages\/249116\/revisions"}],"predecessor-version":[{"id":268583,"href":"https:\/\/welovecinema.be\/fr\/wp-json\/wp\/v2\/pages\/249116\/revisions\/268583"}],"up":[{"embeddable":true,"href":"https:\/\/welovecinema.be\/fr\/wp-json\/wp\/v2\/pages\/249025"}],"wp:attachment":[{"href":"https:\/\/welovecinema.be\/fr\/wp-json\/wp\/v2\/media?parent=249116"}],"curies":[{"name":"wp","href":"https:\/\/api.w.org\/{rel}","templated":true}]}}