{"id":249114,"date":"2023-03-28T17:19:22","date_gmt":"2023-03-28T15:19:22","guid":{"rendered":"https:\/\/welovecinema.be\/?page_id=249114"},"modified":"2025-10-20T15:52:52","modified_gmt":"2025-10-20T13:52:52","slug":"pink-screens","status":"publish","type":"page","link":"https:\/\/welovecinema.be\/fr\/pink-screens\/","title":{"rendered":"Pink Screens"},"content":{"rendered":"<h4><img loading=\"lazy\" decoding=\"async\" class=\" wp-image-268416 alignright\" src=\"https:\/\/welovecinema.be\/wp-content\/uploads\/sites\/2\/2025\/10\/Pink-screen.png\" alt=\"\" width=\"173\" height=\"140\">Pink Screens Film Festival<\/h4>\n<p><strong>La 24\u00e8me&nbsp; \u00e9dition a lieu du 30 octobre au 10 novembre 2025 \u00e0 Bruxelles.<\/strong><\/p>\n<p>Chaque ann\u00e9e, le Pink Screens Film Festival, c\u2019est <strong>dix jours de pur plaisir, de films \u00e0 foison, d\u2019expos et aussi de soir\u00e9es dont l\u2019incontournable Pink Night en cl\u00f4ture<\/strong>. Dix jours pour prendre d\u2019assaut et d\u00e9construire les binarit\u00e9s : femmes\/hommes, masculin\/f\u00e9minin, homo\/h\u00e9t\u00e9ro, gouines\/p\u00e9d\u00e9s, trans\/bio&#8230; Cela se passe au cin\u00e9ma Nova, haut lieu alternatif de la sc\u00e8ne bruxelloise, qui se pare pour l\u2019occasion des couleurs du festival et dont la souplesse au niveau des formats pouvant \u00eatre projet\u00e9s sied \u00e0 merveille \u00e0 l\u2019esprit frondeur du festival. Chaque \u00e9dition invite \u00e0 d\u00e9couvrir <strong>courts et longs m\u00e9trage, fictions, documentaires et exp\u00e9rimentaux, d\u2019ici et d\u2019ailleurs,<\/strong> avec toujours la qualit\u00e9 au rendez-vous,<strong> mais aussi des films d\u00e9concertants et impertinents.<\/strong><\/p>\n<p>&nbsp;<\/p>\n","protected":false},"excerpt":{"rendered":"<p>Pink Screens Film Festival La 24\u00e8me&nbsp; \u00e9dition a lieu du 30 octobre au 10 novembre 2025 \u00e0 Bruxelles. Chaque ann\u00e9e, le Pink Screens Film Festival, c\u2019est dix jours de pur plaisir, de films \u00e0 foison, d\u2019expos et aussi de soir\u00e9es dont l\u2019incontournable Pink Night en cl\u00f4ture. Dix jours pour prendre d\u2019assaut et d\u00e9construire les binarit\u00e9s &hellip;<\/p>\n","protected":false},"author":339,"featured_media":0,"parent":0,"menu_order":0,"comment_status":"closed","ping_status":"closed","template":"","meta":{"ngg_post_thumbnail":0,"footnotes":""},"class_list":["post-249114","page","type-page","status-publish",""],"yoast_head":"<!-- This site is optimized with the Yoast SEO plugin v20.4 - https:\/\/yoast.com\/wordpress\/plugins\/seo\/ -->\n<title>Pink Screens - We Love Cinema<\/title>\n<meta name=\"robots\" content=\"index, follow, max-snippet:-1, max-image-preview:large, max-video-preview:-1\" \/>\n<link rel=\"canonical\" href=\"https:\/\/welovecinema.be\/fr\/pink-screens\/\" \/>\n<meta property=\"og:locale\" content=\"fr_FR\" \/>\n<meta property=\"og:type\" content=\"article\" \/>\n<meta property=\"og:title\" content=\"Pink Screens - We Love Cinema\" \/>\n<meta property=\"og:description\" content=\"Pink Screens Film Festival La 24\u00e8me&nbsp; \u00e9dition a lieu du 30 octobre au 10 novembre 2025 \u00e0 Bruxelles. Chaque ann\u00e9e, le Pink Screens Film Festival, c\u2019est dix jours de pur plaisir, de films \u00e0 foison, d\u2019expos et aussi de soir\u00e9es dont l\u2019incontournable Pink Night en cl\u00f4ture. Dix jours pour prendre d\u2019assaut et d\u00e9construire les binarit\u00e9s &hellip;\" \/>\n<meta property=\"og:url\" content=\"https:\/\/welovecinema.be\/fr\/pink-screens\/\" \/>\n<meta property=\"og:site_name\" content=\"We Love Cinema\" \/>\n<meta property=\"article:publisher\" content=\"https:\/\/www.facebook.com\/welovecinema.be\" \/>\n<meta property=\"article:modified_time\" content=\"2025-10-20T13:52:52+00:00\" \/>\n<meta property=\"og:image\" content=\"https:\/\/welovecinema.be\/wp-content\/uploads\/sites\/2\/2025\/10\/Pink-screen.png\" \/>\n<meta name=\"twitter:card\" content=\"summary_large_image\" \/>\n<meta name=\"twitter:label1\" content=\"Dur\u00e9e de lecture estim\u00e9e\" \/>\n\t<meta name=\"twitter:data1\" content=\"1 minute\" \/>\n<script type=\"application\/ld+json\" class=\"yoast-schema-graph\">{\"@context\":\"https:\/\/schema.org\",\"@graph\":[{\"@type\":\"WebPage\",\"@id\":\"https:\/\/welovecinema.be\/fr\/pink-screens\/\",\"url\":\"https:\/\/welovecinema.be\/fr\/pink-screens\/\",\"name\":\"Pink Screens - We Love Cinema\",\"isPartOf\":{\"@id\":\"https:\/\/welovecinema.be\/nl\/#website\"},\"datePublished\":\"2023-03-28T15:19:22+00:00\",\"dateModified\":\"2025-10-20T13:52:52+00:00\",\"breadcrumb\":{\"@id\":\"https:\/\/welovecinema.be\/fr\/pink-screens\/#breadcrumb\"},\"inLanguage\":\"fr-FR\",\"potentialAction\":[{\"@type\":\"ReadAction\",\"target\":[\"https:\/\/welovecinema.be\/fr\/pink-screens\/\"]}]},{\"@type\":\"BreadcrumbList\",\"@id\":\"https:\/\/welovecinema.be\/fr\/pink-screens\/#breadcrumb\",\"itemListElement\":[{\"@type\":\"ListItem\",\"position\":1,\"name\":\"Accueil\",\"item\":\"https:\/\/welovecinema.be\/fr\/\"},{\"@type\":\"ListItem\",\"position\":2,\"name\":\"Pink Screens\"}]},{\"@type\":\"WebSite\",\"@id\":\"https:\/\/welovecinema.be\/nl\/#website\",\"url\":\"https:\/\/welovecinema.be\/nl\/\",\"name\":\"We Love Cinema\",\"description\":\"Toute l\u2019information du cin\u00e9ma en Belgique\",\"publisher\":{\"@id\":\"https:\/\/welovecinema.be\/nl\/#organization\"},\"potentialAction\":[{\"@type\":\"SearchAction\",\"target\":{\"@type\":\"EntryPoint\",\"urlTemplate\":\"https:\/\/welovecinema.be\/nl\/?s={search_term_string}\"},\"query-input\":\"required name=search_term_string\"}],\"inLanguage\":\"fr-FR\"},{\"@type\":\"Organization\",\"@id\":\"https:\/\/welovecinema.be\/nl\/#organization\",\"name\":\"We Love Cinema\",\"url\":\"https:\/\/welovecinema.be\/nl\/\",\"logo\":{\"@type\":\"ImageObject\",\"inLanguage\":\"fr-FR\",\"@id\":\"https:\/\/welovecinema.be\/nl\/#\/schema\/logo\/image\/\",\"url\":\"https:\/\/welovecinema.be\/wp-content\/uploads\/sites\/2\/2023\/03\/Logo-We-Love-Cinema305x128.jpg\",\"contentUrl\":\"https:\/\/welovecinema.be\/wp-content\/uploads\/sites\/2\/2023\/03\/Logo-We-Love-Cinema305x128.jpg\",\"width\":305,\"height\":128,\"caption\":\"We Love Cinema\"},\"image\":{\"@id\":\"https:\/\/welovecinema.be\/nl\/#\/schema\/logo\/image\/\"},\"sameAs\":[\"https:\/\/www.facebook.com\/welovecinema.be\",\"https:\/\/www.youtube.com\/channel\/UCX5LYGVhnKvYauW4Nta4HJA\",\"https:\/\/www.instagram.com\/welovecinema.be\/\"]}]}<\/script>\n<!-- \/ Yoast SEO plugin. -->","yoast_head_json":{"title":"Pink Screens - We Love Cinema","robots":{"index":"index","follow":"follow","max-snippet":"max-snippet:-1","max-image-preview":"max-image-preview:large","max-video-preview":"max-video-preview:-1"},"canonical":"https:\/\/welovecinema.be\/fr\/pink-screens\/","og_locale":"fr_FR","og_type":"article","og_title":"Pink Screens - We Love Cinema","og_description":"Pink Screens Film Festival La 24\u00e8me&nbsp; \u00e9dition a lieu du 30 octobre au 10 novembre 2025 \u00e0 Bruxelles. Chaque ann\u00e9e, le Pink Screens Film Festival, c\u2019est dix jours de pur plaisir, de films \u00e0 foison, d\u2019expos et aussi de soir\u00e9es dont l\u2019incontournable Pink Night en cl\u00f4ture. Dix jours pour prendre d\u2019assaut et d\u00e9construire les binarit\u00e9s &hellip;","og_url":"https:\/\/welovecinema.be\/fr\/pink-screens\/","og_site_name":"We Love Cinema","article_publisher":"https:\/\/www.facebook.com\/welovecinema.be","article_modified_time":"2025-10-20T13:52:52+00:00","og_image":[{"url":"https:\/\/welovecinema.be\/wp-content\/uploads\/sites\/2\/2025\/10\/Pink-screen.png"}],"twitter_card":"summary_large_image","twitter_misc":{"Dur\u00e9e de lecture estim\u00e9e":"1 minute"},"schema":{"@context":"https:\/\/schema.org","@graph":[{"@type":"WebPage","@id":"https:\/\/welovecinema.be\/fr\/pink-screens\/","url":"https:\/\/welovecinema.be\/fr\/pink-screens\/","name":"Pink Screens - We Love Cinema","isPartOf":{"@id":"https:\/\/welovecinema.be\/nl\/#website"},"datePublished":"2023-03-28T15:19:22+00:00","dateModified":"2025-10-20T13:52:52+00:00","breadcrumb":{"@id":"https:\/\/welovecinema.be\/fr\/pink-screens\/#breadcrumb"},"inLanguage":"fr-FR","potentialAction":[{"@type":"ReadAction","target":["https:\/\/welovecinema.be\/fr\/pink-screens\/"]}]},{"@type":"BreadcrumbList","@id":"https:\/\/welovecinema.be\/fr\/pink-screens\/#breadcrumb","itemListElement":[{"@type":"ListItem","position":1,"name":"Accueil","item":"https:\/\/welovecinema.be\/fr\/"},{"@type":"ListItem","position":2,"name":"Pink Screens"}]},{"@type":"WebSite","@id":"https:\/\/welovecinema.be\/nl\/#website","url":"https:\/\/welovecinema.be\/nl\/","name":"We Love Cinema","description":"Toute l\u2019information du cin\u00e9ma en Belgique","publisher":{"@id":"https:\/\/welovecinema.be\/nl\/#organization"},"potentialAction":[{"@type":"SearchAction","target":{"@type":"EntryPoint","urlTemplate":"https:\/\/welovecinema.be\/nl\/?s={search_term_string}"},"query-input":"required name=search_term_string"}],"inLanguage":"fr-FR"},{"@type":"Organization","@id":"https:\/\/welovecinema.be\/nl\/#organization","name":"We Love Cinema","url":"https:\/\/welovecinema.be\/nl\/","logo":{"@type":"ImageObject","inLanguage":"fr-FR","@id":"https:\/\/welovecinema.be\/nl\/#\/schema\/logo\/image\/","url":"https:\/\/welovecinema.be\/wp-content\/uploads\/sites\/2\/2023\/03\/Logo-We-Love-Cinema305x128.jpg","contentUrl":"https:\/\/welovecinema.be\/wp-content\/uploads\/sites\/2\/2023\/03\/Logo-We-Love-Cinema305x128.jpg","width":305,"height":128,"caption":"We Love Cinema"},"image":{"@id":"https:\/\/welovecinema.be\/nl\/#\/schema\/logo\/image\/"},"sameAs":["https:\/\/www.facebook.com\/welovecinema.be","https:\/\/www.youtube.com\/channel\/UCX5LYGVhnKvYauW4Nta4HJA","https:\/\/www.instagram.com\/welovecinema.be\/"]}]}},"_links":{"self":[{"href":"https:\/\/welovecinema.be\/fr\/wp-json\/wp\/v2\/pages\/249114","targetHints":{"allow":["GET"]}}],"collection":[{"href":"https:\/\/welovecinema.be\/fr\/wp-json\/wp\/v2\/pages"}],"about":[{"href":"https:\/\/welovecinema.be\/fr\/wp-json\/wp\/v2\/types\/page"}],"author":[{"embeddable":true,"href":"https:\/\/welovecinema.be\/fr\/wp-json\/wp\/v2\/users\/339"}],"replies":[{"embeddable":true,"href":"https:\/\/welovecinema.be\/fr\/wp-json\/wp\/v2\/comments?post=249114"}],"version-history":[{"count":6,"href":"https:\/\/welovecinema.be\/fr\/wp-json\/wp\/v2\/pages\/249114\/revisions"}],"predecessor-version":[{"id":268462,"href":"https:\/\/welovecinema.be\/fr\/wp-json\/wp\/v2\/pages\/249114\/revisions\/268462"}],"wp:attachment":[{"href":"https:\/\/welovecinema.be\/fr\/wp-json\/wp\/v2\/media?parent=249114"}],"curies":[{"name":"wp","href":"https:\/\/api.w.org\/{rel}","templated":true}]}}