{"id":249106,"date":"2023-03-28T17:14:18","date_gmt":"2023-03-28T15:14:18","guid":{"rendered":"https:\/\/welovecinema.be\/?page_id=249106"},"modified":"2025-10-20T15:35:12","modified_gmt":"2025-10-20T13:35:12","slug":"les-magritte-du-cinema","status":"publish","type":"page","link":"https:\/\/welovecinema.be\/fr\/evenements\/les-magritte-du-cinema\/","title":{"rendered":"Les Magritte du Cin\u00e9ma"},"content":{"rendered":"<p><img loading=\"lazy\" decoding=\"async\" class=\"wp-image-256448 size-full alignright\" src=\"https:\/\/welovecinema.be\/wp-content\/uploads\/sites\/2\/2024\/01\/Magritte.png\" alt=\"\" width=\"296\" height=\"133\"><strong>La 14e c\u00e9r\u00e9monie des Magritte du Cin\u00e9ma a lieu le 22 f\u00e9vrier 2025 \u00e0 Flagey.<\/strong><\/p>\n<p>Cr\u00e9es en 2011, Les Magritte du Cin\u00e9ma sont des <strong>r\u00e9compenses cin\u00e9matographiques remises annuellement en f\u00e9vrier \u00e0 des professionnels du cin\u00e9ma dans diverses cat\u00e9gories pour saluer l&rsquo;excellence des productions du cin\u00e9ma belge francophone.<\/strong><\/p>\n<p>La Ce\u0301re\u0301monie des Magritte du Cine\u0301ma inaugure la saison annuelle des remises de prix cine\u0301matographiques des acade\u0301mies nationales, en pre\u0301ce\u0301dant, entre autres, les prestigieuses Ce\u0301re\u0301monies des Ce\u0301sar, Oscars et BAFTA. Les Magritte du Cin\u00e9ma sont le pendant francophone des Ensors du cin\u00e9ma flamand, qui se tiennent \u00e0 quelques semaines d&rsquo;intervalle.<br \/>\nEn plus de 10 ans, la remise des Magritte du Cin\u00e9ma est l\u2019un des rendez-vous les plus important de la promotion du cin\u00e9ma belge francophone et, plus globalement, un \u00e9v\u00e9nement attendu dans l\u2019agenda culturel belge. L\u2019Acad\u00e9mie est aussi manifestement parvenue \u00e0 toucher des publics vari\u00e9s, brassant ensemble les professionnels du cin\u00e9ma, des m\u00e9dias mais aussi \u00e0 atteindre son objectif initial qui \u00e9tait d\u2019inviter le grand public \u00e0 s\u2019int\u00e9resser \u00e0 son cin\u00e9ma.<\/p>\n<p>D\u00e9couvez <a href=\"https:\/\/lesmagritteducinema.com\/catalogue_2025\/\">ici<\/a> la s\u00e9lection 2025.<\/p>\n","protected":false},"excerpt":{"rendered":"<p>La 14e c\u00e9r\u00e9monie des Magritte du Cin\u00e9ma a lieu le 22 f\u00e9vrier 2025 \u00e0 Flagey. Cr\u00e9es en 2011, Les Magritte du Cin\u00e9ma sont des r\u00e9compenses cin\u00e9matographiques remises annuellement en f\u00e9vrier \u00e0 des professionnels du cin\u00e9ma dans diverses cat\u00e9gories pour saluer l&rsquo;excellence des productions du cin\u00e9ma belge francophone. La Ce\u0301re\u0301monie des Magritte du Cine\u0301ma inaugure la &hellip;<\/p>\n","protected":false},"author":339,"featured_media":0,"parent":249025,"menu_order":0,"comment_status":"closed","ping_status":"closed","template":"","meta":{"ngg_post_thumbnail":0,"footnotes":""},"class_list":["post-249106","page","type-page","status-publish",""],"yoast_head":"<!-- This site is optimized with the Yoast SEO plugin v20.4 - https:\/\/yoast.com\/wordpress\/plugins\/seo\/ -->\n<title>Les Magritte du Cin\u00e9ma - We Love Cinema<\/title>\n<meta name=\"robots\" content=\"index, follow, max-snippet:-1, max-image-preview:large, max-video-preview:-1\" \/>\n<link rel=\"canonical\" href=\"https:\/\/welovecinema.be\/fr\/evenements\/les-magritte-du-cinema\/\" \/>\n<meta property=\"og:locale\" content=\"fr_FR\" \/>\n<meta property=\"og:type\" content=\"article\" \/>\n<meta property=\"og:title\" content=\"Les Magritte du Cin\u00e9ma - We Love Cinema\" \/>\n<meta property=\"og:description\" content=\"La 14e c\u00e9r\u00e9monie des Magritte du Cin\u00e9ma a lieu le 22 f\u00e9vrier 2025 \u00e0 Flagey. Cr\u00e9es en 2011, Les Magritte du Cin\u00e9ma sont des r\u00e9compenses cin\u00e9matographiques remises annuellement en f\u00e9vrier \u00e0 des professionnels du cin\u00e9ma dans diverses cat\u00e9gories pour saluer l&rsquo;excellence des productions du cin\u00e9ma belge francophone. La Ce\u0301re\u0301monie des Magritte du Cine\u0301ma inaugure la &hellip;\" \/>\n<meta property=\"og:url\" content=\"https:\/\/welovecinema.be\/fr\/evenements\/les-magritte-du-cinema\/\" \/>\n<meta property=\"og:site_name\" content=\"We Love Cinema\" \/>\n<meta property=\"article:publisher\" content=\"https:\/\/www.facebook.com\/welovecinema.be\" \/>\n<meta property=\"article:modified_time\" content=\"2025-10-20T13:35:12+00:00\" \/>\n<meta property=\"og:image\" content=\"https:\/\/welovecinema.be\/wp-content\/uploads\/sites\/2\/2024\/01\/Magritte.png\" \/>\n<meta name=\"twitter:card\" content=\"summary_large_image\" \/>\n<meta name=\"twitter:label1\" content=\"Dur\u00e9e de lecture estim\u00e9e\" \/>\n\t<meta name=\"twitter:data1\" content=\"2 minutes\" \/>\n<script type=\"application\/ld+json\" class=\"yoast-schema-graph\">{\"@context\":\"https:\/\/schema.org\",\"@graph\":[{\"@type\":\"WebPage\",\"@id\":\"https:\/\/welovecinema.be\/fr\/evenements\/les-magritte-du-cinema\/\",\"url\":\"https:\/\/welovecinema.be\/fr\/evenements\/les-magritte-du-cinema\/\",\"name\":\"Les Magritte du Cin\u00e9ma - We Love Cinema\",\"isPartOf\":{\"@id\":\"https:\/\/welovecinema.be\/nl\/#website\"},\"datePublished\":\"2023-03-28T15:14:18+00:00\",\"dateModified\":\"2025-10-20T13:35:12+00:00\",\"breadcrumb\":{\"@id\":\"https:\/\/welovecinema.be\/fr\/evenements\/les-magritte-du-cinema\/#breadcrumb\"},\"inLanguage\":\"fr-FR\",\"potentialAction\":[{\"@type\":\"ReadAction\",\"target\":[\"https:\/\/welovecinema.be\/fr\/evenements\/les-magritte-du-cinema\/\"]}]},{\"@type\":\"BreadcrumbList\",\"@id\":\"https:\/\/welovecinema.be\/fr\/evenements\/les-magritte-du-cinema\/#breadcrumb\",\"itemListElement\":[{\"@type\":\"ListItem\",\"position\":1,\"name\":\"Accueil\",\"item\":\"https:\/\/welovecinema.be\/fr\/\"},{\"@type\":\"ListItem\",\"position\":2,\"name\":\"Ev\u00e9nements\",\"item\":\"https:\/\/welovecinema.be\/fr\/evenements\/\"},{\"@type\":\"ListItem\",\"position\":3,\"name\":\"Les Magritte du Cin\u00e9ma\"}]},{\"@type\":\"WebSite\",\"@id\":\"https:\/\/welovecinema.be\/nl\/#website\",\"url\":\"https:\/\/welovecinema.be\/nl\/\",\"name\":\"We Love Cinema\",\"description\":\"Toute l\u2019information du cin\u00e9ma en Belgique\",\"publisher\":{\"@id\":\"https:\/\/welovecinema.be\/nl\/#organization\"},\"potentialAction\":[{\"@type\":\"SearchAction\",\"target\":{\"@type\":\"EntryPoint\",\"urlTemplate\":\"https:\/\/welovecinema.be\/nl\/?s={search_term_string}\"},\"query-input\":\"required name=search_term_string\"}],\"inLanguage\":\"fr-FR\"},{\"@type\":\"Organization\",\"@id\":\"https:\/\/welovecinema.be\/nl\/#organization\",\"name\":\"We Love Cinema\",\"url\":\"https:\/\/welovecinema.be\/nl\/\",\"logo\":{\"@type\":\"ImageObject\",\"inLanguage\":\"fr-FR\",\"@id\":\"https:\/\/welovecinema.be\/nl\/#\/schema\/logo\/image\/\",\"url\":\"https:\/\/welovecinema.be\/wp-content\/uploads\/sites\/2\/2023\/03\/Logo-We-Love-Cinema305x128.jpg\",\"contentUrl\":\"https:\/\/welovecinema.be\/wp-content\/uploads\/sites\/2\/2023\/03\/Logo-We-Love-Cinema305x128.jpg\",\"width\":305,\"height\":128,\"caption\":\"We Love Cinema\"},\"image\":{\"@id\":\"https:\/\/welovecinema.be\/nl\/#\/schema\/logo\/image\/\"},\"sameAs\":[\"https:\/\/www.facebook.com\/welovecinema.be\",\"https:\/\/www.youtube.com\/channel\/UCX5LYGVhnKvYauW4Nta4HJA\",\"https:\/\/www.instagram.com\/welovecinema.be\/\"]}]}<\/script>\n<!-- \/ Yoast SEO plugin. -->","yoast_head_json":{"title":"Les Magritte du Cin\u00e9ma - We Love Cinema","robots":{"index":"index","follow":"follow","max-snippet":"max-snippet:-1","max-image-preview":"max-image-preview:large","max-video-preview":"max-video-preview:-1"},"canonical":"https:\/\/welovecinema.be\/fr\/evenements\/les-magritte-du-cinema\/","og_locale":"fr_FR","og_type":"article","og_title":"Les Magritte du Cin\u00e9ma - We Love Cinema","og_description":"La 14e c\u00e9r\u00e9monie des Magritte du Cin\u00e9ma a lieu le 22 f\u00e9vrier 2025 \u00e0 Flagey. Cr\u00e9es en 2011, Les Magritte du Cin\u00e9ma sont des r\u00e9compenses cin\u00e9matographiques remises annuellement en f\u00e9vrier \u00e0 des professionnels du cin\u00e9ma dans diverses cat\u00e9gories pour saluer l&rsquo;excellence des productions du cin\u00e9ma belge francophone. La Ce\u0301re\u0301monie des Magritte du Cine\u0301ma inaugure la &hellip;","og_url":"https:\/\/welovecinema.be\/fr\/evenements\/les-magritte-du-cinema\/","og_site_name":"We Love Cinema","article_publisher":"https:\/\/www.facebook.com\/welovecinema.be","article_modified_time":"2025-10-20T13:35:12+00:00","og_image":[{"url":"https:\/\/welovecinema.be\/wp-content\/uploads\/sites\/2\/2024\/01\/Magritte.png"}],"twitter_card":"summary_large_image","twitter_misc":{"Dur\u00e9e de lecture estim\u00e9e":"2 minutes"},"schema":{"@context":"https:\/\/schema.org","@graph":[{"@type":"WebPage","@id":"https:\/\/welovecinema.be\/fr\/evenements\/les-magritte-du-cinema\/","url":"https:\/\/welovecinema.be\/fr\/evenements\/les-magritte-du-cinema\/","name":"Les Magritte du Cin\u00e9ma - We Love Cinema","isPartOf":{"@id":"https:\/\/welovecinema.be\/nl\/#website"},"datePublished":"2023-03-28T15:14:18+00:00","dateModified":"2025-10-20T13:35:12+00:00","breadcrumb":{"@id":"https:\/\/welovecinema.be\/fr\/evenements\/les-magritte-du-cinema\/#breadcrumb"},"inLanguage":"fr-FR","potentialAction":[{"@type":"ReadAction","target":["https:\/\/welovecinema.be\/fr\/evenements\/les-magritte-du-cinema\/"]}]},{"@type":"BreadcrumbList","@id":"https:\/\/welovecinema.be\/fr\/evenements\/les-magritte-du-cinema\/#breadcrumb","itemListElement":[{"@type":"ListItem","position":1,"name":"Accueil","item":"https:\/\/welovecinema.be\/fr\/"},{"@type":"ListItem","position":2,"name":"Ev\u00e9nements","item":"https:\/\/welovecinema.be\/fr\/evenements\/"},{"@type":"ListItem","position":3,"name":"Les Magritte du Cin\u00e9ma"}]},{"@type":"WebSite","@id":"https:\/\/welovecinema.be\/nl\/#website","url":"https:\/\/welovecinema.be\/nl\/","name":"We Love Cinema","description":"Toute l\u2019information du cin\u00e9ma en Belgique","publisher":{"@id":"https:\/\/welovecinema.be\/nl\/#organization"},"potentialAction":[{"@type":"SearchAction","target":{"@type":"EntryPoint","urlTemplate":"https:\/\/welovecinema.be\/nl\/?s={search_term_string}"},"query-input":"required name=search_term_string"}],"inLanguage":"fr-FR"},{"@type":"Organization","@id":"https:\/\/welovecinema.be\/nl\/#organization","name":"We Love Cinema","url":"https:\/\/welovecinema.be\/nl\/","logo":{"@type":"ImageObject","inLanguage":"fr-FR","@id":"https:\/\/welovecinema.be\/nl\/#\/schema\/logo\/image\/","url":"https:\/\/welovecinema.be\/wp-content\/uploads\/sites\/2\/2023\/03\/Logo-We-Love-Cinema305x128.jpg","contentUrl":"https:\/\/welovecinema.be\/wp-content\/uploads\/sites\/2\/2023\/03\/Logo-We-Love-Cinema305x128.jpg","width":305,"height":128,"caption":"We Love Cinema"},"image":{"@id":"https:\/\/welovecinema.be\/nl\/#\/schema\/logo\/image\/"},"sameAs":["https:\/\/www.facebook.com\/welovecinema.be","https:\/\/www.youtube.com\/channel\/UCX5LYGVhnKvYauW4Nta4HJA","https:\/\/www.instagram.com\/welovecinema.be\/"]}]}},"_links":{"self":[{"href":"https:\/\/welovecinema.be\/fr\/wp-json\/wp\/v2\/pages\/249106","targetHints":{"allow":["GET"]}}],"collection":[{"href":"https:\/\/welovecinema.be\/fr\/wp-json\/wp\/v2\/pages"}],"about":[{"href":"https:\/\/welovecinema.be\/fr\/wp-json\/wp\/v2\/types\/page"}],"author":[{"embeddable":true,"href":"https:\/\/welovecinema.be\/fr\/wp-json\/wp\/v2\/users\/339"}],"replies":[{"embeddable":true,"href":"https:\/\/welovecinema.be\/fr\/wp-json\/wp\/v2\/comments?post=249106"}],"version-history":[{"count":5,"href":"https:\/\/welovecinema.be\/fr\/wp-json\/wp\/v2\/pages\/249106\/revisions"}],"predecessor-version":[{"id":268453,"href":"https:\/\/welovecinema.be\/fr\/wp-json\/wp\/v2\/pages\/249106\/revisions\/268453"}],"up":[{"embeddable":true,"href":"https:\/\/welovecinema.be\/fr\/wp-json\/wp\/v2\/pages\/249025"}],"wp:attachment":[{"href":"https:\/\/welovecinema.be\/fr\/wp-json\/wp\/v2\/media?parent=249106"}],"curies":[{"name":"wp","href":"https:\/\/api.w.org\/{rel}","templated":true}]}}