{"id":249104,"date":"2023-03-28T17:13:11","date_gmt":"2023-03-28T15:13:11","guid":{"rendered":"https:\/\/welovecinema.be\/?page_id=249104"},"modified":"2025-10-23T10:18:56","modified_gmt":"2025-10-23T08:18:56","slug":"liff","status":"publish","type":"page","link":"https:\/\/welovecinema.be\/fr\/evenements\/liff\/","title":{"rendered":"LIFF"},"content":{"rendered":"<h4><img loading=\"lazy\" decoding=\"async\" class=\"alignright\" src=\"https:\/\/welovecinema.be\/wp-content\/uploads\/sites\/2\/2025\/10\/Love.png\" width=\"311\" height=\"125\">Love International Film Festival<\/h4>\n<p><strong>La 40\u00e8me&nbsp; \u00e9dition a lieu du 6 au 14 mars 2026 \u00e0 Mons.<\/strong><\/p>\n<p>Cr\u00e9\u00e9 en 1984, le LIFF explore le th\u00e8me de \u00ab l&rsquo;Amour \u00bb depuis trois d\u00e9cennies \u00e0 travers une programmation internationale compos\u00e9e d&rsquo;un grand nombre de films in\u00e9dits et dans laquelle se rejoignent qualit\u00e9 et plaisir de cin\u00e9ma. Un concept de festival unique en son genre qui explore l\u2019Amour au cin\u00e9ma, la diversit\u00e9 amoureuse et les relations humaines de notre \u00e9poque.<\/p>\n<p>Le Festival International du Film d\u2019Amour place<strong> l\u2019amour au cin\u00e9ma au centre de sa programmation.<\/strong><\/p>\n<p>Ce positionnement lui a permis de devenir un \u00e9v\u00e9nement cin\u00e9matographique incontournable en Belgique francophone et de progressivement trouver sa place sur la carte des festivals de cin\u00e9ma europ\u00e9ens. Au fil des d\u00e9cennies, le festival s\u2019est toujours attach\u00e9 \u00e0 valoriser l\u2019exception culturelle en mettant en \u00e9vidence des films originaux et des auteurs du monde entier dans un programme diversifi\u00e9 \u00e0 l\u2019attention de toutes les g\u00e9n\u00e9rations.<\/p>\n<p>le Festival de Mons propose une riche s\u00e9lection de films et de nombreuses s\u00e9ances en pr\u00e9sence d\u2019invit\u00e9s connus et reconnus. Parmi ceux-ci, Yolande Moreau, Costa-Gavras, Abel Ferrara, No\u00e9mie Merlant, Aur\u00e9lie Saada, Jonathan Cohen, Laurent Cantet, Bouli Lanners, Richard Anconina, Michael Radford, D\u00e9borah Fran\u00e7ois ou encore Jaco Van Dormael.<\/p>\n<p>Le festival continue de se renouveler en faisant \u00e9voluer son appellation et son identit\u00e9 visuelle. Le \u00ab Love International Film Festival \u00bb (LIFF) de Mons remet ainsi au premier plan sa th\u00e9matique cin\u00e9ma et sa singularit\u00e9. Une mise \u00e0 jour qui marie sa dimension internationale, sa grande histoire et son renouveau dans un concept de festival unique en son genre qui explore l\u2019Amour au cin\u00e9ma, la diversit\u00e9 amoureuse et les relations humaines de notre \u00e9poque.<\/p>\n<p>D\u00e9couvez<a href=\"https:\/\/www.liff-mons.be\/fr\/39e-edition-les-premieres-annonces\/\"> ici<\/a> l&rsquo;\u00e9dition 2025.<\/p>\n","protected":false},"excerpt":{"rendered":"<p>Love International Film Festival La 40\u00e8me&nbsp; \u00e9dition a lieu du 6 au 14 mars 2026 \u00e0 Mons. Cr\u00e9\u00e9 en 1984, le LIFF explore le th\u00e8me de \u00ab l&rsquo;Amour \u00bb depuis trois d\u00e9cennies \u00e0 travers une programmation internationale compos\u00e9e d&rsquo;un grand nombre de films in\u00e9dits et dans laquelle se rejoignent qualit\u00e9 et plaisir de cin\u00e9ma. Un &hellip;<\/p>\n","protected":false},"author":339,"featured_media":0,"parent":249025,"menu_order":0,"comment_status":"closed","ping_status":"closed","template":"","meta":{"ngg_post_thumbnail":0,"footnotes":""},"class_list":["post-249104","page","type-page","status-publish",""],"yoast_head":"<!-- This site is optimized with the Yoast SEO plugin v20.4 - https:\/\/yoast.com\/wordpress\/plugins\/seo\/ -->\n<title>LIFF - We Love Cinema<\/title>\n<meta name=\"robots\" content=\"index, follow, max-snippet:-1, max-image-preview:large, max-video-preview:-1\" \/>\n<link rel=\"canonical\" href=\"https:\/\/welovecinema.be\/fr\/evenements\/liff\/\" \/>\n<meta property=\"og:locale\" content=\"fr_FR\" \/>\n<meta property=\"og:type\" content=\"article\" \/>\n<meta property=\"og:title\" content=\"LIFF - We Love Cinema\" \/>\n<meta property=\"og:description\" content=\"Love International Film Festival La 40\u00e8me&nbsp; \u00e9dition a lieu du 6 au 14 mars 2026 \u00e0 Mons. Cr\u00e9\u00e9 en 1984, le LIFF explore le th\u00e8me de \u00ab l&rsquo;Amour \u00bb depuis trois d\u00e9cennies \u00e0 travers une programmation internationale compos\u00e9e d&rsquo;un grand nombre de films in\u00e9dits et dans laquelle se rejoignent qualit\u00e9 et plaisir de cin\u00e9ma. Un &hellip;\" \/>\n<meta property=\"og:url\" content=\"https:\/\/welovecinema.be\/fr\/evenements\/liff\/\" \/>\n<meta property=\"og:site_name\" content=\"We Love Cinema\" \/>\n<meta property=\"article:publisher\" content=\"https:\/\/www.facebook.com\/welovecinema.be\" \/>\n<meta property=\"article:modified_time\" content=\"2025-10-23T08:18:56+00:00\" \/>\n<meta property=\"og:image\" content=\"https:\/\/welovecinema.be\/wp-content\/uploads\/sites\/2\/2025\/10\/Love.png\" \/>\n<meta name=\"twitter:card\" content=\"summary_large_image\" \/>\n<meta name=\"twitter:label1\" content=\"Dur\u00e9e de lecture estim\u00e9e\" \/>\n\t<meta name=\"twitter:data1\" content=\"2 minutes\" \/>\n<script type=\"application\/ld+json\" class=\"yoast-schema-graph\">{\"@context\":\"https:\/\/schema.org\",\"@graph\":[{\"@type\":\"WebPage\",\"@id\":\"https:\/\/welovecinema.be\/fr\/evenements\/liff\/\",\"url\":\"https:\/\/welovecinema.be\/fr\/evenements\/liff\/\",\"name\":\"LIFF - We Love Cinema\",\"isPartOf\":{\"@id\":\"https:\/\/welovecinema.be\/nl\/#website\"},\"datePublished\":\"2023-03-28T15:13:11+00:00\",\"dateModified\":\"2025-10-23T08:18:56+00:00\",\"breadcrumb\":{\"@id\":\"https:\/\/welovecinema.be\/fr\/evenements\/liff\/#breadcrumb\"},\"inLanguage\":\"fr-FR\",\"potentialAction\":[{\"@type\":\"ReadAction\",\"target\":[\"https:\/\/welovecinema.be\/fr\/evenements\/liff\/\"]}]},{\"@type\":\"BreadcrumbList\",\"@id\":\"https:\/\/welovecinema.be\/fr\/evenements\/liff\/#breadcrumb\",\"itemListElement\":[{\"@type\":\"ListItem\",\"position\":1,\"name\":\"Accueil\",\"item\":\"https:\/\/welovecinema.be\/fr\/\"},{\"@type\":\"ListItem\",\"position\":2,\"name\":\"Ev\u00e9nements\",\"item\":\"https:\/\/welovecinema.be\/fr\/evenements\/\"},{\"@type\":\"ListItem\",\"position\":3,\"name\":\"LIFF\"}]},{\"@type\":\"WebSite\",\"@id\":\"https:\/\/welovecinema.be\/nl\/#website\",\"url\":\"https:\/\/welovecinema.be\/nl\/\",\"name\":\"We Love Cinema\",\"description\":\"Toute l\u2019information du cin\u00e9ma en Belgique\",\"publisher\":{\"@id\":\"https:\/\/welovecinema.be\/nl\/#organization\"},\"potentialAction\":[{\"@type\":\"SearchAction\",\"target\":{\"@type\":\"EntryPoint\",\"urlTemplate\":\"https:\/\/welovecinema.be\/nl\/?s={search_term_string}\"},\"query-input\":\"required name=search_term_string\"}],\"inLanguage\":\"fr-FR\"},{\"@type\":\"Organization\",\"@id\":\"https:\/\/welovecinema.be\/nl\/#organization\",\"name\":\"We Love Cinema\",\"url\":\"https:\/\/welovecinema.be\/nl\/\",\"logo\":{\"@type\":\"ImageObject\",\"inLanguage\":\"fr-FR\",\"@id\":\"https:\/\/welovecinema.be\/nl\/#\/schema\/logo\/image\/\",\"url\":\"https:\/\/welovecinema.be\/wp-content\/uploads\/sites\/2\/2023\/03\/Logo-We-Love-Cinema305x128.jpg\",\"contentUrl\":\"https:\/\/welovecinema.be\/wp-content\/uploads\/sites\/2\/2023\/03\/Logo-We-Love-Cinema305x128.jpg\",\"width\":305,\"height\":128,\"caption\":\"We Love Cinema\"},\"image\":{\"@id\":\"https:\/\/welovecinema.be\/nl\/#\/schema\/logo\/image\/\"},\"sameAs\":[\"https:\/\/www.facebook.com\/welovecinema.be\",\"https:\/\/www.youtube.com\/channel\/UCX5LYGVhnKvYauW4Nta4HJA\",\"https:\/\/www.instagram.com\/welovecinema.be\/\"]}]}<\/script>\n<!-- \/ Yoast SEO plugin. -->","yoast_head_json":{"title":"LIFF - We Love Cinema","robots":{"index":"index","follow":"follow","max-snippet":"max-snippet:-1","max-image-preview":"max-image-preview:large","max-video-preview":"max-video-preview:-1"},"canonical":"https:\/\/welovecinema.be\/fr\/evenements\/liff\/","og_locale":"fr_FR","og_type":"article","og_title":"LIFF - We Love Cinema","og_description":"Love International Film Festival La 40\u00e8me&nbsp; \u00e9dition a lieu du 6 au 14 mars 2026 \u00e0 Mons. Cr\u00e9\u00e9 en 1984, le LIFF explore le th\u00e8me de \u00ab l&rsquo;Amour \u00bb depuis trois d\u00e9cennies \u00e0 travers une programmation internationale compos\u00e9e d&rsquo;un grand nombre de films in\u00e9dits et dans laquelle se rejoignent qualit\u00e9 et plaisir de cin\u00e9ma. Un &hellip;","og_url":"https:\/\/welovecinema.be\/fr\/evenements\/liff\/","og_site_name":"We Love Cinema","article_publisher":"https:\/\/www.facebook.com\/welovecinema.be","article_modified_time":"2025-10-23T08:18:56+00:00","og_image":[{"url":"https:\/\/welovecinema.be\/wp-content\/uploads\/sites\/2\/2025\/10\/Love.png"}],"twitter_card":"summary_large_image","twitter_misc":{"Dur\u00e9e de lecture estim\u00e9e":"2 minutes"},"schema":{"@context":"https:\/\/schema.org","@graph":[{"@type":"WebPage","@id":"https:\/\/welovecinema.be\/fr\/evenements\/liff\/","url":"https:\/\/welovecinema.be\/fr\/evenements\/liff\/","name":"LIFF - We Love Cinema","isPartOf":{"@id":"https:\/\/welovecinema.be\/nl\/#website"},"datePublished":"2023-03-28T15:13:11+00:00","dateModified":"2025-10-23T08:18:56+00:00","breadcrumb":{"@id":"https:\/\/welovecinema.be\/fr\/evenements\/liff\/#breadcrumb"},"inLanguage":"fr-FR","potentialAction":[{"@type":"ReadAction","target":["https:\/\/welovecinema.be\/fr\/evenements\/liff\/"]}]},{"@type":"BreadcrumbList","@id":"https:\/\/welovecinema.be\/fr\/evenements\/liff\/#breadcrumb","itemListElement":[{"@type":"ListItem","position":1,"name":"Accueil","item":"https:\/\/welovecinema.be\/fr\/"},{"@type":"ListItem","position":2,"name":"Ev\u00e9nements","item":"https:\/\/welovecinema.be\/fr\/evenements\/"},{"@type":"ListItem","position":3,"name":"LIFF"}]},{"@type":"WebSite","@id":"https:\/\/welovecinema.be\/nl\/#website","url":"https:\/\/welovecinema.be\/nl\/","name":"We Love Cinema","description":"Toute l\u2019information du cin\u00e9ma en Belgique","publisher":{"@id":"https:\/\/welovecinema.be\/nl\/#organization"},"potentialAction":[{"@type":"SearchAction","target":{"@type":"EntryPoint","urlTemplate":"https:\/\/welovecinema.be\/nl\/?s={search_term_string}"},"query-input":"required name=search_term_string"}],"inLanguage":"fr-FR"},{"@type":"Organization","@id":"https:\/\/welovecinema.be\/nl\/#organization","name":"We Love Cinema","url":"https:\/\/welovecinema.be\/nl\/","logo":{"@type":"ImageObject","inLanguage":"fr-FR","@id":"https:\/\/welovecinema.be\/nl\/#\/schema\/logo\/image\/","url":"https:\/\/welovecinema.be\/wp-content\/uploads\/sites\/2\/2023\/03\/Logo-We-Love-Cinema305x128.jpg","contentUrl":"https:\/\/welovecinema.be\/wp-content\/uploads\/sites\/2\/2023\/03\/Logo-We-Love-Cinema305x128.jpg","width":305,"height":128,"caption":"We Love Cinema"},"image":{"@id":"https:\/\/welovecinema.be\/nl\/#\/schema\/logo\/image\/"},"sameAs":["https:\/\/www.facebook.com\/welovecinema.be","https:\/\/www.youtube.com\/channel\/UCX5LYGVhnKvYauW4Nta4HJA","https:\/\/www.instagram.com\/welovecinema.be\/"]}]}},"_links":{"self":[{"href":"https:\/\/welovecinema.be\/fr\/wp-json\/wp\/v2\/pages\/249104","targetHints":{"allow":["GET"]}}],"collection":[{"href":"https:\/\/welovecinema.be\/fr\/wp-json\/wp\/v2\/pages"}],"about":[{"href":"https:\/\/welovecinema.be\/fr\/wp-json\/wp\/v2\/types\/page"}],"author":[{"embeddable":true,"href":"https:\/\/welovecinema.be\/fr\/wp-json\/wp\/v2\/users\/339"}],"replies":[{"embeddable":true,"href":"https:\/\/welovecinema.be\/fr\/wp-json\/wp\/v2\/comments?post=249104"}],"version-history":[{"count":6,"href":"https:\/\/welovecinema.be\/fr\/wp-json\/wp\/v2\/pages\/249104\/revisions"}],"predecessor-version":[{"id":268562,"href":"https:\/\/welovecinema.be\/fr\/wp-json\/wp\/v2\/pages\/249104\/revisions\/268562"}],"up":[{"embeddable":true,"href":"https:\/\/welovecinema.be\/fr\/wp-json\/wp\/v2\/pages\/249025"}],"wp:attachment":[{"href":"https:\/\/welovecinema.be\/fr\/wp-json\/wp\/v2\/media?parent=249104"}],"curies":[{"name":"wp","href":"https:\/\/api.w.org\/{rel}","templated":true}]}}