{"id":249102,"date":"2023-03-28T12:45:28","date_gmt":"2023-03-28T10:45:28","guid":{"rendered":"https:\/\/welovecinema.be\/?page_id=249102"},"modified":"2025-10-20T15:04:33","modified_gmt":"2025-10-20T13:04:33","slug":"je-f","status":"publish","type":"page","link":"https:\/\/welovecinema.be\/fr\/evenements\/je-f\/","title":{"rendered":"JE.F"},"content":{"rendered":"<h4><img loading=\"lazy\" decoding=\"async\" class=\"size-full wp-image-268406 alignright\" src=\"https:\/\/welovecinema.be\/wp-content\/uploads\/sites\/2\/2025\/10\/jef.png\" alt=\"\" width=\"179\" height=\"69\">Jeugdfilm Festival<\/h4>\n<p><strong>La 37\u00e8me&nbsp; \u00e9dition a lieu du 1er au 9 mars 2026.<\/strong><\/p>\n<p>Festival le plus amusant du cin\u00e9ma et de l&rsquo;exp\u00e9rimentation audiovisuelle, vous pouvez trouver le JE.F Festival \u00e0 Anvers, Bruges, Courtrai, Gand, Hamme, Louvain, Roeselare.<\/p>\n<p>Il pr\u00e9sente des<strong> films originaux et de grande qualit\u00e9 dans les cin\u00e9mas et les \u00e9coles<\/strong>, ainsi que dans les foyers. JEF encourage les jeunes \u00e0 participer \u00e0 des ateliers, \u00e0 r\u00e9aliser leurs propres films et \u00e0 exp\u00e9rimenter de nouveaux formats m\u00e9diatiques.<\/p>\n<p>JE.F est le point de rencontre de tous ceux qui s&rsquo;int\u00e9ressent \u00e0 la jeunesse, au cin\u00e9ma et aux nouveaux m\u00e9dias, \u00e0 l&rsquo;\u00e9cole et pendant leurs loisirs. JEF encourage les r\u00e9alisateurs et les acteurs \u00e0 \u0153uvrer pour une production cin\u00e9matographique flamande pour la jeunesse plus large et meilleure.<\/p>\n<p>Chaque ann\u00e9e, juste avant et pendant les vacances des printemps, se tient le JEF Antwerp, le meilleur festival de films, de jeux et d&rsquo;exp\u00e9rimentations audiovisuelles pour la jeunesse. Pour les jeunes et les moins jeunes, \u00e0 l&rsquo;\u00e9cole et pendant les loisirs.<\/p>\n<p>JEF aime les films, les jeux et les m\u00e9dias num\u00e9riques pour la jeunesse. Nous utilisons ces m\u00e9dias pour \u00e9largir la vision des enfants et des jeunes, et pour encourager l&rsquo;exp\u00e9rimentation et la cr\u00e9ation.<\/p>\n","protected":false},"excerpt":{"rendered":"<p>Jeugdfilm Festival La 37\u00e8me&nbsp; \u00e9dition a lieu du 1er au 9 mars 2026. Festival le plus amusant du cin\u00e9ma et de l&rsquo;exp\u00e9rimentation audiovisuelle, vous pouvez trouver le JE.F Festival \u00e0 Anvers, Bruges, Courtrai, Gand, Hamme, Louvain, Roeselare. Il pr\u00e9sente des films originaux et de grande qualit\u00e9 dans les cin\u00e9mas et les \u00e9coles, ainsi que dans &hellip;<\/p>\n","protected":false},"author":339,"featured_media":0,"parent":249025,"menu_order":0,"comment_status":"closed","ping_status":"closed","template":"","meta":{"ngg_post_thumbnail":0,"footnotes":""},"class_list":["post-249102","page","type-page","status-publish",""],"yoast_head":"<!-- This site is optimized with the Yoast SEO plugin v20.4 - https:\/\/yoast.com\/wordpress\/plugins\/seo\/ -->\n<title>JE.F - We Love Cinema<\/title>\n<meta name=\"robots\" content=\"index, follow, max-snippet:-1, max-image-preview:large, max-video-preview:-1\" \/>\n<link rel=\"canonical\" href=\"https:\/\/welovecinema.be\/fr\/evenements\/je-f\/\" \/>\n<meta property=\"og:locale\" content=\"fr_FR\" \/>\n<meta property=\"og:type\" content=\"article\" \/>\n<meta property=\"og:title\" content=\"JE.F - We Love Cinema\" \/>\n<meta property=\"og:description\" content=\"Jeugdfilm Festival La 37\u00e8me&nbsp; \u00e9dition a lieu du 1er au 9 mars 2026. Festival le plus amusant du cin\u00e9ma et de l&rsquo;exp\u00e9rimentation audiovisuelle, vous pouvez trouver le JE.F Festival \u00e0 Anvers, Bruges, Courtrai, Gand, Hamme, Louvain, Roeselare. Il pr\u00e9sente des films originaux et de grande qualit\u00e9 dans les cin\u00e9mas et les \u00e9coles, ainsi que dans &hellip;\" \/>\n<meta property=\"og:url\" content=\"https:\/\/welovecinema.be\/fr\/evenements\/je-f\/\" \/>\n<meta property=\"og:site_name\" content=\"We Love Cinema\" \/>\n<meta property=\"article:publisher\" content=\"https:\/\/www.facebook.com\/welovecinema.be\" \/>\n<meta property=\"article:modified_time\" content=\"2025-10-20T13:04:33+00:00\" \/>\n<meta property=\"og:image\" content=\"https:\/\/welovecinema.be\/wp-content\/uploads\/sites\/2\/2025\/10\/jef.png\" \/>\n<meta name=\"twitter:card\" content=\"summary_large_image\" \/>\n<meta name=\"twitter:label1\" content=\"Dur\u00e9e de lecture estim\u00e9e\" \/>\n\t<meta name=\"twitter:data1\" content=\"2 minutes\" \/>\n<script type=\"application\/ld+json\" class=\"yoast-schema-graph\">{\"@context\":\"https:\/\/schema.org\",\"@graph\":[{\"@type\":\"WebPage\",\"@id\":\"https:\/\/welovecinema.be\/fr\/evenements\/je-f\/\",\"url\":\"https:\/\/welovecinema.be\/fr\/evenements\/je-f\/\",\"name\":\"JE.F - We Love Cinema\",\"isPartOf\":{\"@id\":\"https:\/\/welovecinema.be\/nl\/#website\"},\"datePublished\":\"2023-03-28T10:45:28+00:00\",\"dateModified\":\"2025-10-20T13:04:33+00:00\",\"breadcrumb\":{\"@id\":\"https:\/\/welovecinema.be\/fr\/evenements\/je-f\/#breadcrumb\"},\"inLanguage\":\"fr-FR\",\"potentialAction\":[{\"@type\":\"ReadAction\",\"target\":[\"https:\/\/welovecinema.be\/fr\/evenements\/je-f\/\"]}]},{\"@type\":\"BreadcrumbList\",\"@id\":\"https:\/\/welovecinema.be\/fr\/evenements\/je-f\/#breadcrumb\",\"itemListElement\":[{\"@type\":\"ListItem\",\"position\":1,\"name\":\"Accueil\",\"item\":\"https:\/\/welovecinema.be\/fr\/\"},{\"@type\":\"ListItem\",\"position\":2,\"name\":\"Ev\u00e9nements\",\"item\":\"https:\/\/welovecinema.be\/fr\/evenements\/\"},{\"@type\":\"ListItem\",\"position\":3,\"name\":\"JE.F\"}]},{\"@type\":\"WebSite\",\"@id\":\"https:\/\/welovecinema.be\/nl\/#website\",\"url\":\"https:\/\/welovecinema.be\/nl\/\",\"name\":\"We Love Cinema\",\"description\":\"Toute l\u2019information du cin\u00e9ma en Belgique\",\"publisher\":{\"@id\":\"https:\/\/welovecinema.be\/nl\/#organization\"},\"potentialAction\":[{\"@type\":\"SearchAction\",\"target\":{\"@type\":\"EntryPoint\",\"urlTemplate\":\"https:\/\/welovecinema.be\/nl\/?s={search_term_string}\"},\"query-input\":\"required name=search_term_string\"}],\"inLanguage\":\"fr-FR\"},{\"@type\":\"Organization\",\"@id\":\"https:\/\/welovecinema.be\/nl\/#organization\",\"name\":\"We Love Cinema\",\"url\":\"https:\/\/welovecinema.be\/nl\/\",\"logo\":{\"@type\":\"ImageObject\",\"inLanguage\":\"fr-FR\",\"@id\":\"https:\/\/welovecinema.be\/nl\/#\/schema\/logo\/image\/\",\"url\":\"https:\/\/welovecinema.be\/wp-content\/uploads\/sites\/2\/2023\/03\/Logo-We-Love-Cinema305x128.jpg\",\"contentUrl\":\"https:\/\/welovecinema.be\/wp-content\/uploads\/sites\/2\/2023\/03\/Logo-We-Love-Cinema305x128.jpg\",\"width\":305,\"height\":128,\"caption\":\"We Love Cinema\"},\"image\":{\"@id\":\"https:\/\/welovecinema.be\/nl\/#\/schema\/logo\/image\/\"},\"sameAs\":[\"https:\/\/www.facebook.com\/welovecinema.be\",\"https:\/\/www.youtube.com\/channel\/UCX5LYGVhnKvYauW4Nta4HJA\",\"https:\/\/www.instagram.com\/welovecinema.be\/\"]}]}<\/script>\n<!-- \/ Yoast SEO plugin. -->","yoast_head_json":{"title":"JE.F - We Love Cinema","robots":{"index":"index","follow":"follow","max-snippet":"max-snippet:-1","max-image-preview":"max-image-preview:large","max-video-preview":"max-video-preview:-1"},"canonical":"https:\/\/welovecinema.be\/fr\/evenements\/je-f\/","og_locale":"fr_FR","og_type":"article","og_title":"JE.F - We Love Cinema","og_description":"Jeugdfilm Festival La 37\u00e8me&nbsp; \u00e9dition a lieu du 1er au 9 mars 2026. Festival le plus amusant du cin\u00e9ma et de l&rsquo;exp\u00e9rimentation audiovisuelle, vous pouvez trouver le JE.F Festival \u00e0 Anvers, Bruges, Courtrai, Gand, Hamme, Louvain, Roeselare. Il pr\u00e9sente des films originaux et de grande qualit\u00e9 dans les cin\u00e9mas et les \u00e9coles, ainsi que dans &hellip;","og_url":"https:\/\/welovecinema.be\/fr\/evenements\/je-f\/","og_site_name":"We Love Cinema","article_publisher":"https:\/\/www.facebook.com\/welovecinema.be","article_modified_time":"2025-10-20T13:04:33+00:00","og_image":[{"url":"https:\/\/welovecinema.be\/wp-content\/uploads\/sites\/2\/2025\/10\/jef.png"}],"twitter_card":"summary_large_image","twitter_misc":{"Dur\u00e9e de lecture estim\u00e9e":"2 minutes"},"schema":{"@context":"https:\/\/schema.org","@graph":[{"@type":"WebPage","@id":"https:\/\/welovecinema.be\/fr\/evenements\/je-f\/","url":"https:\/\/welovecinema.be\/fr\/evenements\/je-f\/","name":"JE.F - We Love Cinema","isPartOf":{"@id":"https:\/\/welovecinema.be\/nl\/#website"},"datePublished":"2023-03-28T10:45:28+00:00","dateModified":"2025-10-20T13:04:33+00:00","breadcrumb":{"@id":"https:\/\/welovecinema.be\/fr\/evenements\/je-f\/#breadcrumb"},"inLanguage":"fr-FR","potentialAction":[{"@type":"ReadAction","target":["https:\/\/welovecinema.be\/fr\/evenements\/je-f\/"]}]},{"@type":"BreadcrumbList","@id":"https:\/\/welovecinema.be\/fr\/evenements\/je-f\/#breadcrumb","itemListElement":[{"@type":"ListItem","position":1,"name":"Accueil","item":"https:\/\/welovecinema.be\/fr\/"},{"@type":"ListItem","position":2,"name":"Ev\u00e9nements","item":"https:\/\/welovecinema.be\/fr\/evenements\/"},{"@type":"ListItem","position":3,"name":"JE.F"}]},{"@type":"WebSite","@id":"https:\/\/welovecinema.be\/nl\/#website","url":"https:\/\/welovecinema.be\/nl\/","name":"We Love Cinema","description":"Toute l\u2019information du cin\u00e9ma en Belgique","publisher":{"@id":"https:\/\/welovecinema.be\/nl\/#organization"},"potentialAction":[{"@type":"SearchAction","target":{"@type":"EntryPoint","urlTemplate":"https:\/\/welovecinema.be\/nl\/?s={search_term_string}"},"query-input":"required name=search_term_string"}],"inLanguage":"fr-FR"},{"@type":"Organization","@id":"https:\/\/welovecinema.be\/nl\/#organization","name":"We Love Cinema","url":"https:\/\/welovecinema.be\/nl\/","logo":{"@type":"ImageObject","inLanguage":"fr-FR","@id":"https:\/\/welovecinema.be\/nl\/#\/schema\/logo\/image\/","url":"https:\/\/welovecinema.be\/wp-content\/uploads\/sites\/2\/2023\/03\/Logo-We-Love-Cinema305x128.jpg","contentUrl":"https:\/\/welovecinema.be\/wp-content\/uploads\/sites\/2\/2023\/03\/Logo-We-Love-Cinema305x128.jpg","width":305,"height":128,"caption":"We Love Cinema"},"image":{"@id":"https:\/\/welovecinema.be\/nl\/#\/schema\/logo\/image\/"},"sameAs":["https:\/\/www.facebook.com\/welovecinema.be","https:\/\/www.youtube.com\/channel\/UCX5LYGVhnKvYauW4Nta4HJA","https:\/\/www.instagram.com\/welovecinema.be\/"]}]}},"_links":{"self":[{"href":"https:\/\/welovecinema.be\/fr\/wp-json\/wp\/v2\/pages\/249102","targetHints":{"allow":["GET"]}}],"collection":[{"href":"https:\/\/welovecinema.be\/fr\/wp-json\/wp\/v2\/pages"}],"about":[{"href":"https:\/\/welovecinema.be\/fr\/wp-json\/wp\/v2\/types\/page"}],"author":[{"embeddable":true,"href":"https:\/\/welovecinema.be\/fr\/wp-json\/wp\/v2\/users\/339"}],"replies":[{"embeddable":true,"href":"https:\/\/welovecinema.be\/fr\/wp-json\/wp\/v2\/comments?post=249102"}],"version-history":[{"count":7,"href":"https:\/\/welovecinema.be\/fr\/wp-json\/wp\/v2\/pages\/249102\/revisions"}],"predecessor-version":[{"id":268449,"href":"https:\/\/welovecinema.be\/fr\/wp-json\/wp\/v2\/pages\/249102\/revisions\/268449"}],"up":[{"embeddable":true,"href":"https:\/\/welovecinema.be\/fr\/wp-json\/wp\/v2\/pages\/249025"}],"wp:attachment":[{"href":"https:\/\/welovecinema.be\/fr\/wp-json\/wp\/v2\/media?parent=249102"}],"curies":[{"name":"wp","href":"https:\/\/api.w.org\/{rel}","templated":true}]}}