{"id":249095,"date":"2023-03-28T12:40:53","date_gmt":"2023-03-28T10:40:53","guid":{"rendered":"https:\/\/welovecinema.be\/?page_id=249095"},"modified":"2025-10-23T09:44:17","modified_gmt":"2025-10-23T07:44:17","slug":"ffo","status":"publish","type":"page","link":"https:\/\/welovecinema.be\/fr\/evenements\/ffo\/","title":{"rendered":"FFO"},"content":{"rendered":"<h4>Film Festival Oostende<\/h4>\n<p><strong>La 18\u00e8me&nbsp; \u00e9dition a lieu du 30 janvier au 7 f\u00e9vrier 2026 \u00e0 Ostende.<img loading=\"lazy\" decoding=\"async\" class=\"alignright wp-image-268397\" src=\"https:\/\/welovecinema.be\/wp-content\/uploads\/sites\/2\/2025\/10\/ffo.png\" alt=\"\" width=\"249\" height=\"123\"><\/strong><\/p>\n<p>Depuis le d\u00e9but du festival en 2007, le FFO, g\u00e9n\u00e9ralement organis\u00e9 au Kinepolis d\u2019Ostende, s\u2019est engag\u00e9 \u00e0 stimuler, encadrer et financer le cin\u00e9ma flamand chaque ann\u00e9e.<\/p>\n<p>Le Festival du Film d&rsquo;Ostende est la <strong>grand-messe annuelle de la profession cin\u00e9matographique flamande et l&rsquo;\u00e9v\u00e9nement cin\u00e9matographique qui combine une vaste offre cin\u00e9matographique et t\u00e9l\u00e9visuelle flamande avec une s\u00e9lection internationale de haute qualit\u00e9<\/strong>. Avec une premi\u00e8re \u00e9dition hivernale en 2022, le FFO est devenu plus que jamais un festival urbain dynamique, avec un caract\u00e8re atmosph\u00e9rique et convivial.<br \/>\nEn organisant un festival de cin\u00e9ma, une vaste op\u00e9ration annuelle et un c\u0153ur pour les talents locaux, le festival offre une plateforme aux cr\u00e9ateurs pour pr\u00e9senter leur travail \u00e0 un public large et engag\u00e9.<br \/>\nLors de la soir\u00e9e de cl\u00f4ture du festival, les prix du cin\u00e9ma flamand, De Ensors, d\u00e9cern\u00e9s par les membres de l&rsquo;Acad\u00e9mie Ensor, sont \u00e9galement remis. Depuis 2021, les De Jamies, prix r\u00e9compensant les meilleurs cr\u00e9ateurs de contenu en ligne, y sont \u00e9galement d\u00e9cern\u00e9s.<\/p>\n<p>Plus d&rsquo;infos <a href=\"https:\/\/www.filmfestivaloostende.be\/en\/programma\">ici<\/a>.<\/p>\n","protected":false},"excerpt":{"rendered":"<p>Film Festival Oostende La 18\u00e8me&nbsp; \u00e9dition a lieu du 30 janvier au 7 f\u00e9vrier 2026 \u00e0 Ostende. Depuis le d\u00e9but du festival en 2007, le FFO, g\u00e9n\u00e9ralement organis\u00e9 au Kinepolis d\u2019Ostende, s\u2019est engag\u00e9 \u00e0 stimuler, encadrer et financer le cin\u00e9ma flamand chaque ann\u00e9e. Le Festival du Film d&rsquo;Ostende est la grand-messe annuelle de la profession &hellip;<\/p>\n","protected":false},"author":339,"featured_media":0,"parent":249025,"menu_order":0,"comment_status":"closed","ping_status":"closed","template":"","meta":{"ngg_post_thumbnail":0,"footnotes":""},"class_list":["post-249095","page","type-page","status-publish",""],"yoast_head":"<!-- This site is optimized with the Yoast SEO plugin v20.4 - https:\/\/yoast.com\/wordpress\/plugins\/seo\/ -->\n<title>FFO - We Love Cinema<\/title>\n<meta name=\"robots\" content=\"index, follow, max-snippet:-1, max-image-preview:large, max-video-preview:-1\" \/>\n<link rel=\"canonical\" href=\"https:\/\/welovecinema.be\/fr\/evenements\/ffo\/\" \/>\n<meta property=\"og:locale\" content=\"fr_FR\" \/>\n<meta property=\"og:type\" content=\"article\" \/>\n<meta property=\"og:title\" content=\"FFO - We Love Cinema\" \/>\n<meta property=\"og:description\" content=\"Film Festival Oostende La 18\u00e8me&nbsp; \u00e9dition a lieu du 30 janvier au 7 f\u00e9vrier 2026 \u00e0 Ostende. Depuis le d\u00e9but du festival en 2007, le FFO, g\u00e9n\u00e9ralement organis\u00e9 au Kinepolis d\u2019Ostende, s\u2019est engag\u00e9 \u00e0 stimuler, encadrer et financer le cin\u00e9ma flamand chaque ann\u00e9e. Le Festival du Film d&rsquo;Ostende est la grand-messe annuelle de la profession &hellip;\" \/>\n<meta property=\"og:url\" content=\"https:\/\/welovecinema.be\/fr\/evenements\/ffo\/\" \/>\n<meta property=\"og:site_name\" content=\"We Love Cinema\" \/>\n<meta property=\"article:publisher\" content=\"https:\/\/www.facebook.com\/welovecinema.be\" \/>\n<meta property=\"article:modified_time\" content=\"2025-10-23T07:44:17+00:00\" \/>\n<meta property=\"og:image\" content=\"https:\/\/welovecinema.be\/wp-content\/uploads\/sites\/2\/2025\/10\/ffo.png\" \/>\n<meta name=\"twitter:card\" content=\"summary_large_image\" \/>\n<meta name=\"twitter:label1\" content=\"Dur\u00e9e de lecture estim\u00e9e\" \/>\n\t<meta name=\"twitter:data1\" content=\"2 minutes\" \/>\n<script type=\"application\/ld+json\" class=\"yoast-schema-graph\">{\"@context\":\"https:\/\/schema.org\",\"@graph\":[{\"@type\":\"WebPage\",\"@id\":\"https:\/\/welovecinema.be\/fr\/evenements\/ffo\/\",\"url\":\"https:\/\/welovecinema.be\/fr\/evenements\/ffo\/\",\"name\":\"FFO - We Love Cinema\",\"isPartOf\":{\"@id\":\"https:\/\/welovecinema.be\/nl\/#website\"},\"datePublished\":\"2023-03-28T10:40:53+00:00\",\"dateModified\":\"2025-10-23T07:44:17+00:00\",\"breadcrumb\":{\"@id\":\"https:\/\/welovecinema.be\/fr\/evenements\/ffo\/#breadcrumb\"},\"inLanguage\":\"fr-FR\",\"potentialAction\":[{\"@type\":\"ReadAction\",\"target\":[\"https:\/\/welovecinema.be\/fr\/evenements\/ffo\/\"]}]},{\"@type\":\"BreadcrumbList\",\"@id\":\"https:\/\/welovecinema.be\/fr\/evenements\/ffo\/#breadcrumb\",\"itemListElement\":[{\"@type\":\"ListItem\",\"position\":1,\"name\":\"Accueil\",\"item\":\"https:\/\/welovecinema.be\/fr\/\"},{\"@type\":\"ListItem\",\"position\":2,\"name\":\"Ev\u00e9nements\",\"item\":\"https:\/\/welovecinema.be\/fr\/evenements\/\"},{\"@type\":\"ListItem\",\"position\":3,\"name\":\"FFO\"}]},{\"@type\":\"WebSite\",\"@id\":\"https:\/\/welovecinema.be\/nl\/#website\",\"url\":\"https:\/\/welovecinema.be\/nl\/\",\"name\":\"We Love Cinema\",\"description\":\"Toute l\u2019information du cin\u00e9ma en Belgique\",\"publisher\":{\"@id\":\"https:\/\/welovecinema.be\/nl\/#organization\"},\"potentialAction\":[{\"@type\":\"SearchAction\",\"target\":{\"@type\":\"EntryPoint\",\"urlTemplate\":\"https:\/\/welovecinema.be\/nl\/?s={search_term_string}\"},\"query-input\":\"required name=search_term_string\"}],\"inLanguage\":\"fr-FR\"},{\"@type\":\"Organization\",\"@id\":\"https:\/\/welovecinema.be\/nl\/#organization\",\"name\":\"We Love Cinema\",\"url\":\"https:\/\/welovecinema.be\/nl\/\",\"logo\":{\"@type\":\"ImageObject\",\"inLanguage\":\"fr-FR\",\"@id\":\"https:\/\/welovecinema.be\/nl\/#\/schema\/logo\/image\/\",\"url\":\"https:\/\/welovecinema.be\/wp-content\/uploads\/sites\/2\/2023\/03\/Logo-We-Love-Cinema305x128.jpg\",\"contentUrl\":\"https:\/\/welovecinema.be\/wp-content\/uploads\/sites\/2\/2023\/03\/Logo-We-Love-Cinema305x128.jpg\",\"width\":305,\"height\":128,\"caption\":\"We Love Cinema\"},\"image\":{\"@id\":\"https:\/\/welovecinema.be\/nl\/#\/schema\/logo\/image\/\"},\"sameAs\":[\"https:\/\/www.facebook.com\/welovecinema.be\",\"https:\/\/www.youtube.com\/channel\/UCX5LYGVhnKvYauW4Nta4HJA\",\"https:\/\/www.instagram.com\/welovecinema.be\/\"]}]}<\/script>\n<!-- \/ Yoast SEO plugin. -->","yoast_head_json":{"title":"FFO - We Love Cinema","robots":{"index":"index","follow":"follow","max-snippet":"max-snippet:-1","max-image-preview":"max-image-preview:large","max-video-preview":"max-video-preview:-1"},"canonical":"https:\/\/welovecinema.be\/fr\/evenements\/ffo\/","og_locale":"fr_FR","og_type":"article","og_title":"FFO - We Love Cinema","og_description":"Film Festival Oostende La 18\u00e8me&nbsp; \u00e9dition a lieu du 30 janvier au 7 f\u00e9vrier 2026 \u00e0 Ostende. Depuis le d\u00e9but du festival en 2007, le FFO, g\u00e9n\u00e9ralement organis\u00e9 au Kinepolis d\u2019Ostende, s\u2019est engag\u00e9 \u00e0 stimuler, encadrer et financer le cin\u00e9ma flamand chaque ann\u00e9e. Le Festival du Film d&rsquo;Ostende est la grand-messe annuelle de la profession &hellip;","og_url":"https:\/\/welovecinema.be\/fr\/evenements\/ffo\/","og_site_name":"We Love Cinema","article_publisher":"https:\/\/www.facebook.com\/welovecinema.be","article_modified_time":"2025-10-23T07:44:17+00:00","og_image":[{"url":"https:\/\/welovecinema.be\/wp-content\/uploads\/sites\/2\/2025\/10\/ffo.png"}],"twitter_card":"summary_large_image","twitter_misc":{"Dur\u00e9e de lecture estim\u00e9e":"2 minutes"},"schema":{"@context":"https:\/\/schema.org","@graph":[{"@type":"WebPage","@id":"https:\/\/welovecinema.be\/fr\/evenements\/ffo\/","url":"https:\/\/welovecinema.be\/fr\/evenements\/ffo\/","name":"FFO - We Love Cinema","isPartOf":{"@id":"https:\/\/welovecinema.be\/nl\/#website"},"datePublished":"2023-03-28T10:40:53+00:00","dateModified":"2025-10-23T07:44:17+00:00","breadcrumb":{"@id":"https:\/\/welovecinema.be\/fr\/evenements\/ffo\/#breadcrumb"},"inLanguage":"fr-FR","potentialAction":[{"@type":"ReadAction","target":["https:\/\/welovecinema.be\/fr\/evenements\/ffo\/"]}]},{"@type":"BreadcrumbList","@id":"https:\/\/welovecinema.be\/fr\/evenements\/ffo\/#breadcrumb","itemListElement":[{"@type":"ListItem","position":1,"name":"Accueil","item":"https:\/\/welovecinema.be\/fr\/"},{"@type":"ListItem","position":2,"name":"Ev\u00e9nements","item":"https:\/\/welovecinema.be\/fr\/evenements\/"},{"@type":"ListItem","position":3,"name":"FFO"}]},{"@type":"WebSite","@id":"https:\/\/welovecinema.be\/nl\/#website","url":"https:\/\/welovecinema.be\/nl\/","name":"We Love Cinema","description":"Toute l\u2019information du cin\u00e9ma en Belgique","publisher":{"@id":"https:\/\/welovecinema.be\/nl\/#organization"},"potentialAction":[{"@type":"SearchAction","target":{"@type":"EntryPoint","urlTemplate":"https:\/\/welovecinema.be\/nl\/?s={search_term_string}"},"query-input":"required name=search_term_string"}],"inLanguage":"fr-FR"},{"@type":"Organization","@id":"https:\/\/welovecinema.be\/nl\/#organization","name":"We Love Cinema","url":"https:\/\/welovecinema.be\/nl\/","logo":{"@type":"ImageObject","inLanguage":"fr-FR","@id":"https:\/\/welovecinema.be\/nl\/#\/schema\/logo\/image\/","url":"https:\/\/welovecinema.be\/wp-content\/uploads\/sites\/2\/2023\/03\/Logo-We-Love-Cinema305x128.jpg","contentUrl":"https:\/\/welovecinema.be\/wp-content\/uploads\/sites\/2\/2023\/03\/Logo-We-Love-Cinema305x128.jpg","width":305,"height":128,"caption":"We Love Cinema"},"image":{"@id":"https:\/\/welovecinema.be\/nl\/#\/schema\/logo\/image\/"},"sameAs":["https:\/\/www.facebook.com\/welovecinema.be","https:\/\/www.youtube.com\/channel\/UCX5LYGVhnKvYauW4Nta4HJA","https:\/\/www.instagram.com\/welovecinema.be\/"]}]}},"_links":{"self":[{"href":"https:\/\/welovecinema.be\/fr\/wp-json\/wp\/v2\/pages\/249095","targetHints":{"allow":["GET"]}}],"collection":[{"href":"https:\/\/welovecinema.be\/fr\/wp-json\/wp\/v2\/pages"}],"about":[{"href":"https:\/\/welovecinema.be\/fr\/wp-json\/wp\/v2\/types\/page"}],"author":[{"embeddable":true,"href":"https:\/\/welovecinema.be\/fr\/wp-json\/wp\/v2\/users\/339"}],"replies":[{"embeddable":true,"href":"https:\/\/welovecinema.be\/fr\/wp-json\/wp\/v2\/comments?post=249095"}],"version-history":[{"count":8,"href":"https:\/\/welovecinema.be\/fr\/wp-json\/wp\/v2\/pages\/249095\/revisions"}],"predecessor-version":[{"id":268547,"href":"https:\/\/welovecinema.be\/fr\/wp-json\/wp\/v2\/pages\/249095\/revisions\/268547"}],"up":[{"embeddable":true,"href":"https:\/\/welovecinema.be\/fr\/wp-json\/wp\/v2\/pages\/249025"}],"wp:attachment":[{"href":"https:\/\/welovecinema.be\/fr\/wp-json\/wp\/v2\/media?parent=249095"}],"curies":[{"name":"wp","href":"https:\/\/api.w.org\/{rel}","templated":true}]}}