{"id":249093,"date":"2023-03-28T12:39:02","date_gmt":"2023-03-28T10:39:02","guid":{"rendered":"https:\/\/welovecinema.be\/?page_id=249093"},"modified":"2025-10-20T14:24:10","modified_gmt":"2025-10-20T12:24:10","slug":"ffg","status":"publish","type":"page","link":"https:\/\/welovecinema.be\/fr\/evenements\/ffg\/","title":{"rendered":"FFG"},"content":{"rendered":"<h4><img loading=\"lazy\" decoding=\"async\" class=\"wp-image-256422 alignright\" src=\"https:\/\/welovecinema.be\/wp-content\/uploads\/sites\/2\/2024\/01\/2_720x-480x177.webp\" alt=\"\" width=\"401\" height=\"148\" srcset=\"https:\/\/welovecinema.be\/wp-content\/uploads\/sites\/2\/2024\/01\/2_720x-480x177.webp 480w, https:\/\/welovecinema.be\/wp-content\/uploads\/sites\/2\/2024\/01\/2_720x.webp 720w\" sizes=\"auto, (max-width: 401px) 100vw, 401px\" \/>Film Fest Gent<\/h4>\n<p><strong>La 52\u00e8me \u00e9dition a lieu du 8 au 19 octobre 2025 \u00e0 Gand.<\/strong><\/p>\n<p>Cr\u00e9\u00e9 en 1974, le FFG est <strong>le plus grand festival international du film en Belgique<\/strong> et contribue chaque ann\u00e9e au d\u00e9veloppement et \u00e0 la diffusion de la culture cin\u00e9matographique en <strong>mettant l\u2019accent sur la musique de film<\/strong>, ce qui en fait un festival de cin\u00e9ma unique.<\/p>\n<p>Le Film Fest Gent met en lumi\u00e8re les cin\u00e9astes et l&rsquo;exp\u00e9rience collective du cin\u00e9ma. En pr\u00e9sentant leurs films \u00e0 un public vari\u00e9 de professionnels et de cin\u00e9philes, le festival offre une plateforme aux talents \u00e9mergents et confirm\u00e9s.<br \/>\nAvec int\u00e9grit\u00e9 et ind\u00e9pendance et une approche critique, le Film Fest Gent compose un programme actuel et diversifi\u00e9, compos\u00e9 principalement (en Belgique) de films non distribu\u00e9s et d&rsquo;avant-premi\u00e8res afin de donner aux films exceptionnels la publicit\u00e9 qu&rsquo;ils m\u00e9ritent.En se concentrant sur l&rsquo;art de la musique de film, le Film Fest Ghent met en lumi\u00e8re une branche souvent sous-estim\u00e9e, voire n\u00e9glig\u00e9e, de l&rsquo;industrie cin\u00e9matographique. Le festival organise des concerts uniques dans lesquels la musique de film peut jouer le r\u00f4le de protagoniste. Dans certaines sections du programme de films, la musique et le design sonore sont au premier plan. Ce faisant, le Film Fest Gent souligne l&rsquo;importance de la partition en tant que troisi\u00e8me personnage.<\/p>\n<p>D\u00e9couvrez l&rsquo;\u00e9dition <a href=\"https:\/\/www.filmfestival.be\/en\/festival\/ffg2025-pictures\">ici.<\/a><\/p>\n<p>&nbsp;<\/p>\n","protected":false},"excerpt":{"rendered":"<p>Film Fest Gent La 52\u00e8me \u00e9dition a lieu du 8 au 19 octobre 2025 \u00e0 Gand. Cr\u00e9\u00e9 en 1974, le FFG est le plus grand festival international du film en Belgique et contribue chaque ann\u00e9e au d\u00e9veloppement et \u00e0 la diffusion de la culture cin\u00e9matographique en mettant l\u2019accent sur la musique de film, ce qui &hellip;<\/p>\n","protected":false},"author":339,"featured_media":0,"parent":249025,"menu_order":0,"comment_status":"closed","ping_status":"closed","template":"","meta":{"ngg_post_thumbnail":0,"footnotes":""},"class_list":["post-249093","page","type-page","status-publish",""],"yoast_head":"<!-- This site is optimized with the Yoast SEO plugin v20.4 - https:\/\/yoast.com\/wordpress\/plugins\/seo\/ -->\n<title>FFG - We Love Cinema<\/title>\n<meta name=\"robots\" content=\"index, follow, max-snippet:-1, max-image-preview:large, max-video-preview:-1\" \/>\n<link rel=\"canonical\" href=\"https:\/\/welovecinema.be\/fr\/evenements\/ffg\/\" \/>\n<meta property=\"og:locale\" content=\"fr_FR\" \/>\n<meta property=\"og:type\" content=\"article\" \/>\n<meta property=\"og:title\" content=\"FFG - We Love Cinema\" \/>\n<meta property=\"og:description\" content=\"Film Fest Gent La 52\u00e8me \u00e9dition a lieu du 8 au 19 octobre 2025 \u00e0 Gand. Cr\u00e9\u00e9 en 1974, le FFG est le plus grand festival international du film en Belgique et contribue chaque ann\u00e9e au d\u00e9veloppement et \u00e0 la diffusion de la culture cin\u00e9matographique en mettant l\u2019accent sur la musique de film, ce qui &hellip;\" \/>\n<meta property=\"og:url\" content=\"https:\/\/welovecinema.be\/fr\/evenements\/ffg\/\" \/>\n<meta property=\"og:site_name\" content=\"We Love Cinema\" \/>\n<meta property=\"article:publisher\" content=\"https:\/\/www.facebook.com\/welovecinema.be\" \/>\n<meta property=\"article:modified_time\" content=\"2025-10-20T12:24:10+00:00\" \/>\n<meta property=\"og:image\" content=\"https:\/\/welovecinema.be\/wp-content\/uploads\/sites\/2\/2024\/01\/2_720x-480x177.webp\" \/>\n<meta name=\"twitter:card\" content=\"summary_large_image\" \/>\n<meta name=\"twitter:label1\" content=\"Dur\u00e9e de lecture estim\u00e9e\" \/>\n\t<meta name=\"twitter:data1\" content=\"2 minutes\" \/>\n<script type=\"application\/ld+json\" class=\"yoast-schema-graph\">{\"@context\":\"https:\/\/schema.org\",\"@graph\":[{\"@type\":\"WebPage\",\"@id\":\"https:\/\/welovecinema.be\/fr\/evenements\/ffg\/\",\"url\":\"https:\/\/welovecinema.be\/fr\/evenements\/ffg\/\",\"name\":\"FFG - We Love Cinema\",\"isPartOf\":{\"@id\":\"https:\/\/welovecinema.be\/nl\/#website\"},\"datePublished\":\"2023-03-28T10:39:02+00:00\",\"dateModified\":\"2025-10-20T12:24:10+00:00\",\"breadcrumb\":{\"@id\":\"https:\/\/welovecinema.be\/fr\/evenements\/ffg\/#breadcrumb\"},\"inLanguage\":\"fr-FR\",\"potentialAction\":[{\"@type\":\"ReadAction\",\"target\":[\"https:\/\/welovecinema.be\/fr\/evenements\/ffg\/\"]}]},{\"@type\":\"BreadcrumbList\",\"@id\":\"https:\/\/welovecinema.be\/fr\/evenements\/ffg\/#breadcrumb\",\"itemListElement\":[{\"@type\":\"ListItem\",\"position\":1,\"name\":\"Accueil\",\"item\":\"https:\/\/welovecinema.be\/fr\/\"},{\"@type\":\"ListItem\",\"position\":2,\"name\":\"Ev\u00e9nements\",\"item\":\"https:\/\/welovecinema.be\/fr\/evenements\/\"},{\"@type\":\"ListItem\",\"position\":3,\"name\":\"FFG\"}]},{\"@type\":\"WebSite\",\"@id\":\"https:\/\/welovecinema.be\/nl\/#website\",\"url\":\"https:\/\/welovecinema.be\/nl\/\",\"name\":\"We Love Cinema\",\"description\":\"Toute l\u2019information du cin\u00e9ma en Belgique\",\"publisher\":{\"@id\":\"https:\/\/welovecinema.be\/nl\/#organization\"},\"potentialAction\":[{\"@type\":\"SearchAction\",\"target\":{\"@type\":\"EntryPoint\",\"urlTemplate\":\"https:\/\/welovecinema.be\/nl\/?s={search_term_string}\"},\"query-input\":\"required name=search_term_string\"}],\"inLanguage\":\"fr-FR\"},{\"@type\":\"Organization\",\"@id\":\"https:\/\/welovecinema.be\/nl\/#organization\",\"name\":\"We Love Cinema\",\"url\":\"https:\/\/welovecinema.be\/nl\/\",\"logo\":{\"@type\":\"ImageObject\",\"inLanguage\":\"fr-FR\",\"@id\":\"https:\/\/welovecinema.be\/nl\/#\/schema\/logo\/image\/\",\"url\":\"https:\/\/welovecinema.be\/wp-content\/uploads\/sites\/2\/2023\/03\/Logo-We-Love-Cinema305x128.jpg\",\"contentUrl\":\"https:\/\/welovecinema.be\/wp-content\/uploads\/sites\/2\/2023\/03\/Logo-We-Love-Cinema305x128.jpg\",\"width\":305,\"height\":128,\"caption\":\"We Love Cinema\"},\"image\":{\"@id\":\"https:\/\/welovecinema.be\/nl\/#\/schema\/logo\/image\/\"},\"sameAs\":[\"https:\/\/www.facebook.com\/welovecinema.be\",\"https:\/\/www.youtube.com\/channel\/UCX5LYGVhnKvYauW4Nta4HJA\",\"https:\/\/www.instagram.com\/welovecinema.be\/\"]}]}<\/script>\n<!-- \/ Yoast SEO plugin. -->","yoast_head_json":{"title":"FFG - We Love Cinema","robots":{"index":"index","follow":"follow","max-snippet":"max-snippet:-1","max-image-preview":"max-image-preview:large","max-video-preview":"max-video-preview:-1"},"canonical":"https:\/\/welovecinema.be\/fr\/evenements\/ffg\/","og_locale":"fr_FR","og_type":"article","og_title":"FFG - We Love Cinema","og_description":"Film Fest Gent La 52\u00e8me \u00e9dition a lieu du 8 au 19 octobre 2025 \u00e0 Gand. Cr\u00e9\u00e9 en 1974, le FFG est le plus grand festival international du film en Belgique et contribue chaque ann\u00e9e au d\u00e9veloppement et \u00e0 la diffusion de la culture cin\u00e9matographique en mettant l\u2019accent sur la musique de film, ce qui &hellip;","og_url":"https:\/\/welovecinema.be\/fr\/evenements\/ffg\/","og_site_name":"We Love Cinema","article_publisher":"https:\/\/www.facebook.com\/welovecinema.be","article_modified_time":"2025-10-20T12:24:10+00:00","og_image":[{"url":"https:\/\/welovecinema.be\/wp-content\/uploads\/sites\/2\/2024\/01\/2_720x-480x177.webp"}],"twitter_card":"summary_large_image","twitter_misc":{"Dur\u00e9e de lecture estim\u00e9e":"2 minutes"},"schema":{"@context":"https:\/\/schema.org","@graph":[{"@type":"WebPage","@id":"https:\/\/welovecinema.be\/fr\/evenements\/ffg\/","url":"https:\/\/welovecinema.be\/fr\/evenements\/ffg\/","name":"FFG - We Love Cinema","isPartOf":{"@id":"https:\/\/welovecinema.be\/nl\/#website"},"datePublished":"2023-03-28T10:39:02+00:00","dateModified":"2025-10-20T12:24:10+00:00","breadcrumb":{"@id":"https:\/\/welovecinema.be\/fr\/evenements\/ffg\/#breadcrumb"},"inLanguage":"fr-FR","potentialAction":[{"@type":"ReadAction","target":["https:\/\/welovecinema.be\/fr\/evenements\/ffg\/"]}]},{"@type":"BreadcrumbList","@id":"https:\/\/welovecinema.be\/fr\/evenements\/ffg\/#breadcrumb","itemListElement":[{"@type":"ListItem","position":1,"name":"Accueil","item":"https:\/\/welovecinema.be\/fr\/"},{"@type":"ListItem","position":2,"name":"Ev\u00e9nements","item":"https:\/\/welovecinema.be\/fr\/evenements\/"},{"@type":"ListItem","position":3,"name":"FFG"}]},{"@type":"WebSite","@id":"https:\/\/welovecinema.be\/nl\/#website","url":"https:\/\/welovecinema.be\/nl\/","name":"We Love Cinema","description":"Toute l\u2019information du cin\u00e9ma en Belgique","publisher":{"@id":"https:\/\/welovecinema.be\/nl\/#organization"},"potentialAction":[{"@type":"SearchAction","target":{"@type":"EntryPoint","urlTemplate":"https:\/\/welovecinema.be\/nl\/?s={search_term_string}"},"query-input":"required name=search_term_string"}],"inLanguage":"fr-FR"},{"@type":"Organization","@id":"https:\/\/welovecinema.be\/nl\/#organization","name":"We Love Cinema","url":"https:\/\/welovecinema.be\/nl\/","logo":{"@type":"ImageObject","inLanguage":"fr-FR","@id":"https:\/\/welovecinema.be\/nl\/#\/schema\/logo\/image\/","url":"https:\/\/welovecinema.be\/wp-content\/uploads\/sites\/2\/2023\/03\/Logo-We-Love-Cinema305x128.jpg","contentUrl":"https:\/\/welovecinema.be\/wp-content\/uploads\/sites\/2\/2023\/03\/Logo-We-Love-Cinema305x128.jpg","width":305,"height":128,"caption":"We Love Cinema"},"image":{"@id":"https:\/\/welovecinema.be\/nl\/#\/schema\/logo\/image\/"},"sameAs":["https:\/\/www.facebook.com\/welovecinema.be","https:\/\/www.youtube.com\/channel\/UCX5LYGVhnKvYauW4Nta4HJA","https:\/\/www.instagram.com\/welovecinema.be\/"]}]}},"_links":{"self":[{"href":"https:\/\/welovecinema.be\/fr\/wp-json\/wp\/v2\/pages\/249093","targetHints":{"allow":["GET"]}}],"collection":[{"href":"https:\/\/welovecinema.be\/fr\/wp-json\/wp\/v2\/pages"}],"about":[{"href":"https:\/\/welovecinema.be\/fr\/wp-json\/wp\/v2\/types\/page"}],"author":[{"embeddable":true,"href":"https:\/\/welovecinema.be\/fr\/wp-json\/wp\/v2\/users\/339"}],"replies":[{"embeddable":true,"href":"https:\/\/welovecinema.be\/fr\/wp-json\/wp\/v2\/comments?post=249093"}],"version-history":[{"count":5,"href":"https:\/\/welovecinema.be\/fr\/wp-json\/wp\/v2\/pages\/249093\/revisions"}],"predecessor-version":[{"id":268442,"href":"https:\/\/welovecinema.be\/fr\/wp-json\/wp\/v2\/pages\/249093\/revisions\/268442"}],"up":[{"embeddable":true,"href":"https:\/\/welovecinema.be\/fr\/wp-json\/wp\/v2\/pages\/249025"}],"wp:attachment":[{"href":"https:\/\/welovecinema.be\/fr\/wp-json\/wp\/v2\/media?parent=249093"}],"curies":[{"name":"wp","href":"https:\/\/api.w.org\/{rel}","templated":true}]}}