{"id":249089,"date":"2023-03-28T12:36:16","date_gmt":"2023-03-28T10:36:16","guid":{"rendered":"https:\/\/welovecinema.be\/?page_id=249089"},"modified":"2025-10-21T16:36:21","modified_gmt":"2025-10-21T14:36:21","slug":"de-ensors","status":"publish","type":"page","link":"https:\/\/welovecinema.be\/fr\/evenements\/de-ensors\/","title":{"rendered":"De Ensors"},"content":{"rendered":"<p><strong><img loading=\"lazy\" decoding=\"async\" class=\"size-full wp-image-268392 alignright\" src=\"https:\/\/welovecinema.be\/wp-content\/uploads\/sites\/2\/2025\/10\/Ensors.png\" alt=\"\" width=\"245\" height=\"56\">La 16\u00e8me \u00e9dition a lieu le 07 f\u00e9vrier 2026.<\/strong><\/p>\n<p>Cr\u00e9\u00e9s en 2010, les Ensors c\u00e9l\u00e8brent chaque ann\u00e9e pendant le Festival du film d\u2019Ostende le talent du secteur audiovisuel flamand<strong>.<\/strong><\/p>\n<p>Les Ensors sont des <strong>r\u00e9compenses cin\u00e9matographiques et de t\u00e9l\u00e9vision<\/strong> d\u00e9cern\u00e9es chaque ann\u00e9e depuis 2010 <strong>pendant le Festival du film d&rsquo;Ostende<\/strong>. Ces prix \u00e9taient d\u00e9nomm\u00e9s Prix du cin\u00e9ma flamand (en n\u00e9erlandais : De Vlaamse Filmprijzen) lors des deux premi\u00e8res \u00e9ditions (en 2010 et 2011). Si l&rsquo;on consid\u00e8re la longue liste de films et de s\u00e9ries TV que l&rsquo;Acad\u00e9mie a eu le plaisir d&rsquo;\u00e9valuer ces derni\u00e8res ann\u00e9es, il est clair que le secteur audiovisuel flamand progresse en termes de cr\u00e9ativit\u00e9 et de production. L&rsquo;Ensors est donc devenu un \u00e9v\u00e9nement festif r\u00e9gulier au cours duquel le secteur est r\u00e9compens\u00e9 \u00e0 juste titre pour ses r\u00e9alisations artistiques de l&rsquo;ann\u00e9e \u00e9coul\u00e9e.<\/p>\n<p>D\u00e9couvrez l&rsquo;\u00e9dition 2026 <a href=\"https:\/\/www.ensors.be\/nl\/editie-2025\">ici<\/a><\/p>\n","protected":false},"excerpt":{"rendered":"<p>La 16\u00e8me \u00e9dition a lieu le 07 f\u00e9vrier 2026. Cr\u00e9\u00e9s en 2010, les Ensors c\u00e9l\u00e8brent chaque ann\u00e9e pendant le Festival du film d\u2019Ostende le talent du secteur audiovisuel flamand. Les Ensors sont des r\u00e9compenses cin\u00e9matographiques et de t\u00e9l\u00e9vision d\u00e9cern\u00e9es chaque ann\u00e9e depuis 2010 pendant le Festival du film d&rsquo;Ostende. Ces prix \u00e9taient d\u00e9nomm\u00e9s Prix du &hellip;<\/p>\n","protected":false},"author":339,"featured_media":0,"parent":249025,"menu_order":0,"comment_status":"closed","ping_status":"closed","template":"","meta":{"ngg_post_thumbnail":0,"footnotes":""},"class_list":["post-249089","page","type-page","status-publish",""],"yoast_head":"<!-- This site is optimized with the Yoast SEO plugin v20.4 - https:\/\/yoast.com\/wordpress\/plugins\/seo\/ -->\n<title>De Ensors - We Love Cinema<\/title>\n<meta name=\"robots\" content=\"index, follow, max-snippet:-1, max-image-preview:large, max-video-preview:-1\" \/>\n<link rel=\"canonical\" href=\"https:\/\/welovecinema.be\/fr\/evenements\/de-ensors\/\" \/>\n<meta property=\"og:locale\" content=\"fr_FR\" \/>\n<meta property=\"og:type\" content=\"article\" \/>\n<meta property=\"og:title\" content=\"De Ensors - We Love Cinema\" \/>\n<meta property=\"og:description\" content=\"La 16\u00e8me \u00e9dition a lieu le 07 f\u00e9vrier 2026. Cr\u00e9\u00e9s en 2010, les Ensors c\u00e9l\u00e8brent chaque ann\u00e9e pendant le Festival du film d\u2019Ostende le talent du secteur audiovisuel flamand. Les Ensors sont des r\u00e9compenses cin\u00e9matographiques et de t\u00e9l\u00e9vision d\u00e9cern\u00e9es chaque ann\u00e9e depuis 2010 pendant le Festival du film d&rsquo;Ostende. Ces prix \u00e9taient d\u00e9nomm\u00e9s Prix du &hellip;\" \/>\n<meta property=\"og:url\" content=\"https:\/\/welovecinema.be\/fr\/evenements\/de-ensors\/\" \/>\n<meta property=\"og:site_name\" content=\"We Love Cinema\" \/>\n<meta property=\"article:publisher\" content=\"https:\/\/www.facebook.com\/welovecinema.be\" \/>\n<meta property=\"article:modified_time\" content=\"2025-10-21T14:36:21+00:00\" \/>\n<meta property=\"og:image\" content=\"https:\/\/welovecinema.be\/wp-content\/uploads\/sites\/2\/2025\/10\/Ensors.png\" \/>\n<meta name=\"twitter:card\" content=\"summary_large_image\" \/>\n<meta name=\"twitter:label1\" content=\"Dur\u00e9e de lecture estim\u00e9e\" \/>\n\t<meta name=\"twitter:data1\" content=\"1 minute\" \/>\n<script type=\"application\/ld+json\" class=\"yoast-schema-graph\">{\"@context\":\"https:\/\/schema.org\",\"@graph\":[{\"@type\":\"WebPage\",\"@id\":\"https:\/\/welovecinema.be\/fr\/evenements\/de-ensors\/\",\"url\":\"https:\/\/welovecinema.be\/fr\/evenements\/de-ensors\/\",\"name\":\"De Ensors - We Love Cinema\",\"isPartOf\":{\"@id\":\"https:\/\/welovecinema.be\/nl\/#website\"},\"datePublished\":\"2023-03-28T10:36:16+00:00\",\"dateModified\":\"2025-10-21T14:36:21+00:00\",\"breadcrumb\":{\"@id\":\"https:\/\/welovecinema.be\/fr\/evenements\/de-ensors\/#breadcrumb\"},\"inLanguage\":\"fr-FR\",\"potentialAction\":[{\"@type\":\"ReadAction\",\"target\":[\"https:\/\/welovecinema.be\/fr\/evenements\/de-ensors\/\"]}]},{\"@type\":\"BreadcrumbList\",\"@id\":\"https:\/\/welovecinema.be\/fr\/evenements\/de-ensors\/#breadcrumb\",\"itemListElement\":[{\"@type\":\"ListItem\",\"position\":1,\"name\":\"Accueil\",\"item\":\"https:\/\/welovecinema.be\/fr\/\"},{\"@type\":\"ListItem\",\"position\":2,\"name\":\"Ev\u00e9nements\",\"item\":\"https:\/\/welovecinema.be\/fr\/evenements\/\"},{\"@type\":\"ListItem\",\"position\":3,\"name\":\"De Ensors\"}]},{\"@type\":\"WebSite\",\"@id\":\"https:\/\/welovecinema.be\/nl\/#website\",\"url\":\"https:\/\/welovecinema.be\/nl\/\",\"name\":\"We Love Cinema\",\"description\":\"Toute l\u2019information du cin\u00e9ma en Belgique\",\"publisher\":{\"@id\":\"https:\/\/welovecinema.be\/nl\/#organization\"},\"potentialAction\":[{\"@type\":\"SearchAction\",\"target\":{\"@type\":\"EntryPoint\",\"urlTemplate\":\"https:\/\/welovecinema.be\/nl\/?s={search_term_string}\"},\"query-input\":\"required name=search_term_string\"}],\"inLanguage\":\"fr-FR\"},{\"@type\":\"Organization\",\"@id\":\"https:\/\/welovecinema.be\/nl\/#organization\",\"name\":\"We Love Cinema\",\"url\":\"https:\/\/welovecinema.be\/nl\/\",\"logo\":{\"@type\":\"ImageObject\",\"inLanguage\":\"fr-FR\",\"@id\":\"https:\/\/welovecinema.be\/nl\/#\/schema\/logo\/image\/\",\"url\":\"https:\/\/welovecinema.be\/wp-content\/uploads\/sites\/2\/2023\/03\/Logo-We-Love-Cinema305x128.jpg\",\"contentUrl\":\"https:\/\/welovecinema.be\/wp-content\/uploads\/sites\/2\/2023\/03\/Logo-We-Love-Cinema305x128.jpg\",\"width\":305,\"height\":128,\"caption\":\"We Love Cinema\"},\"image\":{\"@id\":\"https:\/\/welovecinema.be\/nl\/#\/schema\/logo\/image\/\"},\"sameAs\":[\"https:\/\/www.facebook.com\/welovecinema.be\",\"https:\/\/www.youtube.com\/channel\/UCX5LYGVhnKvYauW4Nta4HJA\",\"https:\/\/www.instagram.com\/welovecinema.be\/\"]}]}<\/script>\n<!-- \/ Yoast SEO plugin. -->","yoast_head_json":{"title":"De Ensors - We Love Cinema","robots":{"index":"index","follow":"follow","max-snippet":"max-snippet:-1","max-image-preview":"max-image-preview:large","max-video-preview":"max-video-preview:-1"},"canonical":"https:\/\/welovecinema.be\/fr\/evenements\/de-ensors\/","og_locale":"fr_FR","og_type":"article","og_title":"De Ensors - We Love Cinema","og_description":"La 16\u00e8me \u00e9dition a lieu le 07 f\u00e9vrier 2026. Cr\u00e9\u00e9s en 2010, les Ensors c\u00e9l\u00e8brent chaque ann\u00e9e pendant le Festival du film d\u2019Ostende le talent du secteur audiovisuel flamand. Les Ensors sont des r\u00e9compenses cin\u00e9matographiques et de t\u00e9l\u00e9vision d\u00e9cern\u00e9es chaque ann\u00e9e depuis 2010 pendant le Festival du film d&rsquo;Ostende. Ces prix \u00e9taient d\u00e9nomm\u00e9s Prix du &hellip;","og_url":"https:\/\/welovecinema.be\/fr\/evenements\/de-ensors\/","og_site_name":"We Love Cinema","article_publisher":"https:\/\/www.facebook.com\/welovecinema.be","article_modified_time":"2025-10-21T14:36:21+00:00","og_image":[{"url":"https:\/\/welovecinema.be\/wp-content\/uploads\/sites\/2\/2025\/10\/Ensors.png"}],"twitter_card":"summary_large_image","twitter_misc":{"Dur\u00e9e de lecture estim\u00e9e":"1 minute"},"schema":{"@context":"https:\/\/schema.org","@graph":[{"@type":"WebPage","@id":"https:\/\/welovecinema.be\/fr\/evenements\/de-ensors\/","url":"https:\/\/welovecinema.be\/fr\/evenements\/de-ensors\/","name":"De Ensors - We Love Cinema","isPartOf":{"@id":"https:\/\/welovecinema.be\/nl\/#website"},"datePublished":"2023-03-28T10:36:16+00:00","dateModified":"2025-10-21T14:36:21+00:00","breadcrumb":{"@id":"https:\/\/welovecinema.be\/fr\/evenements\/de-ensors\/#breadcrumb"},"inLanguage":"fr-FR","potentialAction":[{"@type":"ReadAction","target":["https:\/\/welovecinema.be\/fr\/evenements\/de-ensors\/"]}]},{"@type":"BreadcrumbList","@id":"https:\/\/welovecinema.be\/fr\/evenements\/de-ensors\/#breadcrumb","itemListElement":[{"@type":"ListItem","position":1,"name":"Accueil","item":"https:\/\/welovecinema.be\/fr\/"},{"@type":"ListItem","position":2,"name":"Ev\u00e9nements","item":"https:\/\/welovecinema.be\/fr\/evenements\/"},{"@type":"ListItem","position":3,"name":"De Ensors"}]},{"@type":"WebSite","@id":"https:\/\/welovecinema.be\/nl\/#website","url":"https:\/\/welovecinema.be\/nl\/","name":"We Love Cinema","description":"Toute l\u2019information du cin\u00e9ma en Belgique","publisher":{"@id":"https:\/\/welovecinema.be\/nl\/#organization"},"potentialAction":[{"@type":"SearchAction","target":{"@type":"EntryPoint","urlTemplate":"https:\/\/welovecinema.be\/nl\/?s={search_term_string}"},"query-input":"required name=search_term_string"}],"inLanguage":"fr-FR"},{"@type":"Organization","@id":"https:\/\/welovecinema.be\/nl\/#organization","name":"We Love Cinema","url":"https:\/\/welovecinema.be\/nl\/","logo":{"@type":"ImageObject","inLanguage":"fr-FR","@id":"https:\/\/welovecinema.be\/nl\/#\/schema\/logo\/image\/","url":"https:\/\/welovecinema.be\/wp-content\/uploads\/sites\/2\/2023\/03\/Logo-We-Love-Cinema305x128.jpg","contentUrl":"https:\/\/welovecinema.be\/wp-content\/uploads\/sites\/2\/2023\/03\/Logo-We-Love-Cinema305x128.jpg","width":305,"height":128,"caption":"We Love Cinema"},"image":{"@id":"https:\/\/welovecinema.be\/nl\/#\/schema\/logo\/image\/"},"sameAs":["https:\/\/www.facebook.com\/welovecinema.be","https:\/\/www.youtube.com\/channel\/UCX5LYGVhnKvYauW4Nta4HJA","https:\/\/www.instagram.com\/welovecinema.be\/"]}]}},"_links":{"self":[{"href":"https:\/\/welovecinema.be\/fr\/wp-json\/wp\/v2\/pages\/249089","targetHints":{"allow":["GET"]}}],"collection":[{"href":"https:\/\/welovecinema.be\/fr\/wp-json\/wp\/v2\/pages"}],"about":[{"href":"https:\/\/welovecinema.be\/fr\/wp-json\/wp\/v2\/types\/page"}],"author":[{"embeddable":true,"href":"https:\/\/welovecinema.be\/fr\/wp-json\/wp\/v2\/users\/339"}],"replies":[{"embeddable":true,"href":"https:\/\/welovecinema.be\/fr\/wp-json\/wp\/v2\/comments?post=249089"}],"version-history":[{"count":7,"href":"https:\/\/welovecinema.be\/fr\/wp-json\/wp\/v2\/pages\/249089\/revisions"}],"predecessor-version":[{"id":268519,"href":"https:\/\/welovecinema.be\/fr\/wp-json\/wp\/v2\/pages\/249089\/revisions\/268519"}],"up":[{"embeddable":true,"href":"https:\/\/welovecinema.be\/fr\/wp-json\/wp\/v2\/pages\/249025"}],"wp:attachment":[{"href":"https:\/\/welovecinema.be\/fr\/wp-json\/wp\/v2\/media?parent=249089"}],"curies":[{"name":"wp","href":"https:\/\/api.w.org\/{rel}","templated":true}]}}