{"id":249087,"date":"2023-03-28T12:34:59","date_gmt":"2023-03-28T10:34:59","guid":{"rendered":"https:\/\/welovecinema.be\/?page_id=249087"},"modified":"2025-10-21T15:48:15","modified_gmt":"2025-10-21T13:48:15","slug":"courts-mais-trash","status":"publish","type":"page","link":"https:\/\/welovecinema.be\/fr\/evenements\/courts-mais-trash\/","title":{"rendered":"Courts Mais Trash"},"content":{"rendered":"<h4><img loading=\"lazy\" decoding=\"async\" class=\" wp-image-268390 alignright\" src=\"https:\/\/welovecinema.be\/wp-content\/uploads\/sites\/2\/2025\/10\/cmt_qmt_2025_ci_web_header_call-480x198.webp\" alt=\"\" width=\"354\" height=\"146\" srcset=\"https:\/\/welovecinema.be\/wp-content\/uploads\/sites\/2\/2025\/10\/cmt_qmt_2025_ci_web_header_call-480x198.webp 480w, https:\/\/welovecinema.be\/wp-content\/uploads\/sites\/2\/2025\/10\/cmt_qmt_2025_ci_web_header_call-800x331.webp 800w, https:\/\/welovecinema.be\/wp-content\/uploads\/sites\/2\/2025\/10\/cmt_qmt_2025_ci_web_header_call-768x317.webp 768w, https:\/\/welovecinema.be\/wp-content\/uploads\/sites\/2\/2025\/10\/cmt_qmt_2025_ci_web_header_call.webp 1200w\" sizes=\"auto, (max-width: 354px) 100vw, 354px\" \/><\/h4>\n<h4>Brussels Independent Short Film Festival<\/h4>\n<p>Voor zijn 21e editie verandert het festival<b> Courts + Queer Mais Trash<\/b> van datum: de volgende editie vindt uiteindelijk plaats in het najaar van 2026.<\/p>\n<p>Courts Mais Trash is het grote evenement voor<b> onafhankelijke en underground<\/b> cinema dat sinds 2005 elk jaar in Brussel wordt gehouden! Het brengt regisseurs, liefhebbers en nieuwsgierigen van onafhankelijke cinema samen om samen het grote evenement van onafhankelijke, underground, politieke, leuke, gore, arme en eigenzinnige cinema te vieren.<\/p>\n<p>Het festival verwelkomt elk jaar bijna 5.000 bezoekers die zes dagen lang samenkomen in Les Riches-Claires en soms ook op andere belangrijke locaties in het culturele leven van Brussel. Voor elke editie worden uit de 2.000 films die in aanmerking komen, ongeveer honderd films geprogrammeerd, in alle formaten, en worden bijna veertig regisseurs uitgenodigd om het publiek te ontmoeten.<\/p>\n<p>Sinds 2019 is er naast Courts Mais Trash ook een<b> Queer Mais Trash<\/b>-versie, een 100% non-binair programma gewijd aan de LGBTQIA+-gemeenschappen. Queer Mais Trash nodigt zijn publiek uit om voorstellingen te deconstrueren en te ontrafelen, om zo bewustzijn te cre\u00ebren voor de zaak en het veld van mogelijkheden te verbreden.<\/p>\n<p>Er worden schoolvoorstellingen gepland om tieners kennis te laten maken met<b> \u201ccinema anders dan anders\u201d<\/b>, en professionele evenementen voor volwassenen. En bovenal zijn er adembenemende After Trash Party&rsquo;s: karaoke op vrijdag en als afsluiting het concert van B\u00e9renger 2000 &amp; DJ C\u00e9leri Rave op zaterdag.<\/p>\n<p>Vandaag de dag werken Courts Mais Trash en Queer Mais Trash samen om eind januari zes dagen lang festiviteiten aan te bieden en worden ze de rest van het jaar uitgenodigd om naar <b>talrijke evenementen<\/b> te gaan om er carte blanche te programmeren, met name: op het BIFFF, Brussels short film festival, het Festival du Cin\u00e9ma Belge en Garrigue (FR), het But Film Festival in Breda (NL), Court M\u00e9trange (Rennes, FR) en Fen\u00eatre sur Courts (Dijon, FR).<\/p>\n<p>Ontdek <a href=\"https:\/\/courtsmaistrash.net\/trashotheque-fr\/trashotheque-2025\/\">hier<\/a> meer info<\/p>\n","protected":false},"excerpt":{"rendered":"<p>Brussels Independent Short Film Festival Voor zijn 21e editie verandert het festival Courts + Queer Mais Trash van datum: de volgende editie vindt uiteindelijk plaats in het najaar van 2026. Courts Mais Trash is het grote evenement voor onafhankelijke en underground cinema dat sinds 2005 elk jaar in Brussel wordt gehouden! Het brengt regisseurs, liefhebbers &hellip;<\/p>\n","protected":false},"author":339,"featured_media":0,"parent":249025,"menu_order":0,"comment_status":"closed","ping_status":"closed","template":"","meta":{"ngg_post_thumbnail":0,"footnotes":""},"class_list":["post-249087","page","type-page","status-publish",""],"yoast_head":"<!-- This site is optimized with the Yoast SEO plugin v20.4 - https:\/\/yoast.com\/wordpress\/plugins\/seo\/ -->\n<title>Courts Mais Trash - We Love Cinema<\/title>\n<meta name=\"robots\" content=\"index, follow, max-snippet:-1, max-image-preview:large, max-video-preview:-1\" \/>\n<link rel=\"canonical\" href=\"https:\/\/welovecinema.be\/fr\/evenements\/courts-mais-trash\/\" \/>\n<meta property=\"og:locale\" content=\"fr_FR\" \/>\n<meta property=\"og:type\" content=\"article\" \/>\n<meta property=\"og:title\" content=\"Courts Mais Trash - We Love Cinema\" \/>\n<meta property=\"og:description\" content=\"Brussels Independent Short Film Festival Voor zijn 21e editie verandert het festival Courts + Queer Mais Trash van datum: de volgende editie vindt uiteindelijk plaats in het najaar van 2026. Courts Mais Trash is het grote evenement voor onafhankelijke en underground cinema dat sinds 2005 elk jaar in Brussel wordt gehouden! Het brengt regisseurs, liefhebbers &hellip;\" \/>\n<meta property=\"og:url\" content=\"https:\/\/welovecinema.be\/fr\/evenements\/courts-mais-trash\/\" \/>\n<meta property=\"og:site_name\" content=\"We Love Cinema\" \/>\n<meta property=\"article:publisher\" content=\"https:\/\/www.facebook.com\/welovecinema.be\" \/>\n<meta property=\"article:modified_time\" content=\"2025-10-21T13:48:15+00:00\" \/>\n<meta property=\"og:image\" content=\"https:\/\/welovecinema.be\/wp-content\/uploads\/sites\/2\/2025\/10\/cmt_qmt_2025_ci_web_header_call-480x198.webp\" \/>\n<meta name=\"twitter:card\" content=\"summary_large_image\" \/>\n<meta name=\"twitter:label1\" content=\"Dur\u00e9e de lecture estim\u00e9e\" \/>\n\t<meta name=\"twitter:data1\" content=\"2 minutes\" \/>\n<script type=\"application\/ld+json\" class=\"yoast-schema-graph\">{\"@context\":\"https:\/\/schema.org\",\"@graph\":[{\"@type\":\"WebPage\",\"@id\":\"https:\/\/welovecinema.be\/fr\/evenements\/courts-mais-trash\/\",\"url\":\"https:\/\/welovecinema.be\/fr\/evenements\/courts-mais-trash\/\",\"name\":\"Courts Mais Trash - We Love Cinema\",\"isPartOf\":{\"@id\":\"https:\/\/welovecinema.be\/nl\/#website\"},\"datePublished\":\"2023-03-28T10:34:59+00:00\",\"dateModified\":\"2025-10-21T13:48:15+00:00\",\"breadcrumb\":{\"@id\":\"https:\/\/welovecinema.be\/fr\/evenements\/courts-mais-trash\/#breadcrumb\"},\"inLanguage\":\"fr-FR\",\"potentialAction\":[{\"@type\":\"ReadAction\",\"target\":[\"https:\/\/welovecinema.be\/fr\/evenements\/courts-mais-trash\/\"]}]},{\"@type\":\"BreadcrumbList\",\"@id\":\"https:\/\/welovecinema.be\/fr\/evenements\/courts-mais-trash\/#breadcrumb\",\"itemListElement\":[{\"@type\":\"ListItem\",\"position\":1,\"name\":\"Accueil\",\"item\":\"https:\/\/welovecinema.be\/fr\/\"},{\"@type\":\"ListItem\",\"position\":2,\"name\":\"Ev\u00e9nements\",\"item\":\"https:\/\/welovecinema.be\/fr\/evenements\/\"},{\"@type\":\"ListItem\",\"position\":3,\"name\":\"Courts Mais Trash\"}]},{\"@type\":\"WebSite\",\"@id\":\"https:\/\/welovecinema.be\/nl\/#website\",\"url\":\"https:\/\/welovecinema.be\/nl\/\",\"name\":\"We Love Cinema\",\"description\":\"Toute l\u2019information du cin\u00e9ma en Belgique\",\"publisher\":{\"@id\":\"https:\/\/welovecinema.be\/nl\/#organization\"},\"potentialAction\":[{\"@type\":\"SearchAction\",\"target\":{\"@type\":\"EntryPoint\",\"urlTemplate\":\"https:\/\/welovecinema.be\/nl\/?s={search_term_string}\"},\"query-input\":\"required name=search_term_string\"}],\"inLanguage\":\"fr-FR\"},{\"@type\":\"Organization\",\"@id\":\"https:\/\/welovecinema.be\/nl\/#organization\",\"name\":\"We Love Cinema\",\"url\":\"https:\/\/welovecinema.be\/nl\/\",\"logo\":{\"@type\":\"ImageObject\",\"inLanguage\":\"fr-FR\",\"@id\":\"https:\/\/welovecinema.be\/nl\/#\/schema\/logo\/image\/\",\"url\":\"https:\/\/welovecinema.be\/wp-content\/uploads\/sites\/2\/2023\/03\/Logo-We-Love-Cinema305x128.jpg\",\"contentUrl\":\"https:\/\/welovecinema.be\/wp-content\/uploads\/sites\/2\/2023\/03\/Logo-We-Love-Cinema305x128.jpg\",\"width\":305,\"height\":128,\"caption\":\"We Love Cinema\"},\"image\":{\"@id\":\"https:\/\/welovecinema.be\/nl\/#\/schema\/logo\/image\/\"},\"sameAs\":[\"https:\/\/www.facebook.com\/welovecinema.be\",\"https:\/\/www.youtube.com\/channel\/UCX5LYGVhnKvYauW4Nta4HJA\",\"https:\/\/www.instagram.com\/welovecinema.be\/\"]}]}<\/script>\n<!-- \/ Yoast SEO plugin. -->","yoast_head_json":{"title":"Courts Mais Trash - We Love Cinema","robots":{"index":"index","follow":"follow","max-snippet":"max-snippet:-1","max-image-preview":"max-image-preview:large","max-video-preview":"max-video-preview:-1"},"canonical":"https:\/\/welovecinema.be\/fr\/evenements\/courts-mais-trash\/","og_locale":"fr_FR","og_type":"article","og_title":"Courts Mais Trash - We Love Cinema","og_description":"Brussels Independent Short Film Festival Voor zijn 21e editie verandert het festival Courts + Queer Mais Trash van datum: de volgende editie vindt uiteindelijk plaats in het najaar van 2026. Courts Mais Trash is het grote evenement voor onafhankelijke en underground cinema dat sinds 2005 elk jaar in Brussel wordt gehouden! Het brengt regisseurs, liefhebbers &hellip;","og_url":"https:\/\/welovecinema.be\/fr\/evenements\/courts-mais-trash\/","og_site_name":"We Love Cinema","article_publisher":"https:\/\/www.facebook.com\/welovecinema.be","article_modified_time":"2025-10-21T13:48:15+00:00","og_image":[{"url":"https:\/\/welovecinema.be\/wp-content\/uploads\/sites\/2\/2025\/10\/cmt_qmt_2025_ci_web_header_call-480x198.webp"}],"twitter_card":"summary_large_image","twitter_misc":{"Dur\u00e9e de lecture estim\u00e9e":"2 minutes"},"schema":{"@context":"https:\/\/schema.org","@graph":[{"@type":"WebPage","@id":"https:\/\/welovecinema.be\/fr\/evenements\/courts-mais-trash\/","url":"https:\/\/welovecinema.be\/fr\/evenements\/courts-mais-trash\/","name":"Courts Mais Trash - We Love Cinema","isPartOf":{"@id":"https:\/\/welovecinema.be\/nl\/#website"},"datePublished":"2023-03-28T10:34:59+00:00","dateModified":"2025-10-21T13:48:15+00:00","breadcrumb":{"@id":"https:\/\/welovecinema.be\/fr\/evenements\/courts-mais-trash\/#breadcrumb"},"inLanguage":"fr-FR","potentialAction":[{"@type":"ReadAction","target":["https:\/\/welovecinema.be\/fr\/evenements\/courts-mais-trash\/"]}]},{"@type":"BreadcrumbList","@id":"https:\/\/welovecinema.be\/fr\/evenements\/courts-mais-trash\/#breadcrumb","itemListElement":[{"@type":"ListItem","position":1,"name":"Accueil","item":"https:\/\/welovecinema.be\/fr\/"},{"@type":"ListItem","position":2,"name":"Ev\u00e9nements","item":"https:\/\/welovecinema.be\/fr\/evenements\/"},{"@type":"ListItem","position":3,"name":"Courts Mais Trash"}]},{"@type":"WebSite","@id":"https:\/\/welovecinema.be\/nl\/#website","url":"https:\/\/welovecinema.be\/nl\/","name":"We Love Cinema","description":"Toute l\u2019information du cin\u00e9ma en Belgique","publisher":{"@id":"https:\/\/welovecinema.be\/nl\/#organization"},"potentialAction":[{"@type":"SearchAction","target":{"@type":"EntryPoint","urlTemplate":"https:\/\/welovecinema.be\/nl\/?s={search_term_string}"},"query-input":"required name=search_term_string"}],"inLanguage":"fr-FR"},{"@type":"Organization","@id":"https:\/\/welovecinema.be\/nl\/#organization","name":"We Love Cinema","url":"https:\/\/welovecinema.be\/nl\/","logo":{"@type":"ImageObject","inLanguage":"fr-FR","@id":"https:\/\/welovecinema.be\/nl\/#\/schema\/logo\/image\/","url":"https:\/\/welovecinema.be\/wp-content\/uploads\/sites\/2\/2023\/03\/Logo-We-Love-Cinema305x128.jpg","contentUrl":"https:\/\/welovecinema.be\/wp-content\/uploads\/sites\/2\/2023\/03\/Logo-We-Love-Cinema305x128.jpg","width":305,"height":128,"caption":"We Love Cinema"},"image":{"@id":"https:\/\/welovecinema.be\/nl\/#\/schema\/logo\/image\/"},"sameAs":["https:\/\/www.facebook.com\/welovecinema.be","https:\/\/www.youtube.com\/channel\/UCX5LYGVhnKvYauW4Nta4HJA","https:\/\/www.instagram.com\/welovecinema.be\/"]}]}},"_links":{"self":[{"href":"https:\/\/welovecinema.be\/fr\/wp-json\/wp\/v2\/pages\/249087","targetHints":{"allow":["GET"]}}],"collection":[{"href":"https:\/\/welovecinema.be\/fr\/wp-json\/wp\/v2\/pages"}],"about":[{"href":"https:\/\/welovecinema.be\/fr\/wp-json\/wp\/v2\/types\/page"}],"author":[{"embeddable":true,"href":"https:\/\/welovecinema.be\/fr\/wp-json\/wp\/v2\/users\/339"}],"replies":[{"embeddable":true,"href":"https:\/\/welovecinema.be\/fr\/wp-json\/wp\/v2\/comments?post=249087"}],"version-history":[{"count":12,"href":"https:\/\/welovecinema.be\/fr\/wp-json\/wp\/v2\/pages\/249087\/revisions"}],"predecessor-version":[{"id":268516,"href":"https:\/\/welovecinema.be\/fr\/wp-json\/wp\/v2\/pages\/249087\/revisions\/268516"}],"up":[{"embeddable":true,"href":"https:\/\/welovecinema.be\/fr\/wp-json\/wp\/v2\/pages\/249025"}],"wp:attachment":[{"href":"https:\/\/welovecinema.be\/fr\/wp-json\/wp\/v2\/media?parent=249087"}],"curies":[{"name":"wp","href":"https:\/\/api.w.org\/{rel}","templated":true}]}}