{"id":249085,"date":"2023-03-28T12:31:40","date_gmt":"2023-03-28T10:31:40","guid":{"rendered":"https:\/\/welovecinema.be\/?page_id=249085"},"modified":"2025-10-20T13:30:21","modified_gmt":"2025-10-20T11:30:21","slug":"bsff","status":"publish","type":"page","link":"https:\/\/welovecinema.be\/fr\/evenements\/bsff\/","title":{"rendered":"BSFF"},"content":{"rendered":"<h4><img loading=\"lazy\" decoding=\"async\" class=\"wp-image-256408 alignright\" src=\"https:\/\/welovecinema.be\/wp-content\/uploads\/sites\/2\/2024\/01\/Logo-Brussels-Short-Film-Festival-2023-RVB-480x260.png\" alt=\"\" width=\"295\" height=\"160\" srcset=\"https:\/\/welovecinema.be\/wp-content\/uploads\/sites\/2\/2024\/01\/Logo-Brussels-Short-Film-Festival-2023-RVB-480x260.png 480w, https:\/\/welovecinema.be\/wp-content\/uploads\/sites\/2\/2024\/01\/Logo-Brussels-Short-Film-Festival-2023-RVB-800x433.png 800w, https:\/\/welovecinema.be\/wp-content\/uploads\/sites\/2\/2024\/01\/Logo-Brussels-Short-Film-Festival-2023-RVB-768x416.png 768w, https:\/\/welovecinema.be\/wp-content\/uploads\/sites\/2\/2024\/01\/Logo-Brussels-Short-Film-Festival-2023-RVB-1536x832.png 1536w, https:\/\/welovecinema.be\/wp-content\/uploads\/sites\/2\/2024\/01\/Logo-Brussels-Short-Film-Festival-2023-RVB.png 2000w\" sizes=\"auto, (max-width: 295px) 100vw, 295px\" \/>Brussels Short Film Festival<\/h4>\n<p><strong>La 28\u00e8me&nbsp; \u00e9dition a lieu du 24 avril au 3 mai 2025 \u00e0 Bruxelles.<\/strong><\/p>\n<p>Depuis 1998, l\u2019asbl&nbsp;<em>Un Soir \u2026 Un Grain<\/em>&nbsp;a pour vocation de <strong>promouvoir l\u2019Art et le cin\u00e9ma<\/strong> en particulier en favorisant au maximum les rencontres entre les publics et les professionnels.<\/p>\n<p>Si la premi\u00e8re activit\u00e9 d\u2019<em>Un Soir \u2026 Un Grain<\/em>&nbsp;a \u00e9t\u00e9 le Brussels Short Film Festival, de nombreuses manifestations et activit\u00e9s ont depuis vu le jour.<\/p>\n<p>D\u00e9couvrez <a href=\"https:\/\/bsff.be\/palmares-2025\/\">ici<\/a> le palmar\u00e8s 2025 du festival.<\/p>\n","protected":false},"excerpt":{"rendered":"<p>Brussels Short Film Festival La 28\u00e8me&nbsp; \u00e9dition a lieu du 24 avril au 3 mai 2025 \u00e0 Bruxelles. Depuis 1998, l\u2019asbl&nbsp;Un Soir \u2026 Un Grain&nbsp;a pour vocation de promouvoir l\u2019Art et le cin\u00e9ma en particulier en favorisant au maximum les rencontres entre les publics et les professionnels. Si la premi\u00e8re activit\u00e9 d\u2019Un Soir \u2026 Un &hellip;<\/p>\n","protected":false},"author":339,"featured_media":0,"parent":249025,"menu_order":0,"comment_status":"closed","ping_status":"closed","template":"","meta":{"ngg_post_thumbnail":0,"footnotes":""},"class_list":["post-249085","page","type-page","status-publish",""],"yoast_head":"<!-- This site is optimized with the Yoast SEO plugin v20.4 - https:\/\/yoast.com\/wordpress\/plugins\/seo\/ -->\n<title>BSFF - We Love Cinema<\/title>\n<meta name=\"robots\" content=\"index, follow, max-snippet:-1, max-image-preview:large, max-video-preview:-1\" \/>\n<link rel=\"canonical\" href=\"https:\/\/welovecinema.be\/fr\/evenements\/bsff\/\" \/>\n<meta property=\"og:locale\" content=\"fr_FR\" \/>\n<meta property=\"og:type\" content=\"article\" \/>\n<meta property=\"og:title\" content=\"BSFF - We Love Cinema\" \/>\n<meta property=\"og:description\" content=\"Brussels Short Film Festival La 28\u00e8me&nbsp; \u00e9dition a lieu du 24 avril au 3 mai 2025 \u00e0 Bruxelles. Depuis 1998, l\u2019asbl&nbsp;Un Soir \u2026 Un Grain&nbsp;a pour vocation de promouvoir l\u2019Art et le cin\u00e9ma en particulier en favorisant au maximum les rencontres entre les publics et les professionnels. Si la premi\u00e8re activit\u00e9 d\u2019Un Soir \u2026 Un &hellip;\" \/>\n<meta property=\"og:url\" content=\"https:\/\/welovecinema.be\/fr\/evenements\/bsff\/\" \/>\n<meta property=\"og:site_name\" content=\"We Love Cinema\" \/>\n<meta property=\"article:publisher\" content=\"https:\/\/www.facebook.com\/welovecinema.be\" \/>\n<meta property=\"article:modified_time\" content=\"2025-10-20T11:30:21+00:00\" \/>\n<meta property=\"og:image\" content=\"https:\/\/welovecinema.be\/wp-content\/uploads\/sites\/2\/2024\/01\/Logo-Brussels-Short-Film-Festival-2023-RVB-480x260.png\" \/>\n<meta name=\"twitter:card\" content=\"summary_large_image\" \/>\n<meta name=\"twitter:label1\" content=\"Dur\u00e9e de lecture estim\u00e9e\" \/>\n\t<meta name=\"twitter:data1\" content=\"1 minute\" \/>\n<script type=\"application\/ld+json\" class=\"yoast-schema-graph\">{\"@context\":\"https:\/\/schema.org\",\"@graph\":[{\"@type\":\"WebPage\",\"@id\":\"https:\/\/welovecinema.be\/fr\/evenements\/bsff\/\",\"url\":\"https:\/\/welovecinema.be\/fr\/evenements\/bsff\/\",\"name\":\"BSFF - We Love Cinema\",\"isPartOf\":{\"@id\":\"https:\/\/welovecinema.be\/nl\/#website\"},\"datePublished\":\"2023-03-28T10:31:40+00:00\",\"dateModified\":\"2025-10-20T11:30:21+00:00\",\"breadcrumb\":{\"@id\":\"https:\/\/welovecinema.be\/fr\/evenements\/bsff\/#breadcrumb\"},\"inLanguage\":\"fr-FR\",\"potentialAction\":[{\"@type\":\"ReadAction\",\"target\":[\"https:\/\/welovecinema.be\/fr\/evenements\/bsff\/\"]}]},{\"@type\":\"BreadcrumbList\",\"@id\":\"https:\/\/welovecinema.be\/fr\/evenements\/bsff\/#breadcrumb\",\"itemListElement\":[{\"@type\":\"ListItem\",\"position\":1,\"name\":\"Accueil\",\"item\":\"https:\/\/welovecinema.be\/fr\/\"},{\"@type\":\"ListItem\",\"position\":2,\"name\":\"Ev\u00e9nements\",\"item\":\"https:\/\/welovecinema.be\/fr\/evenements\/\"},{\"@type\":\"ListItem\",\"position\":3,\"name\":\"BSFF\"}]},{\"@type\":\"WebSite\",\"@id\":\"https:\/\/welovecinema.be\/nl\/#website\",\"url\":\"https:\/\/welovecinema.be\/nl\/\",\"name\":\"We Love Cinema\",\"description\":\"Toute l\u2019information du cin\u00e9ma en Belgique\",\"publisher\":{\"@id\":\"https:\/\/welovecinema.be\/nl\/#organization\"},\"potentialAction\":[{\"@type\":\"SearchAction\",\"target\":{\"@type\":\"EntryPoint\",\"urlTemplate\":\"https:\/\/welovecinema.be\/nl\/?s={search_term_string}\"},\"query-input\":\"required name=search_term_string\"}],\"inLanguage\":\"fr-FR\"},{\"@type\":\"Organization\",\"@id\":\"https:\/\/welovecinema.be\/nl\/#organization\",\"name\":\"We Love Cinema\",\"url\":\"https:\/\/welovecinema.be\/nl\/\",\"logo\":{\"@type\":\"ImageObject\",\"inLanguage\":\"fr-FR\",\"@id\":\"https:\/\/welovecinema.be\/nl\/#\/schema\/logo\/image\/\",\"url\":\"https:\/\/welovecinema.be\/wp-content\/uploads\/sites\/2\/2023\/03\/Logo-We-Love-Cinema305x128.jpg\",\"contentUrl\":\"https:\/\/welovecinema.be\/wp-content\/uploads\/sites\/2\/2023\/03\/Logo-We-Love-Cinema305x128.jpg\",\"width\":305,\"height\":128,\"caption\":\"We Love Cinema\"},\"image\":{\"@id\":\"https:\/\/welovecinema.be\/nl\/#\/schema\/logo\/image\/\"},\"sameAs\":[\"https:\/\/www.facebook.com\/welovecinema.be\",\"https:\/\/www.youtube.com\/channel\/UCX5LYGVhnKvYauW4Nta4HJA\",\"https:\/\/www.instagram.com\/welovecinema.be\/\"]}]}<\/script>\n<!-- \/ Yoast SEO plugin. -->","yoast_head_json":{"title":"BSFF - We Love Cinema","robots":{"index":"index","follow":"follow","max-snippet":"max-snippet:-1","max-image-preview":"max-image-preview:large","max-video-preview":"max-video-preview:-1"},"canonical":"https:\/\/welovecinema.be\/fr\/evenements\/bsff\/","og_locale":"fr_FR","og_type":"article","og_title":"BSFF - We Love Cinema","og_description":"Brussels Short Film Festival La 28\u00e8me&nbsp; \u00e9dition a lieu du 24 avril au 3 mai 2025 \u00e0 Bruxelles. Depuis 1998, l\u2019asbl&nbsp;Un Soir \u2026 Un Grain&nbsp;a pour vocation de promouvoir l\u2019Art et le cin\u00e9ma en particulier en favorisant au maximum les rencontres entre les publics et les professionnels. Si la premi\u00e8re activit\u00e9 d\u2019Un Soir \u2026 Un &hellip;","og_url":"https:\/\/welovecinema.be\/fr\/evenements\/bsff\/","og_site_name":"We Love Cinema","article_publisher":"https:\/\/www.facebook.com\/welovecinema.be","article_modified_time":"2025-10-20T11:30:21+00:00","og_image":[{"url":"https:\/\/welovecinema.be\/wp-content\/uploads\/sites\/2\/2024\/01\/Logo-Brussels-Short-Film-Festival-2023-RVB-480x260.png"}],"twitter_card":"summary_large_image","twitter_misc":{"Dur\u00e9e de lecture estim\u00e9e":"1 minute"},"schema":{"@context":"https:\/\/schema.org","@graph":[{"@type":"WebPage","@id":"https:\/\/welovecinema.be\/fr\/evenements\/bsff\/","url":"https:\/\/welovecinema.be\/fr\/evenements\/bsff\/","name":"BSFF - We Love Cinema","isPartOf":{"@id":"https:\/\/welovecinema.be\/nl\/#website"},"datePublished":"2023-03-28T10:31:40+00:00","dateModified":"2025-10-20T11:30:21+00:00","breadcrumb":{"@id":"https:\/\/welovecinema.be\/fr\/evenements\/bsff\/#breadcrumb"},"inLanguage":"fr-FR","potentialAction":[{"@type":"ReadAction","target":["https:\/\/welovecinema.be\/fr\/evenements\/bsff\/"]}]},{"@type":"BreadcrumbList","@id":"https:\/\/welovecinema.be\/fr\/evenements\/bsff\/#breadcrumb","itemListElement":[{"@type":"ListItem","position":1,"name":"Accueil","item":"https:\/\/welovecinema.be\/fr\/"},{"@type":"ListItem","position":2,"name":"Ev\u00e9nements","item":"https:\/\/welovecinema.be\/fr\/evenements\/"},{"@type":"ListItem","position":3,"name":"BSFF"}]},{"@type":"WebSite","@id":"https:\/\/welovecinema.be\/nl\/#website","url":"https:\/\/welovecinema.be\/nl\/","name":"We Love Cinema","description":"Toute l\u2019information du cin\u00e9ma en Belgique","publisher":{"@id":"https:\/\/welovecinema.be\/nl\/#organization"},"potentialAction":[{"@type":"SearchAction","target":{"@type":"EntryPoint","urlTemplate":"https:\/\/welovecinema.be\/nl\/?s={search_term_string}"},"query-input":"required name=search_term_string"}],"inLanguage":"fr-FR"},{"@type":"Organization","@id":"https:\/\/welovecinema.be\/nl\/#organization","name":"We Love Cinema","url":"https:\/\/welovecinema.be\/nl\/","logo":{"@type":"ImageObject","inLanguage":"fr-FR","@id":"https:\/\/welovecinema.be\/nl\/#\/schema\/logo\/image\/","url":"https:\/\/welovecinema.be\/wp-content\/uploads\/sites\/2\/2023\/03\/Logo-We-Love-Cinema305x128.jpg","contentUrl":"https:\/\/welovecinema.be\/wp-content\/uploads\/sites\/2\/2023\/03\/Logo-We-Love-Cinema305x128.jpg","width":305,"height":128,"caption":"We Love Cinema"},"image":{"@id":"https:\/\/welovecinema.be\/nl\/#\/schema\/logo\/image\/"},"sameAs":["https:\/\/www.facebook.com\/welovecinema.be","https:\/\/www.youtube.com\/channel\/UCX5LYGVhnKvYauW4Nta4HJA","https:\/\/www.instagram.com\/welovecinema.be\/"]}]}},"_links":{"self":[{"href":"https:\/\/welovecinema.be\/fr\/wp-json\/wp\/v2\/pages\/249085","targetHints":{"allow":["GET"]}}],"collection":[{"href":"https:\/\/welovecinema.be\/fr\/wp-json\/wp\/v2\/pages"}],"about":[{"href":"https:\/\/welovecinema.be\/fr\/wp-json\/wp\/v2\/types\/page"}],"author":[{"embeddable":true,"href":"https:\/\/welovecinema.be\/fr\/wp-json\/wp\/v2\/users\/339"}],"replies":[{"embeddable":true,"href":"https:\/\/welovecinema.be\/fr\/wp-json\/wp\/v2\/comments?post=249085"}],"version-history":[{"count":6,"href":"https:\/\/welovecinema.be\/fr\/wp-json\/wp\/v2\/pages\/249085\/revisions"}],"predecessor-version":[{"id":268429,"href":"https:\/\/welovecinema.be\/fr\/wp-json\/wp\/v2\/pages\/249085\/revisions\/268429"}],"up":[{"embeddable":true,"href":"https:\/\/welovecinema.be\/fr\/wp-json\/wp\/v2\/pages\/249025"}],"wp:attachment":[{"href":"https:\/\/welovecinema.be\/fr\/wp-json\/wp\/v2\/media?parent=249085"}],"curies":[{"name":"wp","href":"https:\/\/api.w.org\/{rel}","templated":true}]}}