{"id":249083,"date":"2023-03-28T12:30:24","date_gmt":"2023-03-28T10:30:24","guid":{"rendered":"https:\/\/welovecinema.be\/?page_id=249083"},"modified":"2025-10-21T15:26:39","modified_gmt":"2025-10-21T13:26:39","slug":"briff","status":"publish","type":"page","link":"https:\/\/welovecinema.be\/fr\/evenements\/briff\/","title":{"rendered":"BRIFF"},"content":{"rendered":"<h4><img loading=\"lazy\" decoding=\"async\" class=\" wp-image-268388 alignright\" src=\"https:\/\/welovecinema.be\/wp-content\/uploads\/sites\/2\/2025\/10\/logo-mobile-briff.webp\" alt=\"\" width=\"292\" height=\"89\" srcset=\"https:\/\/welovecinema.be\/wp-content\/uploads\/sites\/2\/2025\/10\/logo-mobile-briff.webp 102w, https:\/\/welovecinema.be\/wp-content\/uploads\/sites\/2\/2025\/10\/logo-mobile-briff-100x31.webp 100w\" sizes=\"auto, (max-width: 292px) 100vw, 292px\" \/>Brussels International Film Festival<\/h4>\n<p>Le Brussels International Film Festival &#8211; BRIFF revient en 2026 du 4 au 12&nbsp; septembre pour une neuvi\u00e8me \u00e9dition ! Une nouvelle fois, le BRIFF vous promet un concentr\u00e9 d\u2019images fortes et d\u2019\u00e9motions sur grand \u00e9cran.<br \/>\nAu programme : 3 comp\u00e9titions (Internationale, Nationale &amp; Directors\u2019 Week), des r\u00e9trospectives, des cartes blanches, des s\u00e9ances en plein air, entre amis\u2026<br \/>\nPendant 9 jours , les plus belles salles de la capitale accueilleront tous les films que vous avez envie de d\u00e9couvrir, sans avoir besoin de le demander !<\/p>\n<p>Consultez<a href=\"https:\/\/briff.be\/palmares-2025\/\"> ici<\/a> l&rsquo;\u00e9dition 2025.<\/p>\n","protected":false},"excerpt":{"rendered":"<p>Brussels International Film Festival Le Brussels International Film Festival &#8211; BRIFF revient en 2026 du 4 au 12&nbsp; septembre pour une neuvi\u00e8me \u00e9dition ! Une nouvelle fois, le BRIFF vous promet un concentr\u00e9 d\u2019images fortes et d\u2019\u00e9motions sur grand \u00e9cran. Au programme : 3 comp\u00e9titions (Internationale, Nationale &amp; Directors\u2019 Week), des r\u00e9trospectives, des cartes blanches, &hellip;<\/p>\n","protected":false},"author":339,"featured_media":0,"parent":249025,"menu_order":0,"comment_status":"closed","ping_status":"closed","template":"","meta":{"ngg_post_thumbnail":0,"footnotes":""},"class_list":["post-249083","page","type-page","status-publish",""],"yoast_head":"<!-- This site is optimized with the Yoast SEO plugin v20.4 - https:\/\/yoast.com\/wordpress\/plugins\/seo\/ -->\n<title>BRIFF - We Love Cinema<\/title>\n<meta name=\"robots\" content=\"index, follow, max-snippet:-1, max-image-preview:large, max-video-preview:-1\" \/>\n<link rel=\"canonical\" href=\"https:\/\/welovecinema.be\/fr\/evenements\/briff\/\" \/>\n<meta property=\"og:locale\" content=\"fr_FR\" \/>\n<meta property=\"og:type\" content=\"article\" \/>\n<meta property=\"og:title\" content=\"BRIFF - We Love Cinema\" \/>\n<meta property=\"og:description\" content=\"Brussels International Film Festival Le Brussels International Film Festival &#8211; BRIFF revient en 2026 du 4 au 12&nbsp; septembre pour une neuvi\u00e8me \u00e9dition ! Une nouvelle fois, le BRIFF vous promet un concentr\u00e9 d\u2019images fortes et d\u2019\u00e9motions sur grand \u00e9cran. Au programme : 3 comp\u00e9titions (Internationale, Nationale &amp; Directors\u2019 Week), des r\u00e9trospectives, des cartes blanches, &hellip;\" \/>\n<meta property=\"og:url\" content=\"https:\/\/welovecinema.be\/fr\/evenements\/briff\/\" \/>\n<meta property=\"og:site_name\" content=\"We Love Cinema\" \/>\n<meta property=\"article:publisher\" content=\"https:\/\/www.facebook.com\/welovecinema.be\" \/>\n<meta property=\"article:modified_time\" content=\"2025-10-21T13:26:39+00:00\" \/>\n<meta property=\"og:image\" content=\"https:\/\/welovecinema.be\/wp-content\/uploads\/sites\/2\/2025\/10\/logo-mobile-briff.webp\" \/>\n<meta name=\"twitter:card\" content=\"summary_large_image\" \/>\n<meta name=\"twitter:label1\" content=\"Dur\u00e9e de lecture estim\u00e9e\" \/>\n\t<meta name=\"twitter:data1\" content=\"1 minute\" \/>\n<script type=\"application\/ld+json\" class=\"yoast-schema-graph\">{\"@context\":\"https:\/\/schema.org\",\"@graph\":[{\"@type\":\"WebPage\",\"@id\":\"https:\/\/welovecinema.be\/fr\/evenements\/briff\/\",\"url\":\"https:\/\/welovecinema.be\/fr\/evenements\/briff\/\",\"name\":\"BRIFF - We Love Cinema\",\"isPartOf\":{\"@id\":\"https:\/\/welovecinema.be\/nl\/#website\"},\"datePublished\":\"2023-03-28T10:30:24+00:00\",\"dateModified\":\"2025-10-21T13:26:39+00:00\",\"breadcrumb\":{\"@id\":\"https:\/\/welovecinema.be\/fr\/evenements\/briff\/#breadcrumb\"},\"inLanguage\":\"fr-FR\",\"potentialAction\":[{\"@type\":\"ReadAction\",\"target\":[\"https:\/\/welovecinema.be\/fr\/evenements\/briff\/\"]}]},{\"@type\":\"BreadcrumbList\",\"@id\":\"https:\/\/welovecinema.be\/fr\/evenements\/briff\/#breadcrumb\",\"itemListElement\":[{\"@type\":\"ListItem\",\"position\":1,\"name\":\"Accueil\",\"item\":\"https:\/\/welovecinema.be\/fr\/\"},{\"@type\":\"ListItem\",\"position\":2,\"name\":\"Ev\u00e9nements\",\"item\":\"https:\/\/welovecinema.be\/fr\/evenements\/\"},{\"@type\":\"ListItem\",\"position\":3,\"name\":\"BRIFF\"}]},{\"@type\":\"WebSite\",\"@id\":\"https:\/\/welovecinema.be\/nl\/#website\",\"url\":\"https:\/\/welovecinema.be\/nl\/\",\"name\":\"We Love Cinema\",\"description\":\"Toute l\u2019information du cin\u00e9ma en Belgique\",\"publisher\":{\"@id\":\"https:\/\/welovecinema.be\/nl\/#organization\"},\"potentialAction\":[{\"@type\":\"SearchAction\",\"target\":{\"@type\":\"EntryPoint\",\"urlTemplate\":\"https:\/\/welovecinema.be\/nl\/?s={search_term_string}\"},\"query-input\":\"required name=search_term_string\"}],\"inLanguage\":\"fr-FR\"},{\"@type\":\"Organization\",\"@id\":\"https:\/\/welovecinema.be\/nl\/#organization\",\"name\":\"We Love Cinema\",\"url\":\"https:\/\/welovecinema.be\/nl\/\",\"logo\":{\"@type\":\"ImageObject\",\"inLanguage\":\"fr-FR\",\"@id\":\"https:\/\/welovecinema.be\/nl\/#\/schema\/logo\/image\/\",\"url\":\"https:\/\/welovecinema.be\/wp-content\/uploads\/sites\/2\/2023\/03\/Logo-We-Love-Cinema305x128.jpg\",\"contentUrl\":\"https:\/\/welovecinema.be\/wp-content\/uploads\/sites\/2\/2023\/03\/Logo-We-Love-Cinema305x128.jpg\",\"width\":305,\"height\":128,\"caption\":\"We Love Cinema\"},\"image\":{\"@id\":\"https:\/\/welovecinema.be\/nl\/#\/schema\/logo\/image\/\"},\"sameAs\":[\"https:\/\/www.facebook.com\/welovecinema.be\",\"https:\/\/www.youtube.com\/channel\/UCX5LYGVhnKvYauW4Nta4HJA\",\"https:\/\/www.instagram.com\/welovecinema.be\/\"]}]}<\/script>\n<!-- \/ Yoast SEO plugin. -->","yoast_head_json":{"title":"BRIFF - We Love Cinema","robots":{"index":"index","follow":"follow","max-snippet":"max-snippet:-1","max-image-preview":"max-image-preview:large","max-video-preview":"max-video-preview:-1"},"canonical":"https:\/\/welovecinema.be\/fr\/evenements\/briff\/","og_locale":"fr_FR","og_type":"article","og_title":"BRIFF - We Love Cinema","og_description":"Brussels International Film Festival Le Brussels International Film Festival &#8211; BRIFF revient en 2026 du 4 au 12&nbsp; septembre pour une neuvi\u00e8me \u00e9dition ! Une nouvelle fois, le BRIFF vous promet un concentr\u00e9 d\u2019images fortes et d\u2019\u00e9motions sur grand \u00e9cran. Au programme : 3 comp\u00e9titions (Internationale, Nationale &amp; Directors\u2019 Week), des r\u00e9trospectives, des cartes blanches, &hellip;","og_url":"https:\/\/welovecinema.be\/fr\/evenements\/briff\/","og_site_name":"We Love Cinema","article_publisher":"https:\/\/www.facebook.com\/welovecinema.be","article_modified_time":"2025-10-21T13:26:39+00:00","og_image":[{"url":"https:\/\/welovecinema.be\/wp-content\/uploads\/sites\/2\/2025\/10\/logo-mobile-briff.webp"}],"twitter_card":"summary_large_image","twitter_misc":{"Dur\u00e9e de lecture estim\u00e9e":"1 minute"},"schema":{"@context":"https:\/\/schema.org","@graph":[{"@type":"WebPage","@id":"https:\/\/welovecinema.be\/fr\/evenements\/briff\/","url":"https:\/\/welovecinema.be\/fr\/evenements\/briff\/","name":"BRIFF - We Love Cinema","isPartOf":{"@id":"https:\/\/welovecinema.be\/nl\/#website"},"datePublished":"2023-03-28T10:30:24+00:00","dateModified":"2025-10-21T13:26:39+00:00","breadcrumb":{"@id":"https:\/\/welovecinema.be\/fr\/evenements\/briff\/#breadcrumb"},"inLanguage":"fr-FR","potentialAction":[{"@type":"ReadAction","target":["https:\/\/welovecinema.be\/fr\/evenements\/briff\/"]}]},{"@type":"BreadcrumbList","@id":"https:\/\/welovecinema.be\/fr\/evenements\/briff\/#breadcrumb","itemListElement":[{"@type":"ListItem","position":1,"name":"Accueil","item":"https:\/\/welovecinema.be\/fr\/"},{"@type":"ListItem","position":2,"name":"Ev\u00e9nements","item":"https:\/\/welovecinema.be\/fr\/evenements\/"},{"@type":"ListItem","position":3,"name":"BRIFF"}]},{"@type":"WebSite","@id":"https:\/\/welovecinema.be\/nl\/#website","url":"https:\/\/welovecinema.be\/nl\/","name":"We Love Cinema","description":"Toute l\u2019information du cin\u00e9ma en Belgique","publisher":{"@id":"https:\/\/welovecinema.be\/nl\/#organization"},"potentialAction":[{"@type":"SearchAction","target":{"@type":"EntryPoint","urlTemplate":"https:\/\/welovecinema.be\/nl\/?s={search_term_string}"},"query-input":"required name=search_term_string"}],"inLanguage":"fr-FR"},{"@type":"Organization","@id":"https:\/\/welovecinema.be\/nl\/#organization","name":"We Love Cinema","url":"https:\/\/welovecinema.be\/nl\/","logo":{"@type":"ImageObject","inLanguage":"fr-FR","@id":"https:\/\/welovecinema.be\/nl\/#\/schema\/logo\/image\/","url":"https:\/\/welovecinema.be\/wp-content\/uploads\/sites\/2\/2023\/03\/Logo-We-Love-Cinema305x128.jpg","contentUrl":"https:\/\/welovecinema.be\/wp-content\/uploads\/sites\/2\/2023\/03\/Logo-We-Love-Cinema305x128.jpg","width":305,"height":128,"caption":"We Love Cinema"},"image":{"@id":"https:\/\/welovecinema.be\/nl\/#\/schema\/logo\/image\/"},"sameAs":["https:\/\/www.facebook.com\/welovecinema.be","https:\/\/www.youtube.com\/channel\/UCX5LYGVhnKvYauW4Nta4HJA","https:\/\/www.instagram.com\/welovecinema.be\/"]}]}},"_links":{"self":[{"href":"https:\/\/welovecinema.be\/fr\/wp-json\/wp\/v2\/pages\/249083","targetHints":{"allow":["GET"]}}],"collection":[{"href":"https:\/\/welovecinema.be\/fr\/wp-json\/wp\/v2\/pages"}],"about":[{"href":"https:\/\/welovecinema.be\/fr\/wp-json\/wp\/v2\/types\/page"}],"author":[{"embeddable":true,"href":"https:\/\/welovecinema.be\/fr\/wp-json\/wp\/v2\/users\/339"}],"replies":[{"embeddable":true,"href":"https:\/\/welovecinema.be\/fr\/wp-json\/wp\/v2\/comments?post=249083"}],"version-history":[{"count":10,"href":"https:\/\/welovecinema.be\/fr\/wp-json\/wp\/v2\/pages\/249083\/revisions"}],"predecessor-version":[{"id":268508,"href":"https:\/\/welovecinema.be\/fr\/wp-json\/wp\/v2\/pages\/249083\/revisions\/268508"}],"up":[{"embeddable":true,"href":"https:\/\/welovecinema.be\/fr\/wp-json\/wp\/v2\/pages\/249025"}],"wp:attachment":[{"href":"https:\/\/welovecinema.be\/fr\/wp-json\/wp\/v2\/media?parent=249083"}],"curies":[{"name":"wp","href":"https:\/\/api.w.org\/{rel}","templated":true}]}}