{"id":249067,"date":"2023-03-23T19:18:29","date_gmt":"2023-03-23T18:18:29","guid":{"rendered":"https:\/\/welovecinema.be\/?page_id=249067"},"modified":"2025-10-21T15:20:49","modified_gmt":"2025-10-21T13:20:49","slug":"bifff","status":"publish","type":"page","link":"https:\/\/welovecinema.be\/fr\/evenements\/bifff\/","title":{"rendered":"BIFFF"},"content":{"rendered":"<h4><img loading=\"lazy\" decoding=\"async\" class=\"wp-image-268384 alignright\" src=\"https:\/\/welovecinema.be\/wp-content\/uploads\/sites\/2\/2025\/10\/logo_biffftext-1400x667-1-480x229.png\" alt=\"\" width=\"314\" height=\"150\" srcset=\"https:\/\/welovecinema.be\/wp-content\/uploads\/sites\/2\/2025\/10\/logo_biffftext-1400x667-1-480x229.png 480w, https:\/\/welovecinema.be\/wp-content\/uploads\/sites\/2\/2025\/10\/logo_biffftext-1400x667-1-800x381.png 800w, https:\/\/welovecinema.be\/wp-content\/uploads\/sites\/2\/2025\/10\/logo_biffftext-1400x667-1-768x366.png 768w, https:\/\/welovecinema.be\/wp-content\/uploads\/sites\/2\/2025\/10\/logo_biffftext-1400x667-1.png 1400w\" sizes=\"auto, (max-width: 314px) 100vw, 314px\" \/>Brussels International Fantastic Film Festival<\/h4>\n<p><strong>La 42\u00e8me \u00e9dition a lieu du 3 au 18 avril 2026 \u00e0 Bruxelles.<\/strong><\/p>\n<p>Brussels Expo<\/p>\n<p>Cr\u00e9\u00e9 en 1983, Le BIFFF, le festival international du film fantastique de Bruxelles, f\u00eatera cette ann\u00e9e ses 42 ans et se d\u00e9roulera du<strong> 3 au 18 avril 2026<\/strong>&nbsp;\u00e0 Brussels Expo au Heysel. Vous y d\u00e9couvrirez durant toute la dur\u00e9e du festival plus d\u2019une centaine de longs et courts m\u00e9trages, dans ses 3 salles de cin\u00e9ma, avec un public unique au monde.<\/p>\n<p><strong>Le BIFFF, ce n\u2019est pas seulement des films d\u2019horreur. Il se veut avant tout un festival de films de genre, ouvert et tr\u00e8s vari\u00e9. Vous y trouverez des thrillers, films de science-fiction, films fantastiques, com\u00e9dies noires, films d\u2019action et bien d\u2019autres genres.<\/strong><\/p>\n<p>Devenu l\u2019un des festivals de films de genre les plus c\u00e9l\u00e8bres au monde, le BIFFF ne se contente pas seulement de projeter des longs et courts m\u00e9trages. Ce sont pr\u00e8s d\u2019une vingtaine d\u2019\u00e9v\u00e9nements off qui sont propos\u00e9s durant 13 jours. Au programme : le c\u00e9l\u00e8bre bal des vampires, l\u2019incontournable concours de make-up, une exposition artistique et bien d\u2019autres \u00e9v\u00e8nements tout aussi surprenants.<\/p>\n<p>Des masterclasses d\u2019invit\u00e9s prestigieux aux d\u00e9bats clivants, tout en passant par des expositions exceptionnelles et des animations \u00e0 couper le souffle, ce n\u2019est pas un festival que vous vous appr\u00eatez \u00e0 vivre, mais une exp\u00e9rience \u00e0 nulle autre pareille\u2026 Soyez pr\u00eats !<\/p>\n<p>&nbsp;<\/p>\n<p>D\u00e9couvrez <a href=\"https:\/\/www.bifff.net\/\">ici<\/a> l&rsquo;\u00e9dition 2025.<\/p>\n","protected":false},"excerpt":{"rendered":"<p>Brussels International Fantastic Film Festival La 42\u00e8me \u00e9dition a lieu du 3 au 18 avril 2026 \u00e0 Bruxelles. Brussels Expo Cr\u00e9\u00e9 en 1983, Le BIFFF, le festival international du film fantastique de Bruxelles, f\u00eatera cette ann\u00e9e ses 42 ans et se d\u00e9roulera du 3 au 18 avril 2026&nbsp;\u00e0 Brussels Expo au Heysel. Vous y d\u00e9couvrirez &hellip;<\/p>\n","protected":false},"author":339,"featured_media":0,"parent":249025,"menu_order":0,"comment_status":"closed","ping_status":"closed","template":"","meta":{"ngg_post_thumbnail":0,"footnotes":""},"class_list":["post-249067","page","type-page","status-publish",""],"yoast_head":"<!-- This site is optimized with the Yoast SEO plugin v20.4 - https:\/\/yoast.com\/wordpress\/plugins\/seo\/ -->\n<title>BIFFF - We Love Cinema<\/title>\n<meta name=\"robots\" content=\"index, follow, max-snippet:-1, max-image-preview:large, max-video-preview:-1\" \/>\n<link rel=\"canonical\" href=\"https:\/\/welovecinema.be\/fr\/evenements\/bifff\/\" \/>\n<meta property=\"og:locale\" content=\"fr_FR\" \/>\n<meta property=\"og:type\" content=\"article\" \/>\n<meta property=\"og:title\" content=\"BIFFF - We Love Cinema\" \/>\n<meta property=\"og:description\" content=\"Brussels International Fantastic Film Festival La 42\u00e8me \u00e9dition a lieu du 3 au 18 avril 2026 \u00e0 Bruxelles. Brussels Expo Cr\u00e9\u00e9 en 1983, Le BIFFF, le festival international du film fantastique de Bruxelles, f\u00eatera cette ann\u00e9e ses 42 ans et se d\u00e9roulera du 3 au 18 avril 2026&nbsp;\u00e0 Brussels Expo au Heysel. Vous y d\u00e9couvrirez &hellip;\" \/>\n<meta property=\"og:url\" content=\"https:\/\/welovecinema.be\/fr\/evenements\/bifff\/\" \/>\n<meta property=\"og:site_name\" content=\"We Love Cinema\" \/>\n<meta property=\"article:publisher\" content=\"https:\/\/www.facebook.com\/welovecinema.be\" \/>\n<meta property=\"article:modified_time\" content=\"2025-10-21T13:20:49+00:00\" \/>\n<meta property=\"og:image\" content=\"https:\/\/welovecinema.be\/wp-content\/uploads\/sites\/2\/2025\/10\/logo_biffftext-1400x667-1-480x229.png\" \/>\n<meta name=\"twitter:card\" content=\"summary_large_image\" \/>\n<meta name=\"twitter:label1\" content=\"Dur\u00e9e de lecture estim\u00e9e\" \/>\n\t<meta name=\"twitter:data1\" content=\"2 minutes\" \/>\n<script type=\"application\/ld+json\" class=\"yoast-schema-graph\">{\"@context\":\"https:\/\/schema.org\",\"@graph\":[{\"@type\":\"WebPage\",\"@id\":\"https:\/\/welovecinema.be\/fr\/evenements\/bifff\/\",\"url\":\"https:\/\/welovecinema.be\/fr\/evenements\/bifff\/\",\"name\":\"BIFFF - We Love Cinema\",\"isPartOf\":{\"@id\":\"https:\/\/welovecinema.be\/nl\/#website\"},\"datePublished\":\"2023-03-23T18:18:29+00:00\",\"dateModified\":\"2025-10-21T13:20:49+00:00\",\"breadcrumb\":{\"@id\":\"https:\/\/welovecinema.be\/fr\/evenements\/bifff\/#breadcrumb\"},\"inLanguage\":\"fr-FR\",\"potentialAction\":[{\"@type\":\"ReadAction\",\"target\":[\"https:\/\/welovecinema.be\/fr\/evenements\/bifff\/\"]}]},{\"@type\":\"BreadcrumbList\",\"@id\":\"https:\/\/welovecinema.be\/fr\/evenements\/bifff\/#breadcrumb\",\"itemListElement\":[{\"@type\":\"ListItem\",\"position\":1,\"name\":\"Accueil\",\"item\":\"https:\/\/welovecinema.be\/fr\/\"},{\"@type\":\"ListItem\",\"position\":2,\"name\":\"Ev\u00e9nements\",\"item\":\"https:\/\/welovecinema.be\/fr\/evenements\/\"},{\"@type\":\"ListItem\",\"position\":3,\"name\":\"BIFFF\"}]},{\"@type\":\"WebSite\",\"@id\":\"https:\/\/welovecinema.be\/nl\/#website\",\"url\":\"https:\/\/welovecinema.be\/nl\/\",\"name\":\"We Love Cinema\",\"description\":\"Toute l\u2019information du cin\u00e9ma en Belgique\",\"publisher\":{\"@id\":\"https:\/\/welovecinema.be\/nl\/#organization\"},\"potentialAction\":[{\"@type\":\"SearchAction\",\"target\":{\"@type\":\"EntryPoint\",\"urlTemplate\":\"https:\/\/welovecinema.be\/nl\/?s={search_term_string}\"},\"query-input\":\"required name=search_term_string\"}],\"inLanguage\":\"fr-FR\"},{\"@type\":\"Organization\",\"@id\":\"https:\/\/welovecinema.be\/nl\/#organization\",\"name\":\"We Love Cinema\",\"url\":\"https:\/\/welovecinema.be\/nl\/\",\"logo\":{\"@type\":\"ImageObject\",\"inLanguage\":\"fr-FR\",\"@id\":\"https:\/\/welovecinema.be\/nl\/#\/schema\/logo\/image\/\",\"url\":\"https:\/\/welovecinema.be\/wp-content\/uploads\/sites\/2\/2023\/03\/Logo-We-Love-Cinema305x128.jpg\",\"contentUrl\":\"https:\/\/welovecinema.be\/wp-content\/uploads\/sites\/2\/2023\/03\/Logo-We-Love-Cinema305x128.jpg\",\"width\":305,\"height\":128,\"caption\":\"We Love Cinema\"},\"image\":{\"@id\":\"https:\/\/welovecinema.be\/nl\/#\/schema\/logo\/image\/\"},\"sameAs\":[\"https:\/\/www.facebook.com\/welovecinema.be\",\"https:\/\/www.youtube.com\/channel\/UCX5LYGVhnKvYauW4Nta4HJA\",\"https:\/\/www.instagram.com\/welovecinema.be\/\"]}]}<\/script>\n<!-- \/ Yoast SEO plugin. -->","yoast_head_json":{"title":"BIFFF - We Love Cinema","robots":{"index":"index","follow":"follow","max-snippet":"max-snippet:-1","max-image-preview":"max-image-preview:large","max-video-preview":"max-video-preview:-1"},"canonical":"https:\/\/welovecinema.be\/fr\/evenements\/bifff\/","og_locale":"fr_FR","og_type":"article","og_title":"BIFFF - We Love Cinema","og_description":"Brussels International Fantastic Film Festival La 42\u00e8me \u00e9dition a lieu du 3 au 18 avril 2026 \u00e0 Bruxelles. Brussels Expo Cr\u00e9\u00e9 en 1983, Le BIFFF, le festival international du film fantastique de Bruxelles, f\u00eatera cette ann\u00e9e ses 42 ans et se d\u00e9roulera du 3 au 18 avril 2026&nbsp;\u00e0 Brussels Expo au Heysel. Vous y d\u00e9couvrirez &hellip;","og_url":"https:\/\/welovecinema.be\/fr\/evenements\/bifff\/","og_site_name":"We Love Cinema","article_publisher":"https:\/\/www.facebook.com\/welovecinema.be","article_modified_time":"2025-10-21T13:20:49+00:00","og_image":[{"url":"https:\/\/welovecinema.be\/wp-content\/uploads\/sites\/2\/2025\/10\/logo_biffftext-1400x667-1-480x229.png"}],"twitter_card":"summary_large_image","twitter_misc":{"Dur\u00e9e de lecture estim\u00e9e":"2 minutes"},"schema":{"@context":"https:\/\/schema.org","@graph":[{"@type":"WebPage","@id":"https:\/\/welovecinema.be\/fr\/evenements\/bifff\/","url":"https:\/\/welovecinema.be\/fr\/evenements\/bifff\/","name":"BIFFF - We Love Cinema","isPartOf":{"@id":"https:\/\/welovecinema.be\/nl\/#website"},"datePublished":"2023-03-23T18:18:29+00:00","dateModified":"2025-10-21T13:20:49+00:00","breadcrumb":{"@id":"https:\/\/welovecinema.be\/fr\/evenements\/bifff\/#breadcrumb"},"inLanguage":"fr-FR","potentialAction":[{"@type":"ReadAction","target":["https:\/\/welovecinema.be\/fr\/evenements\/bifff\/"]}]},{"@type":"BreadcrumbList","@id":"https:\/\/welovecinema.be\/fr\/evenements\/bifff\/#breadcrumb","itemListElement":[{"@type":"ListItem","position":1,"name":"Accueil","item":"https:\/\/welovecinema.be\/fr\/"},{"@type":"ListItem","position":2,"name":"Ev\u00e9nements","item":"https:\/\/welovecinema.be\/fr\/evenements\/"},{"@type":"ListItem","position":3,"name":"BIFFF"}]},{"@type":"WebSite","@id":"https:\/\/welovecinema.be\/nl\/#website","url":"https:\/\/welovecinema.be\/nl\/","name":"We Love Cinema","description":"Toute l\u2019information du cin\u00e9ma en Belgique","publisher":{"@id":"https:\/\/welovecinema.be\/nl\/#organization"},"potentialAction":[{"@type":"SearchAction","target":{"@type":"EntryPoint","urlTemplate":"https:\/\/welovecinema.be\/nl\/?s={search_term_string}"},"query-input":"required name=search_term_string"}],"inLanguage":"fr-FR"},{"@type":"Organization","@id":"https:\/\/welovecinema.be\/nl\/#organization","name":"We Love Cinema","url":"https:\/\/welovecinema.be\/nl\/","logo":{"@type":"ImageObject","inLanguage":"fr-FR","@id":"https:\/\/welovecinema.be\/nl\/#\/schema\/logo\/image\/","url":"https:\/\/welovecinema.be\/wp-content\/uploads\/sites\/2\/2023\/03\/Logo-We-Love-Cinema305x128.jpg","contentUrl":"https:\/\/welovecinema.be\/wp-content\/uploads\/sites\/2\/2023\/03\/Logo-We-Love-Cinema305x128.jpg","width":305,"height":128,"caption":"We Love Cinema"},"image":{"@id":"https:\/\/welovecinema.be\/nl\/#\/schema\/logo\/image\/"},"sameAs":["https:\/\/www.facebook.com\/welovecinema.be","https:\/\/www.youtube.com\/channel\/UCX5LYGVhnKvYauW4Nta4HJA","https:\/\/www.instagram.com\/welovecinema.be\/"]}]}},"_links":{"self":[{"href":"https:\/\/welovecinema.be\/fr\/wp-json\/wp\/v2\/pages\/249067","targetHints":{"allow":["GET"]}}],"collection":[{"href":"https:\/\/welovecinema.be\/fr\/wp-json\/wp\/v2\/pages"}],"about":[{"href":"https:\/\/welovecinema.be\/fr\/wp-json\/wp\/v2\/types\/page"}],"author":[{"embeddable":true,"href":"https:\/\/welovecinema.be\/fr\/wp-json\/wp\/v2\/users\/339"}],"replies":[{"embeddable":true,"href":"https:\/\/welovecinema.be\/fr\/wp-json\/wp\/v2\/comments?post=249067"}],"version-history":[{"count":10,"href":"https:\/\/welovecinema.be\/fr\/wp-json\/wp\/v2\/pages\/249067\/revisions"}],"predecessor-version":[{"id":268506,"href":"https:\/\/welovecinema.be\/fr\/wp-json\/wp\/v2\/pages\/249067\/revisions\/268506"}],"up":[{"embeddable":true,"href":"https:\/\/welovecinema.be\/fr\/wp-json\/wp\/v2\/pages\/249025"}],"wp:attachment":[{"href":"https:\/\/welovecinema.be\/fr\/wp-json\/wp\/v2\/media?parent=249067"}],"curies":[{"name":"wp","href":"https:\/\/api.w.org\/{rel}","templated":true}]}}