{"id":249016,"date":"2023-03-23T17:03:11","date_gmt":"2023-03-23T16:03:11","guid":{"rendered":"https:\/\/welovecinema.be\/?page_id=249016"},"modified":"2025-10-21T15:17:19","modified_gmt":"2025-10-21T13:17:19","slug":"anima","status":"publish","type":"page","link":"https:\/\/welovecinema.be\/fr\/evenements\/anima\/","title":{"rendered":"Anima"},"content":{"rendered":"<h4>Le Festival international du film d&rsquo;animation<img decoding=\"async\" class=\"alignright\" src=\"https:\/\/welovecinema.be\/wp-content\/uploads\/sites\/2\/2024\/03\/logo-festival-anima.png\"><\/h4>\n<h4>de Bruxelles<\/h4>\n<p><strong>La 45e \u00e9dition s&rsquo;est d\u00e9roul\u00e9e du 20 f\u00e9vrier au 1er mars 2026 \u00e0 Bruxelles.<\/strong><\/p>\n<p>Flagey, Palace, Cinematek, cin\u00e9mas participants en Wallonie et en Flandre.<\/p>\n<p>Anima a vu le jour en 1982 et se d\u00e9roule chaque ann\u00e9e \u00e0 Bruxelles pendant les vacances de carnaval. Anima est le seul <b>festival du film d&rsquo;animation<\/b> en Belgique et a toujours lieu fin f\u00e9vrier. Le festival a pour si\u00e8ge le b\u00e2timent Flagey \u00e0 Bruxelles, ancien si\u00e8ge de la radiot\u00e9l\u00e9vision nationale, mais Anima est \u00e9galement pr\u00e9sent dans une dizaine de cin\u00e9mas dans le reste du pays.<\/p>\n<p><b>Les films proviennent des quatre coins du monde, sont courts ou longs et s&rsquo;adressent \u00e0 diff\u00e9rents publics : des tr\u00e8s jeunes enfants aux familles, en passant par les adultes et les professionnels<\/b>. Chaque ann\u00e9e, l&rsquo;\u00e9quipe du festival s\u00e9lectionne la cr\u00e8me de la cr\u00e8me de la production mondiale et compose avec soin des programmes de courts m\u00e9trages (dont les programmes <i>Best of Shorts<\/i>, <i>Dit is Belgisch<\/i> et Focus).<\/p>\n<p>Anima est l&rsquo;un des plus importants festivals de films d&rsquo;animation en Europe. Il est qualifiant pour les Oscars\u00ae, ce qui signifie que le Grand Prix de la Comp\u00e9tition internationale figure automatiquement sur la longue liste des Oscars\u00ae pour le meilleur court m\u00e9trage d&rsquo;animation. Le festival est \u00e9galement connu pour son ambiance conviviale et ses cr\u00eapes !<\/p>\n<p>Tout au long de l&rsquo;ann\u00e9e, Folioscope organise une s\u00e9rie de projections Anima Saturdays et Anima On Tour. L&rsquo;asbl contribue de toutes les mani\u00e8res possibles \u00e0 la promotion de l&rsquo;animation en Belgique et \u00e0 l&rsquo;\u00e9tranger.<\/p>\n<p>Que sont les films d&rsquo;animation ?<\/p>\n<p>Tous les films qui ne sont pas tourn\u00e9s \u00ab en direct \u00bb, mais image par image. Il peut s&rsquo;agir de dessins anim\u00e9s, de films avec des marionnettes, de p\u00e2te \u00e0 modeler ou d&rsquo;images num\u00e9riques.<\/p>\n<p>D\u00e9couvrez le programme officiel <a href=\"https:\/\/animafestival.be\/fr\/edition-2026\/programme\">ici.<\/a><\/p>\n","protected":false},"excerpt":{"rendered":"<p>Le Festival international du film d&rsquo;animation de Bruxelles La 45e \u00e9dition s&rsquo;est d\u00e9roul\u00e9e du 20 f\u00e9vrier au 1er mars 2026 \u00e0 Bruxelles. Flagey, Palace, Cinematek, cin\u00e9mas participants en Wallonie et en Flandre. Anima a vu le jour en 1982 et se d\u00e9roule chaque ann\u00e9e \u00e0 Bruxelles pendant les vacances de carnaval. Anima est le seul &hellip;<\/p>\n","protected":false},"author":339,"featured_media":0,"parent":249025,"menu_order":0,"comment_status":"closed","ping_status":"closed","template":"","meta":{"ngg_post_thumbnail":0,"footnotes":""},"class_list":["post-249016","page","type-page","status-publish",""],"yoast_head":"<!-- This site is optimized with the Yoast SEO plugin v20.4 - https:\/\/yoast.com\/wordpress\/plugins\/seo\/ -->\n<title>Anima - We Love Cinema<\/title>\n<meta name=\"robots\" content=\"index, follow, max-snippet:-1, max-image-preview:large, max-video-preview:-1\" \/>\n<link rel=\"canonical\" href=\"https:\/\/welovecinema.be\/fr\/evenements\/anima\/\" \/>\n<meta property=\"og:locale\" content=\"fr_FR\" \/>\n<meta property=\"og:type\" content=\"article\" \/>\n<meta property=\"og:title\" content=\"Anima - We Love Cinema\" \/>\n<meta property=\"og:description\" content=\"Le Festival international du film d&rsquo;animation de Bruxelles La 45e \u00e9dition s&rsquo;est d\u00e9roul\u00e9e du 20 f\u00e9vrier au 1er mars 2026 \u00e0 Bruxelles. Flagey, Palace, Cinematek, cin\u00e9mas participants en Wallonie et en Flandre. Anima a vu le jour en 1982 et se d\u00e9roule chaque ann\u00e9e \u00e0 Bruxelles pendant les vacances de carnaval. Anima est le seul &hellip;\" \/>\n<meta property=\"og:url\" content=\"https:\/\/welovecinema.be\/fr\/evenements\/anima\/\" \/>\n<meta property=\"og:site_name\" content=\"We Love Cinema\" \/>\n<meta property=\"article:publisher\" content=\"https:\/\/www.facebook.com\/welovecinema.be\" \/>\n<meta property=\"article:modified_time\" content=\"2025-10-21T13:17:19+00:00\" \/>\n<meta property=\"og:image\" content=\"https:\/\/welovecinema.be\/wp-content\/uploads\/sites\/2\/2024\/03\/logo-festival-anima.png\" \/>\n<meta name=\"twitter:card\" content=\"summary_large_image\" \/>\n<meta name=\"twitter:label1\" content=\"Dur\u00e9e de lecture estim\u00e9e\" \/>\n\t<meta name=\"twitter:data1\" content=\"2 minutes\" \/>\n<script type=\"application\/ld+json\" class=\"yoast-schema-graph\">{\"@context\":\"https:\/\/schema.org\",\"@graph\":[{\"@type\":\"WebPage\",\"@id\":\"https:\/\/welovecinema.be\/fr\/evenements\/anima\/\",\"url\":\"https:\/\/welovecinema.be\/fr\/evenements\/anima\/\",\"name\":\"Anima - We Love Cinema\",\"isPartOf\":{\"@id\":\"https:\/\/welovecinema.be\/nl\/#website\"},\"datePublished\":\"2023-03-23T16:03:11+00:00\",\"dateModified\":\"2025-10-21T13:17:19+00:00\",\"breadcrumb\":{\"@id\":\"https:\/\/welovecinema.be\/fr\/evenements\/anima\/#breadcrumb\"},\"inLanguage\":\"fr-FR\",\"potentialAction\":[{\"@type\":\"ReadAction\",\"target\":[\"https:\/\/welovecinema.be\/fr\/evenements\/anima\/\"]}]},{\"@type\":\"BreadcrumbList\",\"@id\":\"https:\/\/welovecinema.be\/fr\/evenements\/anima\/#breadcrumb\",\"itemListElement\":[{\"@type\":\"ListItem\",\"position\":1,\"name\":\"Accueil\",\"item\":\"https:\/\/welovecinema.be\/fr\/\"},{\"@type\":\"ListItem\",\"position\":2,\"name\":\"Ev\u00e9nements\",\"item\":\"https:\/\/welovecinema.be\/fr\/evenements\/\"},{\"@type\":\"ListItem\",\"position\":3,\"name\":\"Anima\"}]},{\"@type\":\"WebSite\",\"@id\":\"https:\/\/welovecinema.be\/nl\/#website\",\"url\":\"https:\/\/welovecinema.be\/nl\/\",\"name\":\"We Love Cinema\",\"description\":\"Toute l\u2019information du cin\u00e9ma en Belgique\",\"publisher\":{\"@id\":\"https:\/\/welovecinema.be\/nl\/#organization\"},\"potentialAction\":[{\"@type\":\"SearchAction\",\"target\":{\"@type\":\"EntryPoint\",\"urlTemplate\":\"https:\/\/welovecinema.be\/nl\/?s={search_term_string}\"},\"query-input\":\"required name=search_term_string\"}],\"inLanguage\":\"fr-FR\"},{\"@type\":\"Organization\",\"@id\":\"https:\/\/welovecinema.be\/nl\/#organization\",\"name\":\"We Love Cinema\",\"url\":\"https:\/\/welovecinema.be\/nl\/\",\"logo\":{\"@type\":\"ImageObject\",\"inLanguage\":\"fr-FR\",\"@id\":\"https:\/\/welovecinema.be\/nl\/#\/schema\/logo\/image\/\",\"url\":\"https:\/\/welovecinema.be\/wp-content\/uploads\/sites\/2\/2023\/03\/Logo-We-Love-Cinema305x128.jpg\",\"contentUrl\":\"https:\/\/welovecinema.be\/wp-content\/uploads\/sites\/2\/2023\/03\/Logo-We-Love-Cinema305x128.jpg\",\"width\":305,\"height\":128,\"caption\":\"We Love Cinema\"},\"image\":{\"@id\":\"https:\/\/welovecinema.be\/nl\/#\/schema\/logo\/image\/\"},\"sameAs\":[\"https:\/\/www.facebook.com\/welovecinema.be\",\"https:\/\/www.youtube.com\/channel\/UCX5LYGVhnKvYauW4Nta4HJA\",\"https:\/\/www.instagram.com\/welovecinema.be\/\"]}]}<\/script>\n<!-- \/ Yoast SEO plugin. -->","yoast_head_json":{"title":"Anima - We Love Cinema","robots":{"index":"index","follow":"follow","max-snippet":"max-snippet:-1","max-image-preview":"max-image-preview:large","max-video-preview":"max-video-preview:-1"},"canonical":"https:\/\/welovecinema.be\/fr\/evenements\/anima\/","og_locale":"fr_FR","og_type":"article","og_title":"Anima - We Love Cinema","og_description":"Le Festival international du film d&rsquo;animation de Bruxelles La 45e \u00e9dition s&rsquo;est d\u00e9roul\u00e9e du 20 f\u00e9vrier au 1er mars 2026 \u00e0 Bruxelles. Flagey, Palace, Cinematek, cin\u00e9mas participants en Wallonie et en Flandre. Anima a vu le jour en 1982 et se d\u00e9roule chaque ann\u00e9e \u00e0 Bruxelles pendant les vacances de carnaval. Anima est le seul &hellip;","og_url":"https:\/\/welovecinema.be\/fr\/evenements\/anima\/","og_site_name":"We Love Cinema","article_publisher":"https:\/\/www.facebook.com\/welovecinema.be","article_modified_time":"2025-10-21T13:17:19+00:00","og_image":[{"url":"https:\/\/welovecinema.be\/wp-content\/uploads\/sites\/2\/2024\/03\/logo-festival-anima.png"}],"twitter_card":"summary_large_image","twitter_misc":{"Dur\u00e9e de lecture estim\u00e9e":"2 minutes"},"schema":{"@context":"https:\/\/schema.org","@graph":[{"@type":"WebPage","@id":"https:\/\/welovecinema.be\/fr\/evenements\/anima\/","url":"https:\/\/welovecinema.be\/fr\/evenements\/anima\/","name":"Anima - We Love Cinema","isPartOf":{"@id":"https:\/\/welovecinema.be\/nl\/#website"},"datePublished":"2023-03-23T16:03:11+00:00","dateModified":"2025-10-21T13:17:19+00:00","breadcrumb":{"@id":"https:\/\/welovecinema.be\/fr\/evenements\/anima\/#breadcrumb"},"inLanguage":"fr-FR","potentialAction":[{"@type":"ReadAction","target":["https:\/\/welovecinema.be\/fr\/evenements\/anima\/"]}]},{"@type":"BreadcrumbList","@id":"https:\/\/welovecinema.be\/fr\/evenements\/anima\/#breadcrumb","itemListElement":[{"@type":"ListItem","position":1,"name":"Accueil","item":"https:\/\/welovecinema.be\/fr\/"},{"@type":"ListItem","position":2,"name":"Ev\u00e9nements","item":"https:\/\/welovecinema.be\/fr\/evenements\/"},{"@type":"ListItem","position":3,"name":"Anima"}]},{"@type":"WebSite","@id":"https:\/\/welovecinema.be\/nl\/#website","url":"https:\/\/welovecinema.be\/nl\/","name":"We Love Cinema","description":"Toute l\u2019information du cin\u00e9ma en Belgique","publisher":{"@id":"https:\/\/welovecinema.be\/nl\/#organization"},"potentialAction":[{"@type":"SearchAction","target":{"@type":"EntryPoint","urlTemplate":"https:\/\/welovecinema.be\/nl\/?s={search_term_string}"},"query-input":"required name=search_term_string"}],"inLanguage":"fr-FR"},{"@type":"Organization","@id":"https:\/\/welovecinema.be\/nl\/#organization","name":"We Love Cinema","url":"https:\/\/welovecinema.be\/nl\/","logo":{"@type":"ImageObject","inLanguage":"fr-FR","@id":"https:\/\/welovecinema.be\/nl\/#\/schema\/logo\/image\/","url":"https:\/\/welovecinema.be\/wp-content\/uploads\/sites\/2\/2023\/03\/Logo-We-Love-Cinema305x128.jpg","contentUrl":"https:\/\/welovecinema.be\/wp-content\/uploads\/sites\/2\/2023\/03\/Logo-We-Love-Cinema305x128.jpg","width":305,"height":128,"caption":"We Love Cinema"},"image":{"@id":"https:\/\/welovecinema.be\/nl\/#\/schema\/logo\/image\/"},"sameAs":["https:\/\/www.facebook.com\/welovecinema.be","https:\/\/www.youtube.com\/channel\/UCX5LYGVhnKvYauW4Nta4HJA","https:\/\/www.instagram.com\/welovecinema.be\/"]}]}},"_links":{"self":[{"href":"https:\/\/welovecinema.be\/fr\/wp-json\/wp\/v2\/pages\/249016","targetHints":{"allow":["GET"]}}],"collection":[{"href":"https:\/\/welovecinema.be\/fr\/wp-json\/wp\/v2\/pages"}],"about":[{"href":"https:\/\/welovecinema.be\/fr\/wp-json\/wp\/v2\/types\/page"}],"author":[{"embeddable":true,"href":"https:\/\/welovecinema.be\/fr\/wp-json\/wp\/v2\/users\/339"}],"replies":[{"embeddable":true,"href":"https:\/\/welovecinema.be\/fr\/wp-json\/wp\/v2\/comments?post=249016"}],"version-history":[{"count":13,"href":"https:\/\/welovecinema.be\/fr\/wp-json\/wp\/v2\/pages\/249016\/revisions"}],"predecessor-version":[{"id":268503,"href":"https:\/\/welovecinema.be\/fr\/wp-json\/wp\/v2\/pages\/249016\/revisions\/268503"}],"up":[{"embeddable":true,"href":"https:\/\/welovecinema.be\/fr\/wp-json\/wp\/v2\/pages\/249025"}],"wp:attachment":[{"href":"https:\/\/welovecinema.be\/fr\/wp-json\/wp\/v2\/media?parent=249016"}],"curies":[{"name":"wp","href":"https:\/\/api.w.org\/{rel}","templated":true}]}}