{"id":225959,"date":"2020-01-07T16:36:39","date_gmt":"2020-01-07T15:36:39","guid":{"rendered":"https:\/\/www.cinevox.be\/?page_id=225959"},"modified":"2020-05-06T12:20:57","modified_gmt":"2020-05-06T10:20:57","slug":"comment-ca-marche","status":"publish","type":"page","link":"https:\/\/welovecinema.be\/fr\/comment-ca-marche\/","title":{"rendered":"CINEWISH, comment \u00e7a marche ?"},"content":{"rendered":"<h3>CINEWISH r\u00e9alise vos souhaits (de cin\u00e9ma) les plus fous !<\/h3>\n<p>Cinewish c&rsquo;est pour tous ceux qui aiment le cin\u00e9ma belge et qui aiment participer \u00e0 des \u00e9v\u00e9nements exclusifs et recevoir des cadeaux fabuleux.<br \/>\nCinewish offre \u00e0 chaque fan de cin\u00e9ma les chances de pleinement profiter de notre cin\u00e9ma belge.<\/p>\n<div>\n<p><iframe loading=\"lazy\" title=\"Cinewish par Cinevox: comment \u00e7a marche?\" width=\"618\" height=\"348\" src=\"https:\/\/www.youtube.com\/embed\/rQoSIK_K8FI?feature=oembed\" frameborder=\"0\" allow=\"accelerometer; autoplay; clipboard-write; encrypted-media; gyroscope; picture-in-picture; web-share\" referrerpolicy=\"strict-origin-when-cross-origin\" allowfullscreen><\/iframe><\/p>\n<p><strong>Ces Cinewish, comment \u00e7a fonctionne ? <\/strong><\/p>\n<p>Tout commence par votre profil, pour participer \u00e0 votre premier Cinewish, vous devez cr\u00e9er un profil. De cette fa\u00e7on, vous devenez membre d&rsquo;un club sympa d&rsquo;amateurs de cin\u00e9ma et vous avez la chance d&rsquo;acc\u00e9der \u00e0 des \u00e9v\u00e9nements exclusifs, de beaux cadeaux et bien plus encore.<br \/>\nOh, et devenir membre est super facile : il vous suffit de vous inscrire \u00e0 l&rsquo;un des Cinewishes actifs et de fournir votre adresse e-mail et votre mot de passe. Voil\u00e0. Une fois inscrit, vous pouvez facilement postuler pour plusieurs Cinewishes. Un petit plus : \u00e0 chaque Cinewish, vous voyez imm\u00e9diatement \u00e0 quel point vous \u00eates susceptible de r\u00e9ellement r\u00e9aliser ce souhait.<br \/>\n&nbsp;<\/p>\n<p><strong>Attention : Cinewish n\u2019est pas totalement gratuit&nbsp;!<\/strong><\/p>\n<p>Non, ne vous inqui\u00e9tez pas, nous n&rsquo;allons pas vous facturer des fortunes, nous demandons juste <strong>1 EURO <\/strong> par Cinewish confirm\u00e9, et ce n&rsquo;est m\u00eame pas pour nous. Vous ne payez donc que si votre souhait se r\u00e9alise r\u00e9ellement. Donc rien \u00e0 perdre !<\/p>\n<p>&nbsp;<\/p>\n<p><strong>Un euro pour une tr\u00e8s bonne cause&nbsp;!<\/strong><\/p>\n<p>Cinewish est pour les vrais cin\u00e9philes, et les cin\u00e9philes soutiennent le monde du cin\u00e9ma belge et certainement la Cinematek. La Cin\u00e9math\u00e8que Royale, est le seul destinataire de votre euro. Et cet euro sera utilis\u00e9 pour soutenir tous leurs projets : conserver la collection actuelle, acqu\u00e9rir de nouveaux mat\u00e9riaux et restaurer des bobines de film. Parce que tout cela a un co\u00fbt et qu&rsquo;avec les subventions seules, nous ne pouvons pas prot\u00e9ger notre pr\u00e9cieux patrimoine cin\u00e9matographique. Chez Cinevox, nous vous sommes d\u00e9j\u00e0 extr\u00eamement reconnaissants !<\/p>\n<p>&nbsp;<\/p>\n<div class=\"e3lan home-e3lan\"><span style=\"text-align: center; text-transform: uppercase; font-weight: bold;\"><a class=\"button\" style=\"color: #fff;\" href=\" \/fr\/vos-cinewishes\/\" target=\"_self\" rel=\"noopener noreferrer\">Tous vos CINEWISHES<\/a><\/span><\/div>\n<div>&nbsp;<\/div>\n<p><a href=\"http:\/\/cinematek.be\/?node=15&amp;lng=fr\" target=\"_blank\" rel=\"noopener noreferrer\">En savoir plus sur la Cinematek<\/a>&nbsp;<\/p>\n<\/div>\n","protected":false},"excerpt":{"rendered":"<p>CINEWISH r\u00e9alise vos souhaits (de cin\u00e9ma) les plus fous ! Cinewish c&rsquo;est pour tous ceux qui aiment le cin\u00e9ma belge et qui aiment participer \u00e0 des \u00e9v\u00e9nements exclusifs et recevoir des cadeaux fabuleux. Cinewish offre \u00e0 chaque fan de cin\u00e9ma les chances de pleinement profiter de notre cin\u00e9ma belge. Ces Cinewish, comment \u00e7a fonctionne ? &hellip;<\/p>\n","protected":false},"author":339,"featured_media":0,"parent":0,"menu_order":0,"comment_status":"closed","ping_status":"closed","template":"","meta":{"ngg_post_thumbnail":0,"footnotes":""},"class_list":["post-225959","page","type-page","status-publish",""],"yoast_head":"<!-- This site is optimized with the Yoast SEO plugin v20.4 - https:\/\/yoast.com\/wordpress\/plugins\/seo\/ -->\n<title>CINEWISH, comment \u00e7a marche ? - We Love Cinema<\/title>\n<meta name=\"robots\" content=\"index, follow, max-snippet:-1, max-image-preview:large, max-video-preview:-1\" \/>\n<link rel=\"canonical\" href=\"https:\/\/welovecinema.be\/fr\/comment-ca-marche\/\" \/>\n<meta property=\"og:locale\" content=\"fr_FR\" \/>\n<meta property=\"og:type\" content=\"article\" \/>\n<meta property=\"og:title\" content=\"CINEWISH, comment \u00e7a marche ? - We Love Cinema\" \/>\n<meta property=\"og:description\" content=\"CINEWISH r\u00e9alise vos souhaits (de cin\u00e9ma) les plus fous ! Cinewish c&rsquo;est pour tous ceux qui aiment le cin\u00e9ma belge et qui aiment participer \u00e0 des \u00e9v\u00e9nements exclusifs et recevoir des cadeaux fabuleux. Cinewish offre \u00e0 chaque fan de cin\u00e9ma les chances de pleinement profiter de notre cin\u00e9ma belge. Ces Cinewish, comment \u00e7a fonctionne ? &hellip;\" \/>\n<meta property=\"og:url\" content=\"https:\/\/welovecinema.be\/fr\/comment-ca-marche\/\" \/>\n<meta property=\"og:site_name\" content=\"We Love Cinema\" \/>\n<meta property=\"article:publisher\" content=\"https:\/\/www.facebook.com\/welovecinema.be\" \/>\n<meta property=\"article:modified_time\" content=\"2020-05-06T10:20:57+00:00\" \/>\n<meta name=\"twitter:card\" content=\"summary_large_image\" \/>\n<meta name=\"twitter:label1\" content=\"Dur\u00e9e de lecture estim\u00e9e\" \/>\n\t<meta name=\"twitter:data1\" content=\"2 minutes\" \/>\n<script type=\"application\/ld+json\" class=\"yoast-schema-graph\">{\"@context\":\"https:\/\/schema.org\",\"@graph\":[{\"@type\":\"WebPage\",\"@id\":\"https:\/\/welovecinema.be\/fr\/comment-ca-marche\/\",\"url\":\"https:\/\/welovecinema.be\/fr\/comment-ca-marche\/\",\"name\":\"CINEWISH, comment \u00e7a marche ? - We Love Cinema\",\"isPartOf\":{\"@id\":\"https:\/\/welovecinema.be\/nl\/#website\"},\"datePublished\":\"2020-01-07T15:36:39+00:00\",\"dateModified\":\"2020-05-06T10:20:57+00:00\",\"breadcrumb\":{\"@id\":\"https:\/\/welovecinema.be\/fr\/comment-ca-marche\/#breadcrumb\"},\"inLanguage\":\"fr-FR\",\"potentialAction\":[{\"@type\":\"ReadAction\",\"target\":[\"https:\/\/welovecinema.be\/fr\/comment-ca-marche\/\"]}]},{\"@type\":\"BreadcrumbList\",\"@id\":\"https:\/\/welovecinema.be\/fr\/comment-ca-marche\/#breadcrumb\",\"itemListElement\":[{\"@type\":\"ListItem\",\"position\":1,\"name\":\"Accueil\",\"item\":\"https:\/\/welovecinema.be\/fr\/\"},{\"@type\":\"ListItem\",\"position\":2,\"name\":\"CINEWISH, comment \u00e7a marche ?\"}]},{\"@type\":\"WebSite\",\"@id\":\"https:\/\/welovecinema.be\/nl\/#website\",\"url\":\"https:\/\/welovecinema.be\/nl\/\",\"name\":\"We Love Cinema\",\"description\":\"Toute l\u2019information du cin\u00e9ma en Belgique\",\"publisher\":{\"@id\":\"https:\/\/welovecinema.be\/nl\/#organization\"},\"potentialAction\":[{\"@type\":\"SearchAction\",\"target\":{\"@type\":\"EntryPoint\",\"urlTemplate\":\"https:\/\/welovecinema.be\/nl\/?s={search_term_string}\"},\"query-input\":\"required name=search_term_string\"}],\"inLanguage\":\"fr-FR\"},{\"@type\":\"Organization\",\"@id\":\"https:\/\/welovecinema.be\/nl\/#organization\",\"name\":\"We Love Cinema\",\"url\":\"https:\/\/welovecinema.be\/nl\/\",\"logo\":{\"@type\":\"ImageObject\",\"inLanguage\":\"fr-FR\",\"@id\":\"https:\/\/welovecinema.be\/nl\/#\/schema\/logo\/image\/\",\"url\":\"https:\/\/welovecinema.be\/wp-content\/uploads\/sites\/2\/2023\/03\/Logo-We-Love-Cinema305x128.jpg\",\"contentUrl\":\"https:\/\/welovecinema.be\/wp-content\/uploads\/sites\/2\/2023\/03\/Logo-We-Love-Cinema305x128.jpg\",\"width\":305,\"height\":128,\"caption\":\"We Love Cinema\"},\"image\":{\"@id\":\"https:\/\/welovecinema.be\/nl\/#\/schema\/logo\/image\/\"},\"sameAs\":[\"https:\/\/www.facebook.com\/welovecinema.be\",\"https:\/\/www.youtube.com\/channel\/UCX5LYGVhnKvYauW4Nta4HJA\",\"https:\/\/www.instagram.com\/welovecinema.be\/\"]}]}<\/script>\n<!-- \/ Yoast SEO plugin. -->","yoast_head_json":{"title":"CINEWISH, comment \u00e7a marche ? - We Love Cinema","robots":{"index":"index","follow":"follow","max-snippet":"max-snippet:-1","max-image-preview":"max-image-preview:large","max-video-preview":"max-video-preview:-1"},"canonical":"https:\/\/welovecinema.be\/fr\/comment-ca-marche\/","og_locale":"fr_FR","og_type":"article","og_title":"CINEWISH, comment \u00e7a marche ? - We Love Cinema","og_description":"CINEWISH r\u00e9alise vos souhaits (de cin\u00e9ma) les plus fous ! Cinewish c&rsquo;est pour tous ceux qui aiment le cin\u00e9ma belge et qui aiment participer \u00e0 des \u00e9v\u00e9nements exclusifs et recevoir des cadeaux fabuleux. Cinewish offre \u00e0 chaque fan de cin\u00e9ma les chances de pleinement profiter de notre cin\u00e9ma belge. Ces Cinewish, comment \u00e7a fonctionne ? &hellip;","og_url":"https:\/\/welovecinema.be\/fr\/comment-ca-marche\/","og_site_name":"We Love Cinema","article_publisher":"https:\/\/www.facebook.com\/welovecinema.be","article_modified_time":"2020-05-06T10:20:57+00:00","twitter_card":"summary_large_image","twitter_misc":{"Dur\u00e9e de lecture estim\u00e9e":"2 minutes"},"schema":{"@context":"https:\/\/schema.org","@graph":[{"@type":"WebPage","@id":"https:\/\/welovecinema.be\/fr\/comment-ca-marche\/","url":"https:\/\/welovecinema.be\/fr\/comment-ca-marche\/","name":"CINEWISH, comment \u00e7a marche ? - We Love Cinema","isPartOf":{"@id":"https:\/\/welovecinema.be\/nl\/#website"},"datePublished":"2020-01-07T15:36:39+00:00","dateModified":"2020-05-06T10:20:57+00:00","breadcrumb":{"@id":"https:\/\/welovecinema.be\/fr\/comment-ca-marche\/#breadcrumb"},"inLanguage":"fr-FR","potentialAction":[{"@type":"ReadAction","target":["https:\/\/welovecinema.be\/fr\/comment-ca-marche\/"]}]},{"@type":"BreadcrumbList","@id":"https:\/\/welovecinema.be\/fr\/comment-ca-marche\/#breadcrumb","itemListElement":[{"@type":"ListItem","position":1,"name":"Accueil","item":"https:\/\/welovecinema.be\/fr\/"},{"@type":"ListItem","position":2,"name":"CINEWISH, comment \u00e7a marche ?"}]},{"@type":"WebSite","@id":"https:\/\/welovecinema.be\/nl\/#website","url":"https:\/\/welovecinema.be\/nl\/","name":"We Love Cinema","description":"Toute l\u2019information du cin\u00e9ma en Belgique","publisher":{"@id":"https:\/\/welovecinema.be\/nl\/#organization"},"potentialAction":[{"@type":"SearchAction","target":{"@type":"EntryPoint","urlTemplate":"https:\/\/welovecinema.be\/nl\/?s={search_term_string}"},"query-input":"required name=search_term_string"}],"inLanguage":"fr-FR"},{"@type":"Organization","@id":"https:\/\/welovecinema.be\/nl\/#organization","name":"We Love Cinema","url":"https:\/\/welovecinema.be\/nl\/","logo":{"@type":"ImageObject","inLanguage":"fr-FR","@id":"https:\/\/welovecinema.be\/nl\/#\/schema\/logo\/image\/","url":"https:\/\/welovecinema.be\/wp-content\/uploads\/sites\/2\/2023\/03\/Logo-We-Love-Cinema305x128.jpg","contentUrl":"https:\/\/welovecinema.be\/wp-content\/uploads\/sites\/2\/2023\/03\/Logo-We-Love-Cinema305x128.jpg","width":305,"height":128,"caption":"We Love Cinema"},"image":{"@id":"https:\/\/welovecinema.be\/nl\/#\/schema\/logo\/image\/"},"sameAs":["https:\/\/www.facebook.com\/welovecinema.be","https:\/\/www.youtube.com\/channel\/UCX5LYGVhnKvYauW4Nta4HJA","https:\/\/www.instagram.com\/welovecinema.be\/"]}]}},"_links":{"self":[{"href":"https:\/\/welovecinema.be\/fr\/wp-json\/wp\/v2\/pages\/225959","targetHints":{"allow":["GET"]}}],"collection":[{"href":"https:\/\/welovecinema.be\/fr\/wp-json\/wp\/v2\/pages"}],"about":[{"href":"https:\/\/welovecinema.be\/fr\/wp-json\/wp\/v2\/types\/page"}],"author":[{"embeddable":true,"href":"https:\/\/welovecinema.be\/fr\/wp-json\/wp\/v2\/users\/339"}],"replies":[{"embeddable":true,"href":"https:\/\/welovecinema.be\/fr\/wp-json\/wp\/v2\/comments?post=225959"}],"version-history":[{"count":0,"href":"https:\/\/welovecinema.be\/fr\/wp-json\/wp\/v2\/pages\/225959\/revisions"}],"wp:attachment":[{"href":"https:\/\/welovecinema.be\/fr\/wp-json\/wp\/v2\/media?parent=225959"}],"curies":[{"name":"wp","href":"https:\/\/api.w.org\/{rel}","templated":true}]}}