{"id":225908,"date":"2020-01-06T13:41:53","date_gmt":"2020-01-06T12:41:53","guid":{"rendered":"https:\/\/www.cinevox.be\/?page_id=225908"},"modified":"2020-01-08T10:48:48","modified_gmt":"2020-01-08T09:48:48","slug":"vos-cinewishes","status":"publish","type":"page","link":"https:\/\/welovecinema.be\/fr\/vos-cinewishes\/","title":{"rendered":"Vos Cinewishes"},"content":{"rendered":"<p>Formulez vos souhaits, CINEWISH les r\u00e9alise !<\/p>\n<p>Vous aimez le cin\u00e9ma belge ? Vous r\u00eavez d\u2019assister \u00e0 des \u00e9v\u00e9nements souvent complets ou difficiles d\u2019acc\u00e8s ou encore de participer \u00e0 des actions qui vous permettent d\u2019obtenir des prix cin\u00e9ma exclusifs ? D\u00e8s 2020, CINEWISH exauce vos souhaits tout au long de l\u2019ann\u00e9e et offre \u00e0 tout le monde les m\u00eames chances de profiter du cin\u00e9ma belge ! D\u00e9couvrez ici les CINEWISHES disponibles en ce moment.<\/p>\n","protected":false},"excerpt":{"rendered":"<p>Formulez vos souhaits, CINEWISH les r\u00e9alise ! Vous aimez le cin\u00e9ma belge ? Vous r\u00eavez d\u2019assister \u00e0 des \u00e9v\u00e9nements souvent complets ou difficiles d\u2019acc\u00e8s ou encore de participer \u00e0 des actions qui vous permettent d\u2019obtenir des prix cin\u00e9ma exclusifs ? D\u00e8s 2020, CINEWISH exauce vos souhaits tout au long de l\u2019ann\u00e9e et offre \u00e0 tout &hellip;<\/p>\n","protected":false},"author":339,"featured_media":0,"parent":0,"menu_order":0,"comment_status":"closed","ping_status":"closed","template":"template-cinewish.php","meta":{"ngg_post_thumbnail":0,"footnotes":""},"class_list":["post-225908","page","type-page","status-publish",""],"yoast_head":"<!-- This site is optimized with the Yoast SEO plugin v20.4 - https:\/\/yoast.com\/wordpress\/plugins\/seo\/ -->\n<title>Vos Cinewishes - We Love Cinema<\/title>\n<meta name=\"robots\" content=\"index, follow, max-snippet:-1, max-image-preview:large, max-video-preview:-1\" \/>\n<link rel=\"canonical\" href=\"https:\/\/welovecinema.be\/fr\/vos-cinewishes\/\" \/>\n<meta property=\"og:locale\" content=\"fr_FR\" \/>\n<meta property=\"og:type\" content=\"article\" \/>\n<meta property=\"og:title\" content=\"Vos Cinewishes - We Love Cinema\" \/>\n<meta property=\"og:description\" content=\"Formulez vos souhaits, CINEWISH les r\u00e9alise ! Vous aimez le cin\u00e9ma belge ? Vous r\u00eavez d\u2019assister \u00e0 des \u00e9v\u00e9nements souvent complets ou difficiles d\u2019acc\u00e8s ou encore de participer \u00e0 des actions qui vous permettent d\u2019obtenir des prix cin\u00e9ma exclusifs ? D\u00e8s 2020, CINEWISH exauce vos souhaits tout au long de l\u2019ann\u00e9e et offre \u00e0 tout &hellip;\" \/>\n<meta property=\"og:url\" content=\"https:\/\/welovecinema.be\/fr\/vos-cinewishes\/\" \/>\n<meta property=\"og:site_name\" content=\"We Love Cinema\" \/>\n<meta property=\"article:publisher\" content=\"https:\/\/www.facebook.com\/welovecinema.be\" \/>\n<meta property=\"article:modified_time\" content=\"2020-01-08T09:48:48+00:00\" \/>\n<meta name=\"twitter:card\" content=\"summary_large_image\" \/>\n<script type=\"application\/ld+json\" class=\"yoast-schema-graph\">{\"@context\":\"https:\/\/schema.org\",\"@graph\":[{\"@type\":\"WebPage\",\"@id\":\"https:\/\/welovecinema.be\/fr\/vos-cinewishes\/\",\"url\":\"https:\/\/welovecinema.be\/fr\/vos-cinewishes\/\",\"name\":\"Vos Cinewishes - We Love Cinema\",\"isPartOf\":{\"@id\":\"https:\/\/welovecinema.be\/nl\/#website\"},\"datePublished\":\"2020-01-06T12:41:53+00:00\",\"dateModified\":\"2020-01-08T09:48:48+00:00\",\"breadcrumb\":{\"@id\":\"https:\/\/welovecinema.be\/fr\/vos-cinewishes\/#breadcrumb\"},\"inLanguage\":\"fr-FR\",\"potentialAction\":[{\"@type\":\"ReadAction\",\"target\":[\"https:\/\/welovecinema.be\/fr\/vos-cinewishes\/\"]}]},{\"@type\":\"BreadcrumbList\",\"@id\":\"https:\/\/welovecinema.be\/fr\/vos-cinewishes\/#breadcrumb\",\"itemListElement\":[{\"@type\":\"ListItem\",\"position\":1,\"name\":\"Accueil\",\"item\":\"https:\/\/welovecinema.be\/fr\/\"},{\"@type\":\"ListItem\",\"position\":2,\"name\":\"Vos Cinewishes\"}]},{\"@type\":\"WebSite\",\"@id\":\"https:\/\/welovecinema.be\/nl\/#website\",\"url\":\"https:\/\/welovecinema.be\/nl\/\",\"name\":\"We Love Cinema\",\"description\":\"Toute l\u2019information du cin\u00e9ma en Belgique\",\"publisher\":{\"@id\":\"https:\/\/welovecinema.be\/nl\/#organization\"},\"potentialAction\":[{\"@type\":\"SearchAction\",\"target\":{\"@type\":\"EntryPoint\",\"urlTemplate\":\"https:\/\/welovecinema.be\/nl\/?s={search_term_string}\"},\"query-input\":\"required name=search_term_string\"}],\"inLanguage\":\"fr-FR\"},{\"@type\":\"Organization\",\"@id\":\"https:\/\/welovecinema.be\/nl\/#organization\",\"name\":\"We Love Cinema\",\"url\":\"https:\/\/welovecinema.be\/nl\/\",\"logo\":{\"@type\":\"ImageObject\",\"inLanguage\":\"fr-FR\",\"@id\":\"https:\/\/welovecinema.be\/nl\/#\/schema\/logo\/image\/\",\"url\":\"https:\/\/welovecinema.be\/wp-content\/uploads\/sites\/2\/2023\/03\/Logo-We-Love-Cinema305x128.jpg\",\"contentUrl\":\"https:\/\/welovecinema.be\/wp-content\/uploads\/sites\/2\/2023\/03\/Logo-We-Love-Cinema305x128.jpg\",\"width\":305,\"height\":128,\"caption\":\"We Love Cinema\"},\"image\":{\"@id\":\"https:\/\/welovecinema.be\/nl\/#\/schema\/logo\/image\/\"},\"sameAs\":[\"https:\/\/www.facebook.com\/welovecinema.be\",\"https:\/\/www.youtube.com\/channel\/UCX5LYGVhnKvYauW4Nta4HJA\",\"https:\/\/www.instagram.com\/welovecinema.be\/\"]}]}<\/script>\n<!-- \/ Yoast SEO plugin. -->","yoast_head_json":{"title":"Vos Cinewishes - We Love Cinema","robots":{"index":"index","follow":"follow","max-snippet":"max-snippet:-1","max-image-preview":"max-image-preview:large","max-video-preview":"max-video-preview:-1"},"canonical":"https:\/\/welovecinema.be\/fr\/vos-cinewishes\/","og_locale":"fr_FR","og_type":"article","og_title":"Vos Cinewishes - We Love Cinema","og_description":"Formulez vos souhaits, CINEWISH les r\u00e9alise ! Vous aimez le cin\u00e9ma belge ? Vous r\u00eavez d\u2019assister \u00e0 des \u00e9v\u00e9nements souvent complets ou difficiles d\u2019acc\u00e8s ou encore de participer \u00e0 des actions qui vous permettent d\u2019obtenir des prix cin\u00e9ma exclusifs ? D\u00e8s 2020, CINEWISH exauce vos souhaits tout au long de l\u2019ann\u00e9e et offre \u00e0 tout &hellip;","og_url":"https:\/\/welovecinema.be\/fr\/vos-cinewishes\/","og_site_name":"We Love Cinema","article_publisher":"https:\/\/www.facebook.com\/welovecinema.be","article_modified_time":"2020-01-08T09:48:48+00:00","twitter_card":"summary_large_image","schema":{"@context":"https:\/\/schema.org","@graph":[{"@type":"WebPage","@id":"https:\/\/welovecinema.be\/fr\/vos-cinewishes\/","url":"https:\/\/welovecinema.be\/fr\/vos-cinewishes\/","name":"Vos Cinewishes - We Love Cinema","isPartOf":{"@id":"https:\/\/welovecinema.be\/nl\/#website"},"datePublished":"2020-01-06T12:41:53+00:00","dateModified":"2020-01-08T09:48:48+00:00","breadcrumb":{"@id":"https:\/\/welovecinema.be\/fr\/vos-cinewishes\/#breadcrumb"},"inLanguage":"fr-FR","potentialAction":[{"@type":"ReadAction","target":["https:\/\/welovecinema.be\/fr\/vos-cinewishes\/"]}]},{"@type":"BreadcrumbList","@id":"https:\/\/welovecinema.be\/fr\/vos-cinewishes\/#breadcrumb","itemListElement":[{"@type":"ListItem","position":1,"name":"Accueil","item":"https:\/\/welovecinema.be\/fr\/"},{"@type":"ListItem","position":2,"name":"Vos Cinewishes"}]},{"@type":"WebSite","@id":"https:\/\/welovecinema.be\/nl\/#website","url":"https:\/\/welovecinema.be\/nl\/","name":"We Love Cinema","description":"Toute l\u2019information du cin\u00e9ma en Belgique","publisher":{"@id":"https:\/\/welovecinema.be\/nl\/#organization"},"potentialAction":[{"@type":"SearchAction","target":{"@type":"EntryPoint","urlTemplate":"https:\/\/welovecinema.be\/nl\/?s={search_term_string}"},"query-input":"required name=search_term_string"}],"inLanguage":"fr-FR"},{"@type":"Organization","@id":"https:\/\/welovecinema.be\/nl\/#organization","name":"We Love Cinema","url":"https:\/\/welovecinema.be\/nl\/","logo":{"@type":"ImageObject","inLanguage":"fr-FR","@id":"https:\/\/welovecinema.be\/nl\/#\/schema\/logo\/image\/","url":"https:\/\/welovecinema.be\/wp-content\/uploads\/sites\/2\/2023\/03\/Logo-We-Love-Cinema305x128.jpg","contentUrl":"https:\/\/welovecinema.be\/wp-content\/uploads\/sites\/2\/2023\/03\/Logo-We-Love-Cinema305x128.jpg","width":305,"height":128,"caption":"We Love Cinema"},"image":{"@id":"https:\/\/welovecinema.be\/nl\/#\/schema\/logo\/image\/"},"sameAs":["https:\/\/www.facebook.com\/welovecinema.be","https:\/\/www.youtube.com\/channel\/UCX5LYGVhnKvYauW4Nta4HJA","https:\/\/www.instagram.com\/welovecinema.be\/"]}]}},"_links":{"self":[{"href":"https:\/\/welovecinema.be\/fr\/wp-json\/wp\/v2\/pages\/225908","targetHints":{"allow":["GET"]}}],"collection":[{"href":"https:\/\/welovecinema.be\/fr\/wp-json\/wp\/v2\/pages"}],"about":[{"href":"https:\/\/welovecinema.be\/fr\/wp-json\/wp\/v2\/types\/page"}],"author":[{"embeddable":true,"href":"https:\/\/welovecinema.be\/fr\/wp-json\/wp\/v2\/users\/339"}],"replies":[{"embeddable":true,"href":"https:\/\/welovecinema.be\/fr\/wp-json\/wp\/v2\/comments?post=225908"}],"version-history":[{"count":0,"href":"https:\/\/welovecinema.be\/fr\/wp-json\/wp\/v2\/pages\/225908\/revisions"}],"wp:attachment":[{"href":"https:\/\/welovecinema.be\/fr\/wp-json\/wp\/v2\/media?parent=225908"}],"curies":[{"name":"wp","href":"https:\/\/api.w.org\/{rel}","templated":true}]}}