{"id":210037,"date":"2018-05-24T11:36:43","date_gmt":"2018-05-24T09:36:43","guid":{"rendered":"http:\/\/www.cinevox.be\/?page_id=210037"},"modified":"2023-03-29T13:27:33","modified_gmt":"2023-03-29T11:27:33","slug":"privacy","status":"publish","type":"page","link":"https:\/\/welovecinema.be\/fr\/privacy\/","title":{"rendered":"Politique de confidentialit\u00e9"},"content":{"rendered":"<div id=\"wdpr-privacy-policy\">\n<h4 class=\"wdpr_article_title\">1. \u00c0 qui cette Politique de confidentialit\u00e9 s&rsquo;applique-t-elle ?<\/h4>\n<ul>\n<li class=\"wdpr_article_text\">Cette Politique de confidentialit\u00e9 qui s&rsquo;applique \u00e0 tous les produits et services propos\u00e9s par <b>Brightfish nv<\/b> \u00e0 ses clients et prospects, vous informe des donn\u00e9es \u00e0 caract\u00e8re personnel que nous traitons et comment celles-ci sont utilis\u00e9es.<\/li>\n<\/ul>\n<h4 class=\"wdpr_article_title\">2. Qui est responsable du traitement des donn\u00e9es \u00e0 caract\u00e8re personnel ?<\/h4>\n<ul>\n<li class=\"wdpr_article_text\">Les donn\u00e9es \u00e0 caract\u00e8re personnel que vous nous communiquez, express\u00e9ment ou de mani\u00e8re automatis\u00e9e, sur <u>https:\/\/www.welovecinema.be\/fr<\/u> sont collect\u00e9es et trait\u00e9es par ou au nom de Brightfish nv dont le si\u00e8ge social est \u00e9tabli \u00e0 Boulevard du Centenaire 20, 1020 Bruxelles \u00e0 Belgique (EU), enregistr\u00e9 sous le num\u00e9ro TVA BE 0450.523.725.<\/li>\n<li class=\"wdpr_article_text\">Brightfish nv est ledit \u00ab\u00a0responsable du traitement\u00a0\u00bb des donn\u00e9es \u00e0 caract\u00e8re personnel qui sont collect\u00e9es via le site https:\/\/www.welovecinema.be\/fr, les applications mobiles et les autres canaux.<\/li>\n<\/ul>\n<h4 class=\"wdpr_article_title\">3. Quelles donn\u00e9es traitons nous de vous? Comment les recevons-nous?<\/h4>\n<ul>\n<li class=\"wdpr_article_text\">Les donn\u00e9es \u00e0 caract\u00e8re personnel sont des donn\u00e9es qui permettent d&rsquo;identifier directement ou indirectement une personne physique.<\/li>\n<li class=\"wdpr_article_text\">Dans le cadre de sa prestation de services, Brightfish nv collecte et traite les cat\u00e9gories de donn\u00e9es \u00e0 caract\u00e8re personnel suivantes :<\/li>\n<li class=\"wdpr_article_text\">Si vous visitez notre site web, sans vous identifier, nous traitons seulement ces informations: les pages que vous visitez, votre adresse IP et l&rsquo;identification de votre browser (version, type d&rsquo;appareil).<\/li>\n<li class=\"wdpr_article_text\">Si vous vous abonnez sur notre newsletter, ou vous nous demandez de vous envoyer des informations par email, nous allons traiter votre adresse email, nom et votre langue.<\/li>\n<li class=\"wdpr_article_text\">En principe, les donn\u00e9es ne seront pas collect\u00e9es aupr\u00e8s de tiers, mais vous sont demand\u00e9es, comme \u00e0 l&rsquo;occasion d&rsquo;une demande d&rsquo;information, lors de l&rsquo;achat d&rsquo;un produit ou d&rsquo;un service, lors de la participation \u00e0 une enqu\u00eate ou un concours, lors de l&rsquo;inscription et au cours de la gestion de votre compte client.<\/li>\n<li class=\"wdpr_article_text\">https:\/\/www.welovecinema.be\/fr utilise des <i>cookies<\/i> pour: am\u00e9liorer l&rsquo;utilisation et les fonctionnalit\u00e9s de ses sites Web &amp;bull analyser comment les utilisateurs se servent de ses sites Web et applications et \u00e9tablir des statistiques \u2022 pr\u00e9senter des informations et des publicit\u00e9s personnalis\u00e9es aux utilisateurs de nos sites Web et de nos applications.<\/li>\n<\/ul>\n<p class=\"wdpr_article_text\">Vous trouverez de plus amples informations dans notre Politique en mati\u00e8re de l&rsquo;utilisation de Cookies.<\/p>\n<h4 class=\"wdpr_article_title\">4. Pourquoi traitons-nous ces donn\u00e9es?<\/h4>\n<p class=\"wdpr_article_text\">Brightfish nv collecte, enregistre et traite des donn\u00e9es \u00e0 caract\u00e8re personnel en vue de:<\/p>\n<ul>\n<li class=\"wdpr_article_text\">vous informer ensuite, sur la base de nos int\u00e9r\u00eats l\u00e9gitimes, de nos produits et services<\/li>\n<li class=\"wdpr_article_text\">vous informer \u00e0 votre demande, comme client potentiel int\u00e9ress\u00e9 sur les produits et services, y compris les actions et les promotions, propos\u00e9es par nous ou nos parteneraires (moyennant l\u2019obtention de votre accord )<\/li>\n<li class=\"wdpr_article_text\">vous fournir des informations sur mesure \u00e0 l\u2019aide d\u2019un profil que Kinepolis a obtenu sur la base de vos int\u00e9r\u00eats<\/li>\n<li class=\"wdpr_article_text\">assurer le suivi de nos prestations fournies et pouvoir r\u00e9pondre \u00e0 vos observations et\/ou questions concernant nos services et assurer l\u2019administration de la client\u00e8le et la gestion du contentieux et en g\u00e9n\u00e9ral satisfaire \u00e0 nos obligations l\u00e9gales notamment en mati\u00e8re comptables et fiscales<\/li>\n<li class=\"wdpr_article_text\">analyser la satisfaction du client.<\/li>\n<\/ul>\n<p class=\"wdpr_article_text\">Brightfish nv peut utiliser vos donn\u00e9es \u00e0 caract\u00e8re personnel pour vous contacter directement, par pli postal, par t\u00e9l\u00e9phone ou par voie \u00e9lectronique, notamment par courriel ou par SMS. Lors de chaque communication par courriel, vous aurez la possibilit\u00e9 de vous \u00ab\u00a0d\u00e9sinscrire\u00a0\u00bb \u00e0 tout moment<\/p>\n<h4 class=\"wdpr_article_title\">5. Combien de temps conservons-nous ces donn\u00e9es \u00e0 caract\u00e8re personnel?<\/h4>\n<ul>\n<li class=\"wdpr_article_text\">Brightfish nv conserve vos donn\u00e9es \u00e0 caract\u00e8re personnel uniquement durant le d\u00e9lai n\u00e9cessaire aux finalit\u00e9s d\u00e9crites. En principe, vos donn\u00e9es \u00e0 caract\u00e8re personnel sont supprim\u00e9es 4 ans apr\u00e8s votre derni\u00e8re interaction active avec Brightfish. Ainsi, nous \u00e9vitons \u00e9galement la conservation d&rsquo;informations non pertinentes.<\/li>\n<\/ul>\n<p class=\"wdpr_article_text\">Etant donn\u00e9 que l&rsquo;action en responsabilit\u00e9 contractuelle n&rsquo;est prescrite qu&rsquo;apr\u00e8s 10 ans, nous archiverons pendant cette p\u00e9riode certaines donn\u00e9es \u00e0 caract\u00e8re personnel, et ce, uniquement \u00e0 cette fin. Si d&rsquo;autres obligations l\u00e9gales imposent une conservation de plus longue dur\u00e9e (notamment, en mati\u00e8re de conservation des factures), nous respecterons \u00e9videmment cette r\u00e9glementation.<\/p>\n<h4 class=\"wdpr_article_title\">6. Avec qui partageons-nous ces donn\u00e9es?<\/h4>\n<ul>\n<li class=\"wdpr_article_text\">Pour la r\u00e9alisation des finalit\u00e9s vis\u00e9es \u00e0 l&rsquo;article trois, nous pouvons faire appel \u00e0 des \u00ab\u00a0sous-traitants\u00a0\u00bb. Ces derniers agissent exclusivement pour notre compte et pourront uniquement traiter vos donn\u00e9es \u00e0 caract\u00e8re personnel selon nos instructions.<\/li>\n<li class=\"wdpr_article_text\">Par exemple, nous recourrons \u00e0 des fournisseurs pour des services de marketing, de communication, de logistique et d&rsquo;informatique, en vue de personnaliser et d&rsquo;optimaliser nos services, de traiter les transactions par carte de cr\u00e9dit et les recouvrements et de limiter les fraudes lors de transactions par carte de cr\u00e9dit ou par tout autre moyen de paiement, d&rsquo;organiser des concours, de livrer les produits achet\u00e9s, de co-organiser nos \u00e9v\u00e9nements, de fournir nos services \u00e0 la client\u00e8le, de recouvrer les dettes, etc.<\/li>\n<li class=\"wdpr_article_text\">Il est possible que ces fournisseurs re\u00e7oivent l&rsquo;acc\u00e8s \u00e0 vos donn\u00e9es \u00e0 caract\u00e8re personnel ou \u00e0 d&rsquo;autres informations lorsqu&rsquo;ils fournissent de tels services. Nous autorisons uniquement ces entreprises \u00e0 proc\u00e9der au traitement de vos donn\u00e9es \u00e0 caract\u00e8re personnel pour autant qu&rsquo;il soit n\u00e9cessaire en vue de la prestation de leurs services. Nous veillons \u00e9galement \u00e0 ce que ces sous-traitants assurent un niveau de s\u00e9curit\u00e9 ad\u00e9quat en termes de protection des donn\u00e9es.<\/li>\n<li class=\"wdpr_article_text\">Outre l&rsquo;intervention de tels \u00ab sous-traitants \u00bb pour les services d\u00e9crits, nous partageons les donn\u00e9es \u00e0 caract\u00e8re personnel que vous nous avez express\u00e9ment communiqu\u00e9es, comme votre nom, votre adresse \u00e9lectronique et d&rsquo;autres donn\u00e9es non automatis\u00e9es, avec d&rsquo;autres parties uniquement si nous avons re\u00e7u votre consentement explicite \u00e0 cet \u00e9gard, \u00e0 moins qu&rsquo;une disposition l\u00e9gale, qu&rsquo;une requ\u00eate d&rsquo;un organisme public ou qu&rsquo;une d\u00e9cision judiciaire ne nous y oblige.<\/li>\n<\/ul>\n<h4 class=\"wdpr_article_title\">7. Les donn\u00e9es \u00e0 caract\u00e8re personnel sont-elles transmises dehors l&rsquo;UE?<\/h4>\n<ul>\n<li class=\"wdpr_article_text\">Brightfish nv collecte vos donn\u00e9es dans ses bases de donn\u00e9es et vise \u00e0 prot\u00e9ger ces donn\u00e9es conform\u00e9ment au march\u00e9 contre toute modification, perte ou utilisation ill\u00e9gale.<\/li>\n<li class=\"wdpr_article_text\">Pour autant que les donn\u00e9es \u00e0 caract\u00e8re personnel soient trait\u00e9es en dehors de l&rsquo;Union europ\u00e9enne, nous veillons, \u00e0 travers des mesures contractuelles ou autres, \u00e0 ce que ces donn\u00e9es y b\u00e9n\u00e9ficient d&rsquo;un niveau de protection comparable \u00e0 celui dont elles jouiraient au sein de l&rsquo;Union europ\u00e9enne, conform\u00e9ment \u00e0 la r\u00e9glementation europ\u00e9enne.<\/li>\n<\/ul>\n<h4 class=\"wdpr_article_title\">8. Quel droit pouvez-vous exercer au sujet de vos donn\u00e9es \u00e0 caract\u00e8re personnel?<\/h4>\n<p class=\"wdpr_article_text\">Lorsque vos donn\u00e9es ont \u00e9t\u00e9 collect\u00e9es et trait\u00e9es, vous avez le droit de consulter ces donn\u00e9es \u00e0 caract\u00e8re personnel, d&rsquo;exiger leur rectification si elles s&rsquo;av\u00e9raient incorrectes et, moyennant motivation, de demander la suppression des donn\u00e9es \u00e0 caract\u00e8re personnel. Il convient tout de m\u00eame de prendre en compte que nous ne pouvons pas toujours supprimer toutes les donn\u00e9es \u00e0 caract\u00e8re personnel demand\u00e9es, notamment lorsque leur traitement est n\u00e9cessaire \u00e0 l&rsquo;institution, l&rsquo;exercice ou la justification d&rsquo;une action en justice.<\/p>\n<p class=\"wdpr_article_text\">En outre, vous b\u00e9n\u00e9ficiez \u00e9galement du droit de demander \u00e0 \u00ab limiter \u00bb le traitement (dans les cas o\u00f9 une suppression imm\u00e9diate vous d\u00e9savantagerait, les donn\u00e9es \u00e0 caract\u00e8re personnel seront alors uniquement rendues inaccessibles).<\/p>\n<p class=\"wdpr_article_text\">Si vous le d\u00e9sirez, il est \u00e9galement possible de transmettre \u00e0 un autre prestataire de services les donn\u00e9es \u00e0 caract\u00e8re personnel que vous avez activement fournies. Il s&rsquo;agit l\u00e0 du \u00ab droit \u00e0 la portabilit\u00e9 des donn\u00e9es \u00bb.<\/p>\n<p class=\"wdpr_article_text\">\u00c0 chaque fois que le traitement est fond\u00e9 sur un int\u00e9r\u00eat l\u00e9gitime de Brightfish nv, vous avez le droit de vous opposer \u00e0 ce traitement. Brightfish nv cessera le traitement de vos donn\u00e9es \u00e0 caract\u00e8re personnel, \u00e0 moins que le traitement des donn\u00e9es \u00e0 caract\u00e8re personnel ne soit li\u00e9 \u00e0 l&rsquo;institution, l&rsquo;exercice ou la justification d&rsquo;une action en justice (par ex., l&rsquo;introduction d&rsquo;une demande aupr\u00e8s d&rsquo;un tribunal)..<\/p>\n<p class=\"wdpr_article_text\">Lorsque le traitement est fond\u00e9 sur votre consentement, vous avez le droit de retirer ce consentement \u00e0 tout moment, sans porter pr\u00e9judice \u00e0 la lic\u00e9it\u00e9 du traitement fond\u00e9 sur le consentement avant ce retrait.<\/p>\n<p class=\"wdpr_article_text\">Enfin, vous avez toujours le droit de vous opposer , sans devoir en donner la raison, \u00e0 l&rsquo;utilisation de vos donn\u00e9es \u00e0 caract\u00e8re personnel \u00e0 des fins de marketing direct.<\/p>\n<h4 class=\"wdpr_article_title\">9. Comment pouvez-vous exercer concr\u00e8tement ces droits ?<\/h4>\n<ul>\n<li class=\"wdpr_article_text\">Vous pouvez exercer ces droits par l\u2019envoi d\u2019un courriel \u00e0 privacy@brightfish.be.<\/li>\n<\/ul>\n<h4 class=\"wdpr_article_title\">10. Modifications de ce document<\/h4>\n<ul>\n<li class=\"wdpr_article_text\">Cette Politique de confidentialit\u00e9 peut \u00eatre modifi\u00e9e de temps en temps, notamment en vue de l&rsquo;adapter \u00e0 une modification des prestations de services ou des exigences l\u00e9gales et r\u00e9glementaires. Nous vous invitons d\u00e8s lors \u00e0 consulter r\u00e9guli\u00e8rement la derni\u00e8re version de cette Politique relative \u00e0 la Protection des donn\u00e9es personnelles sur notre site Web.<\/li>\n<\/ul>\n<h4 class=\"wdpr_article_title\">11. Qui puis-je contacter en cas de manque de clart\u00e9 ou de plaintes \u00e9ventuelles?<\/h4>\n<h4 class=\"wdpr_article_title\">12. Version de ce document<\/h4>\n<ul>\n<li class=\"wdpr_article_text\"><i>2018-05-24: version 1.0<\/i><\/li>\n<li class=\"wdpr_article_text\">Changements \u00e0 ce document document seront indiqu\u00e9es avec un nouveau num\u00e9ro de version et une date ci-dessus.<\/li>\n<\/ul>\n<\/div>\n","protected":false},"excerpt":{"rendered":"<p>1. \u00c0 qui cette Politique de confidentialit\u00e9 s&rsquo;applique-t-elle ? Cette Politique de confidentialit\u00e9 qui s&rsquo;applique \u00e0 tous les produits et services propos\u00e9s par Brightfish nv \u00e0 ses clients et prospects, vous informe des donn\u00e9es \u00e0 caract\u00e8re personnel que nous traitons et comment celles-ci sont utilis\u00e9es. 2. Qui est responsable du traitement des donn\u00e9es \u00e0 caract\u00e8re &hellip;<\/p>\n","protected":false},"author":346,"featured_media":0,"parent":0,"menu_order":0,"comment_status":"closed","ping_status":"closed","template":"","meta":{"ngg_post_thumbnail":0,"footnotes":""},"class_list":["post-210037","page","type-page","status-publish",""],"yoast_head":"<!-- This site is optimized with the Yoast SEO plugin v20.4 - https:\/\/yoast.com\/wordpress\/plugins\/seo\/ -->\n<title>Politique de confidentialit\u00e9 - We Love Cinema<\/title>\n<meta name=\"robots\" content=\"index, follow, max-snippet:-1, max-image-preview:large, max-video-preview:-1\" \/>\n<link rel=\"canonical\" href=\"https:\/\/welovecinema.be\/fr\/privacy\/\" \/>\n<meta property=\"og:locale\" content=\"fr_FR\" \/>\n<meta property=\"og:type\" content=\"article\" \/>\n<meta property=\"og:title\" content=\"Politique de confidentialit\u00e9 - We Love Cinema\" \/>\n<meta property=\"og:description\" content=\"1. \u00c0 qui cette Politique de confidentialit\u00e9 s&rsquo;applique-t-elle ? Cette Politique de confidentialit\u00e9 qui s&rsquo;applique \u00e0 tous les produits et services propos\u00e9s par Brightfish nv \u00e0 ses clients et prospects, vous informe des donn\u00e9es \u00e0 caract\u00e8re personnel que nous traitons et comment celles-ci sont utilis\u00e9es. 2. Qui est responsable du traitement des donn\u00e9es \u00e0 caract\u00e8re &hellip;\" \/>\n<meta property=\"og:url\" content=\"https:\/\/welovecinema.be\/fr\/privacy\/\" \/>\n<meta property=\"og:site_name\" content=\"We Love Cinema\" \/>\n<meta property=\"article:publisher\" content=\"https:\/\/www.facebook.com\/welovecinema.be\" \/>\n<meta property=\"article:modified_time\" content=\"2023-03-29T11:27:33+00:00\" \/>\n<meta name=\"twitter:card\" content=\"summary_large_image\" \/>\n<meta name=\"twitter:label1\" content=\"Dur\u00e9e de lecture estim\u00e9e\" \/>\n\t<meta name=\"twitter:data1\" content=\"8 minutes\" \/>\n<script type=\"application\/ld+json\" class=\"yoast-schema-graph\">{\"@context\":\"https:\/\/schema.org\",\"@graph\":[{\"@type\":\"WebPage\",\"@id\":\"https:\/\/welovecinema.be\/fr\/privacy\/\",\"url\":\"https:\/\/welovecinema.be\/fr\/privacy\/\",\"name\":\"Politique de confidentialit\u00e9 - We Love Cinema\",\"isPartOf\":{\"@id\":\"https:\/\/welovecinema.be\/nl\/#website\"},\"datePublished\":\"2018-05-24T09:36:43+00:00\",\"dateModified\":\"2023-03-29T11:27:33+00:00\",\"breadcrumb\":{\"@id\":\"https:\/\/welovecinema.be\/fr\/privacy\/#breadcrumb\"},\"inLanguage\":\"fr-FR\",\"potentialAction\":[{\"@type\":\"ReadAction\",\"target\":[\"https:\/\/welovecinema.be\/fr\/privacy\/\"]}]},{\"@type\":\"BreadcrumbList\",\"@id\":\"https:\/\/welovecinema.be\/fr\/privacy\/#breadcrumb\",\"itemListElement\":[{\"@type\":\"ListItem\",\"position\":1,\"name\":\"Accueil\",\"item\":\"https:\/\/welovecinema.be\/fr\/\"},{\"@type\":\"ListItem\",\"position\":2,\"name\":\"Politique de confidentialit\u00e9\"}]},{\"@type\":\"WebSite\",\"@id\":\"https:\/\/welovecinema.be\/nl\/#website\",\"url\":\"https:\/\/welovecinema.be\/nl\/\",\"name\":\"We Love Cinema\",\"description\":\"Toute l\u2019information du cin\u00e9ma en Belgique\",\"publisher\":{\"@id\":\"https:\/\/welovecinema.be\/nl\/#organization\"},\"potentialAction\":[{\"@type\":\"SearchAction\",\"target\":{\"@type\":\"EntryPoint\",\"urlTemplate\":\"https:\/\/welovecinema.be\/nl\/?s={search_term_string}\"},\"query-input\":\"required name=search_term_string\"}],\"inLanguage\":\"fr-FR\"},{\"@type\":\"Organization\",\"@id\":\"https:\/\/welovecinema.be\/nl\/#organization\",\"name\":\"We Love Cinema\",\"url\":\"https:\/\/welovecinema.be\/nl\/\",\"logo\":{\"@type\":\"ImageObject\",\"inLanguage\":\"fr-FR\",\"@id\":\"https:\/\/welovecinema.be\/nl\/#\/schema\/logo\/image\/\",\"url\":\"https:\/\/welovecinema.be\/wp-content\/uploads\/sites\/2\/2023\/03\/Logo-We-Love-Cinema305x128.jpg\",\"contentUrl\":\"https:\/\/welovecinema.be\/wp-content\/uploads\/sites\/2\/2023\/03\/Logo-We-Love-Cinema305x128.jpg\",\"width\":305,\"height\":128,\"caption\":\"We Love Cinema\"},\"image\":{\"@id\":\"https:\/\/welovecinema.be\/nl\/#\/schema\/logo\/image\/\"},\"sameAs\":[\"https:\/\/www.facebook.com\/welovecinema.be\",\"https:\/\/www.youtube.com\/channel\/UCX5LYGVhnKvYauW4Nta4HJA\",\"https:\/\/www.instagram.com\/welovecinema.be\/\"]}]}<\/script>\n<!-- \/ Yoast SEO plugin. -->","yoast_head_json":{"title":"Politique de confidentialit\u00e9 - We Love Cinema","robots":{"index":"index","follow":"follow","max-snippet":"max-snippet:-1","max-image-preview":"max-image-preview:large","max-video-preview":"max-video-preview:-1"},"canonical":"https:\/\/welovecinema.be\/fr\/privacy\/","og_locale":"fr_FR","og_type":"article","og_title":"Politique de confidentialit\u00e9 - We Love Cinema","og_description":"1. \u00c0 qui cette Politique de confidentialit\u00e9 s&rsquo;applique-t-elle ? Cette Politique de confidentialit\u00e9 qui s&rsquo;applique \u00e0 tous les produits et services propos\u00e9s par Brightfish nv \u00e0 ses clients et prospects, vous informe des donn\u00e9es \u00e0 caract\u00e8re personnel que nous traitons et comment celles-ci sont utilis\u00e9es. 2. Qui est responsable du traitement des donn\u00e9es \u00e0 caract\u00e8re &hellip;","og_url":"https:\/\/welovecinema.be\/fr\/privacy\/","og_site_name":"We Love Cinema","article_publisher":"https:\/\/www.facebook.com\/welovecinema.be","article_modified_time":"2023-03-29T11:27:33+00:00","twitter_card":"summary_large_image","twitter_misc":{"Dur\u00e9e de lecture estim\u00e9e":"8 minutes"},"schema":{"@context":"https:\/\/schema.org","@graph":[{"@type":"WebPage","@id":"https:\/\/welovecinema.be\/fr\/privacy\/","url":"https:\/\/welovecinema.be\/fr\/privacy\/","name":"Politique de confidentialit\u00e9 - We Love Cinema","isPartOf":{"@id":"https:\/\/welovecinema.be\/nl\/#website"},"datePublished":"2018-05-24T09:36:43+00:00","dateModified":"2023-03-29T11:27:33+00:00","breadcrumb":{"@id":"https:\/\/welovecinema.be\/fr\/privacy\/#breadcrumb"},"inLanguage":"fr-FR","potentialAction":[{"@type":"ReadAction","target":["https:\/\/welovecinema.be\/fr\/privacy\/"]}]},{"@type":"BreadcrumbList","@id":"https:\/\/welovecinema.be\/fr\/privacy\/#breadcrumb","itemListElement":[{"@type":"ListItem","position":1,"name":"Accueil","item":"https:\/\/welovecinema.be\/fr\/"},{"@type":"ListItem","position":2,"name":"Politique de confidentialit\u00e9"}]},{"@type":"WebSite","@id":"https:\/\/welovecinema.be\/nl\/#website","url":"https:\/\/welovecinema.be\/nl\/","name":"We Love Cinema","description":"Toute l\u2019information du cin\u00e9ma en Belgique","publisher":{"@id":"https:\/\/welovecinema.be\/nl\/#organization"},"potentialAction":[{"@type":"SearchAction","target":{"@type":"EntryPoint","urlTemplate":"https:\/\/welovecinema.be\/nl\/?s={search_term_string}"},"query-input":"required name=search_term_string"}],"inLanguage":"fr-FR"},{"@type":"Organization","@id":"https:\/\/welovecinema.be\/nl\/#organization","name":"We Love Cinema","url":"https:\/\/welovecinema.be\/nl\/","logo":{"@type":"ImageObject","inLanguage":"fr-FR","@id":"https:\/\/welovecinema.be\/nl\/#\/schema\/logo\/image\/","url":"https:\/\/welovecinema.be\/wp-content\/uploads\/sites\/2\/2023\/03\/Logo-We-Love-Cinema305x128.jpg","contentUrl":"https:\/\/welovecinema.be\/wp-content\/uploads\/sites\/2\/2023\/03\/Logo-We-Love-Cinema305x128.jpg","width":305,"height":128,"caption":"We Love Cinema"},"image":{"@id":"https:\/\/welovecinema.be\/nl\/#\/schema\/logo\/image\/"},"sameAs":["https:\/\/www.facebook.com\/welovecinema.be","https:\/\/www.youtube.com\/channel\/UCX5LYGVhnKvYauW4Nta4HJA","https:\/\/www.instagram.com\/welovecinema.be\/"]}]}},"_links":{"self":[{"href":"https:\/\/welovecinema.be\/fr\/wp-json\/wp\/v2\/pages\/210037","targetHints":{"allow":["GET"]}}],"collection":[{"href":"https:\/\/welovecinema.be\/fr\/wp-json\/wp\/v2\/pages"}],"about":[{"href":"https:\/\/welovecinema.be\/fr\/wp-json\/wp\/v2\/types\/page"}],"author":[{"embeddable":true,"href":"https:\/\/welovecinema.be\/fr\/wp-json\/wp\/v2\/users\/346"}],"replies":[{"embeddable":true,"href":"https:\/\/welovecinema.be\/fr\/wp-json\/wp\/v2\/comments?post=210037"}],"version-history":[{"count":2,"href":"https:\/\/welovecinema.be\/fr\/wp-json\/wp\/v2\/pages\/210037\/revisions"}],"predecessor-version":[{"id":249142,"href":"https:\/\/welovecinema.be\/fr\/wp-json\/wp\/v2\/pages\/210037\/revisions\/249142"}],"wp:attachment":[{"href":"https:\/\/welovecinema.be\/fr\/wp-json\/wp\/v2\/media?parent=210037"}],"curies":[{"name":"wp","href":"https:\/\/api.w.org\/{rel}","templated":true}]}}